{"id":15360,"date":"2025-08-07T16:56:39","date_gmt":"2025-08-07T16:56:39","guid":{"rendered":"https:\/\/qreativ.se\/produkt\/antonio-hylla-natur\/"},"modified":"2026-02-13T09:41:07","modified_gmt":"2026-02-13T09:41:07","slug":"antonio-hylla-natur","status":"publish","type":"product","link":"https:\/\/qreativ.se\/dk\/produkt\/antonio-hylla-natur\/","title":{"rendered":"Antonio Hylla Natur"},"content":{"rendered":"<h4 data-start=\"65\" data-end=\"176\"><strong data-start=\"65\" data-end=\"115\">Antonio hylla \u2013 personlig f\u00f6rvaring med k\u00e4nsla<\/strong><\/h4>\n<p data-start=\"178\" data-end=\"500\">Antonio-hyllan fr\u00e5n Bloomingville \u00e4r tillverkad av polyresin och utformad med plats f\u00f6r det som betyder mest. Med sina organiska former och m\u00e5nga sm\u00e5 fack bjuder hyllan in till kreativ styling \u2013 perfekt f\u00f6r allt fr\u00e5n resesouvenirer till naturfynd eller personliga g\u00e5vor. H\u00e4r f\u00e5r varje f\u00f6rem\u00e5l sin egen plats och betydelse.<\/p>\n<p data-start=\"502\" data-end=\"673\">\u2022 Skulptural design i t\u00e5lig polyresin<br data-start=\"539\" data-end=\"542\" \/>\u2022 M\u00e5nga sm\u00e5 fack f\u00f6r personlig styling<\/p>\n<p data-start=\"502\" data-end=\"673\">En dekorativ hylla som lyfter dina minnen till en ny niv\u00e5.<\/p>\n","protected":false},"excerpt":{"rendered":"<p><strong>Antonio \u00e4r mer \u00e4n bara en hylla \u2013 det \u00e4r en scen f\u00f6r dina mest \u00e4lskade ting!<\/strong><\/p>\n","protected":false},"featured_media":15361,"comment_status":"open","ping_status":"closed","template":"","meta":{"_acf_changed":false,"inline_featured_image":false},"product_brand":[],"product_cat":[244,248],"product_tag":[286],"class_list":{"0":"post-15360","1":"product","2":"type-product","3":"status-publish","4":"has-post-thumbnail","6":"product_cat-stilfulde-funktionelle-moebler","7":"product_cat-skabe-hylder","8":"product_tag-easytoship","10":"first","11":"instock","12":"taxable","13":"shipping-taxable","14":"purchasable","15":"product-type-simple"},"acf":[],"yoast_head":"<!-- This site is optimized with the Yoast SEO plugin v27.5 - https:\/\/yoast.com\/product\/yoast-seo-wordpress\/ -->\n<title>Antonio Hylla Natur - Qreativ<\/title>\n<meta name=\"robots\" content=\"index, follow, max-snippet:-1, max-image-preview:large, max-video-preview:-1\" \/>\n<link rel=\"canonical\" href=\"https:\/\/qreativ.se\/dk\/produkt\/antonio-hylla-natur\/\" \/>\n<meta property=\"og:locale\" content=\"da_DK\" \/>\n<meta property=\"og:type\" content=\"article\" \/>\n<meta property=\"og:title\" content=\"Antonio Hylla Natur - Qreativ\" \/>\n<meta property=\"og:description\" content=\"Antonio \u00e4r mer \u00e4n bara en hylla \u2013 det \u00e4r en scen f\u00f6r dina mest \u00e4lskade ting!\" \/>\n<meta property=\"og:url\" content=\"https:\/\/qreativ.se\/dk\/produkt\/antonio-hylla-natur\/\" \/>\n<meta property=\"og:site_name\" content=\"Qreativ\" \/>\n<meta property=\"article:modified_time\" content=\"2026-02-13T09:41:07+00:00\" \/>\n<meta property=\"og:image\" content=\"https:\/\/qreativ.se\/wp-content\/uploads\/2025\/08\/Vintage-inredning-jordnara-toner-rustika-material-39-1.png\" \/>\n\t<meta property=\"og:image:width\" content=\"2000\" \/>\n\t<meta property=\"og:image:height\" content=\"2000\" \/>\n\t<meta property=\"og:image:type\" content=\"image\/png\" \/>\n<meta name=\"twitter:card\" content=\"summary_large_image\" \/>\n<script type=\"application\/ld+json\" class=\"yoast-schema-graph\">{\"@context\":\"https:\\\/\\\/schema.org\",\"@graph\":[{\"@type\":\"WebPage\",\"@id\":\"https:\\\/\\\/qreativ.se\\\/dk\\\/produkt\\\/antonio-hylla-natur\\\/\",\"url\":\"https:\\\/\\\/qreativ.se\\\/dk\\\/produkt\\\/antonio-hylla-natur\\\/\",\"name\":\"Antonio Hylla Natur - Qreativ\",\"isPartOf\":{\"@id\":\"https:\\\/\\\/qreativ.se\\\/dk\\\/#website\"},\"primaryImageOfPage\":{\"@id\":\"https:\\\/\\\/qreativ.se\\\/dk\\\/produkt\\\/antonio-hylla-natur\\\/#primaryimage\"},\"image\":{\"@id\":\"https:\\\/\\\/qreativ.se\\\/dk\\\/produkt\\\/antonio-hylla-natur\\\/#primaryimage\"},\"thumbnailUrl\":\"https:\\\/\\\/qreativ.se\\\/wp-content\\\/uploads\\\/2025\\\/08\\\/Vintage-inredning-jordnara-toner-rustika-material-39-1.png\",\"datePublished\":\"2025-08-07T16:56:39+00:00\",\"dateModified\":\"2026-02-13T09:41:07+00:00\",\"breadcrumb\":{\"@id\":\"https:\\\/\\\/qreativ.se\\\/dk\\\/produkt\\\/antonio-hylla-natur\\\/#breadcrumb\"},\"inLanguage\":\"da-DK\",\"potentialAction\":[{\"@type\":\"ReadAction\",\"target\":[\"https:\\\/\\\/qreativ.se\\\/dk\\\/produkt\\\/antonio-hylla-natur\\\/\"]}]},{\"@type\":\"ImageObject\",\"inLanguage\":\"da-DK\",\"@id\":\"https:\\\/\\\/qreativ.se\\\/dk\\\/produkt\\\/antonio-hylla-natur\\\/#primaryimage\",\"url\":\"https:\\\/\\\/qreativ.se\\\/wp-content\\\/uploads\\\/2025\\\/08\\\/Vintage-inredning-jordnara-toner-rustika-material-39-1.png\",\"contentUrl\":\"https:\\\/\\\/qreativ.se\\\/wp-content\\\/uploads\\\/2025\\\/08\\\/Vintage-inredning-jordnara-toner-rustika-material-39-1.png\",\"width\":2000,\"height\":2000},{\"@type\":\"BreadcrumbList\",\"@id\":\"https:\\\/\\\/qreativ.se\\\/dk\\\/produkt\\\/antonio-hylla-natur\\\/#breadcrumb\",\"itemListElement\":[{\"@type\":\"ListItem\",\"position\":1,\"name\":\"Home\",\"item\":\"https:\\\/\\\/qreativ.se\\\/dk\\\/hjem\\\/\"},{\"@type\":\"ListItem\",\"position\":2,\"name\":\"Webbshop\",\"item\":\"https:\\\/\\\/qreativ.se\\\/dk\\\/webbshop\\\/\"},{\"@type\":\"ListItem\",\"position\":3,\"name\":\"Antonio Hylla Natur\"}]},{\"@type\":\"WebSite\",\"@id\":\"https:\\\/\\\/qreativ.se\\\/dk\\\/#website\",\"url\":\"https:\\\/\\\/qreativ.se\\\/dk\\\/\",\"name\":\"Qreativ\",\"description\":\"\",\"alternateName\":\"qreativ.se\",\"potentialAction\":[{\"@type\":\"SearchAction\",\"target\":{\"@type\":\"EntryPoint\",\"urlTemplate\":\"https:\\\/\\\/qreativ.se\\\/dk\\\/?s={search_term_string}\"},\"query-input\":{\"@type\":\"PropertyValueSpecification\",\"valueRequired\":true,\"valueName\":\"search_term_string\"}}],\"inLanguage\":\"da-DK\"}]}<\/script>\n<!-- \/ Yoast SEO plugin. -->","yoast_head_json":{"title":"Antonio Hylla Natur - Qreativ","robots":{"index":"index","follow":"follow","max-snippet":"max-snippet:-1","max-image-preview":"max-image-preview:large","max-video-preview":"max-video-preview:-1"},"canonical":"https:\/\/qreativ.se\/dk\/produkt\/antonio-hylla-natur\/","og_locale":"da_DK","og_type":"article","og_title":"Antonio Hylla Natur - Qreativ","og_description":"Antonio \u00e4r mer \u00e4n bara en hylla \u2013 det \u00e4r en scen f\u00f6r dina mest \u00e4lskade ting!","og_url":"https:\/\/qreativ.se\/dk\/produkt\/antonio-hylla-natur\/","og_site_name":"Qreativ","article_modified_time":"2026-02-13T09:41:07+00:00","og_image":[{"width":2000,"height":2000,"url":"https:\/\/qreativ.se\/wp-content\/uploads\/2025\/08\/Vintage-inredning-jordnara-toner-rustika-material-39-1.png","type":"image\/png"}],"twitter_card":"summary_large_image","schema":{"@context":"https:\/\/schema.org","@graph":[{"@type":"WebPage","@id":"https:\/\/qreativ.se\/dk\/produkt\/antonio-hylla-natur\/","url":"https:\/\/qreativ.se\/dk\/produkt\/antonio-hylla-natur\/","name":"Antonio Hylla Natur - Qreativ","isPartOf":{"@id":"https:\/\/qreativ.se\/dk\/#website"},"primaryImageOfPage":{"@id":"https:\/\/qreativ.se\/dk\/produkt\/antonio-hylla-natur\/#primaryimage"},"image":{"@id":"https:\/\/qreativ.se\/dk\/produkt\/antonio-hylla-natur\/#primaryimage"},"thumbnailUrl":"https:\/\/qreativ.se\/wp-content\/uploads\/2025\/08\/Vintage-inredning-jordnara-toner-rustika-material-39-1.png","datePublished":"2025-08-07T16:56:39+00:00","dateModified":"2026-02-13T09:41:07+00:00","breadcrumb":{"@id":"https:\/\/qreativ.se\/dk\/produkt\/antonio-hylla-natur\/#breadcrumb"},"inLanguage":"da-DK","potentialAction":[{"@type":"ReadAction","target":["https:\/\/qreativ.se\/dk\/produkt\/antonio-hylla-natur\/"]}]},{"@type":"ImageObject","inLanguage":"da-DK","@id":"https:\/\/qreativ.se\/dk\/produkt\/antonio-hylla-natur\/#primaryimage","url":"https:\/\/qreativ.se\/wp-content\/uploads\/2025\/08\/Vintage-inredning-jordnara-toner-rustika-material-39-1.png","contentUrl":"https:\/\/qreativ.se\/wp-content\/uploads\/2025\/08\/Vintage-inredning-jordnara-toner-rustika-material-39-1.png","width":2000,"height":2000},{"@type":"BreadcrumbList","@id":"https:\/\/qreativ.se\/dk\/produkt\/antonio-hylla-natur\/#breadcrumb","itemListElement":[{"@type":"ListItem","position":1,"name":"Home","item":"https:\/\/qreativ.se\/dk\/hjem\/"},{"@type":"ListItem","position":2,"name":"Webbshop","item":"https:\/\/qreativ.se\/dk\/webbshop\/"},{"@type":"ListItem","position":3,"name":"Antonio Hylla Natur"}]},{"@type":"WebSite","@id":"https:\/\/qreativ.se\/dk\/#website","url":"https:\/\/qreativ.se\/dk\/","name":"Qreativ","description":"","alternateName":"qreativ.se","potentialAction":[{"@type":"SearchAction","target":{"@type":"EntryPoint","urlTemplate":"https:\/\/qreativ.se\/dk\/?s={search_term_string}"},"query-input":{"@type":"PropertyValueSpecification","valueRequired":true,"valueName":"search_term_string"}}],"inLanguage":"da-DK"}]}},"_links":{"self":[{"href":"https:\/\/qreativ.se\/dk\/wp-json\/wp\/v2\/product\/15360","targetHints":{"allow":["GET"]}}],"collection":[{"href":"https:\/\/qreativ.se\/dk\/wp-json\/wp\/v2\/product"}],"about":[{"href":"https:\/\/qreativ.se\/dk\/wp-json\/wp\/v2\/types\/product"}],"replies":[{"embeddable":true,"href":"https:\/\/qreativ.se\/dk\/wp-json\/wp\/v2\/comments?post=15360"}],"wp:featuredmedia":[{"embeddable":true,"href":"https:\/\/qreativ.se\/dk\/wp-json\/wp\/v2\/media\/15361"}],"wp:attachment":[{"href":"https:\/\/qreativ.se\/dk\/wp-json\/wp\/v2\/media?parent=15360"}],"wp:term":[{"taxonomy":"product_brand","embeddable":true,"href":"https:\/\/qreativ.se\/dk\/wp-json\/wp\/v2\/product_brand?post=15360"},{"taxonomy":"product_cat","embeddable":true,"href":"https:\/\/qreativ.se\/dk\/wp-json\/wp\/v2\/product_cat?post=15360"},{"taxonomy":"product_tag","embeddable":true,"href":"https:\/\/qreativ.se\/dk\/wp-json\/wp\/v2\/product_tag?post=15360"}],"curies":[{"name":"wp","href":"https:\/\/api.w.org\/{rel}","templated":true}]}}