{"id":15440,"date":"2025-08-05T19:08:02","date_gmt":"2025-08-05T19:08:02","guid":{"rendered":"https:\/\/qreativ.se\/produkt\/hjort-byst\/"},"modified":"2026-02-13T09:40:46","modified_gmt":"2026-02-13T09:40:46","slug":"hjort-byst","status":"publish","type":"product","link":"https:\/\/qreativ.se\/dk\/produkt\/hjort-byst\/","title":{"rendered":"Hjort byst"},"content":{"rendered":"<h4 data-start=\"71\" data-end=\"103\"><strong>Stilig julhjort med karakt\u00e4r<\/strong><\/h4>\n<p data-start=\"105\" data-end=\"276\">F\u00f6r dig som gillar inredning med en twist! Denna charmiga hjort i kavaj \u00e4r en del av en lekfull julserie som garanterat v\u00e4cker b\u00e5de nyfikenhet och leenden hos dina g\u00e4ster.<\/p>\n<p data-start=\"278\" data-end=\"416\">\u2022 Tillverkad i polyresin<br data-start=\"302\" data-end=\"305\" \/>\u2022 Gener\u00f6s storlek \u2013 g\u00f6r intryck i rummet<br data-start=\"345\" data-end=\"348\" \/>\u2022 Perfekt som blickf\u00e5ng i bokhyllan, p\u00e5 sideboardet eller i hallen<\/p>\n<p data-start=\"418\" data-end=\"514\" data-is-last-node=\"\" data-is-only-node=\"\">En juldekoration som v\u00e5gar sticka ut och ger hemmet personlighet och humor \u2013 \u00e5ret om om du vill!<\/p>\n","protected":false},"excerpt":{"rendered":"<p><strong>Lyft vinterdekorationerna till nya h\u00f6jder med en detalj som garanterat v\u00e4cker uppm\u00e4rksamhet!<\/strong><\/p>\n","protected":false},"featured_media":15441,"comment_status":"open","ping_status":"closed","template":"","meta":{"_acf_changed":false,"inline_featured_image":false},"product_brand":[],"product_cat":[253,255,251],"product_tag":[],"class_list":{"0":"post-15440","1":"product","2":"type-product","3":"status-publish","4":"has-post-thumbnail","6":"product_cat-jul","7":"product_cat-dekoration","8":"product_cat-saeson","10":"first","11":"onbackorder","12":"taxable","13":"shipping-taxable","14":"purchasable","15":"product-type-simple"},"acf":[],"yoast_head":"<!-- This site is optimized with the Yoast SEO plugin v27.6 - https:\/\/yoast.com\/product\/yoast-seo-wordpress\/ -->\n<title>Hjort byst - Qreativ<\/title>\n<meta name=\"robots\" content=\"index, follow, max-snippet:-1, max-image-preview:large, max-video-preview:-1\" \/>\n<link rel=\"canonical\" href=\"https:\/\/qreativ.se\/dk\/produkt\/hjort-byst\/\" \/>\n<meta property=\"og:locale\" content=\"da_DK\" \/>\n<meta property=\"og:type\" content=\"article\" \/>\n<meta property=\"og:title\" content=\"Hjort byst - Qreativ\" \/>\n<meta property=\"og:description\" content=\"Lyft vinterdekorationerna till nya h\u00f6jder med en detalj som garanterat v\u00e4cker uppm\u00e4rksamhet!\" \/>\n<meta property=\"og:url\" content=\"https:\/\/qreativ.se\/dk\/produkt\/hjort-byst\/\" \/>\n<meta property=\"og:site_name\" content=\"Qreativ\" \/>\n<meta property=\"article:modified_time\" content=\"2026-02-13T09:40:46+00:00\" \/>\n<meta property=\"og:image\" content=\"https:\/\/qreativ.se\/wp-content\/uploads\/2025\/08\/Vintage-inredning-jordnara-toner-rustika-material-11-1.png\" \/>\n\t<meta property=\"og:image:width\" content=\"2000\" \/>\n\t<meta property=\"og:image:height\" content=\"2000\" \/>\n\t<meta property=\"og:image:type\" content=\"image\/png\" \/>\n<meta name=\"twitter:card\" content=\"summary_large_image\" \/>\n<meta name=\"twitter:label1\" content=\"Estimeret l\u00e6setid\" \/>\n\t<meta name=\"twitter:data1\" content=\"1 minut\" \/>\n<script type=\"application\/ld+json\" class=\"yoast-schema-graph\">{\"@context\":\"https:\\\/\\\/schema.org\",\"@graph\":[{\"@type\":\"WebPage\",\"@id\":\"https:\\\/\\\/qreativ.se\\\/dk\\\/produkt\\\/hjort-byst\\\/\",\"url\":\"https:\\\/\\\/qreativ.se\\\/dk\\\/produkt\\\/hjort-byst\\\/\",\"name\":\"Hjort byst - Qreativ\",\"isPartOf\":{\"@id\":\"https:\\\/\\\/qreativ.se\\\/dk\\\/#website\"},\"primaryImageOfPage\":{\"@id\":\"https:\\\/\\\/qreativ.se\\\/dk\\\/produkt\\\/hjort-byst\\\/#primaryimage\"},\"image\":{\"@id\":\"https:\\\/\\\/qreativ.se\\\/dk\\\/produkt\\\/hjort-byst\\\/#primaryimage\"},\"thumbnailUrl\":\"https:\\\/\\\/qreativ.se\\\/wp-content\\\/uploads\\\/2025\\\/08\\\/Vintage-inredning-jordnara-toner-rustika-material-11-1.png\",\"datePublished\":\"2025-08-05T19:08:02+00:00\",\"dateModified\":\"2026-02-13T09:40:46+00:00\",\"breadcrumb\":{\"@id\":\"https:\\\/\\\/qreativ.se\\\/dk\\\/produkt\\\/hjort-byst\\\/#breadcrumb\"},\"inLanguage\":\"da-DK\",\"potentialAction\":[{\"@type\":\"ReadAction\",\"target\":[\"https:\\\/\\\/qreativ.se\\\/dk\\\/produkt\\\/hjort-byst\\\/\"]}]},{\"@type\":\"ImageObject\",\"inLanguage\":\"da-DK\",\"@id\":\"https:\\\/\\\/qreativ.se\\\/dk\\\/produkt\\\/hjort-byst\\\/#primaryimage\",\"url\":\"https:\\\/\\\/qreativ.se\\\/wp-content\\\/uploads\\\/2025\\\/08\\\/Vintage-inredning-jordnara-toner-rustika-material-11-1.png\",\"contentUrl\":\"https:\\\/\\\/qreativ.se\\\/wp-content\\\/uploads\\\/2025\\\/08\\\/Vintage-inredning-jordnara-toner-rustika-material-11-1.png\",\"width\":2000,\"height\":2000},{\"@type\":\"BreadcrumbList\",\"@id\":\"https:\\\/\\\/qreativ.se\\\/dk\\\/produkt\\\/hjort-byst\\\/#breadcrumb\",\"itemListElement\":[{\"@type\":\"ListItem\",\"position\":1,\"name\":\"Home\",\"item\":\"https:\\\/\\\/qreativ.se\\\/dk\\\/hjem\\\/\"},{\"@type\":\"ListItem\",\"position\":2,\"name\":\"Webbshop\",\"item\":\"https:\\\/\\\/qreativ.se\\\/dk\\\/webbshop\\\/\"},{\"@type\":\"ListItem\",\"position\":3,\"name\":\"Hjort byst\"}]},{\"@type\":\"WebSite\",\"@id\":\"https:\\\/\\\/qreativ.se\\\/dk\\\/#website\",\"url\":\"https:\\\/\\\/qreativ.se\\\/dk\\\/\",\"name\":\"Qreativ\",\"description\":\"\",\"alternateName\":\"qreativ.se\",\"potentialAction\":[{\"@type\":\"SearchAction\",\"target\":{\"@type\":\"EntryPoint\",\"urlTemplate\":\"https:\\\/\\\/qreativ.se\\\/dk\\\/?s={search_term_string}\"},\"query-input\":{\"@type\":\"PropertyValueSpecification\",\"valueRequired\":true,\"valueName\":\"search_term_string\"}}],\"inLanguage\":\"da-DK\"}]}<\/script>\n<!-- \/ Yoast SEO plugin. -->","yoast_head_json":{"title":"Hjort byst - Qreativ","robots":{"index":"index","follow":"follow","max-snippet":"max-snippet:-1","max-image-preview":"max-image-preview:large","max-video-preview":"max-video-preview:-1"},"canonical":"https:\/\/qreativ.se\/dk\/produkt\/hjort-byst\/","og_locale":"da_DK","og_type":"article","og_title":"Hjort byst - Qreativ","og_description":"Lyft vinterdekorationerna till nya h\u00f6jder med en detalj som garanterat v\u00e4cker uppm\u00e4rksamhet!","og_url":"https:\/\/qreativ.se\/dk\/produkt\/hjort-byst\/","og_site_name":"Qreativ","article_modified_time":"2026-02-13T09:40:46+00:00","og_image":[{"width":2000,"height":2000,"url":"https:\/\/qreativ.se\/wp-content\/uploads\/2025\/08\/Vintage-inredning-jordnara-toner-rustika-material-11-1.png","type":"image\/png"}],"twitter_card":"summary_large_image","twitter_misc":{"Estimeret l\u00e6setid":"1 minut"},"schema":{"@context":"https:\/\/schema.org","@graph":[{"@type":"WebPage","@id":"https:\/\/qreativ.se\/dk\/produkt\/hjort-byst\/","url":"https:\/\/qreativ.se\/dk\/produkt\/hjort-byst\/","name":"Hjort byst - Qreativ","isPartOf":{"@id":"https:\/\/qreativ.se\/dk\/#website"},"primaryImageOfPage":{"@id":"https:\/\/qreativ.se\/dk\/produkt\/hjort-byst\/#primaryimage"},"image":{"@id":"https:\/\/qreativ.se\/dk\/produkt\/hjort-byst\/#primaryimage"},"thumbnailUrl":"https:\/\/qreativ.se\/wp-content\/uploads\/2025\/08\/Vintage-inredning-jordnara-toner-rustika-material-11-1.png","datePublished":"2025-08-05T19:08:02+00:00","dateModified":"2026-02-13T09:40:46+00:00","breadcrumb":{"@id":"https:\/\/qreativ.se\/dk\/produkt\/hjort-byst\/#breadcrumb"},"inLanguage":"da-DK","potentialAction":[{"@type":"ReadAction","target":["https:\/\/qreativ.se\/dk\/produkt\/hjort-byst\/"]}]},{"@type":"ImageObject","inLanguage":"da-DK","@id":"https:\/\/qreativ.se\/dk\/produkt\/hjort-byst\/#primaryimage","url":"https:\/\/qreativ.se\/wp-content\/uploads\/2025\/08\/Vintage-inredning-jordnara-toner-rustika-material-11-1.png","contentUrl":"https:\/\/qreativ.se\/wp-content\/uploads\/2025\/08\/Vintage-inredning-jordnara-toner-rustika-material-11-1.png","width":2000,"height":2000},{"@type":"BreadcrumbList","@id":"https:\/\/qreativ.se\/dk\/produkt\/hjort-byst\/#breadcrumb","itemListElement":[{"@type":"ListItem","position":1,"name":"Home","item":"https:\/\/qreativ.se\/dk\/hjem\/"},{"@type":"ListItem","position":2,"name":"Webbshop","item":"https:\/\/qreativ.se\/dk\/webbshop\/"},{"@type":"ListItem","position":3,"name":"Hjort byst"}]},{"@type":"WebSite","@id":"https:\/\/qreativ.se\/dk\/#website","url":"https:\/\/qreativ.se\/dk\/","name":"Qreativ","description":"","alternateName":"qreativ.se","potentialAction":[{"@type":"SearchAction","target":{"@type":"EntryPoint","urlTemplate":"https:\/\/qreativ.se\/dk\/?s={search_term_string}"},"query-input":{"@type":"PropertyValueSpecification","valueRequired":true,"valueName":"search_term_string"}}],"inLanguage":"da-DK"}]}},"_links":{"self":[{"href":"https:\/\/qreativ.se\/dk\/wp-json\/wp\/v2\/product\/15440","targetHints":{"allow":["GET"]}}],"collection":[{"href":"https:\/\/qreativ.se\/dk\/wp-json\/wp\/v2\/product"}],"about":[{"href":"https:\/\/qreativ.se\/dk\/wp-json\/wp\/v2\/types\/product"}],"replies":[{"embeddable":true,"href":"https:\/\/qreativ.se\/dk\/wp-json\/wp\/v2\/comments?post=15440"}],"wp:featuredmedia":[{"embeddable":true,"href":"https:\/\/qreativ.se\/dk\/wp-json\/wp\/v2\/media\/15441"}],"wp:attachment":[{"href":"https:\/\/qreativ.se\/dk\/wp-json\/wp\/v2\/media?parent=15440"}],"wp:term":[{"taxonomy":"product_brand","embeddable":true,"href":"https:\/\/qreativ.se\/dk\/wp-json\/wp\/v2\/product_brand?post=15440"},{"taxonomy":"product_cat","embeddable":true,"href":"https:\/\/qreativ.se\/dk\/wp-json\/wp\/v2\/product_cat?post=15440"},{"taxonomy":"product_tag","embeddable":true,"href":"https:\/\/qreativ.se\/dk\/wp-json\/wp\/v2\/product_tag?post=15440"}],"curies":[{"name":"wp","href":"https:\/\/api.w.org\/{rel}","templated":true}]}}