{"id":15556,"date":"2025-08-04T08:30:06","date_gmt":"2025-08-04T08:30:06","guid":{"rendered":"https:\/\/qreativ.se\/produkt\/pepparkakshus-led-2\/"},"modified":"2026-02-13T09:40:22","modified_gmt":"2026-02-13T09:40:22","slug":"pepparkakshus-led-2","status":"publish","type":"product","link":"https:\/\/qreativ.se\/dk\/produkt\/pepparkakshus-led-2\/","title":{"rendered":"Pepparkakshus LED"},"content":{"rendered":"<h4><strong>Ett mysigt pepparkakshus som lyser upp vinterkv\u00e4llarna<\/strong><\/h4>\n<p>Detta dekorativa pepparkakshus ser ut att vara nygr\u00e4ddat, med sn\u00f6vita kristyrm\u00f6nster, granar och sm\u00e5 f\u00f6nster som lyser upp inifr\u00e5n. Tack vare den batteridrivna LED-belysningen beh\u00f6ver du inte t\u00e4nka p\u00e5 eluttag \u2013 du kan placera huset p\u00e5 hyllan, i f\u00f6nstret, p\u00e5 ett bord eller varf\u00f6r inte i barnens rum?<\/p>\n<p>\u2022 Tillverkat i t\u00e5lig polyresin<br data-start=\"257\" data-end=\"260\" \/>\u2022 Inbyggd LED-belysning<br data-start=\"283\" data-end=\"286\" \/>\u2022 Drivs med batterier \u2013 placera det var du vill<br data-start=\"333\" data-end=\"336\" \/>\u2022 Detaljrik design med kristyr och glitter<\/p>\n<p>Tillverkat i slitstark polyresin som h\u00e5ller i m\u00e5nga jular fram\u00f6ver. Perfekt som del i ett julbylandskap eller som en frist\u00e5ende dekorationsdetalj. En garanterad st\u00e4mningsh\u00f6jare under hela advent.<\/p>\n","protected":false},"excerpt":{"rendered":"<p>Skapa julst\u00e4mning med ett charmigt pepparkakshus \u2013 helt utan kladd!<\/p>\n","protected":false},"featured_media":15557,"comment_status":"open","ping_status":"closed","template":"","meta":{"_acf_changed":false,"inline_featured_image":false},"product_brand":[],"product_cat":[253,255],"product_tag":[],"class_list":{"0":"post-15556","1":"product","2":"type-product","3":"status-publish","4":"has-post-thumbnail","6":"product_cat-jul","7":"product_cat-dekoration","9":"first","10":"outofstock","11":"taxable","12":"shipping-taxable","13":"purchasable","14":"product-type-simple"},"acf":[],"yoast_head":"<!-- This site is optimized with the Yoast SEO plugin v27.6 - https:\/\/yoast.com\/product\/yoast-seo-wordpress\/ -->\n<title>Pepparkakshus LED - Qreativ<\/title>\n<meta name=\"robots\" content=\"index, follow, max-snippet:-1, max-image-preview:large, max-video-preview:-1\" \/>\n<link rel=\"canonical\" href=\"https:\/\/qreativ.se\/dk\/produkt\/pepparkakshus-led-2\/\" \/>\n<meta property=\"og:locale\" content=\"da_DK\" \/>\n<meta property=\"og:type\" content=\"article\" \/>\n<meta property=\"og:title\" content=\"Pepparkakshus LED - Qreativ\" \/>\n<meta property=\"og:description\" content=\"Skapa julst\u00e4mning med ett charmigt pepparkakshus \u2013 helt utan kladd!\" \/>\n<meta property=\"og:url\" content=\"https:\/\/qreativ.se\/dk\/produkt\/pepparkakshus-led-2\/\" \/>\n<meta property=\"og:site_name\" content=\"Qreativ\" \/>\n<meta property=\"article:modified_time\" content=\"2026-02-13T09:40:22+00:00\" \/>\n<meta property=\"og:image\" content=\"https:\/\/qreativ.se\/wp-content\/uploads\/2025\/08\/Vintage-inredning-Magiska-juldekorationer-1.png\" \/>\n\t<meta property=\"og:image:width\" content=\"2000\" \/>\n\t<meta property=\"og:image:height\" content=\"2000\" \/>\n\t<meta property=\"og:image:type\" content=\"image\/png\" \/>\n<meta name=\"twitter:card\" content=\"summary_large_image\" \/>\n<meta name=\"twitter:label1\" content=\"Estimeret l\u00e6setid\" \/>\n\t<meta name=\"twitter:data1\" content=\"1 minut\" \/>\n<script type=\"application\/ld+json\" class=\"yoast-schema-graph\">{\"@context\":\"https:\\\/\\\/schema.org\",\"@graph\":[{\"@type\":\"WebPage\",\"@id\":\"https:\\\/\\\/qreativ.se\\\/dk\\\/produkt\\\/pepparkakshus-led-2\\\/\",\"url\":\"https:\\\/\\\/qreativ.se\\\/dk\\\/produkt\\\/pepparkakshus-led-2\\\/\",\"name\":\"Pepparkakshus LED - Qreativ\",\"isPartOf\":{\"@id\":\"https:\\\/\\\/qreativ.se\\\/dk\\\/#website\"},\"primaryImageOfPage\":{\"@id\":\"https:\\\/\\\/qreativ.se\\\/dk\\\/produkt\\\/pepparkakshus-led-2\\\/#primaryimage\"},\"image\":{\"@id\":\"https:\\\/\\\/qreativ.se\\\/dk\\\/produkt\\\/pepparkakshus-led-2\\\/#primaryimage\"},\"thumbnailUrl\":\"https:\\\/\\\/qreativ.se\\\/wp-content\\\/uploads\\\/2025\\\/08\\\/Vintage-inredning-Magiska-juldekorationer-1.png\",\"datePublished\":\"2025-08-04T08:30:06+00:00\",\"dateModified\":\"2026-02-13T09:40:22+00:00\",\"breadcrumb\":{\"@id\":\"https:\\\/\\\/qreativ.se\\\/dk\\\/produkt\\\/pepparkakshus-led-2\\\/#breadcrumb\"},\"inLanguage\":\"da-DK\",\"potentialAction\":[{\"@type\":\"ReadAction\",\"target\":[\"https:\\\/\\\/qreativ.se\\\/dk\\\/produkt\\\/pepparkakshus-led-2\\\/\"]}]},{\"@type\":\"ImageObject\",\"inLanguage\":\"da-DK\",\"@id\":\"https:\\\/\\\/qreativ.se\\\/dk\\\/produkt\\\/pepparkakshus-led-2\\\/#primaryimage\",\"url\":\"https:\\\/\\\/qreativ.se\\\/wp-content\\\/uploads\\\/2025\\\/08\\\/Vintage-inredning-Magiska-juldekorationer-1.png\",\"contentUrl\":\"https:\\\/\\\/qreativ.se\\\/wp-content\\\/uploads\\\/2025\\\/08\\\/Vintage-inredning-Magiska-juldekorationer-1.png\",\"width\":2000,\"height\":2000},{\"@type\":\"BreadcrumbList\",\"@id\":\"https:\\\/\\\/qreativ.se\\\/dk\\\/produkt\\\/pepparkakshus-led-2\\\/#breadcrumb\",\"itemListElement\":[{\"@type\":\"ListItem\",\"position\":1,\"name\":\"Home\",\"item\":\"https:\\\/\\\/qreativ.se\\\/dk\\\/hjem\\\/\"},{\"@type\":\"ListItem\",\"position\":2,\"name\":\"Webbshop\",\"item\":\"https:\\\/\\\/qreativ.se\\\/dk\\\/webbshop\\\/\"},{\"@type\":\"ListItem\",\"position\":3,\"name\":\"Pepparkakshus LED\"}]},{\"@type\":\"WebSite\",\"@id\":\"https:\\\/\\\/qreativ.se\\\/dk\\\/#website\",\"url\":\"https:\\\/\\\/qreativ.se\\\/dk\\\/\",\"name\":\"Qreativ\",\"description\":\"\",\"alternateName\":\"qreativ.se\",\"potentialAction\":[{\"@type\":\"SearchAction\",\"target\":{\"@type\":\"EntryPoint\",\"urlTemplate\":\"https:\\\/\\\/qreativ.se\\\/dk\\\/?s={search_term_string}\"},\"query-input\":{\"@type\":\"PropertyValueSpecification\",\"valueRequired\":true,\"valueName\":\"search_term_string\"}}],\"inLanguage\":\"da-DK\"}]}<\/script>\n<!-- \/ Yoast SEO plugin. -->","yoast_head_json":{"title":"Pepparkakshus LED - Qreativ","robots":{"index":"index","follow":"follow","max-snippet":"max-snippet:-1","max-image-preview":"max-image-preview:large","max-video-preview":"max-video-preview:-1"},"canonical":"https:\/\/qreativ.se\/dk\/produkt\/pepparkakshus-led-2\/","og_locale":"da_DK","og_type":"article","og_title":"Pepparkakshus LED - Qreativ","og_description":"Skapa julst\u00e4mning med ett charmigt pepparkakshus \u2013 helt utan kladd!","og_url":"https:\/\/qreativ.se\/dk\/produkt\/pepparkakshus-led-2\/","og_site_name":"Qreativ","article_modified_time":"2026-02-13T09:40:22+00:00","og_image":[{"width":2000,"height":2000,"url":"https:\/\/qreativ.se\/wp-content\/uploads\/2025\/08\/Vintage-inredning-Magiska-juldekorationer-1.png","type":"image\/png"}],"twitter_card":"summary_large_image","twitter_misc":{"Estimeret l\u00e6setid":"1 minut"},"schema":{"@context":"https:\/\/schema.org","@graph":[{"@type":"WebPage","@id":"https:\/\/qreativ.se\/dk\/produkt\/pepparkakshus-led-2\/","url":"https:\/\/qreativ.se\/dk\/produkt\/pepparkakshus-led-2\/","name":"Pepparkakshus LED - Qreativ","isPartOf":{"@id":"https:\/\/qreativ.se\/dk\/#website"},"primaryImageOfPage":{"@id":"https:\/\/qreativ.se\/dk\/produkt\/pepparkakshus-led-2\/#primaryimage"},"image":{"@id":"https:\/\/qreativ.se\/dk\/produkt\/pepparkakshus-led-2\/#primaryimage"},"thumbnailUrl":"https:\/\/qreativ.se\/wp-content\/uploads\/2025\/08\/Vintage-inredning-Magiska-juldekorationer-1.png","datePublished":"2025-08-04T08:30:06+00:00","dateModified":"2026-02-13T09:40:22+00:00","breadcrumb":{"@id":"https:\/\/qreativ.se\/dk\/produkt\/pepparkakshus-led-2\/#breadcrumb"},"inLanguage":"da-DK","potentialAction":[{"@type":"ReadAction","target":["https:\/\/qreativ.se\/dk\/produkt\/pepparkakshus-led-2\/"]}]},{"@type":"ImageObject","inLanguage":"da-DK","@id":"https:\/\/qreativ.se\/dk\/produkt\/pepparkakshus-led-2\/#primaryimage","url":"https:\/\/qreativ.se\/wp-content\/uploads\/2025\/08\/Vintage-inredning-Magiska-juldekorationer-1.png","contentUrl":"https:\/\/qreativ.se\/wp-content\/uploads\/2025\/08\/Vintage-inredning-Magiska-juldekorationer-1.png","width":2000,"height":2000},{"@type":"BreadcrumbList","@id":"https:\/\/qreativ.se\/dk\/produkt\/pepparkakshus-led-2\/#breadcrumb","itemListElement":[{"@type":"ListItem","position":1,"name":"Home","item":"https:\/\/qreativ.se\/dk\/hjem\/"},{"@type":"ListItem","position":2,"name":"Webbshop","item":"https:\/\/qreativ.se\/dk\/webbshop\/"},{"@type":"ListItem","position":3,"name":"Pepparkakshus LED"}]},{"@type":"WebSite","@id":"https:\/\/qreativ.se\/dk\/#website","url":"https:\/\/qreativ.se\/dk\/","name":"Qreativ","description":"","alternateName":"qreativ.se","potentialAction":[{"@type":"SearchAction","target":{"@type":"EntryPoint","urlTemplate":"https:\/\/qreativ.se\/dk\/?s={search_term_string}"},"query-input":{"@type":"PropertyValueSpecification","valueRequired":true,"valueName":"search_term_string"}}],"inLanguage":"da-DK"}]}},"_links":{"self":[{"href":"https:\/\/qreativ.se\/dk\/wp-json\/wp\/v2\/product\/15556","targetHints":{"allow":["GET"]}}],"collection":[{"href":"https:\/\/qreativ.se\/dk\/wp-json\/wp\/v2\/product"}],"about":[{"href":"https:\/\/qreativ.se\/dk\/wp-json\/wp\/v2\/types\/product"}],"replies":[{"embeddable":true,"href":"https:\/\/qreativ.se\/dk\/wp-json\/wp\/v2\/comments?post=15556"}],"wp:featuredmedia":[{"embeddable":true,"href":"https:\/\/qreativ.se\/dk\/wp-json\/wp\/v2\/media\/15557"}],"wp:attachment":[{"href":"https:\/\/qreativ.se\/dk\/wp-json\/wp\/v2\/media?parent=15556"}],"wp:term":[{"taxonomy":"product_brand","embeddable":true,"href":"https:\/\/qreativ.se\/dk\/wp-json\/wp\/v2\/product_brand?post=15556"},{"taxonomy":"product_cat","embeddable":true,"href":"https:\/\/qreativ.se\/dk\/wp-json\/wp\/v2\/product_cat?post=15556"},{"taxonomy":"product_tag","embeddable":true,"href":"https:\/\/qreativ.se\/dk\/wp-json\/wp\/v2\/product_tag?post=15556"}],"curies":[{"name":"wp","href":"https:\/\/api.w.org\/{rel}","templated":true}]}}