{"id":15633,"date":"2025-07-30T10:34:16","date_gmt":"2025-07-30T10:34:16","guid":{"rendered":"https:\/\/qreativ.se\/produkt\/loke-handsmidd-krok-m\/"},"modified":"2026-02-13T09:40:03","modified_gmt":"2026-02-13T09:40:03","slug":"loke-handsmidd-krok-m","status":"publish","type":"product","link":"https:\/\/qreativ.se\/dk\/produkt\/loke-handsmidd-krok-m\/","title":{"rendered":"Loke handsmidd krok M"},"content":{"rendered":"<h4 data-start=\"247\" data-end=\"445\"><strong>Loke \u2013 rustika handsmidda krokar i smidesj\u00e4rn<\/strong><\/h4>\n<p data-start=\"247\" data-end=\"445\">Perfekta f\u00f6r dig som vill inreda med k\u00e4nsla och karakt\u00e4r. Varje krok \u00e4r unikt tillverkad f\u00f6r hand, vilket ger den en genuin och levande yta.<\/p>\n<p data-start=\"447\" data-end=\"625\">\u2022 Handsmidd krok i smidesj\u00e4rn<br data-start=\"476\" data-end=\"479\" \/>\u2022 Finns i tre storlekar<br data-start=\"502\" data-end=\"505\" \/>\u2022 Klassisk och tidl\u00f6s design<br data-start=\"533\" data-end=\"536\" \/>\u2022 Passar lika bra i hallen som i k\u00f6ket eller badrummet<br data-start=\"590\" data-end=\"593\" \/>\u2022 Monteras enkelt med en skruv<\/p>\n<p data-start=\"627\" data-end=\"647\"><strong data-start=\"627\" data-end=\"647\">Mer om produkten<\/strong><\/p>\n<p data-start=\"649\" data-end=\"1098\">Krokarna i serien\u00a0<em data-start=\"667\" data-end=\"673\">Loke<\/em>\u00a0\u00e4r skapade med traditionella metoder d\u00e4r varje detalj f\u00e5r ta tid. Smidesj\u00e4rnet ger b\u00e5de styrka och karakt\u00e4r, vilket g\u00f6r att krokarna passar lika bra i ett lantligt hem som i ett mer industriellt uttryck. Anv\u00e4nd dem f\u00f6r att h\u00e4nga upp handdukar, redskap, kl\u00e4der eller dekoration \u2013 oavsett placering tillf\u00f6r de en rustik k\u00e4nsla och ett gediget uttryck. V\u00e4lj mellan tre olika storlekar eller kombinera f\u00f6r ett levande intryck.<\/p>\n<p data-start=\"1100\" data-end=\"1188\">Letar du efter h\u00e5llbara, vackra och funktionella v\u00e4ggkrokar? D\u00e5 \u00e4r Loke ett utm\u00e4rkt val!<\/p>\n","protected":false},"excerpt":{"rendered":"<p>Tidl\u00f6st hantverk i smidesj\u00e4rn \u2013 uppt\u00e4ck v\u00e5r serie Loke!<\/p>\n","protected":false},"featured_media":15634,"comment_status":"open","ping_status":"closed","template":"","meta":{"_acf_changed":false,"inline_featured_image":false},"product_brand":[],"product_cat":[223,226,270],"product_tag":[286],"class_list":{"0":"post-15633","1":"product","2":"type-product","3":"status-publish","4":"has-post-thumbnail","6":"product_cat-indretning-dekorationer","7":"product_cat-smaopbevaring","8":"product_cat-unik-vintage-indretning","9":"product_tag-easytoship","11":"first","12":"instock","13":"taxable","14":"shipping-taxable","15":"purchasable","16":"product-type-simple"},"acf":[],"yoast_head":"<!-- This site is optimized with the Yoast SEO plugin v27.6 - https:\/\/yoast.com\/product\/yoast-seo-wordpress\/ -->\n<title>Loke handsmidd krok M - Qreativ<\/title>\n<meta name=\"robots\" content=\"index, follow, max-snippet:-1, max-image-preview:large, max-video-preview:-1\" \/>\n<link rel=\"canonical\" href=\"https:\/\/qreativ.se\/dk\/produkt\/loke-handsmidd-krok-m\/\" \/>\n<meta property=\"og:locale\" content=\"da_DK\" \/>\n<meta property=\"og:type\" content=\"article\" \/>\n<meta property=\"og:title\" content=\"Loke handsmidd krok M - Qreativ\" \/>\n<meta property=\"og:description\" content=\"Tidl\u00f6st hantverk i smidesj\u00e4rn \u2013 uppt\u00e4ck v\u00e5r serie Loke!\" \/>\n<meta property=\"og:url\" content=\"https:\/\/qreativ.se\/dk\/produkt\/loke-handsmidd-krok-m\/\" \/>\n<meta property=\"og:site_name\" content=\"Qreativ\" \/>\n<meta property=\"article:modified_time\" content=\"2026-02-13T09:40:03+00:00\" \/>\n<meta property=\"og:image\" content=\"https:\/\/qreativ.se\/wp-content\/uploads\/2025\/07\/Vintage-inredning-jordnara-beiga-nyanser-rustik-inredning-93.png\" \/>\n\t<meta property=\"og:image:width\" content=\"2000\" \/>\n\t<meta property=\"og:image:height\" content=\"2000\" \/>\n\t<meta property=\"og:image:type\" content=\"image\/png\" \/>\n<meta name=\"twitter:card\" content=\"summary_large_image\" \/>\n<meta name=\"twitter:label1\" content=\"Estimeret l\u00e6setid\" \/>\n\t<meta name=\"twitter:data1\" content=\"1 minut\" \/>\n<script type=\"application\/ld+json\" class=\"yoast-schema-graph\">{\"@context\":\"https:\\\/\\\/schema.org\",\"@graph\":[{\"@type\":\"WebPage\",\"@id\":\"https:\\\/\\\/qreativ.se\\\/dk\\\/produkt\\\/loke-handsmidd-krok-m\\\/\",\"url\":\"https:\\\/\\\/qreativ.se\\\/dk\\\/produkt\\\/loke-handsmidd-krok-m\\\/\",\"name\":\"Loke handsmidd krok M - Qreativ\",\"isPartOf\":{\"@id\":\"https:\\\/\\\/qreativ.se\\\/dk\\\/#website\"},\"primaryImageOfPage\":{\"@id\":\"https:\\\/\\\/qreativ.se\\\/dk\\\/produkt\\\/loke-handsmidd-krok-m\\\/#primaryimage\"},\"image\":{\"@id\":\"https:\\\/\\\/qreativ.se\\\/dk\\\/produkt\\\/loke-handsmidd-krok-m\\\/#primaryimage\"},\"thumbnailUrl\":\"https:\\\/\\\/qreativ.se\\\/wp-content\\\/uploads\\\/2025\\\/07\\\/Vintage-inredning-jordnara-beiga-nyanser-rustik-inredning-93.png\",\"datePublished\":\"2025-07-30T10:34:16+00:00\",\"dateModified\":\"2026-02-13T09:40:03+00:00\",\"breadcrumb\":{\"@id\":\"https:\\\/\\\/qreativ.se\\\/dk\\\/produkt\\\/loke-handsmidd-krok-m\\\/#breadcrumb\"},\"inLanguage\":\"da-DK\",\"potentialAction\":[{\"@type\":\"ReadAction\",\"target\":[\"https:\\\/\\\/qreativ.se\\\/dk\\\/produkt\\\/loke-handsmidd-krok-m\\\/\"]}]},{\"@type\":\"ImageObject\",\"inLanguage\":\"da-DK\",\"@id\":\"https:\\\/\\\/qreativ.se\\\/dk\\\/produkt\\\/loke-handsmidd-krok-m\\\/#primaryimage\",\"url\":\"https:\\\/\\\/qreativ.se\\\/wp-content\\\/uploads\\\/2025\\\/07\\\/Vintage-inredning-jordnara-beiga-nyanser-rustik-inredning-93.png\",\"contentUrl\":\"https:\\\/\\\/qreativ.se\\\/wp-content\\\/uploads\\\/2025\\\/07\\\/Vintage-inredning-jordnara-beiga-nyanser-rustik-inredning-93.png\",\"width\":2000,\"height\":2000},{\"@type\":\"BreadcrumbList\",\"@id\":\"https:\\\/\\\/qreativ.se\\\/dk\\\/produkt\\\/loke-handsmidd-krok-m\\\/#breadcrumb\",\"itemListElement\":[{\"@type\":\"ListItem\",\"position\":1,\"name\":\"Home\",\"item\":\"https:\\\/\\\/qreativ.se\\\/dk\\\/hjem\\\/\"},{\"@type\":\"ListItem\",\"position\":2,\"name\":\"Webbshop\",\"item\":\"https:\\\/\\\/qreativ.se\\\/dk\\\/webbshop\\\/\"},{\"@type\":\"ListItem\",\"position\":3,\"name\":\"Loke handsmidd krok M\"}]},{\"@type\":\"WebSite\",\"@id\":\"https:\\\/\\\/qreativ.se\\\/dk\\\/#website\",\"url\":\"https:\\\/\\\/qreativ.se\\\/dk\\\/\",\"name\":\"Qreativ\",\"description\":\"\",\"alternateName\":\"qreativ.se\",\"potentialAction\":[{\"@type\":\"SearchAction\",\"target\":{\"@type\":\"EntryPoint\",\"urlTemplate\":\"https:\\\/\\\/qreativ.se\\\/dk\\\/?s={search_term_string}\"},\"query-input\":{\"@type\":\"PropertyValueSpecification\",\"valueRequired\":true,\"valueName\":\"search_term_string\"}}],\"inLanguage\":\"da-DK\"}]}<\/script>\n<!-- \/ Yoast SEO plugin. -->","yoast_head_json":{"title":"Loke handsmidd krok M - Qreativ","robots":{"index":"index","follow":"follow","max-snippet":"max-snippet:-1","max-image-preview":"max-image-preview:large","max-video-preview":"max-video-preview:-1"},"canonical":"https:\/\/qreativ.se\/dk\/produkt\/loke-handsmidd-krok-m\/","og_locale":"da_DK","og_type":"article","og_title":"Loke handsmidd krok M - Qreativ","og_description":"Tidl\u00f6st hantverk i smidesj\u00e4rn \u2013 uppt\u00e4ck v\u00e5r serie Loke!","og_url":"https:\/\/qreativ.se\/dk\/produkt\/loke-handsmidd-krok-m\/","og_site_name":"Qreativ","article_modified_time":"2026-02-13T09:40:03+00:00","og_image":[{"width":2000,"height":2000,"url":"https:\/\/qreativ.se\/wp-content\/uploads\/2025\/07\/Vintage-inredning-jordnara-beiga-nyanser-rustik-inredning-93.png","type":"image\/png"}],"twitter_card":"summary_large_image","twitter_misc":{"Estimeret l\u00e6setid":"1 minut"},"schema":{"@context":"https:\/\/schema.org","@graph":[{"@type":"WebPage","@id":"https:\/\/qreativ.se\/dk\/produkt\/loke-handsmidd-krok-m\/","url":"https:\/\/qreativ.se\/dk\/produkt\/loke-handsmidd-krok-m\/","name":"Loke handsmidd krok M - Qreativ","isPartOf":{"@id":"https:\/\/qreativ.se\/dk\/#website"},"primaryImageOfPage":{"@id":"https:\/\/qreativ.se\/dk\/produkt\/loke-handsmidd-krok-m\/#primaryimage"},"image":{"@id":"https:\/\/qreativ.se\/dk\/produkt\/loke-handsmidd-krok-m\/#primaryimage"},"thumbnailUrl":"https:\/\/qreativ.se\/wp-content\/uploads\/2025\/07\/Vintage-inredning-jordnara-beiga-nyanser-rustik-inredning-93.png","datePublished":"2025-07-30T10:34:16+00:00","dateModified":"2026-02-13T09:40:03+00:00","breadcrumb":{"@id":"https:\/\/qreativ.se\/dk\/produkt\/loke-handsmidd-krok-m\/#breadcrumb"},"inLanguage":"da-DK","potentialAction":[{"@type":"ReadAction","target":["https:\/\/qreativ.se\/dk\/produkt\/loke-handsmidd-krok-m\/"]}]},{"@type":"ImageObject","inLanguage":"da-DK","@id":"https:\/\/qreativ.se\/dk\/produkt\/loke-handsmidd-krok-m\/#primaryimage","url":"https:\/\/qreativ.se\/wp-content\/uploads\/2025\/07\/Vintage-inredning-jordnara-beiga-nyanser-rustik-inredning-93.png","contentUrl":"https:\/\/qreativ.se\/wp-content\/uploads\/2025\/07\/Vintage-inredning-jordnara-beiga-nyanser-rustik-inredning-93.png","width":2000,"height":2000},{"@type":"BreadcrumbList","@id":"https:\/\/qreativ.se\/dk\/produkt\/loke-handsmidd-krok-m\/#breadcrumb","itemListElement":[{"@type":"ListItem","position":1,"name":"Home","item":"https:\/\/qreativ.se\/dk\/hjem\/"},{"@type":"ListItem","position":2,"name":"Webbshop","item":"https:\/\/qreativ.se\/dk\/webbshop\/"},{"@type":"ListItem","position":3,"name":"Loke handsmidd krok M"}]},{"@type":"WebSite","@id":"https:\/\/qreativ.se\/dk\/#website","url":"https:\/\/qreativ.se\/dk\/","name":"Qreativ","description":"","alternateName":"qreativ.se","potentialAction":[{"@type":"SearchAction","target":{"@type":"EntryPoint","urlTemplate":"https:\/\/qreativ.se\/dk\/?s={search_term_string}"},"query-input":{"@type":"PropertyValueSpecification","valueRequired":true,"valueName":"search_term_string"}}],"inLanguage":"da-DK"}]}},"_links":{"self":[{"href":"https:\/\/qreativ.se\/dk\/wp-json\/wp\/v2\/product\/15633","targetHints":{"allow":["GET"]}}],"collection":[{"href":"https:\/\/qreativ.se\/dk\/wp-json\/wp\/v2\/product"}],"about":[{"href":"https:\/\/qreativ.se\/dk\/wp-json\/wp\/v2\/types\/product"}],"replies":[{"embeddable":true,"href":"https:\/\/qreativ.se\/dk\/wp-json\/wp\/v2\/comments?post=15633"}],"wp:featuredmedia":[{"embeddable":true,"href":"https:\/\/qreativ.se\/dk\/wp-json\/wp\/v2\/media\/15634"}],"wp:attachment":[{"href":"https:\/\/qreativ.se\/dk\/wp-json\/wp\/v2\/media?parent=15633"}],"wp:term":[{"taxonomy":"product_brand","embeddable":true,"href":"https:\/\/qreativ.se\/dk\/wp-json\/wp\/v2\/product_brand?post=15633"},{"taxonomy":"product_cat","embeddable":true,"href":"https:\/\/qreativ.se\/dk\/wp-json\/wp\/v2\/product_cat?post=15633"},{"taxonomy":"product_tag","embeddable":true,"href":"https:\/\/qreativ.se\/dk\/wp-json\/wp\/v2\/product_tag?post=15633"}],"curies":[{"name":"wp","href":"https:\/\/api.w.org\/{rel}","templated":true}]}}