{"id":15749,"date":"2025-06-30T09:41:15","date_gmt":"2025-06-30T09:41:15","guid":{"rendered":"https:\/\/qreativ.se\/produkt\/stina-vaggdekoration\/"},"modified":"2026-04-14T16:34:58","modified_gmt":"2026-04-14T16:34:58","slug":"stina-vaggdekoration","status":"publish","type":"product","link":"https:\/\/qreativ.se\/dk\/produkt\/stina-vaggdekoration\/","title":{"rendered":"Stina V\u00e4ggdekoration"},"content":{"rendered":"<h4 data-start=\"436\" data-end=\"491\"><strong data-start=\"436\" data-end=\"491\">Stina \u2013 Handgjord rund v\u00e4ggdekoration i fl\u00e4tad jute<\/strong><\/h4>\n<p data-start=\"493\" data-end=\"801\"><strong data-start=\"493\" data-end=\"517\">Stina v\u00e4ggdekoration<\/strong> \u00e4r ett rustikt och naturligt tillskott till hemmet. Den \u00e4r <strong data-start=\"577\" data-end=\"604\">handgjord i fl\u00e4tad jute<\/strong>, vilket ger varje exemplar en unik struktur och en varm, jordn\u00e4ra k\u00e4nsla. Den runda formen och det cirkul\u00e4ra m\u00f6nstret skapar ett vackert blickf\u00e5ng som tillf\u00f6r b\u00e5de textur och karakt\u00e4r till rummet.<\/p>\n<p data-start=\"1060\" data-end=\"1351\">\u2022 Handgjord v\u00e4ggdekoration i 100 % jute<br data-start=\"1099\" data-end=\"1102\" \/>\u2022 Rund form med fl\u00e4tat m\u00f6nster<br data-start=\"1132\" data-end=\"1135\" \/>\u2022 Unikt hantverk \u2013 varje produkt har sin karakt\u00e4r<br data-start=\"1184\" data-end=\"1187\" \/>\u2022 Ger v\u00e4rme och naturlig struktur till v\u00e4ggen<br data-start=\"1232\" data-end=\"1235\" \/>\u2022 Passar b\u00e5de bohemisk, skandinavisk och rustik inredningsstil<br data-start=\"1297\" data-end=\"1300\" \/>\u2022 L\u00e4tt att h\u00e4nga upp som v\u00e4ggkonst eller dekoration<\/p>\n<blockquote data-start=\"1592\" data-end=\"1773\">\n<p data-start=\"1594\" data-end=\"1773\">Stina \u00e4r en stilren och tidl\u00f6s dekoration som mjukar upp rummet och skapar en lugn, naturlig atmosf\u00e4r \u2013 perfekt f\u00f6r dig som \u00e4lskar inredning med k\u00e4nsla och material som f\u00e5r synas.<\/p>\n<\/blockquote>\n","protected":false},"excerpt":{"rendered":"<p>Stina handgjord v\u00e4ggdekoration i naturmaterial \u2013 skapar liv, struktur och v\u00e4rme p\u00e5 v\u00e4ggen!<\/p>\n","protected":false},"featured_media":15750,"comment_status":"open","ping_status":"closed","template":"","meta":{"_acf_changed":false,"inline_featured_image":false},"product_brand":[],"product_cat":[223,227],"product_tag":[286],"class_list":{"0":"post-15749","1":"product","2":"type-product","3":"status-publish","4":"has-post-thumbnail","6":"product_cat-indretning-dekorationer","7":"product_cat-vaeggdekorationer-spejle","8":"product_tag-easytoship","10":"first","11":"onbackorder","12":"taxable","13":"shipping-taxable","14":"purchasable","15":"product-type-simple"},"acf":[],"yoast_head":"<!-- This site is optimized with the Yoast SEO plugin v27.6 - https:\/\/yoast.com\/product\/yoast-seo-wordpress\/ -->\n<title>Stina V\u00e4ggdekoration - Qreativ<\/title>\n<meta name=\"robots\" content=\"index, follow, max-snippet:-1, max-image-preview:large, max-video-preview:-1\" \/>\n<link rel=\"canonical\" href=\"https:\/\/qreativ.se\/dk\/produkt\/stina-vaggdekoration\/\" \/>\n<meta property=\"og:locale\" content=\"da_DK\" \/>\n<meta property=\"og:type\" content=\"article\" \/>\n<meta property=\"og:title\" content=\"Stina V\u00e4ggdekoration - Qreativ\" \/>\n<meta property=\"og:description\" content=\"Stina handgjord v\u00e4ggdekoration i naturmaterial \u2013 skapar liv, struktur och v\u00e4rme p\u00e5 v\u00e4ggen!\" \/>\n<meta property=\"og:url\" content=\"https:\/\/qreativ.se\/dk\/produkt\/stina-vaggdekoration\/\" \/>\n<meta property=\"og:site_name\" content=\"Qreativ\" \/>\n<meta property=\"article:modified_time\" content=\"2026-04-14T16:34:58+00:00\" \/>\n<meta property=\"og:image\" content=\"https:\/\/qreativ.se\/wp-content\/uploads\/2025\/06\/Namnlos-design-12-1-1024x1024.png\" \/>\n\t<meta property=\"og:image:width\" content=\"1024\" \/>\n\t<meta property=\"og:image:height\" content=\"1024\" \/>\n\t<meta property=\"og:image:type\" content=\"image\/png\" \/>\n<meta name=\"twitter:card\" content=\"summary_large_image\" \/>\n<meta name=\"twitter:label1\" content=\"Estimeret l\u00e6setid\" \/>\n\t<meta name=\"twitter:data1\" content=\"1 minut\" \/>\n<script type=\"application\/ld+json\" class=\"yoast-schema-graph\">{\"@context\":\"https:\\\/\\\/schema.org\",\"@graph\":[{\"@type\":\"WebPage\",\"@id\":\"https:\\\/\\\/qreativ.se\\\/dk\\\/produkt\\\/stina-vaggdekoration\\\/\",\"url\":\"https:\\\/\\\/qreativ.se\\\/dk\\\/produkt\\\/stina-vaggdekoration\\\/\",\"name\":\"Stina V\u00e4ggdekoration - Qreativ\",\"isPartOf\":{\"@id\":\"https:\\\/\\\/qreativ.se\\\/dk\\\/#website\"},\"primaryImageOfPage\":{\"@id\":\"https:\\\/\\\/qreativ.se\\\/dk\\\/produkt\\\/stina-vaggdekoration\\\/#primaryimage\"},\"image\":{\"@id\":\"https:\\\/\\\/qreativ.se\\\/dk\\\/produkt\\\/stina-vaggdekoration\\\/#primaryimage\"},\"thumbnailUrl\":\"https:\\\/\\\/qreativ.se\\\/wp-content\\\/uploads\\\/2025\\\/06\\\/Namnlos-design-12-1.png\",\"datePublished\":\"2025-06-30T09:41:15+00:00\",\"dateModified\":\"2026-04-14T16:34:58+00:00\",\"breadcrumb\":{\"@id\":\"https:\\\/\\\/qreativ.se\\\/dk\\\/produkt\\\/stina-vaggdekoration\\\/#breadcrumb\"},\"inLanguage\":\"da-DK\",\"potentialAction\":[{\"@type\":\"ReadAction\",\"target\":[\"https:\\\/\\\/qreativ.se\\\/dk\\\/produkt\\\/stina-vaggdekoration\\\/\"]}]},{\"@type\":\"ImageObject\",\"inLanguage\":\"da-DK\",\"@id\":\"https:\\\/\\\/qreativ.se\\\/dk\\\/produkt\\\/stina-vaggdekoration\\\/#primaryimage\",\"url\":\"https:\\\/\\\/qreativ.se\\\/wp-content\\\/uploads\\\/2025\\\/06\\\/Namnlos-design-12-1.png\",\"contentUrl\":\"https:\\\/\\\/qreativ.se\\\/wp-content\\\/uploads\\\/2025\\\/06\\\/Namnlos-design-12-1.png\",\"width\":2000,\"height\":2000},{\"@type\":\"BreadcrumbList\",\"@id\":\"https:\\\/\\\/qreativ.se\\\/dk\\\/produkt\\\/stina-vaggdekoration\\\/#breadcrumb\",\"itemListElement\":[{\"@type\":\"ListItem\",\"position\":1,\"name\":\"Home\",\"item\":\"https:\\\/\\\/qreativ.se\\\/dk\\\/hjem\\\/\"},{\"@type\":\"ListItem\",\"position\":2,\"name\":\"Webbshop\",\"item\":\"https:\\\/\\\/qreativ.se\\\/dk\\\/webbshop\\\/\"},{\"@type\":\"ListItem\",\"position\":3,\"name\":\"Stina V\u00e4ggdekoration\"}]},{\"@type\":\"WebSite\",\"@id\":\"https:\\\/\\\/qreativ.se\\\/dk\\\/#website\",\"url\":\"https:\\\/\\\/qreativ.se\\\/dk\\\/\",\"name\":\"Qreativ\",\"description\":\"\",\"alternateName\":\"qreativ.se\",\"potentialAction\":[{\"@type\":\"SearchAction\",\"target\":{\"@type\":\"EntryPoint\",\"urlTemplate\":\"https:\\\/\\\/qreativ.se\\\/dk\\\/?s={search_term_string}\"},\"query-input\":{\"@type\":\"PropertyValueSpecification\",\"valueRequired\":true,\"valueName\":\"search_term_string\"}}],\"inLanguage\":\"da-DK\"}]}<\/script>\n<!-- \/ Yoast SEO plugin. -->","yoast_head_json":{"title":"Stina V\u00e4ggdekoration - Qreativ","robots":{"index":"index","follow":"follow","max-snippet":"max-snippet:-1","max-image-preview":"max-image-preview:large","max-video-preview":"max-video-preview:-1"},"canonical":"https:\/\/qreativ.se\/dk\/produkt\/stina-vaggdekoration\/","og_locale":"da_DK","og_type":"article","og_title":"Stina V\u00e4ggdekoration - Qreativ","og_description":"Stina handgjord v\u00e4ggdekoration i naturmaterial \u2013 skapar liv, struktur och v\u00e4rme p\u00e5 v\u00e4ggen!","og_url":"https:\/\/qreativ.se\/dk\/produkt\/stina-vaggdekoration\/","og_site_name":"Qreativ","article_modified_time":"2026-04-14T16:34:58+00:00","og_image":[{"width":1024,"height":1024,"url":"https:\/\/qreativ.se\/wp-content\/uploads\/2025\/06\/Namnlos-design-12-1-1024x1024.png","type":"image\/png"}],"twitter_card":"summary_large_image","twitter_misc":{"Estimeret l\u00e6setid":"1 minut"},"schema":{"@context":"https:\/\/schema.org","@graph":[{"@type":"WebPage","@id":"https:\/\/qreativ.se\/dk\/produkt\/stina-vaggdekoration\/","url":"https:\/\/qreativ.se\/dk\/produkt\/stina-vaggdekoration\/","name":"Stina V\u00e4ggdekoration - Qreativ","isPartOf":{"@id":"https:\/\/qreativ.se\/dk\/#website"},"primaryImageOfPage":{"@id":"https:\/\/qreativ.se\/dk\/produkt\/stina-vaggdekoration\/#primaryimage"},"image":{"@id":"https:\/\/qreativ.se\/dk\/produkt\/stina-vaggdekoration\/#primaryimage"},"thumbnailUrl":"https:\/\/qreativ.se\/wp-content\/uploads\/2025\/06\/Namnlos-design-12-1.png","datePublished":"2025-06-30T09:41:15+00:00","dateModified":"2026-04-14T16:34:58+00:00","breadcrumb":{"@id":"https:\/\/qreativ.se\/dk\/produkt\/stina-vaggdekoration\/#breadcrumb"},"inLanguage":"da-DK","potentialAction":[{"@type":"ReadAction","target":["https:\/\/qreativ.se\/dk\/produkt\/stina-vaggdekoration\/"]}]},{"@type":"ImageObject","inLanguage":"da-DK","@id":"https:\/\/qreativ.se\/dk\/produkt\/stina-vaggdekoration\/#primaryimage","url":"https:\/\/qreativ.se\/wp-content\/uploads\/2025\/06\/Namnlos-design-12-1.png","contentUrl":"https:\/\/qreativ.se\/wp-content\/uploads\/2025\/06\/Namnlos-design-12-1.png","width":2000,"height":2000},{"@type":"BreadcrumbList","@id":"https:\/\/qreativ.se\/dk\/produkt\/stina-vaggdekoration\/#breadcrumb","itemListElement":[{"@type":"ListItem","position":1,"name":"Home","item":"https:\/\/qreativ.se\/dk\/hjem\/"},{"@type":"ListItem","position":2,"name":"Webbshop","item":"https:\/\/qreativ.se\/dk\/webbshop\/"},{"@type":"ListItem","position":3,"name":"Stina V\u00e4ggdekoration"}]},{"@type":"WebSite","@id":"https:\/\/qreativ.se\/dk\/#website","url":"https:\/\/qreativ.se\/dk\/","name":"Qreativ","description":"","alternateName":"qreativ.se","potentialAction":[{"@type":"SearchAction","target":{"@type":"EntryPoint","urlTemplate":"https:\/\/qreativ.se\/dk\/?s={search_term_string}"},"query-input":{"@type":"PropertyValueSpecification","valueRequired":true,"valueName":"search_term_string"}}],"inLanguage":"da-DK"}]}},"_links":{"self":[{"href":"https:\/\/qreativ.se\/dk\/wp-json\/wp\/v2\/product\/15749","targetHints":{"allow":["GET"]}}],"collection":[{"href":"https:\/\/qreativ.se\/dk\/wp-json\/wp\/v2\/product"}],"about":[{"href":"https:\/\/qreativ.se\/dk\/wp-json\/wp\/v2\/types\/product"}],"replies":[{"embeddable":true,"href":"https:\/\/qreativ.se\/dk\/wp-json\/wp\/v2\/comments?post=15749"}],"wp:featuredmedia":[{"embeddable":true,"href":"https:\/\/qreativ.se\/dk\/wp-json\/wp\/v2\/media\/15750"}],"wp:attachment":[{"href":"https:\/\/qreativ.se\/dk\/wp-json\/wp\/v2\/media?parent=15749"}],"wp:term":[{"taxonomy":"product_brand","embeddable":true,"href":"https:\/\/qreativ.se\/dk\/wp-json\/wp\/v2\/product_brand?post=15749"},{"taxonomy":"product_cat","embeddable":true,"href":"https:\/\/qreativ.se\/dk\/wp-json\/wp\/v2\/product_cat?post=15749"},{"taxonomy":"product_tag","embeddable":true,"href":"https:\/\/qreativ.se\/dk\/wp-json\/wp\/v2\/product_tag?post=15749"}],"curies":[{"name":"wp","href":"https:\/\/api.w.org\/{rel}","templated":true}]}}