{"id":15797,"date":"2025-06-02T14:03:22","date_gmt":"2025-06-02T14:03:22","guid":{"rendered":"https:\/\/qreativ.se\/produkt\/vector-vaggljusstake-2\/"},"modified":"2026-02-13T09:39:24","modified_gmt":"2026-02-13T09:39:24","slug":"vector-vaggljusstake-2","status":"publish","type":"product","link":"https:\/\/qreativ.se\/dk\/produkt\/vector-vaggljusstake-2\/","title":{"rendered":"Vector V\u00e4ggljusstake"},"content":{"rendered":"<h4 data-start=\"152\" data-end=\"205\"><strong>Vector \u2013 handgjord v\u00e4ggljusstake i tr\u00e4 och metall<\/strong><\/h4>\n<p data-start=\"207\" data-end=\"448\"><strong data-start=\"207\" data-end=\"217\">Vector<\/strong>\u00a0\u00e4r en uttrycksfull och handgjord v\u00e4ggljusstake som kombinerar\u00a0<strong data-start=\"280\" data-end=\"297\">naturligt tr\u00e4<\/strong>\u00a0med\u00a0<strong data-start=\"302\" data-end=\"315\">r\u00e5 metall<\/strong>\u00a0i en unik geometrisk design. Varje exemplar \u00e4r tillverkat f\u00f6r hand och b\u00e4r p\u00e5 sm\u00e5 variationer som g\u00f6r varje ljusstake\u00a0<strong data-start=\"434\" data-end=\"447\">helt unik<\/strong>.<\/p>\n<p data-start=\"450\" data-end=\"640\">Den finns i\u00a0<strong data-start=\"462\" data-end=\"486\">tv\u00e5 olika utf\u00f6randen<\/strong>, men oavsett version f\u00e5r du ett stilrent och karakt\u00e4rsfullt tillskott till din v\u00e4gg \u2013 perfekt som\u00a0<strong data-start=\"585\" data-end=\"639\">ljuspunkt i hallen, vardagsrummet eller uteplatsen<\/strong>.<\/p>\n<p data-start=\"642\" data-end=\"670\">Det h\u00e4r g\u00f6r Vector speciell:<\/p>\n<ul data-start=\"672\" data-end=\"980\">\n<li data-start=\"672\" data-end=\"720\">\n<p data-start=\"674\" data-end=\"720\"><strong data-start=\"674\" data-end=\"701\">Handgjord v\u00e4ggljusstake<\/strong>\u00a0i tr\u00e4 och metall<\/p>\n<\/li>\n<li data-start=\"721\" data-end=\"777\">\n<p data-start=\"723\" data-end=\"777\"><strong data-start=\"723\" data-end=\"746\">Geometriskt m\u00f6nster<\/strong>\u00a0med rustik och modern k\u00e4nsla<\/p>\n<\/li>\n<li data-start=\"778\" data-end=\"854\">\n<p data-start=\"780\" data-end=\"854\">Finns i\u00a0<strong data-start=\"788\" data-end=\"812\">tv\u00e5 unika utf\u00f6randen<\/strong>\u00a0\u2013 v\u00e4lj din favorit eller kombinera b\u00e5da<\/p>\n<\/li>\n<li data-start=\"855\" data-end=\"919\">\n<p data-start=\"857\" data-end=\"919\">Varje exemplar \u00e4r\u00a0<strong data-start=\"875\" data-end=\"891\">ett original<\/strong>\u00a0med naturliga variationer<\/p>\n<\/li>\n<li data-start=\"920\" data-end=\"980\">\n<p data-start=\"922\" data-end=\"980\">Skapar\u00a0<strong data-start=\"929\" data-end=\"947\">varmt ljusspel<\/strong>\u00a0och blir ett vackert blickf\u00e5ng<\/p>\n<\/li>\n<\/ul>\n","protected":false},"excerpt":{"rendered":"<p>Vector \u00e4r inte bara en ljusstake \u2013 det \u00e4r\u00a0<strong data-start=\"1024\" data-end=\"1068\">en dekorativ v\u00e4ggdetalj med personlighet<\/strong>. Perfekt f\u00f6r dig som s\u00f6ker inredning med hantverksk\u00e4nsla och uttrycksfull design!<\/p>\n","protected":false},"featured_media":15798,"comment_status":"open","ping_status":"closed","template":"","meta":{"_acf_changed":false,"inline_featured_image":false},"product_brand":[],"product_cat":[239,284],"product_tag":[286],"class_list":{"0":"post-15797","1":"product","2":"type-product","3":"status-publish","4":"has-post-thumbnail","6":"product_cat-stemningsfulde-lysestager-lysholdere","7":"product_cat-vaeglysestager","8":"product_tag-easytoship","10":"first","11":"instock","12":"sale","13":"taxable","14":"shipping-taxable","15":"purchasable","16":"product-type-simple"},"acf":[],"yoast_head":"<!-- This site is optimized with the Yoast SEO plugin v27.6 - https:\/\/yoast.com\/product\/yoast-seo-wordpress\/ -->\n<title>Vector V\u00e4ggljusstake - Qreativ<\/title>\n<meta name=\"robots\" content=\"index, follow, max-snippet:-1, max-image-preview:large, max-video-preview:-1\" \/>\n<link rel=\"canonical\" href=\"https:\/\/qreativ.se\/dk\/produkt\/vector-vaggljusstake-2\/\" \/>\n<meta property=\"og:locale\" content=\"da_DK\" \/>\n<meta property=\"og:type\" content=\"article\" \/>\n<meta property=\"og:title\" content=\"Vector V\u00e4ggljusstake - Qreativ\" \/>\n<meta property=\"og:description\" content=\"Vector \u00e4r inte bara en ljusstake \u2013 det \u00e4r\u00a0en dekorativ v\u00e4ggdetalj med personlighet. Perfekt f\u00f6r dig som s\u00f6ker inredning med hantverksk\u00e4nsla och uttrycksfull design!\" \/>\n<meta property=\"og:url\" content=\"https:\/\/qreativ.se\/dk\/produkt\/vector-vaggljusstake-2\/\" \/>\n<meta property=\"og:site_name\" content=\"Qreativ\" \/>\n<meta property=\"article:modified_time\" content=\"2026-02-13T09:39:24+00:00\" \/>\n<meta property=\"og:image\" content=\"https:\/\/qreativ.se\/wp-content\/uploads\/2025\/06\/770-526-00.png\" \/>\n\t<meta property=\"og:image:width\" content=\"1500\" \/>\n\t<meta property=\"og:image:height\" content=\"1500\" \/>\n\t<meta property=\"og:image:type\" content=\"image\/png\" \/>\n<meta name=\"twitter:card\" content=\"summary_large_image\" \/>\n<meta name=\"twitter:label1\" content=\"Estimeret l\u00e6setid\" \/>\n\t<meta name=\"twitter:data1\" content=\"1 minut\" \/>\n<script type=\"application\/ld+json\" class=\"yoast-schema-graph\">{\"@context\":\"https:\\\/\\\/schema.org\",\"@graph\":[{\"@type\":\"WebPage\",\"@id\":\"https:\\\/\\\/qreativ.se\\\/dk\\\/produkt\\\/vector-vaggljusstake-2\\\/\",\"url\":\"https:\\\/\\\/qreativ.se\\\/dk\\\/produkt\\\/vector-vaggljusstake-2\\\/\",\"name\":\"Vector V\u00e4ggljusstake - Qreativ\",\"isPartOf\":{\"@id\":\"https:\\\/\\\/qreativ.se\\\/dk\\\/#website\"},\"primaryImageOfPage\":{\"@id\":\"https:\\\/\\\/qreativ.se\\\/dk\\\/produkt\\\/vector-vaggljusstake-2\\\/#primaryimage\"},\"image\":{\"@id\":\"https:\\\/\\\/qreativ.se\\\/dk\\\/produkt\\\/vector-vaggljusstake-2\\\/#primaryimage\"},\"thumbnailUrl\":\"https:\\\/\\\/qreativ.se\\\/wp-content\\\/uploads\\\/2025\\\/06\\\/770-526-00.png\",\"datePublished\":\"2025-06-02T14:03:22+00:00\",\"dateModified\":\"2026-02-13T09:39:24+00:00\",\"breadcrumb\":{\"@id\":\"https:\\\/\\\/qreativ.se\\\/dk\\\/produkt\\\/vector-vaggljusstake-2\\\/#breadcrumb\"},\"inLanguage\":\"da-DK\",\"potentialAction\":[{\"@type\":\"ReadAction\",\"target\":[\"https:\\\/\\\/qreativ.se\\\/dk\\\/produkt\\\/vector-vaggljusstake-2\\\/\"]}]},{\"@type\":\"ImageObject\",\"inLanguage\":\"da-DK\",\"@id\":\"https:\\\/\\\/qreativ.se\\\/dk\\\/produkt\\\/vector-vaggljusstake-2\\\/#primaryimage\",\"url\":\"https:\\\/\\\/qreativ.se\\\/wp-content\\\/uploads\\\/2025\\\/06\\\/770-526-00.png\",\"contentUrl\":\"https:\\\/\\\/qreativ.se\\\/wp-content\\\/uploads\\\/2025\\\/06\\\/770-526-00.png\",\"width\":1500,\"height\":1500},{\"@type\":\"BreadcrumbList\",\"@id\":\"https:\\\/\\\/qreativ.se\\\/dk\\\/produkt\\\/vector-vaggljusstake-2\\\/#breadcrumb\",\"itemListElement\":[{\"@type\":\"ListItem\",\"position\":1,\"name\":\"Home\",\"item\":\"https:\\\/\\\/qreativ.se\\\/dk\\\/hjem\\\/\"},{\"@type\":\"ListItem\",\"position\":2,\"name\":\"Webbshop\",\"item\":\"https:\\\/\\\/qreativ.se\\\/dk\\\/webbshop\\\/\"},{\"@type\":\"ListItem\",\"position\":3,\"name\":\"Vector V\u00e4ggljusstake\"}]},{\"@type\":\"WebSite\",\"@id\":\"https:\\\/\\\/qreativ.se\\\/dk\\\/#website\",\"url\":\"https:\\\/\\\/qreativ.se\\\/dk\\\/\",\"name\":\"Qreativ\",\"description\":\"\",\"alternateName\":\"qreativ.se\",\"potentialAction\":[{\"@type\":\"SearchAction\",\"target\":{\"@type\":\"EntryPoint\",\"urlTemplate\":\"https:\\\/\\\/qreativ.se\\\/dk\\\/?s={search_term_string}\"},\"query-input\":{\"@type\":\"PropertyValueSpecification\",\"valueRequired\":true,\"valueName\":\"search_term_string\"}}],\"inLanguage\":\"da-DK\"}]}<\/script>\n<!-- \/ Yoast SEO plugin. -->","yoast_head_json":{"title":"Vector V\u00e4ggljusstake - Qreativ","robots":{"index":"index","follow":"follow","max-snippet":"max-snippet:-1","max-image-preview":"max-image-preview:large","max-video-preview":"max-video-preview:-1"},"canonical":"https:\/\/qreativ.se\/dk\/produkt\/vector-vaggljusstake-2\/","og_locale":"da_DK","og_type":"article","og_title":"Vector V\u00e4ggljusstake - Qreativ","og_description":"Vector \u00e4r inte bara en ljusstake \u2013 det \u00e4r\u00a0en dekorativ v\u00e4ggdetalj med personlighet. Perfekt f\u00f6r dig som s\u00f6ker inredning med hantverksk\u00e4nsla och uttrycksfull design!","og_url":"https:\/\/qreativ.se\/dk\/produkt\/vector-vaggljusstake-2\/","og_site_name":"Qreativ","article_modified_time":"2026-02-13T09:39:24+00:00","og_image":[{"width":1500,"height":1500,"url":"https:\/\/qreativ.se\/wp-content\/uploads\/2025\/06\/770-526-00.png","type":"image\/png"}],"twitter_card":"summary_large_image","twitter_misc":{"Estimeret l\u00e6setid":"1 minut"},"schema":{"@context":"https:\/\/schema.org","@graph":[{"@type":"WebPage","@id":"https:\/\/qreativ.se\/dk\/produkt\/vector-vaggljusstake-2\/","url":"https:\/\/qreativ.se\/dk\/produkt\/vector-vaggljusstake-2\/","name":"Vector V\u00e4ggljusstake - Qreativ","isPartOf":{"@id":"https:\/\/qreativ.se\/dk\/#website"},"primaryImageOfPage":{"@id":"https:\/\/qreativ.se\/dk\/produkt\/vector-vaggljusstake-2\/#primaryimage"},"image":{"@id":"https:\/\/qreativ.se\/dk\/produkt\/vector-vaggljusstake-2\/#primaryimage"},"thumbnailUrl":"https:\/\/qreativ.se\/wp-content\/uploads\/2025\/06\/770-526-00.png","datePublished":"2025-06-02T14:03:22+00:00","dateModified":"2026-02-13T09:39:24+00:00","breadcrumb":{"@id":"https:\/\/qreativ.se\/dk\/produkt\/vector-vaggljusstake-2\/#breadcrumb"},"inLanguage":"da-DK","potentialAction":[{"@type":"ReadAction","target":["https:\/\/qreativ.se\/dk\/produkt\/vector-vaggljusstake-2\/"]}]},{"@type":"ImageObject","inLanguage":"da-DK","@id":"https:\/\/qreativ.se\/dk\/produkt\/vector-vaggljusstake-2\/#primaryimage","url":"https:\/\/qreativ.se\/wp-content\/uploads\/2025\/06\/770-526-00.png","contentUrl":"https:\/\/qreativ.se\/wp-content\/uploads\/2025\/06\/770-526-00.png","width":1500,"height":1500},{"@type":"BreadcrumbList","@id":"https:\/\/qreativ.se\/dk\/produkt\/vector-vaggljusstake-2\/#breadcrumb","itemListElement":[{"@type":"ListItem","position":1,"name":"Home","item":"https:\/\/qreativ.se\/dk\/hjem\/"},{"@type":"ListItem","position":2,"name":"Webbshop","item":"https:\/\/qreativ.se\/dk\/webbshop\/"},{"@type":"ListItem","position":3,"name":"Vector V\u00e4ggljusstake"}]},{"@type":"WebSite","@id":"https:\/\/qreativ.se\/dk\/#website","url":"https:\/\/qreativ.se\/dk\/","name":"Qreativ","description":"","alternateName":"qreativ.se","potentialAction":[{"@type":"SearchAction","target":{"@type":"EntryPoint","urlTemplate":"https:\/\/qreativ.se\/dk\/?s={search_term_string}"},"query-input":{"@type":"PropertyValueSpecification","valueRequired":true,"valueName":"search_term_string"}}],"inLanguage":"da-DK"}]}},"_links":{"self":[{"href":"https:\/\/qreativ.se\/dk\/wp-json\/wp\/v2\/product\/15797","targetHints":{"allow":["GET"]}}],"collection":[{"href":"https:\/\/qreativ.se\/dk\/wp-json\/wp\/v2\/product"}],"about":[{"href":"https:\/\/qreativ.se\/dk\/wp-json\/wp\/v2\/types\/product"}],"replies":[{"embeddable":true,"href":"https:\/\/qreativ.se\/dk\/wp-json\/wp\/v2\/comments?post=15797"}],"wp:featuredmedia":[{"embeddable":true,"href":"https:\/\/qreativ.se\/dk\/wp-json\/wp\/v2\/media\/15798"}],"wp:attachment":[{"href":"https:\/\/qreativ.se\/dk\/wp-json\/wp\/v2\/media?parent=15797"}],"wp:term":[{"taxonomy":"product_brand","embeddable":true,"href":"https:\/\/qreativ.se\/dk\/wp-json\/wp\/v2\/product_brand?post=15797"},{"taxonomy":"product_cat","embeddable":true,"href":"https:\/\/qreativ.se\/dk\/wp-json\/wp\/v2\/product_cat?post=15797"},{"taxonomy":"product_tag","embeddable":true,"href":"https:\/\/qreativ.se\/dk\/wp-json\/wp\/v2\/product_tag?post=15797"}],"curies":[{"name":"wp","href":"https:\/\/api.w.org\/{rel}","templated":true}]}}