{"id":15914,"date":"2025-02-10T09:02:17","date_gmt":"2025-02-10T09:02:17","guid":{"rendered":"https:\/\/qreativ.se\/produkt\/armida-hangstol-beige\/"},"modified":"2026-02-13T09:38:18","modified_gmt":"2026-02-13T09:38:18","slug":"armida-hangstol-beige","status":"publish","type":"product","link":"https:\/\/qreativ.se\/dk\/produkt\/armida-hangstol-beige\/","title":{"rendered":"Armida H\u00e4ngstol Beige"},"content":{"rendered":"<h3><strong>Armida \u2013 Handgjorda H\u00e4ngmattor och H\u00e4ngstolar i 100% Bomull<\/strong><\/h3>\n<p>Unna dig avkoppling med\u00a0<strong>Armida<\/strong>, en serie stilrena och bekv\u00e4ma\u00a0<strong>h\u00e4ngmattor och h\u00e4ngstolar<\/strong>\u00a0tillverkade i\u00a0<strong>100% bomull<\/strong>. Den mjuka textilen och den klassiska designen ger en harmonisk k\u00e4nsla, perfekt f\u00f6r b\u00e5de tr\u00e4dg\u00e5rden, balkongen eller inomhus.<\/p>\n<p>Armida-serien finns i eleganta f\u00e4rger\u00a0<strong>offwhite och beige<\/strong>, vilket g\u00f6r dem enkla att matcha med olika inredningsstilar. De dekorativa fransarna och det noggrant knutna hantverket ger en\u00a0<strong>bohemisk och inbjudande atmosf\u00e4r<\/strong>.<\/p>\n<ul>\n<li><strong>Tillverkad i 100% bomull f\u00f6r naturlig mjukhet<\/strong><\/li>\n<li><strong>Finns som h\u00e4ngmatta och h\u00e4ngstol<\/strong><\/li>\n<li><strong>V\u00e4lj mellan f\u00e4rgerna offwhite och beige<\/strong><\/li>\n<li><strong>Perfekt f\u00f6r b\u00e5de utomhus och inomhusbruk<\/strong><\/li>\n<\/ul>\n<p>L\u00e5t\u00a0<strong>Armida-serien<\/strong>\u00a0bli din nya favoritplats f\u00f6r vila och \u00e5terh\u00e4mtning.<\/p>\n<p>Maxvikt 120kg<\/p>\n","protected":false},"excerpt":{"rendered":"<p>Skapa din egen oas f\u00f6r avkoppling med\u00a0<strong>Armida h\u00e4ngmattor och h\u00e4ngstolar<\/strong>\u00a0\u2013 d\u00e4r komfort och stil m\u00f6ts i en perfekt balans.<\/p>\n","protected":false},"featured_media":15915,"comment_status":"open","ping_status":"closed","template":"","meta":{"_acf_changed":false,"inline_featured_image":false},"product_brand":[],"product_cat":[271,274,275],"product_tag":[],"class_list":{"0":"post-15914","1":"product","2":"type-product","3":"status-publish","4":"has-post-thumbnail","6":"product_cat-udendors","7":"product_cat-udendorsmobler","8":"product_cat-udendorstekstiler","10":"first","11":"instock","12":"taxable","13":"shipping-taxable","14":"purchasable","15":"product-type-simple"},"acf":[],"yoast_head":"<!-- This site is optimized with the Yoast SEO plugin v27.5 - https:\/\/yoast.com\/product\/yoast-seo-wordpress\/ -->\n<title>Armida H\u00e4ngstol Beige - Qreativ<\/title>\n<meta name=\"robots\" content=\"index, follow, max-snippet:-1, max-image-preview:large, max-video-preview:-1\" \/>\n<link rel=\"canonical\" href=\"https:\/\/qreativ.se\/dk\/produkt\/armida-hangstol-beige\/\" \/>\n<meta property=\"og:locale\" content=\"da_DK\" \/>\n<meta property=\"og:type\" content=\"article\" \/>\n<meta property=\"og:title\" content=\"Armida H\u00e4ngstol Beige - Qreativ\" \/>\n<meta property=\"og:description\" content=\"Skapa din egen oas f\u00f6r avkoppling med\u00a0Armida h\u00e4ngmattor och h\u00e4ngstolar\u00a0\u2013 d\u00e4r komfort och stil m\u00f6ts i en perfekt balans.\" \/>\n<meta property=\"og:url\" content=\"https:\/\/qreativ.se\/dk\/produkt\/armida-hangstol-beige\/\" \/>\n<meta property=\"og:site_name\" content=\"Qreativ\" \/>\n<meta property=\"article:modified_time\" content=\"2026-02-13T09:38:18+00:00\" \/>\n<meta property=\"og:image\" content=\"https:\/\/qreativ.se\/wp-content\/uploads\/2025\/02\/Detaljer-som-forenar-form-och-funktion-Gatsby-ar-inte-bara-vacker-att-se-pa-\u2013-den-ar-ocksa-genomtankt-in-i-minsta-detalj-Material-Glaserad-keramik-for-en-elegant-och-tidlos-look.-Lamphallare-E27-s-41.png\" \/>\n\t<meta property=\"og:image:width\" content=\"2000\" \/>\n\t<meta property=\"og:image:height\" content=\"2000\" \/>\n\t<meta property=\"og:image:type\" content=\"image\/png\" \/>\n<meta name=\"twitter:card\" content=\"summary_large_image\" \/>\n<meta name=\"twitter:label1\" content=\"Estimeret l\u00e6setid\" \/>\n\t<meta name=\"twitter:data1\" content=\"1 minut\" \/>\n<script type=\"application\/ld+json\" class=\"yoast-schema-graph\">{\"@context\":\"https:\\\/\\\/schema.org\",\"@graph\":[{\"@type\":\"WebPage\",\"@id\":\"https:\\\/\\\/qreativ.se\\\/dk\\\/produkt\\\/armida-hangstol-beige\\\/\",\"url\":\"https:\\\/\\\/qreativ.se\\\/dk\\\/produkt\\\/armida-hangstol-beige\\\/\",\"name\":\"Armida H\u00e4ngstol Beige - Qreativ\",\"isPartOf\":{\"@id\":\"https:\\\/\\\/qreativ.se\\\/dk\\\/#website\"},\"primaryImageOfPage\":{\"@id\":\"https:\\\/\\\/qreativ.se\\\/dk\\\/produkt\\\/armida-hangstol-beige\\\/#primaryimage\"},\"image\":{\"@id\":\"https:\\\/\\\/qreativ.se\\\/dk\\\/produkt\\\/armida-hangstol-beige\\\/#primaryimage\"},\"thumbnailUrl\":\"https:\\\/\\\/qreativ.se\\\/wp-content\\\/uploads\\\/2025\\\/02\\\/Detaljer-som-forenar-form-och-funktion-Gatsby-ar-inte-bara-vacker-att-se-pa-\u2013-den-ar-ocksa-genomtankt-in-i-minsta-detalj-Material-Glaserad-keramik-for-en-elegant-och-tidlos-look.-Lamphallare-E27-s-41.png\",\"datePublished\":\"2025-02-10T09:02:17+00:00\",\"dateModified\":\"2026-02-13T09:38:18+00:00\",\"breadcrumb\":{\"@id\":\"https:\\\/\\\/qreativ.se\\\/dk\\\/produkt\\\/armida-hangstol-beige\\\/#breadcrumb\"},\"inLanguage\":\"da-DK\",\"potentialAction\":[{\"@type\":\"ReadAction\",\"target\":[\"https:\\\/\\\/qreativ.se\\\/dk\\\/produkt\\\/armida-hangstol-beige\\\/\"]}]},{\"@type\":\"ImageObject\",\"inLanguage\":\"da-DK\",\"@id\":\"https:\\\/\\\/qreativ.se\\\/dk\\\/produkt\\\/armida-hangstol-beige\\\/#primaryimage\",\"url\":\"https:\\\/\\\/qreativ.se\\\/wp-content\\\/uploads\\\/2025\\\/02\\\/Detaljer-som-forenar-form-och-funktion-Gatsby-ar-inte-bara-vacker-att-se-pa-\u2013-den-ar-ocksa-genomtankt-in-i-minsta-detalj-Material-Glaserad-keramik-for-en-elegant-och-tidlos-look.-Lamphallare-E27-s-41.png\",\"contentUrl\":\"https:\\\/\\\/qreativ.se\\\/wp-content\\\/uploads\\\/2025\\\/02\\\/Detaljer-som-forenar-form-och-funktion-Gatsby-ar-inte-bara-vacker-att-se-pa-\u2013-den-ar-ocksa-genomtankt-in-i-minsta-detalj-Material-Glaserad-keramik-for-en-elegant-och-tidlos-look.-Lamphallare-E27-s-41.png\",\"width\":2000,\"height\":2000},{\"@type\":\"BreadcrumbList\",\"@id\":\"https:\\\/\\\/qreativ.se\\\/dk\\\/produkt\\\/armida-hangstol-beige\\\/#breadcrumb\",\"itemListElement\":[{\"@type\":\"ListItem\",\"position\":1,\"name\":\"Home\",\"item\":\"https:\\\/\\\/qreativ.se\\\/dk\\\/hjem\\\/\"},{\"@type\":\"ListItem\",\"position\":2,\"name\":\"Webbshop\",\"item\":\"https:\\\/\\\/qreativ.se\\\/dk\\\/webbshop\\\/\"},{\"@type\":\"ListItem\",\"position\":3,\"name\":\"Armida H\u00e4ngstol Beige\"}]},{\"@type\":\"WebSite\",\"@id\":\"https:\\\/\\\/qreativ.se\\\/dk\\\/#website\",\"url\":\"https:\\\/\\\/qreativ.se\\\/dk\\\/\",\"name\":\"Qreativ\",\"description\":\"\",\"alternateName\":\"qreativ.se\",\"potentialAction\":[{\"@type\":\"SearchAction\",\"target\":{\"@type\":\"EntryPoint\",\"urlTemplate\":\"https:\\\/\\\/qreativ.se\\\/dk\\\/?s={search_term_string}\"},\"query-input\":{\"@type\":\"PropertyValueSpecification\",\"valueRequired\":true,\"valueName\":\"search_term_string\"}}],\"inLanguage\":\"da-DK\"}]}<\/script>\n<!-- \/ Yoast SEO plugin. -->","yoast_head_json":{"title":"Armida H\u00e4ngstol Beige - Qreativ","robots":{"index":"index","follow":"follow","max-snippet":"max-snippet:-1","max-image-preview":"max-image-preview:large","max-video-preview":"max-video-preview:-1"},"canonical":"https:\/\/qreativ.se\/dk\/produkt\/armida-hangstol-beige\/","og_locale":"da_DK","og_type":"article","og_title":"Armida H\u00e4ngstol Beige - Qreativ","og_description":"Skapa din egen oas f\u00f6r avkoppling med\u00a0Armida h\u00e4ngmattor och h\u00e4ngstolar\u00a0\u2013 d\u00e4r komfort och stil m\u00f6ts i en perfekt balans.","og_url":"https:\/\/qreativ.se\/dk\/produkt\/armida-hangstol-beige\/","og_site_name":"Qreativ","article_modified_time":"2026-02-13T09:38:18+00:00","og_image":[{"width":2000,"height":2000,"url":"https:\/\/qreativ.se\/wp-content\/uploads\/2025\/02\/Detaljer-som-forenar-form-och-funktion-Gatsby-ar-inte-bara-vacker-att-se-pa-\u2013-den-ar-ocksa-genomtankt-in-i-minsta-detalj-Material-Glaserad-keramik-for-en-elegant-och-tidlos-look.-Lamphallare-E27-s-41.png","type":"image\/png"}],"twitter_card":"summary_large_image","twitter_misc":{"Estimeret l\u00e6setid":"1 minut"},"schema":{"@context":"https:\/\/schema.org","@graph":[{"@type":"WebPage","@id":"https:\/\/qreativ.se\/dk\/produkt\/armida-hangstol-beige\/","url":"https:\/\/qreativ.se\/dk\/produkt\/armida-hangstol-beige\/","name":"Armida H\u00e4ngstol Beige - Qreativ","isPartOf":{"@id":"https:\/\/qreativ.se\/dk\/#website"},"primaryImageOfPage":{"@id":"https:\/\/qreativ.se\/dk\/produkt\/armida-hangstol-beige\/#primaryimage"},"image":{"@id":"https:\/\/qreativ.se\/dk\/produkt\/armida-hangstol-beige\/#primaryimage"},"thumbnailUrl":"https:\/\/qreativ.se\/wp-content\/uploads\/2025\/02\/Detaljer-som-forenar-form-och-funktion-Gatsby-ar-inte-bara-vacker-att-se-pa-\u2013-den-ar-ocksa-genomtankt-in-i-minsta-detalj-Material-Glaserad-keramik-for-en-elegant-och-tidlos-look.-Lamphallare-E27-s-41.png","datePublished":"2025-02-10T09:02:17+00:00","dateModified":"2026-02-13T09:38:18+00:00","breadcrumb":{"@id":"https:\/\/qreativ.se\/dk\/produkt\/armida-hangstol-beige\/#breadcrumb"},"inLanguage":"da-DK","potentialAction":[{"@type":"ReadAction","target":["https:\/\/qreativ.se\/dk\/produkt\/armida-hangstol-beige\/"]}]},{"@type":"ImageObject","inLanguage":"da-DK","@id":"https:\/\/qreativ.se\/dk\/produkt\/armida-hangstol-beige\/#primaryimage","url":"https:\/\/qreativ.se\/wp-content\/uploads\/2025\/02\/Detaljer-som-forenar-form-och-funktion-Gatsby-ar-inte-bara-vacker-att-se-pa-\u2013-den-ar-ocksa-genomtankt-in-i-minsta-detalj-Material-Glaserad-keramik-for-en-elegant-och-tidlos-look.-Lamphallare-E27-s-41.png","contentUrl":"https:\/\/qreativ.se\/wp-content\/uploads\/2025\/02\/Detaljer-som-forenar-form-och-funktion-Gatsby-ar-inte-bara-vacker-att-se-pa-\u2013-den-ar-ocksa-genomtankt-in-i-minsta-detalj-Material-Glaserad-keramik-for-en-elegant-och-tidlos-look.-Lamphallare-E27-s-41.png","width":2000,"height":2000},{"@type":"BreadcrumbList","@id":"https:\/\/qreativ.se\/dk\/produkt\/armida-hangstol-beige\/#breadcrumb","itemListElement":[{"@type":"ListItem","position":1,"name":"Home","item":"https:\/\/qreativ.se\/dk\/hjem\/"},{"@type":"ListItem","position":2,"name":"Webbshop","item":"https:\/\/qreativ.se\/dk\/webbshop\/"},{"@type":"ListItem","position":3,"name":"Armida H\u00e4ngstol Beige"}]},{"@type":"WebSite","@id":"https:\/\/qreativ.se\/dk\/#website","url":"https:\/\/qreativ.se\/dk\/","name":"Qreativ","description":"","alternateName":"qreativ.se","potentialAction":[{"@type":"SearchAction","target":{"@type":"EntryPoint","urlTemplate":"https:\/\/qreativ.se\/dk\/?s={search_term_string}"},"query-input":{"@type":"PropertyValueSpecification","valueRequired":true,"valueName":"search_term_string"}}],"inLanguage":"da-DK"}]}},"_links":{"self":[{"href":"https:\/\/qreativ.se\/dk\/wp-json\/wp\/v2\/product\/15914","targetHints":{"allow":["GET"]}}],"collection":[{"href":"https:\/\/qreativ.se\/dk\/wp-json\/wp\/v2\/product"}],"about":[{"href":"https:\/\/qreativ.se\/dk\/wp-json\/wp\/v2\/types\/product"}],"replies":[{"embeddable":true,"href":"https:\/\/qreativ.se\/dk\/wp-json\/wp\/v2\/comments?post=15914"}],"wp:featuredmedia":[{"embeddable":true,"href":"https:\/\/qreativ.se\/dk\/wp-json\/wp\/v2\/media\/15915"}],"wp:attachment":[{"href":"https:\/\/qreativ.se\/dk\/wp-json\/wp\/v2\/media?parent=15914"}],"wp:term":[{"taxonomy":"product_brand","embeddable":true,"href":"https:\/\/qreativ.se\/dk\/wp-json\/wp\/v2\/product_brand?post=15914"},{"taxonomy":"product_cat","embeddable":true,"href":"https:\/\/qreativ.se\/dk\/wp-json\/wp\/v2\/product_cat?post=15914"},{"taxonomy":"product_tag","embeddable":true,"href":"https:\/\/qreativ.se\/dk\/wp-json\/wp\/v2\/product_tag?post=15914"}],"curies":[{"name":"wp","href":"https:\/\/api.w.org\/{rel}","templated":true}]}}