{"id":15990,"date":"2025-01-31T11:37:39","date_gmt":"2025-01-31T11:37:39","guid":{"rendered":"https:\/\/qreativ.se\/produkt\/treasure-ask-tra\/"},"modified":"2026-02-13T09:38:02","modified_gmt":"2026-02-13T09:38:02","slug":"treasure-ask-tra","status":"publish","type":"product","link":"https:\/\/qreativ.se\/dk\/produkt\/treasure-ask-tra\/","title":{"rendered":"Rund Ask Tr\u00e4 Vintage &#8211; Treasure"},"content":{"rendered":"<h3><strong>Handgjord Ask i \u00c5tervunnet Tr\u00e4 \u2013 Unik &amp; Hantverksm\u00e4ssig Design<\/strong><\/h3>\n<p>Uppt\u00e4ck charmen i naturliga material med denna <strong>handgjorda ask i \u00e5tervunnet tr\u00e4<\/strong>. Varje ask \u00e4r unikt utformad och b\u00e4r p\u00e5 en historia, vilket g\u00f6r den till en perfekt detalj f\u00f6r dig som uppskattar h\u00e5llbart hantverk och rustik estetik.<\/p>\n<ul>\n<li><strong>Tillverkad av \u00e5tervunnet tr\u00e4<\/strong> \u2013 varje produkt \u00e4r unik<\/li>\n<li>Vackert handkarvad dekor p\u00e5 locket<\/li>\n<li>Perfekt f\u00f6r f\u00f6rvaring av smycken, sm\u00e5saker eller som en dekorativ detalj<\/li>\n<li>Storlek: <strong>ca \u00d86 x H2 cm<\/strong><\/li>\n<li>Milj\u00f6v\u00e4nlig och tidl\u00f6s design<\/li>\n<\/ul>\n","protected":false},"excerpt":{"rendered":"<p>Denna <strong>lilla tr\u00e4ask<\/strong> \u00e4r b\u00e5de praktisk och dekorativ \u2013 en perfekt present eller ett personligt inslag i ditt hem. Placera den p\u00e5 nattduksbordet, i badrummet eller p\u00e5 en hylla f\u00f6r en naturligt rustik k\u00e4nsla.<\/p>\n","protected":false},"featured_media":15991,"comment_status":"open","ping_status":"closed","template":"","meta":{"_acf_changed":false,"inline_featured_image":false},"product_brand":[],"product_cat":[223,226,270],"product_tag":[],"class_list":{"0":"post-15990","1":"product","2":"type-product","3":"status-publish","4":"has-post-thumbnail","6":"product_cat-indretning-dekorationer","7":"product_cat-smaopbevaring","8":"product_cat-unik-vintage-indretning","10":"first","11":"instock","12":"taxable","13":"shipping-taxable","14":"purchasable","15":"product-type-simple"},"acf":[],"yoast_head":"<!-- This site is optimized with the Yoast SEO plugin v27.4 - https:\/\/yoast.com\/product\/yoast-seo-wordpress\/ -->\n<title>Rund Ask Tr\u00e4 Vintage - Treasure - Qreativ<\/title>\n<meta name=\"robots\" content=\"index, follow, max-snippet:-1, max-image-preview:large, max-video-preview:-1\" \/>\n<link rel=\"canonical\" href=\"https:\/\/qreativ.se\/dk\/produkt\/treasure-ask-tra\/\" \/>\n<meta property=\"og:locale\" content=\"da_DK\" \/>\n<meta property=\"og:type\" content=\"article\" \/>\n<meta property=\"og:title\" content=\"Rund Ask Tr\u00e4 Vintage - Treasure - Qreativ\" \/>\n<meta property=\"og:description\" content=\"Denna lilla tr\u00e4ask \u00e4r b\u00e5de praktisk och dekorativ \u2013 en perfekt present eller ett personligt inslag i ditt hem. Placera den p\u00e5 nattduksbordet, i badrummet eller p\u00e5 en hylla f\u00f6r en naturligt rustik k\u00e4nsla.\" \/>\n<meta property=\"og:url\" content=\"https:\/\/qreativ.se\/dk\/produkt\/treasure-ask-tra\/\" \/>\n<meta property=\"og:site_name\" content=\"Qreativ\" \/>\n<meta property=\"article:modified_time\" content=\"2026-02-13T09:38:02+00:00\" \/>\n<meta property=\"og:image\" content=\"https:\/\/qreativ.se\/wp-content\/uploads\/2025\/01\/076-840-00.png\" \/>\n\t<meta property=\"og:image:width\" content=\"1500\" \/>\n\t<meta property=\"og:image:height\" content=\"1500\" \/>\n\t<meta property=\"og:image:type\" content=\"image\/png\" \/>\n<meta name=\"twitter:card\" content=\"summary_large_image\" \/>\n<meta name=\"twitter:label1\" content=\"Estimeret l\u00e6setid\" \/>\n\t<meta name=\"twitter:data1\" content=\"1 minut\" \/>\n<script type=\"application\/ld+json\" class=\"yoast-schema-graph\">{\"@context\":\"https:\\\/\\\/schema.org\",\"@graph\":[{\"@type\":\"WebPage\",\"@id\":\"https:\\\/\\\/qreativ.se\\\/dk\\\/produkt\\\/treasure-ask-tra\\\/\",\"url\":\"https:\\\/\\\/qreativ.se\\\/dk\\\/produkt\\\/treasure-ask-tra\\\/\",\"name\":\"Rund Ask Tr\u00e4 Vintage - Treasure - Qreativ\",\"isPartOf\":{\"@id\":\"https:\\\/\\\/qreativ.se\\\/dk\\\/#website\"},\"primaryImageOfPage\":{\"@id\":\"https:\\\/\\\/qreativ.se\\\/dk\\\/produkt\\\/treasure-ask-tra\\\/#primaryimage\"},\"image\":{\"@id\":\"https:\\\/\\\/qreativ.se\\\/dk\\\/produkt\\\/treasure-ask-tra\\\/#primaryimage\"},\"thumbnailUrl\":\"https:\\\/\\\/qreativ.se\\\/wp-content\\\/uploads\\\/2025\\\/01\\\/076-840-00.png\",\"datePublished\":\"2025-01-31T11:37:39+00:00\",\"dateModified\":\"2026-02-13T09:38:02+00:00\",\"breadcrumb\":{\"@id\":\"https:\\\/\\\/qreativ.se\\\/dk\\\/produkt\\\/treasure-ask-tra\\\/#breadcrumb\"},\"inLanguage\":\"da-DK\",\"potentialAction\":[{\"@type\":\"ReadAction\",\"target\":[\"https:\\\/\\\/qreativ.se\\\/dk\\\/produkt\\\/treasure-ask-tra\\\/\"]}]},{\"@type\":\"ImageObject\",\"inLanguage\":\"da-DK\",\"@id\":\"https:\\\/\\\/qreativ.se\\\/dk\\\/produkt\\\/treasure-ask-tra\\\/#primaryimage\",\"url\":\"https:\\\/\\\/qreativ.se\\\/wp-content\\\/uploads\\\/2025\\\/01\\\/076-840-00.png\",\"contentUrl\":\"https:\\\/\\\/qreativ.se\\\/wp-content\\\/uploads\\\/2025\\\/01\\\/076-840-00.png\",\"width\":1500,\"height\":1500},{\"@type\":\"BreadcrumbList\",\"@id\":\"https:\\\/\\\/qreativ.se\\\/dk\\\/produkt\\\/treasure-ask-tra\\\/#breadcrumb\",\"itemListElement\":[{\"@type\":\"ListItem\",\"position\":1,\"name\":\"Home\",\"item\":\"https:\\\/\\\/qreativ.se\\\/dk\\\/hjem\\\/\"},{\"@type\":\"ListItem\",\"position\":2,\"name\":\"Webbshop\",\"item\":\"https:\\\/\\\/qreativ.se\\\/dk\\\/webbshop\\\/\"},{\"@type\":\"ListItem\",\"position\":3,\"name\":\"Rund Ask Tr\u00e4 Vintage &#8211; Treasure\"}]},{\"@type\":\"WebSite\",\"@id\":\"https:\\\/\\\/qreativ.se\\\/dk\\\/#website\",\"url\":\"https:\\\/\\\/qreativ.se\\\/dk\\\/\",\"name\":\"Qreativ\",\"description\":\"\",\"alternateName\":\"qreativ.se\",\"potentialAction\":[{\"@type\":\"SearchAction\",\"target\":{\"@type\":\"EntryPoint\",\"urlTemplate\":\"https:\\\/\\\/qreativ.se\\\/dk\\\/?s={search_term_string}\"},\"query-input\":{\"@type\":\"PropertyValueSpecification\",\"valueRequired\":true,\"valueName\":\"search_term_string\"}}],\"inLanguage\":\"da-DK\"}]}<\/script>\n<!-- \/ Yoast SEO plugin. -->","yoast_head_json":{"title":"Rund Ask Tr\u00e4 Vintage - Treasure - Qreativ","robots":{"index":"index","follow":"follow","max-snippet":"max-snippet:-1","max-image-preview":"max-image-preview:large","max-video-preview":"max-video-preview:-1"},"canonical":"https:\/\/qreativ.se\/dk\/produkt\/treasure-ask-tra\/","og_locale":"da_DK","og_type":"article","og_title":"Rund Ask Tr\u00e4 Vintage - Treasure - Qreativ","og_description":"Denna lilla tr\u00e4ask \u00e4r b\u00e5de praktisk och dekorativ \u2013 en perfekt present eller ett personligt inslag i ditt hem. Placera den p\u00e5 nattduksbordet, i badrummet eller p\u00e5 en hylla f\u00f6r en naturligt rustik k\u00e4nsla.","og_url":"https:\/\/qreativ.se\/dk\/produkt\/treasure-ask-tra\/","og_site_name":"Qreativ","article_modified_time":"2026-02-13T09:38:02+00:00","og_image":[{"width":1500,"height":1500,"url":"https:\/\/qreativ.se\/wp-content\/uploads\/2025\/01\/076-840-00.png","type":"image\/png"}],"twitter_card":"summary_large_image","twitter_misc":{"Estimeret l\u00e6setid":"1 minut"},"schema":{"@context":"https:\/\/schema.org","@graph":[{"@type":"WebPage","@id":"https:\/\/qreativ.se\/dk\/produkt\/treasure-ask-tra\/","url":"https:\/\/qreativ.se\/dk\/produkt\/treasure-ask-tra\/","name":"Rund Ask Tr\u00e4 Vintage - Treasure - Qreativ","isPartOf":{"@id":"https:\/\/qreativ.se\/dk\/#website"},"primaryImageOfPage":{"@id":"https:\/\/qreativ.se\/dk\/produkt\/treasure-ask-tra\/#primaryimage"},"image":{"@id":"https:\/\/qreativ.se\/dk\/produkt\/treasure-ask-tra\/#primaryimage"},"thumbnailUrl":"https:\/\/qreativ.se\/wp-content\/uploads\/2025\/01\/076-840-00.png","datePublished":"2025-01-31T11:37:39+00:00","dateModified":"2026-02-13T09:38:02+00:00","breadcrumb":{"@id":"https:\/\/qreativ.se\/dk\/produkt\/treasure-ask-tra\/#breadcrumb"},"inLanguage":"da-DK","potentialAction":[{"@type":"ReadAction","target":["https:\/\/qreativ.se\/dk\/produkt\/treasure-ask-tra\/"]}]},{"@type":"ImageObject","inLanguage":"da-DK","@id":"https:\/\/qreativ.se\/dk\/produkt\/treasure-ask-tra\/#primaryimage","url":"https:\/\/qreativ.se\/wp-content\/uploads\/2025\/01\/076-840-00.png","contentUrl":"https:\/\/qreativ.se\/wp-content\/uploads\/2025\/01\/076-840-00.png","width":1500,"height":1500},{"@type":"BreadcrumbList","@id":"https:\/\/qreativ.se\/dk\/produkt\/treasure-ask-tra\/#breadcrumb","itemListElement":[{"@type":"ListItem","position":1,"name":"Home","item":"https:\/\/qreativ.se\/dk\/hjem\/"},{"@type":"ListItem","position":2,"name":"Webbshop","item":"https:\/\/qreativ.se\/dk\/webbshop\/"},{"@type":"ListItem","position":3,"name":"Rund Ask Tr\u00e4 Vintage &#8211; Treasure"}]},{"@type":"WebSite","@id":"https:\/\/qreativ.se\/dk\/#website","url":"https:\/\/qreativ.se\/dk\/","name":"Qreativ","description":"","alternateName":"qreativ.se","potentialAction":[{"@type":"SearchAction","target":{"@type":"EntryPoint","urlTemplate":"https:\/\/qreativ.se\/dk\/?s={search_term_string}"},"query-input":{"@type":"PropertyValueSpecification","valueRequired":true,"valueName":"search_term_string"}}],"inLanguage":"da-DK"}]}},"_links":{"self":[{"href":"https:\/\/qreativ.se\/dk\/wp-json\/wp\/v2\/product\/15990","targetHints":{"allow":["GET"]}}],"collection":[{"href":"https:\/\/qreativ.se\/dk\/wp-json\/wp\/v2\/product"}],"about":[{"href":"https:\/\/qreativ.se\/dk\/wp-json\/wp\/v2\/types\/product"}],"replies":[{"embeddable":true,"href":"https:\/\/qreativ.se\/dk\/wp-json\/wp\/v2\/comments?post=15990"}],"wp:featuredmedia":[{"embeddable":true,"href":"https:\/\/qreativ.se\/dk\/wp-json\/wp\/v2\/media\/15991"}],"wp:attachment":[{"href":"https:\/\/qreativ.se\/dk\/wp-json\/wp\/v2\/media?parent=15990"}],"wp:term":[{"taxonomy":"product_brand","embeddable":true,"href":"https:\/\/qreativ.se\/dk\/wp-json\/wp\/v2\/product_brand?post=15990"},{"taxonomy":"product_cat","embeddable":true,"href":"https:\/\/qreativ.se\/dk\/wp-json\/wp\/v2\/product_cat?post=15990"},{"taxonomy":"product_tag","embeddable":true,"href":"https:\/\/qreativ.se\/dk\/wp-json\/wp\/v2\/product_tag?post=15990"}],"curies":[{"name":"wp","href":"https:\/\/api.w.org\/{rel}","templated":true}]}}