{"id":16066,"date":"2025-01-25T11:33:38","date_gmt":"2025-01-25T11:33:38","guid":{"rendered":"https:\/\/qreativ.se\/produkt\/ljuslykta-unik-droppe-brun-svart\/"},"modified":"2026-02-13T09:37:50","modified_gmt":"2026-02-13T09:37:50","slug":"ljuslykta-unik-droppe-brun-svart","status":"publish","type":"product","link":"https:\/\/qreativ.se\/dk\/produkt\/ljuslykta-unik-droppe-brun-svart\/","title":{"rendered":"Ljuslykta \u00c5tervunnet Glas Rund Brun\/Svart &#8211; Unik"},"content":{"rendered":"<p><strong>Ljuslykta UNIK Droppe \u2013 Handgjord med ett flerf\u00e4rgat och svart m\u00f6nster<\/strong><br \/>\nGe ditt hem en konstn\u00e4rlig och sofistikerad k\u00e4nsla med <strong>Ljuslyktan UNIK Droppe<\/strong>. Med sitt flerf\u00e4rgade glas och dj\u00e4rva svarta linjer skapas en i\u00f6gonfallande och unik design. Den handgjorda kvaliteten och den eleganta droppformen g\u00f6r denna ljuslykta till en dekorativ detalj som reflekterar ljuset p\u00e5 ett magiskt s\u00e4tt.<\/p>\n<p><strong>Produktdetaljer:<\/strong><\/p>\n<ul>\n<li><strong>Design:<\/strong> Handgjord med ett flerf\u00e4rgat m\u00f6nster och svarta detaljer<\/li>\n<li><strong>Material:<\/strong> Glas av h\u00f6g kvalitet<\/li>\n<li><strong>Dimensioner:<\/strong> Diameter 13,5 cm, H\u00f6jd 11 cm<\/li>\n<\/ul>\n<p><strong>Varf\u00f6r v\u00e4lja Ljuslykta UNIK Droppe?<\/strong><\/p>\n<ul>\n<li><strong>Unik estetik:<\/strong> Flerf\u00e4rgade detaljer kombinerat med dj\u00e4rva svarta linjer skapar ett konstverk i sig.<\/li>\n<li><strong>Elegant form:<\/strong> Droppdesignen ger en modern och stilfull look.<\/li>\n<li><strong>Hantverkskvalitet:<\/strong> Varje lykta \u00e4r unikt tillverkad f\u00f6r att ge ditt hem en personlig touch.<\/li>\n<li><strong>St\u00e4mningsfull belysning:<\/strong> Perfekt f\u00f6r att skapa en varm och inbjudande atmosf\u00e4r i vilket rum som helst.<\/li>\n<\/ul>\n","protected":false},"excerpt":{"rendered":"<p>Med <strong>Ljuslykta UNIK Droppe<\/strong> f\u00e5r du ett dekorativt inslag som kombinerar f\u00e4rg, design och funktion. Idealisk f\u00f6r dig som vill ha n\u00e5got unikt och vackert i din inredning.<\/p>\n","protected":false},"featured_media":16067,"comment_status":"open","ping_status":"closed","template":"","meta":{"_acf_changed":false,"inline_featured_image":false},"product_brand":[],"product_cat":[242,239],"product_tag":[],"class_list":{"0":"post-16066","1":"product","2":"type-product","3":"status-publish","4":"has-post-thumbnail","6":"product_cat-lygteholdere","7":"product_cat-stemningsfulde-lysestager-lysholdere","9":"first","10":"instock","11":"taxable","12":"shipping-taxable","13":"purchasable","14":"product-type-simple"},"acf":[],"yoast_head":"<!-- This site is optimized with the Yoast SEO plugin v27.6 - https:\/\/yoast.com\/product\/yoast-seo-wordpress\/ -->\n<title>Ljuslykta \u00c5tervunnet Glas Rund Brun\/Svart - Unik - Qreativ<\/title>\n<meta name=\"robots\" content=\"index, follow, max-snippet:-1, max-image-preview:large, max-video-preview:-1\" \/>\n<link rel=\"canonical\" href=\"https:\/\/qreativ.se\/dk\/produkt\/ljuslykta-unik-droppe-brun-svart\/\" \/>\n<meta property=\"og:locale\" content=\"da_DK\" \/>\n<meta property=\"og:type\" content=\"article\" \/>\n<meta property=\"og:title\" content=\"Ljuslykta \u00c5tervunnet Glas Rund Brun\/Svart - Unik - Qreativ\" \/>\n<meta property=\"og:description\" content=\"Med Ljuslykta UNIK Droppe f\u00e5r du ett dekorativt inslag som kombinerar f\u00e4rg, design och funktion. Idealisk f\u00f6r dig som vill ha n\u00e5got unikt och vackert i din inredning.\" \/>\n<meta property=\"og:url\" content=\"https:\/\/qreativ.se\/dk\/produkt\/ljuslykta-unik-droppe-brun-svart\/\" \/>\n<meta property=\"og:site_name\" content=\"Qreativ\" \/>\n<meta property=\"article:modified_time\" content=\"2026-02-13T09:37:50+00:00\" \/>\n<meta property=\"og:image\" content=\"https:\/\/qreativ.se\/wp-content\/uploads\/2025\/01\/Detaljer-som-forenar-form-och-funktion-Gatsby-ar-inte-bara-vacker-att-se-pa-\u2013-den-ar-ocksa-genomtankt-in-i-minsta-detalj-Material-Glaserad-keramik-for-en-elegant-och-tidlos-look.-Lamphallare-E27-s-5-1.png\" \/>\n\t<meta property=\"og:image:width\" content=\"2000\" \/>\n\t<meta property=\"og:image:height\" content=\"2000\" \/>\n\t<meta property=\"og:image:type\" content=\"image\/png\" \/>\n<meta name=\"twitter:card\" content=\"summary_large_image\" \/>\n<meta name=\"twitter:label1\" content=\"Estimeret l\u00e6setid\" \/>\n\t<meta name=\"twitter:data1\" content=\"1 minut\" \/>\n<script type=\"application\/ld+json\" class=\"yoast-schema-graph\">{\"@context\":\"https:\\\/\\\/schema.org\",\"@graph\":[{\"@type\":\"WebPage\",\"@id\":\"https:\\\/\\\/qreativ.se\\\/dk\\\/produkt\\\/ljuslykta-unik-droppe-brun-svart\\\/\",\"url\":\"https:\\\/\\\/qreativ.se\\\/dk\\\/produkt\\\/ljuslykta-unik-droppe-brun-svart\\\/\",\"name\":\"Ljuslykta \u00c5tervunnet Glas Rund Brun\\\/Svart - Unik - Qreativ\",\"isPartOf\":{\"@id\":\"https:\\\/\\\/qreativ.se\\\/dk\\\/#website\"},\"primaryImageOfPage\":{\"@id\":\"https:\\\/\\\/qreativ.se\\\/dk\\\/produkt\\\/ljuslykta-unik-droppe-brun-svart\\\/#primaryimage\"},\"image\":{\"@id\":\"https:\\\/\\\/qreativ.se\\\/dk\\\/produkt\\\/ljuslykta-unik-droppe-brun-svart\\\/#primaryimage\"},\"thumbnailUrl\":\"https:\\\/\\\/qreativ.se\\\/wp-content\\\/uploads\\\/2025\\\/01\\\/Detaljer-som-forenar-form-och-funktion-Gatsby-ar-inte-bara-vacker-att-se-pa-\u2013-den-ar-ocksa-genomtankt-in-i-minsta-detalj-Material-Glaserad-keramik-for-en-elegant-och-tidlos-look.-Lamphallare-E27-s-5-1.png\",\"datePublished\":\"2025-01-25T11:33:38+00:00\",\"dateModified\":\"2026-02-13T09:37:50+00:00\",\"breadcrumb\":{\"@id\":\"https:\\\/\\\/qreativ.se\\\/dk\\\/produkt\\\/ljuslykta-unik-droppe-brun-svart\\\/#breadcrumb\"},\"inLanguage\":\"da-DK\",\"potentialAction\":[{\"@type\":\"ReadAction\",\"target\":[\"https:\\\/\\\/qreativ.se\\\/dk\\\/produkt\\\/ljuslykta-unik-droppe-brun-svart\\\/\"]}]},{\"@type\":\"ImageObject\",\"inLanguage\":\"da-DK\",\"@id\":\"https:\\\/\\\/qreativ.se\\\/dk\\\/produkt\\\/ljuslykta-unik-droppe-brun-svart\\\/#primaryimage\",\"url\":\"https:\\\/\\\/qreativ.se\\\/wp-content\\\/uploads\\\/2025\\\/01\\\/Detaljer-som-forenar-form-och-funktion-Gatsby-ar-inte-bara-vacker-att-se-pa-\u2013-den-ar-ocksa-genomtankt-in-i-minsta-detalj-Material-Glaserad-keramik-for-en-elegant-och-tidlos-look.-Lamphallare-E27-s-5-1.png\",\"contentUrl\":\"https:\\\/\\\/qreativ.se\\\/wp-content\\\/uploads\\\/2025\\\/01\\\/Detaljer-som-forenar-form-och-funktion-Gatsby-ar-inte-bara-vacker-att-se-pa-\u2013-den-ar-ocksa-genomtankt-in-i-minsta-detalj-Material-Glaserad-keramik-for-en-elegant-och-tidlos-look.-Lamphallare-E27-s-5-1.png\",\"width\":2000,\"height\":2000},{\"@type\":\"BreadcrumbList\",\"@id\":\"https:\\\/\\\/qreativ.se\\\/dk\\\/produkt\\\/ljuslykta-unik-droppe-brun-svart\\\/#breadcrumb\",\"itemListElement\":[{\"@type\":\"ListItem\",\"position\":1,\"name\":\"Home\",\"item\":\"https:\\\/\\\/qreativ.se\\\/dk\\\/hjem\\\/\"},{\"@type\":\"ListItem\",\"position\":2,\"name\":\"Webbshop\",\"item\":\"https:\\\/\\\/qreativ.se\\\/dk\\\/webbshop\\\/\"},{\"@type\":\"ListItem\",\"position\":3,\"name\":\"Ljuslykta \u00c5tervunnet Glas Rund Brun\\\/Svart &#8211; Unik\"}]},{\"@type\":\"WebSite\",\"@id\":\"https:\\\/\\\/qreativ.se\\\/dk\\\/#website\",\"url\":\"https:\\\/\\\/qreativ.se\\\/dk\\\/\",\"name\":\"Qreativ\",\"description\":\"\",\"alternateName\":\"qreativ.se\",\"potentialAction\":[{\"@type\":\"SearchAction\",\"target\":{\"@type\":\"EntryPoint\",\"urlTemplate\":\"https:\\\/\\\/qreativ.se\\\/dk\\\/?s={search_term_string}\"},\"query-input\":{\"@type\":\"PropertyValueSpecification\",\"valueRequired\":true,\"valueName\":\"search_term_string\"}}],\"inLanguage\":\"da-DK\"}]}<\/script>\n<!-- \/ Yoast SEO plugin. -->","yoast_head_json":{"title":"Ljuslykta \u00c5tervunnet Glas Rund Brun\/Svart - Unik - Qreativ","robots":{"index":"index","follow":"follow","max-snippet":"max-snippet:-1","max-image-preview":"max-image-preview:large","max-video-preview":"max-video-preview:-1"},"canonical":"https:\/\/qreativ.se\/dk\/produkt\/ljuslykta-unik-droppe-brun-svart\/","og_locale":"da_DK","og_type":"article","og_title":"Ljuslykta \u00c5tervunnet Glas Rund Brun\/Svart - Unik - Qreativ","og_description":"Med Ljuslykta UNIK Droppe f\u00e5r du ett dekorativt inslag som kombinerar f\u00e4rg, design och funktion. Idealisk f\u00f6r dig som vill ha n\u00e5got unikt och vackert i din inredning.","og_url":"https:\/\/qreativ.se\/dk\/produkt\/ljuslykta-unik-droppe-brun-svart\/","og_site_name":"Qreativ","article_modified_time":"2026-02-13T09:37:50+00:00","og_image":[{"width":2000,"height":2000,"url":"https:\/\/qreativ.se\/wp-content\/uploads\/2025\/01\/Detaljer-som-forenar-form-och-funktion-Gatsby-ar-inte-bara-vacker-att-se-pa-\u2013-den-ar-ocksa-genomtankt-in-i-minsta-detalj-Material-Glaserad-keramik-for-en-elegant-och-tidlos-look.-Lamphallare-E27-s-5-1.png","type":"image\/png"}],"twitter_card":"summary_large_image","twitter_misc":{"Estimeret l\u00e6setid":"1 minut"},"schema":{"@context":"https:\/\/schema.org","@graph":[{"@type":"WebPage","@id":"https:\/\/qreativ.se\/dk\/produkt\/ljuslykta-unik-droppe-brun-svart\/","url":"https:\/\/qreativ.se\/dk\/produkt\/ljuslykta-unik-droppe-brun-svart\/","name":"Ljuslykta \u00c5tervunnet Glas Rund Brun\/Svart - Unik - Qreativ","isPartOf":{"@id":"https:\/\/qreativ.se\/dk\/#website"},"primaryImageOfPage":{"@id":"https:\/\/qreativ.se\/dk\/produkt\/ljuslykta-unik-droppe-brun-svart\/#primaryimage"},"image":{"@id":"https:\/\/qreativ.se\/dk\/produkt\/ljuslykta-unik-droppe-brun-svart\/#primaryimage"},"thumbnailUrl":"https:\/\/qreativ.se\/wp-content\/uploads\/2025\/01\/Detaljer-som-forenar-form-och-funktion-Gatsby-ar-inte-bara-vacker-att-se-pa-\u2013-den-ar-ocksa-genomtankt-in-i-minsta-detalj-Material-Glaserad-keramik-for-en-elegant-och-tidlos-look.-Lamphallare-E27-s-5-1.png","datePublished":"2025-01-25T11:33:38+00:00","dateModified":"2026-02-13T09:37:50+00:00","breadcrumb":{"@id":"https:\/\/qreativ.se\/dk\/produkt\/ljuslykta-unik-droppe-brun-svart\/#breadcrumb"},"inLanguage":"da-DK","potentialAction":[{"@type":"ReadAction","target":["https:\/\/qreativ.se\/dk\/produkt\/ljuslykta-unik-droppe-brun-svart\/"]}]},{"@type":"ImageObject","inLanguage":"da-DK","@id":"https:\/\/qreativ.se\/dk\/produkt\/ljuslykta-unik-droppe-brun-svart\/#primaryimage","url":"https:\/\/qreativ.se\/wp-content\/uploads\/2025\/01\/Detaljer-som-forenar-form-och-funktion-Gatsby-ar-inte-bara-vacker-att-se-pa-\u2013-den-ar-ocksa-genomtankt-in-i-minsta-detalj-Material-Glaserad-keramik-for-en-elegant-och-tidlos-look.-Lamphallare-E27-s-5-1.png","contentUrl":"https:\/\/qreativ.se\/wp-content\/uploads\/2025\/01\/Detaljer-som-forenar-form-och-funktion-Gatsby-ar-inte-bara-vacker-att-se-pa-\u2013-den-ar-ocksa-genomtankt-in-i-minsta-detalj-Material-Glaserad-keramik-for-en-elegant-och-tidlos-look.-Lamphallare-E27-s-5-1.png","width":2000,"height":2000},{"@type":"BreadcrumbList","@id":"https:\/\/qreativ.se\/dk\/produkt\/ljuslykta-unik-droppe-brun-svart\/#breadcrumb","itemListElement":[{"@type":"ListItem","position":1,"name":"Home","item":"https:\/\/qreativ.se\/dk\/hjem\/"},{"@type":"ListItem","position":2,"name":"Webbshop","item":"https:\/\/qreativ.se\/dk\/webbshop\/"},{"@type":"ListItem","position":3,"name":"Ljuslykta \u00c5tervunnet Glas Rund Brun\/Svart &#8211; Unik"}]},{"@type":"WebSite","@id":"https:\/\/qreativ.se\/dk\/#website","url":"https:\/\/qreativ.se\/dk\/","name":"Qreativ","description":"","alternateName":"qreativ.se","potentialAction":[{"@type":"SearchAction","target":{"@type":"EntryPoint","urlTemplate":"https:\/\/qreativ.se\/dk\/?s={search_term_string}"},"query-input":{"@type":"PropertyValueSpecification","valueRequired":true,"valueName":"search_term_string"}}],"inLanguage":"da-DK"}]}},"_links":{"self":[{"href":"https:\/\/qreativ.se\/dk\/wp-json\/wp\/v2\/product\/16066","targetHints":{"allow":["GET"]}}],"collection":[{"href":"https:\/\/qreativ.se\/dk\/wp-json\/wp\/v2\/product"}],"about":[{"href":"https:\/\/qreativ.se\/dk\/wp-json\/wp\/v2\/types\/product"}],"replies":[{"embeddable":true,"href":"https:\/\/qreativ.se\/dk\/wp-json\/wp\/v2\/comments?post=16066"}],"wp:featuredmedia":[{"embeddable":true,"href":"https:\/\/qreativ.se\/dk\/wp-json\/wp\/v2\/media\/16067"}],"wp:attachment":[{"href":"https:\/\/qreativ.se\/dk\/wp-json\/wp\/v2\/media?parent=16066"}],"wp:term":[{"taxonomy":"product_brand","embeddable":true,"href":"https:\/\/qreativ.se\/dk\/wp-json\/wp\/v2\/product_brand?post=16066"},{"taxonomy":"product_cat","embeddable":true,"href":"https:\/\/qreativ.se\/dk\/wp-json\/wp\/v2\/product_cat?post=16066"},{"taxonomy":"product_tag","embeddable":true,"href":"https:\/\/qreativ.se\/dk\/wp-json\/wp\/v2\/product_tag?post=16066"}],"curies":[{"name":"wp","href":"https:\/\/api.w.org\/{rel}","templated":true}]}}