{"id":16068,"date":"2025-01-25T11:31:11","date_gmt":"2025-01-25T11:31:11","guid":{"rendered":"https:\/\/qreativ.se\/produkt\/ljuslykta-unik-droppe-vit-svart\/"},"modified":"2026-02-13T09:37:49","modified_gmt":"2026-02-13T09:37:49","slug":"ljuslykta-unik-droppe-vit-svart","status":"publish","type":"product","link":"https:\/\/qreativ.se\/dk\/produkt\/ljuslykta-unik-droppe-vit-svart\/","title":{"rendered":"Ljuslykta \u00c5tervunnet Glas Rund Vit\/Svart &#8211; Unik"},"content":{"rendered":"<p><strong>Ljuslykta UNIK Droppe \u2013 Handgjord i svartvitt m\u00f6nster<\/strong><br \/>\nSkapa en unik och st\u00e4mningsfull atmosf\u00e4r med <strong>Ljuslyktan UNIK Droppe<\/strong>. Dess handgjorda design kombinerar ett i\u00f6gonfallande svartvitt m\u00f6nster med en elegant droppform, vilket g\u00f6r den till en dekorativ detalj f\u00f6r b\u00e5de vardag och fest. Ljuslyktans konstn\u00e4rliga utf\u00f6rande reflekterar ljus p\u00e5 ett effektfullt s\u00e4tt och tillf\u00f6r stil och charm till alla milj\u00f6er.<\/p>\n<p><strong>Produktdetaljer:<\/strong><\/p>\n<ul>\n<li><strong>Design:<\/strong> Handgjord med ett unikt svartvitt m\u00f6nster<\/li>\n<li><strong>Material:<\/strong> Glas av h\u00f6g kvalitet<\/li>\n<li><strong>Dimensioner:<\/strong> Diameter 13,5 cm, H\u00f6jd 11 cm<\/li>\n<\/ul>\n<p><strong>Varf\u00f6r v\u00e4lja Ljuslykta UNIK Droppe?<\/strong><\/p>\n<ul>\n<li><strong>Konstn\u00e4rlig finish:<\/strong> Det svartvita m\u00f6nstret ger en unik och modern estetik.<\/li>\n<li><strong>Elegant form:<\/strong> Droppdesignen tillf\u00f6r en sofistikerad touch till din inredning.<\/li>\n<li><strong>Hantverkskvalitet:<\/strong> Varje lykta \u00e4r handgjord, vilket g\u00f6r den helt unik.<\/li>\n<li><strong>St\u00e4mningsskapande:<\/strong> Perfekt f\u00f6r att skapa en varm och inbjudande atmosf\u00e4r i alla rum.<\/li>\n<\/ul>\n","protected":false},"excerpt":{"rendered":"<p>Med <strong>Ljuslykta UNIK Droppe<\/strong> f\u00e5r du en kombination av konst och funktionalitet, som b\u00e5de lyfter din inredning och tillf\u00f6r en personlig touch. Ett stilrent och tidl\u00f6st inslag f\u00f6r ditt hem.<\/p>\n","protected":false},"featured_media":16069,"comment_status":"open","ping_status":"closed","template":"","meta":{"_acf_changed":false,"inline_featured_image":false},"product_brand":[],"product_cat":[242,239],"product_tag":[],"class_list":{"0":"post-16068","1":"product","2":"type-product","3":"status-publish","4":"has-post-thumbnail","6":"product_cat-lygteholdere","7":"product_cat-stemningsfulde-lysestager-lysholdere","9":"first","10":"instock","11":"taxable","12":"shipping-taxable","13":"purchasable","14":"product-type-simple"},"acf":[],"yoast_head":"<!-- This site is optimized with the Yoast SEO plugin v27.6 - https:\/\/yoast.com\/product\/yoast-seo-wordpress\/ -->\n<title>Ljuslykta \u00c5tervunnet Glas Rund Vit\/Svart - Unik - Qreativ<\/title>\n<meta name=\"robots\" content=\"index, follow, max-snippet:-1, max-image-preview:large, max-video-preview:-1\" \/>\n<link rel=\"canonical\" href=\"https:\/\/qreativ.se\/dk\/produkt\/ljuslykta-unik-droppe-vit-svart\/\" \/>\n<meta property=\"og:locale\" content=\"da_DK\" \/>\n<meta property=\"og:type\" content=\"article\" \/>\n<meta property=\"og:title\" content=\"Ljuslykta \u00c5tervunnet Glas Rund Vit\/Svart - Unik - Qreativ\" \/>\n<meta property=\"og:description\" content=\"Med Ljuslykta UNIK Droppe f\u00e5r du en kombination av konst och funktionalitet, som b\u00e5de lyfter din inredning och tillf\u00f6r en personlig touch. Ett stilrent och tidl\u00f6st inslag f\u00f6r ditt hem.\" \/>\n<meta property=\"og:url\" content=\"https:\/\/qreativ.se\/dk\/produkt\/ljuslykta-unik-droppe-vit-svart\/\" \/>\n<meta property=\"og:site_name\" content=\"Qreativ\" \/>\n<meta property=\"article:modified_time\" content=\"2026-02-13T09:37:49+00:00\" \/>\n<meta property=\"og:image\" content=\"https:\/\/qreativ.se\/wp-content\/uploads\/2025\/01\/Detaljer-som-forenar-form-och-funktion-Gatsby-ar-inte-bara-vacker-att-se-pa-\u2013-den-ar-ocksa-genomtankt-in-i-minsta-detalj-Material-Glaserad-keramik-for-en-elegant-och-tidlos-look.-Lamphallare-E27-s-4-1.png\" \/>\n\t<meta property=\"og:image:width\" content=\"2000\" \/>\n\t<meta property=\"og:image:height\" content=\"2000\" \/>\n\t<meta property=\"og:image:type\" content=\"image\/png\" \/>\n<meta name=\"twitter:card\" content=\"summary_large_image\" \/>\n<meta name=\"twitter:label1\" content=\"Estimeret l\u00e6setid\" \/>\n\t<meta name=\"twitter:data1\" content=\"1 minut\" \/>\n<script type=\"application\/ld+json\" class=\"yoast-schema-graph\">{\"@context\":\"https:\\\/\\\/schema.org\",\"@graph\":[{\"@type\":\"WebPage\",\"@id\":\"https:\\\/\\\/qreativ.se\\\/dk\\\/produkt\\\/ljuslykta-unik-droppe-vit-svart\\\/\",\"url\":\"https:\\\/\\\/qreativ.se\\\/dk\\\/produkt\\\/ljuslykta-unik-droppe-vit-svart\\\/\",\"name\":\"Ljuslykta \u00c5tervunnet Glas Rund Vit\\\/Svart - Unik - Qreativ\",\"isPartOf\":{\"@id\":\"https:\\\/\\\/qreativ.se\\\/dk\\\/#website\"},\"primaryImageOfPage\":{\"@id\":\"https:\\\/\\\/qreativ.se\\\/dk\\\/produkt\\\/ljuslykta-unik-droppe-vit-svart\\\/#primaryimage\"},\"image\":{\"@id\":\"https:\\\/\\\/qreativ.se\\\/dk\\\/produkt\\\/ljuslykta-unik-droppe-vit-svart\\\/#primaryimage\"},\"thumbnailUrl\":\"https:\\\/\\\/qreativ.se\\\/wp-content\\\/uploads\\\/2025\\\/01\\\/Detaljer-som-forenar-form-och-funktion-Gatsby-ar-inte-bara-vacker-att-se-pa-\u2013-den-ar-ocksa-genomtankt-in-i-minsta-detalj-Material-Glaserad-keramik-for-en-elegant-och-tidlos-look.-Lamphallare-E27-s-4-1.png\",\"datePublished\":\"2025-01-25T11:31:11+00:00\",\"dateModified\":\"2026-02-13T09:37:49+00:00\",\"breadcrumb\":{\"@id\":\"https:\\\/\\\/qreativ.se\\\/dk\\\/produkt\\\/ljuslykta-unik-droppe-vit-svart\\\/#breadcrumb\"},\"inLanguage\":\"da-DK\",\"potentialAction\":[{\"@type\":\"ReadAction\",\"target\":[\"https:\\\/\\\/qreativ.se\\\/dk\\\/produkt\\\/ljuslykta-unik-droppe-vit-svart\\\/\"]}]},{\"@type\":\"ImageObject\",\"inLanguage\":\"da-DK\",\"@id\":\"https:\\\/\\\/qreativ.se\\\/dk\\\/produkt\\\/ljuslykta-unik-droppe-vit-svart\\\/#primaryimage\",\"url\":\"https:\\\/\\\/qreativ.se\\\/wp-content\\\/uploads\\\/2025\\\/01\\\/Detaljer-som-forenar-form-och-funktion-Gatsby-ar-inte-bara-vacker-att-se-pa-\u2013-den-ar-ocksa-genomtankt-in-i-minsta-detalj-Material-Glaserad-keramik-for-en-elegant-och-tidlos-look.-Lamphallare-E27-s-4-1.png\",\"contentUrl\":\"https:\\\/\\\/qreativ.se\\\/wp-content\\\/uploads\\\/2025\\\/01\\\/Detaljer-som-forenar-form-och-funktion-Gatsby-ar-inte-bara-vacker-att-se-pa-\u2013-den-ar-ocksa-genomtankt-in-i-minsta-detalj-Material-Glaserad-keramik-for-en-elegant-och-tidlos-look.-Lamphallare-E27-s-4-1.png\",\"width\":2000,\"height\":2000},{\"@type\":\"BreadcrumbList\",\"@id\":\"https:\\\/\\\/qreativ.se\\\/dk\\\/produkt\\\/ljuslykta-unik-droppe-vit-svart\\\/#breadcrumb\",\"itemListElement\":[{\"@type\":\"ListItem\",\"position\":1,\"name\":\"Home\",\"item\":\"https:\\\/\\\/qreativ.se\\\/dk\\\/hjem\\\/\"},{\"@type\":\"ListItem\",\"position\":2,\"name\":\"Webbshop\",\"item\":\"https:\\\/\\\/qreativ.se\\\/dk\\\/webbshop\\\/\"},{\"@type\":\"ListItem\",\"position\":3,\"name\":\"Ljuslykta \u00c5tervunnet Glas Rund Vit\\\/Svart &#8211; Unik\"}]},{\"@type\":\"WebSite\",\"@id\":\"https:\\\/\\\/qreativ.se\\\/dk\\\/#website\",\"url\":\"https:\\\/\\\/qreativ.se\\\/dk\\\/\",\"name\":\"Qreativ\",\"description\":\"\",\"alternateName\":\"qreativ.se\",\"potentialAction\":[{\"@type\":\"SearchAction\",\"target\":{\"@type\":\"EntryPoint\",\"urlTemplate\":\"https:\\\/\\\/qreativ.se\\\/dk\\\/?s={search_term_string}\"},\"query-input\":{\"@type\":\"PropertyValueSpecification\",\"valueRequired\":true,\"valueName\":\"search_term_string\"}}],\"inLanguage\":\"da-DK\"}]}<\/script>\n<!-- \/ Yoast SEO plugin. -->","yoast_head_json":{"title":"Ljuslykta \u00c5tervunnet Glas Rund Vit\/Svart - Unik - Qreativ","robots":{"index":"index","follow":"follow","max-snippet":"max-snippet:-1","max-image-preview":"max-image-preview:large","max-video-preview":"max-video-preview:-1"},"canonical":"https:\/\/qreativ.se\/dk\/produkt\/ljuslykta-unik-droppe-vit-svart\/","og_locale":"da_DK","og_type":"article","og_title":"Ljuslykta \u00c5tervunnet Glas Rund Vit\/Svart - Unik - Qreativ","og_description":"Med Ljuslykta UNIK Droppe f\u00e5r du en kombination av konst och funktionalitet, som b\u00e5de lyfter din inredning och tillf\u00f6r en personlig touch. Ett stilrent och tidl\u00f6st inslag f\u00f6r ditt hem.","og_url":"https:\/\/qreativ.se\/dk\/produkt\/ljuslykta-unik-droppe-vit-svart\/","og_site_name":"Qreativ","article_modified_time":"2026-02-13T09:37:49+00:00","og_image":[{"width":2000,"height":2000,"url":"https:\/\/qreativ.se\/wp-content\/uploads\/2025\/01\/Detaljer-som-forenar-form-och-funktion-Gatsby-ar-inte-bara-vacker-att-se-pa-\u2013-den-ar-ocksa-genomtankt-in-i-minsta-detalj-Material-Glaserad-keramik-for-en-elegant-och-tidlos-look.-Lamphallare-E27-s-4-1.png","type":"image\/png"}],"twitter_card":"summary_large_image","twitter_misc":{"Estimeret l\u00e6setid":"1 minut"},"schema":{"@context":"https:\/\/schema.org","@graph":[{"@type":"WebPage","@id":"https:\/\/qreativ.se\/dk\/produkt\/ljuslykta-unik-droppe-vit-svart\/","url":"https:\/\/qreativ.se\/dk\/produkt\/ljuslykta-unik-droppe-vit-svart\/","name":"Ljuslykta \u00c5tervunnet Glas Rund Vit\/Svart - Unik - Qreativ","isPartOf":{"@id":"https:\/\/qreativ.se\/dk\/#website"},"primaryImageOfPage":{"@id":"https:\/\/qreativ.se\/dk\/produkt\/ljuslykta-unik-droppe-vit-svart\/#primaryimage"},"image":{"@id":"https:\/\/qreativ.se\/dk\/produkt\/ljuslykta-unik-droppe-vit-svart\/#primaryimage"},"thumbnailUrl":"https:\/\/qreativ.se\/wp-content\/uploads\/2025\/01\/Detaljer-som-forenar-form-och-funktion-Gatsby-ar-inte-bara-vacker-att-se-pa-\u2013-den-ar-ocksa-genomtankt-in-i-minsta-detalj-Material-Glaserad-keramik-for-en-elegant-och-tidlos-look.-Lamphallare-E27-s-4-1.png","datePublished":"2025-01-25T11:31:11+00:00","dateModified":"2026-02-13T09:37:49+00:00","breadcrumb":{"@id":"https:\/\/qreativ.se\/dk\/produkt\/ljuslykta-unik-droppe-vit-svart\/#breadcrumb"},"inLanguage":"da-DK","potentialAction":[{"@type":"ReadAction","target":["https:\/\/qreativ.se\/dk\/produkt\/ljuslykta-unik-droppe-vit-svart\/"]}]},{"@type":"ImageObject","inLanguage":"da-DK","@id":"https:\/\/qreativ.se\/dk\/produkt\/ljuslykta-unik-droppe-vit-svart\/#primaryimage","url":"https:\/\/qreativ.se\/wp-content\/uploads\/2025\/01\/Detaljer-som-forenar-form-och-funktion-Gatsby-ar-inte-bara-vacker-att-se-pa-\u2013-den-ar-ocksa-genomtankt-in-i-minsta-detalj-Material-Glaserad-keramik-for-en-elegant-och-tidlos-look.-Lamphallare-E27-s-4-1.png","contentUrl":"https:\/\/qreativ.se\/wp-content\/uploads\/2025\/01\/Detaljer-som-forenar-form-och-funktion-Gatsby-ar-inte-bara-vacker-att-se-pa-\u2013-den-ar-ocksa-genomtankt-in-i-minsta-detalj-Material-Glaserad-keramik-for-en-elegant-och-tidlos-look.-Lamphallare-E27-s-4-1.png","width":2000,"height":2000},{"@type":"BreadcrumbList","@id":"https:\/\/qreativ.se\/dk\/produkt\/ljuslykta-unik-droppe-vit-svart\/#breadcrumb","itemListElement":[{"@type":"ListItem","position":1,"name":"Home","item":"https:\/\/qreativ.se\/dk\/hjem\/"},{"@type":"ListItem","position":2,"name":"Webbshop","item":"https:\/\/qreativ.se\/dk\/webbshop\/"},{"@type":"ListItem","position":3,"name":"Ljuslykta \u00c5tervunnet Glas Rund Vit\/Svart &#8211; Unik"}]},{"@type":"WebSite","@id":"https:\/\/qreativ.se\/dk\/#website","url":"https:\/\/qreativ.se\/dk\/","name":"Qreativ","description":"","alternateName":"qreativ.se","potentialAction":[{"@type":"SearchAction","target":{"@type":"EntryPoint","urlTemplate":"https:\/\/qreativ.se\/dk\/?s={search_term_string}"},"query-input":{"@type":"PropertyValueSpecification","valueRequired":true,"valueName":"search_term_string"}}],"inLanguage":"da-DK"}]}},"_links":{"self":[{"href":"https:\/\/qreativ.se\/dk\/wp-json\/wp\/v2\/product\/16068","targetHints":{"allow":["GET"]}}],"collection":[{"href":"https:\/\/qreativ.se\/dk\/wp-json\/wp\/v2\/product"}],"about":[{"href":"https:\/\/qreativ.se\/dk\/wp-json\/wp\/v2\/types\/product"}],"replies":[{"embeddable":true,"href":"https:\/\/qreativ.se\/dk\/wp-json\/wp\/v2\/comments?post=16068"}],"wp:featuredmedia":[{"embeddable":true,"href":"https:\/\/qreativ.se\/dk\/wp-json\/wp\/v2\/media\/16069"}],"wp:attachment":[{"href":"https:\/\/qreativ.se\/dk\/wp-json\/wp\/v2\/media?parent=16068"}],"wp:term":[{"taxonomy":"product_brand","embeddable":true,"href":"https:\/\/qreativ.se\/dk\/wp-json\/wp\/v2\/product_brand?post=16068"},{"taxonomy":"product_cat","embeddable":true,"href":"https:\/\/qreativ.se\/dk\/wp-json\/wp\/v2\/product_cat?post=16068"},{"taxonomy":"product_tag","embeddable":true,"href":"https:\/\/qreativ.se\/dk\/wp-json\/wp\/v2\/product_tag?post=16068"}],"curies":[{"name":"wp","href":"https:\/\/api.w.org\/{rel}","templated":true}]}}