{"id":16074,"date":"2025-01-25T11:21:16","date_gmt":"2025-01-25T11:21:16","guid":{"rendered":"https:\/\/qreativ.se\/produkt\/ljuslykta-unik-vit-svart\/"},"modified":"2026-02-13T09:37:48","modified_gmt":"2026-02-13T09:37:48","slug":"ljuslykta-unik-vit-svart","status":"publish","type":"product","link":"https:\/\/qreativ.se\/dk\/produkt\/ljuslykta-unik-vit-svart\/","title":{"rendered":"Ljuslykta \u00c5tervunnet Glas Vit\/Svart S &#8211; Unik"},"content":{"rendered":"<p><strong>Ljuslykta UNIK \u2013 Svartvit design i glas<\/strong><br \/>\nSkapa en elegant och st\u00e4mningsfull atmosf\u00e4r med den handgjorda <strong>Ljuslyktan UNIK<\/strong>. Med sin i\u00f6gonfallande svartvita marmorering och unika glasdesign \u00e4r denna lykta en perfekt detalj f\u00f6r att lysa upp vardagsrum, sovrum eller festliga tillf\u00e4llen. Varje lykta \u00e4r noggrant tillverkad f\u00f6r att vara lika dekorativ som funktionell.<\/p>\n<p><strong>Produktdetaljer:<\/strong><\/p>\n<ul>\n<li><strong>Design:<\/strong> Handgjord med en svartvit m\u00f6nstring som ger en sofistikerad touch<\/li>\n<li><strong>Material:<\/strong> Glas av h\u00f6g kvalitet<\/li>\n<li><strong>Dimensioner:<\/strong> Diameter 8,5 cm, H\u00f6jd 8,14 cm<\/li>\n<\/ul>\n<p><strong>Varf\u00f6r v\u00e4lja Ljuslykta UNIK?<\/strong><\/p>\n<ul>\n<li><strong>Unik m\u00f6nstring:<\/strong> Varje lykta har en unik marmorerad design som g\u00f6r den till ett konstverk i sig.<\/li>\n<li><strong>Modern elegans:<\/strong> Den svartvita f\u00e4rgpaletten passar perfekt i b\u00e5de moderna och klassiska interi\u00f6rer.<\/li>\n<li><strong>Hantverkskvalitet:<\/strong> Handgjord med precision och omsorg f\u00f6r en h\u00e5llbar och dekorativ produkt.<\/li>\n<li><strong>M\u00e5ngsidig anv\u00e4ndning:<\/strong> Skapar en varm och inbjudande atmosf\u00e4r f\u00f6r b\u00e5de vardagsbruk och speciella tillf\u00e4llen.<\/li>\n<\/ul>\n","protected":false},"excerpt":{"rendered":"<p>Med\u00a0<strong>Ljuslykta UNIK<\/strong>\u00a0f\u00e5r du en st\u00e4mningsfull detalj som tillf\u00f6r b\u00e5de elegans och personlighet till ditt hem. Perfekt som en g\u00e5va eller som en tidl\u00f6s detalj i din egen inredning.<\/p>\n","protected":false},"featured_media":16075,"comment_status":"open","ping_status":"closed","template":"","meta":{"_acf_changed":false,"inline_featured_image":false},"product_brand":[],"product_cat":[242,239],"product_tag":[],"class_list":{"0":"post-16074","1":"product","2":"type-product","3":"status-publish","4":"has-post-thumbnail","6":"product_cat-lygteholdere","7":"product_cat-stemningsfulde-lysestager-lysholdere","9":"first","10":"instock","11":"taxable","12":"shipping-taxable","13":"purchasable","14":"product-type-simple"},"acf":[],"yoast_head":"<!-- This site is optimized with the Yoast SEO plugin v27.6 - https:\/\/yoast.com\/product\/yoast-seo-wordpress\/ -->\n<title>Ljuslykta \u00c5tervunnet Glas Vit\/Svart S - Unik - Qreativ<\/title>\n<meta name=\"robots\" content=\"index, follow, max-snippet:-1, max-image-preview:large, max-video-preview:-1\" \/>\n<link rel=\"canonical\" href=\"https:\/\/qreativ.se\/dk\/produkt\/ljuslykta-unik-vit-svart\/\" \/>\n<meta property=\"og:locale\" content=\"da_DK\" \/>\n<meta property=\"og:type\" content=\"article\" \/>\n<meta property=\"og:title\" content=\"Ljuslykta \u00c5tervunnet Glas Vit\/Svart S - Unik - Qreativ\" \/>\n<meta property=\"og:description\" content=\"Med\u00a0Ljuslykta UNIK\u00a0f\u00e5r du en st\u00e4mningsfull detalj som tillf\u00f6r b\u00e5de elegans och personlighet till ditt hem. Perfekt som en g\u00e5va eller som en tidl\u00f6s detalj i din egen inredning.\" \/>\n<meta property=\"og:url\" content=\"https:\/\/qreativ.se\/dk\/produkt\/ljuslykta-unik-vit-svart\/\" \/>\n<meta property=\"og:site_name\" content=\"Qreativ\" \/>\n<meta property=\"article:modified_time\" content=\"2026-02-13T09:37:48+00:00\" \/>\n<meta property=\"og:image\" content=\"https:\/\/qreativ.se\/wp-content\/uploads\/2025\/01\/Detaljer-som-forenar-form-och-funktion-Gatsby-ar-inte-bara-vacker-att-se-pa-\u2013-den-ar-ocksa-genomtankt-in-i-minsta-detalj-Material-Glaserad-keramik-for-en-elegant-och-tidlos-look.-Lamphallare-E27-s-1-2.png\" \/>\n\t<meta property=\"og:image:width\" content=\"2000\" \/>\n\t<meta property=\"og:image:height\" content=\"2000\" \/>\n\t<meta property=\"og:image:type\" content=\"image\/png\" \/>\n<meta name=\"twitter:card\" content=\"summary_large_image\" \/>\n<meta name=\"twitter:label1\" content=\"Estimeret l\u00e6setid\" \/>\n\t<meta name=\"twitter:data1\" content=\"1 minut\" \/>\n<script type=\"application\/ld+json\" class=\"yoast-schema-graph\">{\"@context\":\"https:\\\/\\\/schema.org\",\"@graph\":[{\"@type\":\"WebPage\",\"@id\":\"https:\\\/\\\/qreativ.se\\\/dk\\\/produkt\\\/ljuslykta-unik-vit-svart\\\/\",\"url\":\"https:\\\/\\\/qreativ.se\\\/dk\\\/produkt\\\/ljuslykta-unik-vit-svart\\\/\",\"name\":\"Ljuslykta \u00c5tervunnet Glas Vit\\\/Svart S - Unik - Qreativ\",\"isPartOf\":{\"@id\":\"https:\\\/\\\/qreativ.se\\\/dk\\\/#website\"},\"primaryImageOfPage\":{\"@id\":\"https:\\\/\\\/qreativ.se\\\/dk\\\/produkt\\\/ljuslykta-unik-vit-svart\\\/#primaryimage\"},\"image\":{\"@id\":\"https:\\\/\\\/qreativ.se\\\/dk\\\/produkt\\\/ljuslykta-unik-vit-svart\\\/#primaryimage\"},\"thumbnailUrl\":\"https:\\\/\\\/qreativ.se\\\/wp-content\\\/uploads\\\/2025\\\/01\\\/Detaljer-som-forenar-form-och-funktion-Gatsby-ar-inte-bara-vacker-att-se-pa-\u2013-den-ar-ocksa-genomtankt-in-i-minsta-detalj-Material-Glaserad-keramik-for-en-elegant-och-tidlos-look.-Lamphallare-E27-s-1-2.png\",\"datePublished\":\"2025-01-25T11:21:16+00:00\",\"dateModified\":\"2026-02-13T09:37:48+00:00\",\"breadcrumb\":{\"@id\":\"https:\\\/\\\/qreativ.se\\\/dk\\\/produkt\\\/ljuslykta-unik-vit-svart\\\/#breadcrumb\"},\"inLanguage\":\"da-DK\",\"potentialAction\":[{\"@type\":\"ReadAction\",\"target\":[\"https:\\\/\\\/qreativ.se\\\/dk\\\/produkt\\\/ljuslykta-unik-vit-svart\\\/\"]}]},{\"@type\":\"ImageObject\",\"inLanguage\":\"da-DK\",\"@id\":\"https:\\\/\\\/qreativ.se\\\/dk\\\/produkt\\\/ljuslykta-unik-vit-svart\\\/#primaryimage\",\"url\":\"https:\\\/\\\/qreativ.se\\\/wp-content\\\/uploads\\\/2025\\\/01\\\/Detaljer-som-forenar-form-och-funktion-Gatsby-ar-inte-bara-vacker-att-se-pa-\u2013-den-ar-ocksa-genomtankt-in-i-minsta-detalj-Material-Glaserad-keramik-for-en-elegant-och-tidlos-look.-Lamphallare-E27-s-1-2.png\",\"contentUrl\":\"https:\\\/\\\/qreativ.se\\\/wp-content\\\/uploads\\\/2025\\\/01\\\/Detaljer-som-forenar-form-och-funktion-Gatsby-ar-inte-bara-vacker-att-se-pa-\u2013-den-ar-ocksa-genomtankt-in-i-minsta-detalj-Material-Glaserad-keramik-for-en-elegant-och-tidlos-look.-Lamphallare-E27-s-1-2.png\",\"width\":2000,\"height\":2000},{\"@type\":\"BreadcrumbList\",\"@id\":\"https:\\\/\\\/qreativ.se\\\/dk\\\/produkt\\\/ljuslykta-unik-vit-svart\\\/#breadcrumb\",\"itemListElement\":[{\"@type\":\"ListItem\",\"position\":1,\"name\":\"Home\",\"item\":\"https:\\\/\\\/qreativ.se\\\/dk\\\/hjem\\\/\"},{\"@type\":\"ListItem\",\"position\":2,\"name\":\"Webbshop\",\"item\":\"https:\\\/\\\/qreativ.se\\\/dk\\\/webbshop\\\/\"},{\"@type\":\"ListItem\",\"position\":3,\"name\":\"Ljuslykta \u00c5tervunnet Glas Vit\\\/Svart S &#8211; Unik\"}]},{\"@type\":\"WebSite\",\"@id\":\"https:\\\/\\\/qreativ.se\\\/dk\\\/#website\",\"url\":\"https:\\\/\\\/qreativ.se\\\/dk\\\/\",\"name\":\"Qreativ\",\"description\":\"\",\"alternateName\":\"qreativ.se\",\"potentialAction\":[{\"@type\":\"SearchAction\",\"target\":{\"@type\":\"EntryPoint\",\"urlTemplate\":\"https:\\\/\\\/qreativ.se\\\/dk\\\/?s={search_term_string}\"},\"query-input\":{\"@type\":\"PropertyValueSpecification\",\"valueRequired\":true,\"valueName\":\"search_term_string\"}}],\"inLanguage\":\"da-DK\"}]}<\/script>\n<!-- \/ Yoast SEO plugin. -->","yoast_head_json":{"title":"Ljuslykta \u00c5tervunnet Glas Vit\/Svart S - Unik - Qreativ","robots":{"index":"index","follow":"follow","max-snippet":"max-snippet:-1","max-image-preview":"max-image-preview:large","max-video-preview":"max-video-preview:-1"},"canonical":"https:\/\/qreativ.se\/dk\/produkt\/ljuslykta-unik-vit-svart\/","og_locale":"da_DK","og_type":"article","og_title":"Ljuslykta \u00c5tervunnet Glas Vit\/Svart S - Unik - Qreativ","og_description":"Med\u00a0Ljuslykta UNIK\u00a0f\u00e5r du en st\u00e4mningsfull detalj som tillf\u00f6r b\u00e5de elegans och personlighet till ditt hem. Perfekt som en g\u00e5va eller som en tidl\u00f6s detalj i din egen inredning.","og_url":"https:\/\/qreativ.se\/dk\/produkt\/ljuslykta-unik-vit-svart\/","og_site_name":"Qreativ","article_modified_time":"2026-02-13T09:37:48+00:00","og_image":[{"width":2000,"height":2000,"url":"https:\/\/qreativ.se\/wp-content\/uploads\/2025\/01\/Detaljer-som-forenar-form-och-funktion-Gatsby-ar-inte-bara-vacker-att-se-pa-\u2013-den-ar-ocksa-genomtankt-in-i-minsta-detalj-Material-Glaserad-keramik-for-en-elegant-och-tidlos-look.-Lamphallare-E27-s-1-2.png","type":"image\/png"}],"twitter_card":"summary_large_image","twitter_misc":{"Estimeret l\u00e6setid":"1 minut"},"schema":{"@context":"https:\/\/schema.org","@graph":[{"@type":"WebPage","@id":"https:\/\/qreativ.se\/dk\/produkt\/ljuslykta-unik-vit-svart\/","url":"https:\/\/qreativ.se\/dk\/produkt\/ljuslykta-unik-vit-svart\/","name":"Ljuslykta \u00c5tervunnet Glas Vit\/Svart S - Unik - Qreativ","isPartOf":{"@id":"https:\/\/qreativ.se\/dk\/#website"},"primaryImageOfPage":{"@id":"https:\/\/qreativ.se\/dk\/produkt\/ljuslykta-unik-vit-svart\/#primaryimage"},"image":{"@id":"https:\/\/qreativ.se\/dk\/produkt\/ljuslykta-unik-vit-svart\/#primaryimage"},"thumbnailUrl":"https:\/\/qreativ.se\/wp-content\/uploads\/2025\/01\/Detaljer-som-forenar-form-och-funktion-Gatsby-ar-inte-bara-vacker-att-se-pa-\u2013-den-ar-ocksa-genomtankt-in-i-minsta-detalj-Material-Glaserad-keramik-for-en-elegant-och-tidlos-look.-Lamphallare-E27-s-1-2.png","datePublished":"2025-01-25T11:21:16+00:00","dateModified":"2026-02-13T09:37:48+00:00","breadcrumb":{"@id":"https:\/\/qreativ.se\/dk\/produkt\/ljuslykta-unik-vit-svart\/#breadcrumb"},"inLanguage":"da-DK","potentialAction":[{"@type":"ReadAction","target":["https:\/\/qreativ.se\/dk\/produkt\/ljuslykta-unik-vit-svart\/"]}]},{"@type":"ImageObject","inLanguage":"da-DK","@id":"https:\/\/qreativ.se\/dk\/produkt\/ljuslykta-unik-vit-svart\/#primaryimage","url":"https:\/\/qreativ.se\/wp-content\/uploads\/2025\/01\/Detaljer-som-forenar-form-och-funktion-Gatsby-ar-inte-bara-vacker-att-se-pa-\u2013-den-ar-ocksa-genomtankt-in-i-minsta-detalj-Material-Glaserad-keramik-for-en-elegant-och-tidlos-look.-Lamphallare-E27-s-1-2.png","contentUrl":"https:\/\/qreativ.se\/wp-content\/uploads\/2025\/01\/Detaljer-som-forenar-form-och-funktion-Gatsby-ar-inte-bara-vacker-att-se-pa-\u2013-den-ar-ocksa-genomtankt-in-i-minsta-detalj-Material-Glaserad-keramik-for-en-elegant-och-tidlos-look.-Lamphallare-E27-s-1-2.png","width":2000,"height":2000},{"@type":"BreadcrumbList","@id":"https:\/\/qreativ.se\/dk\/produkt\/ljuslykta-unik-vit-svart\/#breadcrumb","itemListElement":[{"@type":"ListItem","position":1,"name":"Home","item":"https:\/\/qreativ.se\/dk\/hjem\/"},{"@type":"ListItem","position":2,"name":"Webbshop","item":"https:\/\/qreativ.se\/dk\/webbshop\/"},{"@type":"ListItem","position":3,"name":"Ljuslykta \u00c5tervunnet Glas Vit\/Svart S &#8211; Unik"}]},{"@type":"WebSite","@id":"https:\/\/qreativ.se\/dk\/#website","url":"https:\/\/qreativ.se\/dk\/","name":"Qreativ","description":"","alternateName":"qreativ.se","potentialAction":[{"@type":"SearchAction","target":{"@type":"EntryPoint","urlTemplate":"https:\/\/qreativ.se\/dk\/?s={search_term_string}"},"query-input":{"@type":"PropertyValueSpecification","valueRequired":true,"valueName":"search_term_string"}}],"inLanguage":"da-DK"}]}},"_links":{"self":[{"href":"https:\/\/qreativ.se\/dk\/wp-json\/wp\/v2\/product\/16074","targetHints":{"allow":["GET"]}}],"collection":[{"href":"https:\/\/qreativ.se\/dk\/wp-json\/wp\/v2\/product"}],"about":[{"href":"https:\/\/qreativ.se\/dk\/wp-json\/wp\/v2\/types\/product"}],"replies":[{"embeddable":true,"href":"https:\/\/qreativ.se\/dk\/wp-json\/wp\/v2\/comments?post=16074"}],"wp:featuredmedia":[{"embeddable":true,"href":"https:\/\/qreativ.se\/dk\/wp-json\/wp\/v2\/media\/16075"}],"wp:attachment":[{"href":"https:\/\/qreativ.se\/dk\/wp-json\/wp\/v2\/media?parent=16074"}],"wp:term":[{"taxonomy":"product_brand","embeddable":true,"href":"https:\/\/qreativ.se\/dk\/wp-json\/wp\/v2\/product_brand?post=16074"},{"taxonomy":"product_cat","embeddable":true,"href":"https:\/\/qreativ.se\/dk\/wp-json\/wp\/v2\/product_cat?post=16074"},{"taxonomy":"product_tag","embeddable":true,"href":"https:\/\/qreativ.se\/dk\/wp-json\/wp\/v2\/product_tag?post=16074"}],"curies":[{"name":"wp","href":"https:\/\/api.w.org\/{rel}","templated":true}]}}