{"id":16128,"date":"2025-01-02T19:44:15","date_gmt":"2025-01-02T19:44:15","guid":{"rendered":"https:\/\/qreativ.se\/produkt\/agg-glas-hang-pastell-12-pack\/"},"modified":"2026-02-13T09:36:58","modified_gmt":"2026-02-13T09:36:58","slug":"agg-glas-hang-pastell-12-pack","status":"publish","type":"product","link":"https:\/\/qreativ.se\/dk\/produkt\/agg-glas-hang-pastell-12-pack\/","title":{"rendered":"\u00c4gg glas h\u00e4ng pastell 12-pack"},"content":{"rendered":"<div class=\"flex-shrink-0 flex flex-col relative items-end\">\n<div>\n<div class=\"pt-0\">\n<div class=\"gizmo-bot-avatar flex h-8 w-8 items-center justify-center overflow-hidden rounded-full\"><strong>Pastellf\u00e4rgade p\u00e5sk\u00e4gg \u2013 skapa ett lekfullt och stilfullt p\u00e5skris<\/strong><\/div>\n<\/div>\n<\/div>\n<\/div>\n<div class=\"group\/conversation-turn relative flex w-full min-w-0 flex-col agent-turn\">\n<div class=\"flex-col gap-1 md:gap-3\">\n<div class=\"flex max-w-full flex-col flex-grow\">\n<div class=\"min-h-8 text-message flex w-full flex-col items-end gap-2 whitespace-normal break-words text-start [.text-message+&amp;]:mt-5\" dir=\"auto\" data-message-author-role=\"assistant\" data-message-id=\"4a777e94-50ca-44c1-92a7-6ca46fe73573\" data-message-model-slug=\"gpt-4o\">\n<div class=\"flex w-full flex-col gap-1 empty:hidden first:pt-[3px]\">\n<div class=\"markdown prose w-full break-words dark:prose-invert light\">\n<p>Fira p\u00e5sken med en charmig mix av pastellf\u00e4rgade \u00e4gg att h\u00e4nga i p\u00e5skriset. Dessa dekorativa \u00e4gg \u00e4r perfekta f\u00f6r att s\u00e4tta f\u00e4rg och gl\u00e4dje p\u00e5 din p\u00e5skdekoration. Med mjuka pastellnyanser i bl\u00e5tt, rosa, gr\u00f6nt och gult skapar de en harmonisk och v\u00e5rig k\u00e4nsla som passar alla hem.<\/p>\n<p>\u00c4ggen \u00e4r utrustade med praktiska band f\u00f6r enkel upph\u00e4ngning och kan \u00e4ven anv\u00e4ndas som dekoration i andra kreativa projekt \u2013 varf\u00f6r inte l\u00e4gga dem i en sk\u00e5l som en del av en vacker bordsdukning?<\/p>\n<ul>\n<li><strong>Material:<\/strong> L\u00e4tta och h\u00e5llbara, perfekta f\u00f6r upph\u00e4ngning<\/li>\n<li><strong>F\u00e4rger:<\/strong> Mix av rosa, gr\u00f6nt och gult i pastelltoner<\/li>\n<li><strong>Anv\u00e4ndning:<\/strong> F\u00f6r p\u00e5skris, bordsdekoration eller DIY-projekt<\/li>\n<li><strong>F\u00f6rdelar:<\/strong> \u00c5teranv\u00e4ndbara och l\u00e4ttanv\u00e4nda<\/li>\n<\/ul>\n<\/div>\n<\/div>\n<\/div>\n<\/div>\n<\/div>\n<\/div>\n","protected":false},"excerpt":{"rendered":"<p>G\u00f6r ditt p\u00e5skris till ett riktigt blickf\u00e5ng med dessa eleganta pastellf\u00e4rgade \u00e4gg. Ett m\u00e5ste f\u00f6r alla som vill skapa en glad och stilren p\u00e5skst\u00e4mning!<\/p>\n","protected":false},"featured_media":16129,"comment_status":"open","ping_status":"closed","template":"","meta":{"_acf_changed":false,"inline_featured_image":false},"product_brand":[],"product_cat":[259,251],"product_tag":[],"class_list":{"0":"post-16128","1":"product","2":"type-product","3":"status-publish","4":"has-post-thumbnail","6":"product_cat-paske","7":"product_cat-saeson","9":"first","10":"instock","11":"taxable","12":"shipping-taxable","13":"purchasable","14":"product-type-simple"},"acf":[],"yoast_head":"<!-- This site is optimized with the Yoast SEO plugin v27.5 - https:\/\/yoast.com\/product\/yoast-seo-wordpress\/ -->\n<title>\u00c4gg glas h\u00e4ng pastell 12-pack - Qreativ<\/title>\n<meta name=\"robots\" content=\"index, follow, max-snippet:-1, max-image-preview:large, max-video-preview:-1\" \/>\n<link rel=\"canonical\" href=\"https:\/\/qreativ.se\/dk\/produkt\/agg-glas-hang-pastell-12-pack\/\" \/>\n<meta property=\"og:locale\" content=\"da_DK\" \/>\n<meta property=\"og:type\" content=\"article\" \/>\n<meta property=\"og:title\" content=\"\u00c4gg glas h\u00e4ng pastell 12-pack - Qreativ\" \/>\n<meta property=\"og:description\" content=\"G\u00f6r ditt p\u00e5skris till ett riktigt blickf\u00e5ng med dessa eleganta pastellf\u00e4rgade \u00e4gg. Ett m\u00e5ste f\u00f6r alla som vill skapa en glad och stilren p\u00e5skst\u00e4mning!\" \/>\n<meta property=\"og:url\" content=\"https:\/\/qreativ.se\/dk\/produkt\/agg-glas-hang-pastell-12-pack\/\" \/>\n<meta property=\"og:site_name\" content=\"Qreativ\" \/>\n<meta property=\"article:modified_time\" content=\"2026-02-13T09:36:58+00:00\" \/>\n<meta property=\"og:image\" content=\"https:\/\/qreativ.se\/wp-content\/uploads\/2025\/01\/Namnlos-design-13.png\" \/>\n\t<meta property=\"og:image:width\" content=\"2000\" \/>\n\t<meta property=\"og:image:height\" content=\"2000\" \/>\n\t<meta property=\"og:image:type\" content=\"image\/png\" \/>\n<meta name=\"twitter:card\" content=\"summary_large_image\" \/>\n<meta name=\"twitter:label1\" content=\"Estimeret l\u00e6setid\" \/>\n\t<meta name=\"twitter:data1\" content=\"1 minut\" \/>\n<script type=\"application\/ld+json\" class=\"yoast-schema-graph\">{\"@context\":\"https:\\\/\\\/schema.org\",\"@graph\":[{\"@type\":\"WebPage\",\"@id\":\"https:\\\/\\\/qreativ.se\\\/dk\\\/produkt\\\/agg-glas-hang-pastell-12-pack\\\/\",\"url\":\"https:\\\/\\\/qreativ.se\\\/dk\\\/produkt\\\/agg-glas-hang-pastell-12-pack\\\/\",\"name\":\"\u00c4gg glas h\u00e4ng pastell 12-pack - Qreativ\",\"isPartOf\":{\"@id\":\"https:\\\/\\\/qreativ.se\\\/dk\\\/#website\"},\"primaryImageOfPage\":{\"@id\":\"https:\\\/\\\/qreativ.se\\\/dk\\\/produkt\\\/agg-glas-hang-pastell-12-pack\\\/#primaryimage\"},\"image\":{\"@id\":\"https:\\\/\\\/qreativ.se\\\/dk\\\/produkt\\\/agg-glas-hang-pastell-12-pack\\\/#primaryimage\"},\"thumbnailUrl\":\"https:\\\/\\\/qreativ.se\\\/wp-content\\\/uploads\\\/2025\\\/01\\\/Namnlos-design-13.png\",\"datePublished\":\"2025-01-02T19:44:15+00:00\",\"dateModified\":\"2026-02-13T09:36:58+00:00\",\"breadcrumb\":{\"@id\":\"https:\\\/\\\/qreativ.se\\\/dk\\\/produkt\\\/agg-glas-hang-pastell-12-pack\\\/#breadcrumb\"},\"inLanguage\":\"da-DK\",\"potentialAction\":[{\"@type\":\"ReadAction\",\"target\":[\"https:\\\/\\\/qreativ.se\\\/dk\\\/produkt\\\/agg-glas-hang-pastell-12-pack\\\/\"]}]},{\"@type\":\"ImageObject\",\"inLanguage\":\"da-DK\",\"@id\":\"https:\\\/\\\/qreativ.se\\\/dk\\\/produkt\\\/agg-glas-hang-pastell-12-pack\\\/#primaryimage\",\"url\":\"https:\\\/\\\/qreativ.se\\\/wp-content\\\/uploads\\\/2025\\\/01\\\/Namnlos-design-13.png\",\"contentUrl\":\"https:\\\/\\\/qreativ.se\\\/wp-content\\\/uploads\\\/2025\\\/01\\\/Namnlos-design-13.png\",\"width\":2000,\"height\":2000},{\"@type\":\"BreadcrumbList\",\"@id\":\"https:\\\/\\\/qreativ.se\\\/dk\\\/produkt\\\/agg-glas-hang-pastell-12-pack\\\/#breadcrumb\",\"itemListElement\":[{\"@type\":\"ListItem\",\"position\":1,\"name\":\"Home\",\"item\":\"https:\\\/\\\/qreativ.se\\\/dk\\\/hjem\\\/\"},{\"@type\":\"ListItem\",\"position\":2,\"name\":\"Webbshop\",\"item\":\"https:\\\/\\\/qreativ.se\\\/dk\\\/webbshop\\\/\"},{\"@type\":\"ListItem\",\"position\":3,\"name\":\"\u00c4gg glas h\u00e4ng pastell 12-pack\"}]},{\"@type\":\"WebSite\",\"@id\":\"https:\\\/\\\/qreativ.se\\\/dk\\\/#website\",\"url\":\"https:\\\/\\\/qreativ.se\\\/dk\\\/\",\"name\":\"Qreativ\",\"description\":\"\",\"alternateName\":\"qreativ.se\",\"potentialAction\":[{\"@type\":\"SearchAction\",\"target\":{\"@type\":\"EntryPoint\",\"urlTemplate\":\"https:\\\/\\\/qreativ.se\\\/dk\\\/?s={search_term_string}\"},\"query-input\":{\"@type\":\"PropertyValueSpecification\",\"valueRequired\":true,\"valueName\":\"search_term_string\"}}],\"inLanguage\":\"da-DK\"}]}<\/script>\n<!-- \/ Yoast SEO plugin. -->","yoast_head_json":{"title":"\u00c4gg glas h\u00e4ng pastell 12-pack - Qreativ","robots":{"index":"index","follow":"follow","max-snippet":"max-snippet:-1","max-image-preview":"max-image-preview:large","max-video-preview":"max-video-preview:-1"},"canonical":"https:\/\/qreativ.se\/dk\/produkt\/agg-glas-hang-pastell-12-pack\/","og_locale":"da_DK","og_type":"article","og_title":"\u00c4gg glas h\u00e4ng pastell 12-pack - Qreativ","og_description":"G\u00f6r ditt p\u00e5skris till ett riktigt blickf\u00e5ng med dessa eleganta pastellf\u00e4rgade \u00e4gg. Ett m\u00e5ste f\u00f6r alla som vill skapa en glad och stilren p\u00e5skst\u00e4mning!","og_url":"https:\/\/qreativ.se\/dk\/produkt\/agg-glas-hang-pastell-12-pack\/","og_site_name":"Qreativ","article_modified_time":"2026-02-13T09:36:58+00:00","og_image":[{"width":2000,"height":2000,"url":"https:\/\/qreativ.se\/wp-content\/uploads\/2025\/01\/Namnlos-design-13.png","type":"image\/png"}],"twitter_card":"summary_large_image","twitter_misc":{"Estimeret l\u00e6setid":"1 minut"},"schema":{"@context":"https:\/\/schema.org","@graph":[{"@type":"WebPage","@id":"https:\/\/qreativ.se\/dk\/produkt\/agg-glas-hang-pastell-12-pack\/","url":"https:\/\/qreativ.se\/dk\/produkt\/agg-glas-hang-pastell-12-pack\/","name":"\u00c4gg glas h\u00e4ng pastell 12-pack - Qreativ","isPartOf":{"@id":"https:\/\/qreativ.se\/dk\/#website"},"primaryImageOfPage":{"@id":"https:\/\/qreativ.se\/dk\/produkt\/agg-glas-hang-pastell-12-pack\/#primaryimage"},"image":{"@id":"https:\/\/qreativ.se\/dk\/produkt\/agg-glas-hang-pastell-12-pack\/#primaryimage"},"thumbnailUrl":"https:\/\/qreativ.se\/wp-content\/uploads\/2025\/01\/Namnlos-design-13.png","datePublished":"2025-01-02T19:44:15+00:00","dateModified":"2026-02-13T09:36:58+00:00","breadcrumb":{"@id":"https:\/\/qreativ.se\/dk\/produkt\/agg-glas-hang-pastell-12-pack\/#breadcrumb"},"inLanguage":"da-DK","potentialAction":[{"@type":"ReadAction","target":["https:\/\/qreativ.se\/dk\/produkt\/agg-glas-hang-pastell-12-pack\/"]}]},{"@type":"ImageObject","inLanguage":"da-DK","@id":"https:\/\/qreativ.se\/dk\/produkt\/agg-glas-hang-pastell-12-pack\/#primaryimage","url":"https:\/\/qreativ.se\/wp-content\/uploads\/2025\/01\/Namnlos-design-13.png","contentUrl":"https:\/\/qreativ.se\/wp-content\/uploads\/2025\/01\/Namnlos-design-13.png","width":2000,"height":2000},{"@type":"BreadcrumbList","@id":"https:\/\/qreativ.se\/dk\/produkt\/agg-glas-hang-pastell-12-pack\/#breadcrumb","itemListElement":[{"@type":"ListItem","position":1,"name":"Home","item":"https:\/\/qreativ.se\/dk\/hjem\/"},{"@type":"ListItem","position":2,"name":"Webbshop","item":"https:\/\/qreativ.se\/dk\/webbshop\/"},{"@type":"ListItem","position":3,"name":"\u00c4gg glas h\u00e4ng pastell 12-pack"}]},{"@type":"WebSite","@id":"https:\/\/qreativ.se\/dk\/#website","url":"https:\/\/qreativ.se\/dk\/","name":"Qreativ","description":"","alternateName":"qreativ.se","potentialAction":[{"@type":"SearchAction","target":{"@type":"EntryPoint","urlTemplate":"https:\/\/qreativ.se\/dk\/?s={search_term_string}"},"query-input":{"@type":"PropertyValueSpecification","valueRequired":true,"valueName":"search_term_string"}}],"inLanguage":"da-DK"}]}},"_links":{"self":[{"href":"https:\/\/qreativ.se\/dk\/wp-json\/wp\/v2\/product\/16128","targetHints":{"allow":["GET"]}}],"collection":[{"href":"https:\/\/qreativ.se\/dk\/wp-json\/wp\/v2\/product"}],"about":[{"href":"https:\/\/qreativ.se\/dk\/wp-json\/wp\/v2\/types\/product"}],"replies":[{"embeddable":true,"href":"https:\/\/qreativ.se\/dk\/wp-json\/wp\/v2\/comments?post=16128"}],"wp:featuredmedia":[{"embeddable":true,"href":"https:\/\/qreativ.se\/dk\/wp-json\/wp\/v2\/media\/16129"}],"wp:attachment":[{"href":"https:\/\/qreativ.se\/dk\/wp-json\/wp\/v2\/media?parent=16128"}],"wp:term":[{"taxonomy":"product_brand","embeddable":true,"href":"https:\/\/qreativ.se\/dk\/wp-json\/wp\/v2\/product_brand?post=16128"},{"taxonomy":"product_cat","embeddable":true,"href":"https:\/\/qreativ.se\/dk\/wp-json\/wp\/v2\/product_cat?post=16128"},{"taxonomy":"product_tag","embeddable":true,"href":"https:\/\/qreativ.se\/dk\/wp-json\/wp\/v2\/product_tag?post=16128"}],"curies":[{"name":"wp","href":"https:\/\/api.w.org\/{rel}","templated":true}]}}