{"id":16388,"date":"2024-10-19T10:54:09","date_gmt":"2024-10-19T10:54:09","guid":{"rendered":"https:\/\/qreativ.se\/produkt\/julgranspynt-julklapp\/"},"modified":"2026-02-13T09:35:16","modified_gmt":"2026-02-13T09:35:16","slug":"julgranspynt-julklapp","status":"publish","type":"product","link":"https:\/\/qreativ.se\/dk\/produkt\/julgranspynt-julklapp\/","title":{"rendered":"Julgranspynt Glas Julklapp 4-pack"},"content":{"rendered":"<p>Ge din julgran liv och personlighet med v\u00e5ra lekfulla julgransh\u00e4ngen! Utforska v\u00e5rt sortiment, mixa och matcha och l\u00e5t kreativiteten fl\u00f6da. Skapa en magisk jul handplockad efter just din stil och smak. Material: Glas<\/p>\n","protected":false},"excerpt":{"rendered":"<p>Ge din julgran liv och personlighet med v\u00e5ra lekfulla julgransh\u00e4ngen! Utforska v\u00e5rt sortiment, mixa och matcha och l\u00e5t kreativiteten fl\u00f6da. Skapa en magisk jul handplockad efter just din stil och smak. Material: Glas<\/p>\n","protected":false},"featured_media":16389,"comment_status":"open","ping_status":"closed","template":"","meta":{"_acf_changed":false,"inline_featured_image":false},"product_brand":[],"product_cat":[253,256,251],"product_tag":[286],"class_list":{"0":"post-16388","1":"product","2":"type-product","3":"status-publish","4":"has-post-thumbnail","6":"product_cat-jul","7":"product_cat-juletraespynt","8":"product_cat-saeson","9":"product_tag-easytoship","11":"first","12":"instock","13":"taxable","14":"shipping-taxable","15":"purchasable","16":"product-type-simple"},"acf":[],"yoast_head":"<!-- This site is optimized with the Yoast SEO plugin v27.5 - https:\/\/yoast.com\/product\/yoast-seo-wordpress\/ -->\n<title>Julgranspynt Glas Julklapp 4-pack - Qreativ<\/title>\n<meta name=\"robots\" content=\"index, follow, max-snippet:-1, max-image-preview:large, max-video-preview:-1\" \/>\n<link rel=\"canonical\" href=\"https:\/\/qreativ.se\/dk\/produkt\/julgranspynt-julklapp\/\" \/>\n<meta property=\"og:locale\" content=\"da_DK\" \/>\n<meta property=\"og:type\" content=\"article\" \/>\n<meta property=\"og:title\" content=\"Julgranspynt Glas Julklapp 4-pack - Qreativ\" \/>\n<meta property=\"og:description\" content=\"Ge din julgran liv och personlighet med v\u00e5ra lekfulla julgransh\u00e4ngen! Utforska v\u00e5rt sortiment, mixa och matcha och l\u00e5t kreativiteten fl\u00f6da. Skapa en magisk jul handplockad efter just din stil och smak. Material: Glas\" \/>\n<meta property=\"og:url\" content=\"https:\/\/qreativ.se\/dk\/produkt\/julgranspynt-julklapp\/\" \/>\n<meta property=\"og:site_name\" content=\"Qreativ\" \/>\n<meta property=\"article:modified_time\" content=\"2026-02-13T09:35:16+00:00\" \/>\n<meta property=\"og:image\" content=\"https:\/\/qreativ.se\/wp-content\/uploads\/2024\/10\/5b6b194b-212f-4a8b-84f2-2756e6fcb3b8.png\" \/>\n\t<meta property=\"og:image:width\" content=\"1920\" \/>\n\t<meta property=\"og:image:height\" content=\"1279\" \/>\n\t<meta property=\"og:image:type\" content=\"image\/png\" \/>\n<meta name=\"twitter:card\" content=\"summary_large_image\" \/>\n<meta name=\"twitter:label1\" content=\"Estimeret l\u00e6setid\" \/>\n\t<meta name=\"twitter:data1\" content=\"1 minut\" \/>\n<script type=\"application\/ld+json\" class=\"yoast-schema-graph\">{\"@context\":\"https:\\\/\\\/schema.org\",\"@graph\":[{\"@type\":\"WebPage\",\"@id\":\"https:\\\/\\\/qreativ.se\\\/dk\\\/produkt\\\/julgranspynt-julklapp\\\/\",\"url\":\"https:\\\/\\\/qreativ.se\\\/dk\\\/produkt\\\/julgranspynt-julklapp\\\/\",\"name\":\"Julgranspynt Glas Julklapp 4-pack - Qreativ\",\"isPartOf\":{\"@id\":\"https:\\\/\\\/qreativ.se\\\/dk\\\/#website\"},\"primaryImageOfPage\":{\"@id\":\"https:\\\/\\\/qreativ.se\\\/dk\\\/produkt\\\/julgranspynt-julklapp\\\/#primaryimage\"},\"image\":{\"@id\":\"https:\\\/\\\/qreativ.se\\\/dk\\\/produkt\\\/julgranspynt-julklapp\\\/#primaryimage\"},\"thumbnailUrl\":\"https:\\\/\\\/qreativ.se\\\/wp-content\\\/uploads\\\/2024\\\/10\\\/5b6b194b-212f-4a8b-84f2-2756e6fcb3b8.png\",\"datePublished\":\"2024-10-19T10:54:09+00:00\",\"dateModified\":\"2026-02-13T09:35:16+00:00\",\"breadcrumb\":{\"@id\":\"https:\\\/\\\/qreativ.se\\\/dk\\\/produkt\\\/julgranspynt-julklapp\\\/#breadcrumb\"},\"inLanguage\":\"da-DK\",\"potentialAction\":[{\"@type\":\"ReadAction\",\"target\":[\"https:\\\/\\\/qreativ.se\\\/dk\\\/produkt\\\/julgranspynt-julklapp\\\/\"]}]},{\"@type\":\"ImageObject\",\"inLanguage\":\"da-DK\",\"@id\":\"https:\\\/\\\/qreativ.se\\\/dk\\\/produkt\\\/julgranspynt-julklapp\\\/#primaryimage\",\"url\":\"https:\\\/\\\/qreativ.se\\\/wp-content\\\/uploads\\\/2024\\\/10\\\/5b6b194b-212f-4a8b-84f2-2756e6fcb3b8.png\",\"contentUrl\":\"https:\\\/\\\/qreativ.se\\\/wp-content\\\/uploads\\\/2024\\\/10\\\/5b6b194b-212f-4a8b-84f2-2756e6fcb3b8.png\",\"width\":1920,\"height\":1279},{\"@type\":\"BreadcrumbList\",\"@id\":\"https:\\\/\\\/qreativ.se\\\/dk\\\/produkt\\\/julgranspynt-julklapp\\\/#breadcrumb\",\"itemListElement\":[{\"@type\":\"ListItem\",\"position\":1,\"name\":\"Home\",\"item\":\"https:\\\/\\\/qreativ.se\\\/dk\\\/hjem\\\/\"},{\"@type\":\"ListItem\",\"position\":2,\"name\":\"Webbshop\",\"item\":\"https:\\\/\\\/qreativ.se\\\/dk\\\/webbshop\\\/\"},{\"@type\":\"ListItem\",\"position\":3,\"name\":\"Julgranspynt Glas Julklapp 4-pack\"}]},{\"@type\":\"WebSite\",\"@id\":\"https:\\\/\\\/qreativ.se\\\/dk\\\/#website\",\"url\":\"https:\\\/\\\/qreativ.se\\\/dk\\\/\",\"name\":\"Qreativ\",\"description\":\"\",\"alternateName\":\"qreativ.se\",\"potentialAction\":[{\"@type\":\"SearchAction\",\"target\":{\"@type\":\"EntryPoint\",\"urlTemplate\":\"https:\\\/\\\/qreativ.se\\\/dk\\\/?s={search_term_string}\"},\"query-input\":{\"@type\":\"PropertyValueSpecification\",\"valueRequired\":true,\"valueName\":\"search_term_string\"}}],\"inLanguage\":\"da-DK\"}]}<\/script>\n<!-- \/ Yoast SEO plugin. -->","yoast_head_json":{"title":"Julgranspynt Glas Julklapp 4-pack - Qreativ","robots":{"index":"index","follow":"follow","max-snippet":"max-snippet:-1","max-image-preview":"max-image-preview:large","max-video-preview":"max-video-preview:-1"},"canonical":"https:\/\/qreativ.se\/dk\/produkt\/julgranspynt-julklapp\/","og_locale":"da_DK","og_type":"article","og_title":"Julgranspynt Glas Julklapp 4-pack - Qreativ","og_description":"Ge din julgran liv och personlighet med v\u00e5ra lekfulla julgransh\u00e4ngen! Utforska v\u00e5rt sortiment, mixa och matcha och l\u00e5t kreativiteten fl\u00f6da. Skapa en magisk jul handplockad efter just din stil och smak. Material: Glas","og_url":"https:\/\/qreativ.se\/dk\/produkt\/julgranspynt-julklapp\/","og_site_name":"Qreativ","article_modified_time":"2026-02-13T09:35:16+00:00","og_image":[{"width":1920,"height":1279,"url":"https:\/\/qreativ.se\/wp-content\/uploads\/2024\/10\/5b6b194b-212f-4a8b-84f2-2756e6fcb3b8.png","type":"image\/png"}],"twitter_card":"summary_large_image","twitter_misc":{"Estimeret l\u00e6setid":"1 minut"},"schema":{"@context":"https:\/\/schema.org","@graph":[{"@type":"WebPage","@id":"https:\/\/qreativ.se\/dk\/produkt\/julgranspynt-julklapp\/","url":"https:\/\/qreativ.se\/dk\/produkt\/julgranspynt-julklapp\/","name":"Julgranspynt Glas Julklapp 4-pack - Qreativ","isPartOf":{"@id":"https:\/\/qreativ.se\/dk\/#website"},"primaryImageOfPage":{"@id":"https:\/\/qreativ.se\/dk\/produkt\/julgranspynt-julklapp\/#primaryimage"},"image":{"@id":"https:\/\/qreativ.se\/dk\/produkt\/julgranspynt-julklapp\/#primaryimage"},"thumbnailUrl":"https:\/\/qreativ.se\/wp-content\/uploads\/2024\/10\/5b6b194b-212f-4a8b-84f2-2756e6fcb3b8.png","datePublished":"2024-10-19T10:54:09+00:00","dateModified":"2026-02-13T09:35:16+00:00","breadcrumb":{"@id":"https:\/\/qreativ.se\/dk\/produkt\/julgranspynt-julklapp\/#breadcrumb"},"inLanguage":"da-DK","potentialAction":[{"@type":"ReadAction","target":["https:\/\/qreativ.se\/dk\/produkt\/julgranspynt-julklapp\/"]}]},{"@type":"ImageObject","inLanguage":"da-DK","@id":"https:\/\/qreativ.se\/dk\/produkt\/julgranspynt-julklapp\/#primaryimage","url":"https:\/\/qreativ.se\/wp-content\/uploads\/2024\/10\/5b6b194b-212f-4a8b-84f2-2756e6fcb3b8.png","contentUrl":"https:\/\/qreativ.se\/wp-content\/uploads\/2024\/10\/5b6b194b-212f-4a8b-84f2-2756e6fcb3b8.png","width":1920,"height":1279},{"@type":"BreadcrumbList","@id":"https:\/\/qreativ.se\/dk\/produkt\/julgranspynt-julklapp\/#breadcrumb","itemListElement":[{"@type":"ListItem","position":1,"name":"Home","item":"https:\/\/qreativ.se\/dk\/hjem\/"},{"@type":"ListItem","position":2,"name":"Webbshop","item":"https:\/\/qreativ.se\/dk\/webbshop\/"},{"@type":"ListItem","position":3,"name":"Julgranspynt Glas Julklapp 4-pack"}]},{"@type":"WebSite","@id":"https:\/\/qreativ.se\/dk\/#website","url":"https:\/\/qreativ.se\/dk\/","name":"Qreativ","description":"","alternateName":"qreativ.se","potentialAction":[{"@type":"SearchAction","target":{"@type":"EntryPoint","urlTemplate":"https:\/\/qreativ.se\/dk\/?s={search_term_string}"},"query-input":{"@type":"PropertyValueSpecification","valueRequired":true,"valueName":"search_term_string"}}],"inLanguage":"da-DK"}]}},"_links":{"self":[{"href":"https:\/\/qreativ.se\/dk\/wp-json\/wp\/v2\/product\/16388","targetHints":{"allow":["GET"]}}],"collection":[{"href":"https:\/\/qreativ.se\/dk\/wp-json\/wp\/v2\/product"}],"about":[{"href":"https:\/\/qreativ.se\/dk\/wp-json\/wp\/v2\/types\/product"}],"replies":[{"embeddable":true,"href":"https:\/\/qreativ.se\/dk\/wp-json\/wp\/v2\/comments?post=16388"}],"wp:featuredmedia":[{"embeddable":true,"href":"https:\/\/qreativ.se\/dk\/wp-json\/wp\/v2\/media\/16389"}],"wp:attachment":[{"href":"https:\/\/qreativ.se\/dk\/wp-json\/wp\/v2\/media?parent=16388"}],"wp:term":[{"taxonomy":"product_brand","embeddable":true,"href":"https:\/\/qreativ.se\/dk\/wp-json\/wp\/v2\/product_brand?post=16388"},{"taxonomy":"product_cat","embeddable":true,"href":"https:\/\/qreativ.se\/dk\/wp-json\/wp\/v2\/product_cat?post=16388"},{"taxonomy":"product_tag","embeddable":true,"href":"https:\/\/qreativ.se\/dk\/wp-json\/wp\/v2\/product_tag?post=16388"}],"curies":[{"name":"wp","href":"https:\/\/api.w.org\/{rel}","templated":true}]}}