{"id":16416,"date":"2024-10-18T16:10:23","date_gmt":"2024-10-18T16:10:23","guid":{"rendered":"https:\/\/qreativ.se\/produkt\/ljuslykta-hus-massingfargad-set-om-3\/"},"modified":"2026-02-13T09:35:11","modified_gmt":"2026-02-13T09:35:11","slug":"ljuslykta-hus-massingfargad-set-om-3","status":"publish","type":"product","link":"https:\/\/qreativ.se\/dk\/produkt\/ljuslykta-hus-massingfargad-set-om-3\/","title":{"rendered":"Ljuslykta hus m\u00e4ssingf\u00e4rgad set om 3"},"content":{"rendered":"<p><span class=\"f7text\">Skapa en st\u00e4mningsfull atmosf\u00e4r med dessa vackra lyktor f\u00f6r v\u00e4rmeljus. Ett dekorativt set som kombinerar industriell design med v\u00e4rmen fr\u00e5n levande ljus och ger ditt hem en sofistikerad touch. Perfekt f\u00f6r att lysa upp m\u00f6rka vinterkv\u00e4llar och skapa en mysig st\u00e4mning.<\/span><\/p>\n<p>Material<br \/>\nJ\u00e4rn<\/p>\n<p>Material<br \/>\nJ\u00e4rn<\/p>\n","protected":false},"excerpt":{"rendered":"<p>Skapa en st\u00e4mningsfull atmosf\u00e4r med dessa vackra lyktor f\u00f6r v\u00e4rmeljus. Ett dekorativt set som kombinerar industriell design med v\u00e4rmen fr\u00e5n levande ljus och ger ditt hem en sofistikerad touch. Perfekt f\u00f6r att lysa upp m\u00f6rka vinterkv\u00e4llar och skapa en mysig st\u00e4mning. Material J\u00e4rn Material J\u00e4rn<\/p>\n","protected":false},"featured_media":16417,"comment_status":"open","ping_status":"closed","template":"","meta":{"_acf_changed":false,"inline_featured_image":false},"product_brand":[],"product_cat":[253,242,239,258,251],"product_tag":[286],"class_list":{"0":"post-16416","1":"product","2":"type-product","3":"status-publish","4":"has-post-thumbnail","6":"product_cat-jul","7":"product_cat-lygteholdere","8":"product_cat-stemningsfulde-lysestager-lysholdere","9":"product_cat-lyskilder","10":"product_cat-saeson","11":"product_tag-easytoship","13":"first","14":"instock","15":"taxable","16":"shipping-taxable","17":"purchasable","18":"product-type-simple"},"acf":[],"yoast_head":"<!-- This site is optimized with the Yoast SEO plugin v27.4 - https:\/\/yoast.com\/product\/yoast-seo-wordpress\/ -->\n<title>Ljuslykta hus m\u00e4ssingf\u00e4rgad set om 3 - Qreativ<\/title>\n<meta name=\"robots\" content=\"index, follow, max-snippet:-1, max-image-preview:large, max-video-preview:-1\" \/>\n<link rel=\"canonical\" href=\"https:\/\/qreativ.se\/dk\/produkt\/ljuslykta-hus-massingfargad-set-om-3\/\" \/>\n<meta property=\"og:locale\" content=\"da_DK\" \/>\n<meta property=\"og:type\" content=\"article\" \/>\n<meta property=\"og:title\" content=\"Ljuslykta hus m\u00e4ssingf\u00e4rgad set om 3 - Qreativ\" \/>\n<meta property=\"og:description\" content=\"Skapa en st\u00e4mningsfull atmosf\u00e4r med dessa vackra lyktor f\u00f6r v\u00e4rmeljus. Ett dekorativt set som kombinerar industriell design med v\u00e4rmen fr\u00e5n levande ljus och ger ditt hem en sofistikerad touch. Perfekt f\u00f6r att lysa upp m\u00f6rka vinterkv\u00e4llar och skapa en mysig st\u00e4mning. Material J\u00e4rn Material J\u00e4rn\" \/>\n<meta property=\"og:url\" content=\"https:\/\/qreativ.se\/dk\/produkt\/ljuslykta-hus-massingfargad-set-om-3\/\" \/>\n<meta property=\"og:site_name\" content=\"Qreativ\" \/>\n<meta property=\"article:modified_time\" content=\"2026-02-13T09:35:11+00:00\" \/>\n<meta property=\"og:image\" content=\"https:\/\/qreativ.se\/wp-content\/uploads\/2024\/10\/797-181-00.png\" \/>\n\t<meta property=\"og:image:width\" content=\"1500\" \/>\n\t<meta property=\"og:image:height\" content=\"1500\" \/>\n\t<meta property=\"og:image:type\" content=\"image\/png\" \/>\n<meta name=\"twitter:card\" content=\"summary_large_image\" \/>\n<meta name=\"twitter:label1\" content=\"Estimeret l\u00e6setid\" \/>\n\t<meta name=\"twitter:data1\" content=\"1 minut\" \/>\n<script type=\"application\/ld+json\" class=\"yoast-schema-graph\">{\"@context\":\"https:\\\/\\\/schema.org\",\"@graph\":[{\"@type\":\"WebPage\",\"@id\":\"https:\\\/\\\/qreativ.se\\\/dk\\\/produkt\\\/ljuslykta-hus-massingfargad-set-om-3\\\/\",\"url\":\"https:\\\/\\\/qreativ.se\\\/dk\\\/produkt\\\/ljuslykta-hus-massingfargad-set-om-3\\\/\",\"name\":\"Ljuslykta hus m\u00e4ssingf\u00e4rgad set om 3 - Qreativ\",\"isPartOf\":{\"@id\":\"https:\\\/\\\/qreativ.se\\\/dk\\\/#website\"},\"primaryImageOfPage\":{\"@id\":\"https:\\\/\\\/qreativ.se\\\/dk\\\/produkt\\\/ljuslykta-hus-massingfargad-set-om-3\\\/#primaryimage\"},\"image\":{\"@id\":\"https:\\\/\\\/qreativ.se\\\/dk\\\/produkt\\\/ljuslykta-hus-massingfargad-set-om-3\\\/#primaryimage\"},\"thumbnailUrl\":\"https:\\\/\\\/qreativ.se\\\/wp-content\\\/uploads\\\/2024\\\/10\\\/797-181-00.png\",\"datePublished\":\"2024-10-18T16:10:23+00:00\",\"dateModified\":\"2026-02-13T09:35:11+00:00\",\"breadcrumb\":{\"@id\":\"https:\\\/\\\/qreativ.se\\\/dk\\\/produkt\\\/ljuslykta-hus-massingfargad-set-om-3\\\/#breadcrumb\"},\"inLanguage\":\"da-DK\",\"potentialAction\":[{\"@type\":\"ReadAction\",\"target\":[\"https:\\\/\\\/qreativ.se\\\/dk\\\/produkt\\\/ljuslykta-hus-massingfargad-set-om-3\\\/\"]}]},{\"@type\":\"ImageObject\",\"inLanguage\":\"da-DK\",\"@id\":\"https:\\\/\\\/qreativ.se\\\/dk\\\/produkt\\\/ljuslykta-hus-massingfargad-set-om-3\\\/#primaryimage\",\"url\":\"https:\\\/\\\/qreativ.se\\\/wp-content\\\/uploads\\\/2024\\\/10\\\/797-181-00.png\",\"contentUrl\":\"https:\\\/\\\/qreativ.se\\\/wp-content\\\/uploads\\\/2024\\\/10\\\/797-181-00.png\",\"width\":1500,\"height\":1500},{\"@type\":\"BreadcrumbList\",\"@id\":\"https:\\\/\\\/qreativ.se\\\/dk\\\/produkt\\\/ljuslykta-hus-massingfargad-set-om-3\\\/#breadcrumb\",\"itemListElement\":[{\"@type\":\"ListItem\",\"position\":1,\"name\":\"Home\",\"item\":\"https:\\\/\\\/qreativ.se\\\/dk\\\/hjem\\\/\"},{\"@type\":\"ListItem\",\"position\":2,\"name\":\"Webbshop\",\"item\":\"https:\\\/\\\/qreativ.se\\\/dk\\\/webbshop\\\/\"},{\"@type\":\"ListItem\",\"position\":3,\"name\":\"Ljuslykta hus m\u00e4ssingf\u00e4rgad set om 3\"}]},{\"@type\":\"WebSite\",\"@id\":\"https:\\\/\\\/qreativ.se\\\/dk\\\/#website\",\"url\":\"https:\\\/\\\/qreativ.se\\\/dk\\\/\",\"name\":\"Qreativ\",\"description\":\"\",\"alternateName\":\"qreativ.se\",\"potentialAction\":[{\"@type\":\"SearchAction\",\"target\":{\"@type\":\"EntryPoint\",\"urlTemplate\":\"https:\\\/\\\/qreativ.se\\\/dk\\\/?s={search_term_string}\"},\"query-input\":{\"@type\":\"PropertyValueSpecification\",\"valueRequired\":true,\"valueName\":\"search_term_string\"}}],\"inLanguage\":\"da-DK\"}]}<\/script>\n<!-- \/ Yoast SEO plugin. -->","yoast_head_json":{"title":"Ljuslykta hus m\u00e4ssingf\u00e4rgad set om 3 - Qreativ","robots":{"index":"index","follow":"follow","max-snippet":"max-snippet:-1","max-image-preview":"max-image-preview:large","max-video-preview":"max-video-preview:-1"},"canonical":"https:\/\/qreativ.se\/dk\/produkt\/ljuslykta-hus-massingfargad-set-om-3\/","og_locale":"da_DK","og_type":"article","og_title":"Ljuslykta hus m\u00e4ssingf\u00e4rgad set om 3 - Qreativ","og_description":"Skapa en st\u00e4mningsfull atmosf\u00e4r med dessa vackra lyktor f\u00f6r v\u00e4rmeljus. Ett dekorativt set som kombinerar industriell design med v\u00e4rmen fr\u00e5n levande ljus och ger ditt hem en sofistikerad touch. Perfekt f\u00f6r att lysa upp m\u00f6rka vinterkv\u00e4llar och skapa en mysig st\u00e4mning. Material J\u00e4rn Material J\u00e4rn","og_url":"https:\/\/qreativ.se\/dk\/produkt\/ljuslykta-hus-massingfargad-set-om-3\/","og_site_name":"Qreativ","article_modified_time":"2026-02-13T09:35:11+00:00","og_image":[{"width":1500,"height":1500,"url":"https:\/\/qreativ.se\/wp-content\/uploads\/2024\/10\/797-181-00.png","type":"image\/png"}],"twitter_card":"summary_large_image","twitter_misc":{"Estimeret l\u00e6setid":"1 minut"},"schema":{"@context":"https:\/\/schema.org","@graph":[{"@type":"WebPage","@id":"https:\/\/qreativ.se\/dk\/produkt\/ljuslykta-hus-massingfargad-set-om-3\/","url":"https:\/\/qreativ.se\/dk\/produkt\/ljuslykta-hus-massingfargad-set-om-3\/","name":"Ljuslykta hus m\u00e4ssingf\u00e4rgad set om 3 - Qreativ","isPartOf":{"@id":"https:\/\/qreativ.se\/dk\/#website"},"primaryImageOfPage":{"@id":"https:\/\/qreativ.se\/dk\/produkt\/ljuslykta-hus-massingfargad-set-om-3\/#primaryimage"},"image":{"@id":"https:\/\/qreativ.se\/dk\/produkt\/ljuslykta-hus-massingfargad-set-om-3\/#primaryimage"},"thumbnailUrl":"https:\/\/qreativ.se\/wp-content\/uploads\/2024\/10\/797-181-00.png","datePublished":"2024-10-18T16:10:23+00:00","dateModified":"2026-02-13T09:35:11+00:00","breadcrumb":{"@id":"https:\/\/qreativ.se\/dk\/produkt\/ljuslykta-hus-massingfargad-set-om-3\/#breadcrumb"},"inLanguage":"da-DK","potentialAction":[{"@type":"ReadAction","target":["https:\/\/qreativ.se\/dk\/produkt\/ljuslykta-hus-massingfargad-set-om-3\/"]}]},{"@type":"ImageObject","inLanguage":"da-DK","@id":"https:\/\/qreativ.se\/dk\/produkt\/ljuslykta-hus-massingfargad-set-om-3\/#primaryimage","url":"https:\/\/qreativ.se\/wp-content\/uploads\/2024\/10\/797-181-00.png","contentUrl":"https:\/\/qreativ.se\/wp-content\/uploads\/2024\/10\/797-181-00.png","width":1500,"height":1500},{"@type":"BreadcrumbList","@id":"https:\/\/qreativ.se\/dk\/produkt\/ljuslykta-hus-massingfargad-set-om-3\/#breadcrumb","itemListElement":[{"@type":"ListItem","position":1,"name":"Home","item":"https:\/\/qreativ.se\/dk\/hjem\/"},{"@type":"ListItem","position":2,"name":"Webbshop","item":"https:\/\/qreativ.se\/dk\/webbshop\/"},{"@type":"ListItem","position":3,"name":"Ljuslykta hus m\u00e4ssingf\u00e4rgad set om 3"}]},{"@type":"WebSite","@id":"https:\/\/qreativ.se\/dk\/#website","url":"https:\/\/qreativ.se\/dk\/","name":"Qreativ","description":"","alternateName":"qreativ.se","potentialAction":[{"@type":"SearchAction","target":{"@type":"EntryPoint","urlTemplate":"https:\/\/qreativ.se\/dk\/?s={search_term_string}"},"query-input":{"@type":"PropertyValueSpecification","valueRequired":true,"valueName":"search_term_string"}}],"inLanguage":"da-DK"}]}},"_links":{"self":[{"href":"https:\/\/qreativ.se\/dk\/wp-json\/wp\/v2\/product\/16416","targetHints":{"allow":["GET"]}}],"collection":[{"href":"https:\/\/qreativ.se\/dk\/wp-json\/wp\/v2\/product"}],"about":[{"href":"https:\/\/qreativ.se\/dk\/wp-json\/wp\/v2\/types\/product"}],"replies":[{"embeddable":true,"href":"https:\/\/qreativ.se\/dk\/wp-json\/wp\/v2\/comments?post=16416"}],"wp:featuredmedia":[{"embeddable":true,"href":"https:\/\/qreativ.se\/dk\/wp-json\/wp\/v2\/media\/16417"}],"wp:attachment":[{"href":"https:\/\/qreativ.se\/dk\/wp-json\/wp\/v2\/media?parent=16416"}],"wp:term":[{"taxonomy":"product_brand","embeddable":true,"href":"https:\/\/qreativ.se\/dk\/wp-json\/wp\/v2\/product_brand?post=16416"},{"taxonomy":"product_cat","embeddable":true,"href":"https:\/\/qreativ.se\/dk\/wp-json\/wp\/v2\/product_cat?post=16416"},{"taxonomy":"product_tag","embeddable":true,"href":"https:\/\/qreativ.se\/dk\/wp-json\/wp\/v2\/product_tag?post=16416"}],"curies":[{"name":"wp","href":"https:\/\/api.w.org\/{rel}","templated":true}]}}