{"id":16447,"date":"2024-10-18T11:47:34","date_gmt":"2024-10-18T11:47:34","guid":{"rendered":"https:\/\/qreativ.se\/produkt\/kaninhuvud-guldkrage-s-ljusstake\/"},"modified":"2026-02-13T09:35:04","modified_gmt":"2026-02-13T09:35:04","slug":"kaninhuvud-guldkrage-s-ljusstake","status":"publish","type":"product","link":"https:\/\/qreativ.se\/dk\/produkt\/kaninhuvud-guldkrage-s-ljusstake\/","title":{"rendered":"Kaninhuvud guldkrage S ljusstake"},"content":{"rendered":"<p>Ge ditt julpynt ett inslag av sofistikerad lekfullhet med v\u00e5ra dekorativa julkaniner! Denna charmiga dekoration \u00e4r perfekt f\u00f6r att tillf\u00f6ra en unik och festlig k\u00e4nsla till ditt hem under juletid. Med sin stilfulla karakt\u00e4r och detaljrika design blir kaninen en i\u00f6gonfallande detalj, oavsett om du placerar den p\u00e5 en hylla, ett bord eller som en del av din juldukning.<\/p>\n","protected":false},"excerpt":{"rendered":"<p>Ge ditt julpynt ett inslag av sofistikerad lekfullhet med v\u00e5ra dekorativa julkaniner! Denna charmiga dekoration \u00e4r perfekt f\u00f6r att tillf\u00f6ra en unik och festlig k\u00e4nsla till ditt hem under juletid. Med sin stilfulla karakt\u00e4r och detaljrika design blir kaninen en i\u00f6gonfallande detalj, oavsett om du placerar den p\u00e5 en hylla, ett bord eller som en [&hellip;]<\/p>\n","protected":false},"featured_media":16448,"comment_status":"open","ping_status":"closed","template":"","meta":{"_acf_changed":false,"inline_featured_image":false},"product_brand":[],"product_cat":[253,255,239,243,251],"product_tag":[],"class_list":{"0":"post-16447","1":"product","2":"type-product","3":"status-publish","4":"has-post-thumbnail","6":"product_cat-jul","7":"product_cat-dekoration","8":"product_cat-stemningsfulde-lysestager-lysholdere","9":"product_cat-lysestager","10":"product_cat-saeson","12":"first","13":"instock","14":"taxable","15":"shipping-taxable","16":"purchasable","17":"product-type-simple"},"acf":[],"yoast_head":"<!-- This site is optimized with the Yoast SEO plugin v27.6 - https:\/\/yoast.com\/product\/yoast-seo-wordpress\/ -->\n<title>Kaninhuvud guldkrage S ljusstake - Qreativ<\/title>\n<meta name=\"robots\" content=\"index, follow, max-snippet:-1, max-image-preview:large, max-video-preview:-1\" \/>\n<link rel=\"canonical\" href=\"https:\/\/qreativ.se\/dk\/produkt\/kaninhuvud-guldkrage-s-ljusstake\/\" \/>\n<meta property=\"og:locale\" content=\"da_DK\" \/>\n<meta property=\"og:type\" content=\"article\" \/>\n<meta property=\"og:title\" content=\"Kaninhuvud guldkrage S ljusstake - Qreativ\" \/>\n<meta property=\"og:description\" content=\"Ge ditt julpynt ett inslag av sofistikerad lekfullhet med v\u00e5ra dekorativa julkaniner! Denna charmiga dekoration \u00e4r perfekt f\u00f6r att tillf\u00f6ra en unik och festlig k\u00e4nsla till ditt hem under juletid. Med sin stilfulla karakt\u00e4r och detaljrika design blir kaninen en i\u00f6gonfallande detalj, oavsett om du placerar den p\u00e5 en hylla, ett bord eller som en [&hellip;]\" \/>\n<meta property=\"og:url\" content=\"https:\/\/qreativ.se\/dk\/produkt\/kaninhuvud-guldkrage-s-ljusstake\/\" \/>\n<meta property=\"og:site_name\" content=\"Qreativ\" \/>\n<meta property=\"article:modified_time\" content=\"2026-02-13T09:35:04+00:00\" \/>\n<meta property=\"og:image\" content=\"https:\/\/qreativ.se\/wp-content\/uploads\/2024\/10\/ae4849f2-4725-47f7-93e8-f270c33786d7.png\" \/>\n\t<meta property=\"og:image:width\" content=\"1920\" \/>\n\t<meta property=\"og:image:height\" content=\"1280\" \/>\n\t<meta property=\"og:image:type\" content=\"image\/png\" \/>\n<meta name=\"twitter:card\" content=\"summary_large_image\" \/>\n<script type=\"application\/ld+json\" class=\"yoast-schema-graph\">{\"@context\":\"https:\\\/\\\/schema.org\",\"@graph\":[{\"@type\":\"WebPage\",\"@id\":\"https:\\\/\\\/qreativ.se\\\/dk\\\/produkt\\\/kaninhuvud-guldkrage-s-ljusstake\\\/\",\"url\":\"https:\\\/\\\/qreativ.se\\\/dk\\\/produkt\\\/kaninhuvud-guldkrage-s-ljusstake\\\/\",\"name\":\"Kaninhuvud guldkrage S ljusstake - Qreativ\",\"isPartOf\":{\"@id\":\"https:\\\/\\\/qreativ.se\\\/dk\\\/#website\"},\"primaryImageOfPage\":{\"@id\":\"https:\\\/\\\/qreativ.se\\\/dk\\\/produkt\\\/kaninhuvud-guldkrage-s-ljusstake\\\/#primaryimage\"},\"image\":{\"@id\":\"https:\\\/\\\/qreativ.se\\\/dk\\\/produkt\\\/kaninhuvud-guldkrage-s-ljusstake\\\/#primaryimage\"},\"thumbnailUrl\":\"https:\\\/\\\/qreativ.se\\\/wp-content\\\/uploads\\\/2024\\\/10\\\/ae4849f2-4725-47f7-93e8-f270c33786d7.png\",\"datePublished\":\"2024-10-18T11:47:34+00:00\",\"dateModified\":\"2026-02-13T09:35:04+00:00\",\"breadcrumb\":{\"@id\":\"https:\\\/\\\/qreativ.se\\\/dk\\\/produkt\\\/kaninhuvud-guldkrage-s-ljusstake\\\/#breadcrumb\"},\"inLanguage\":\"da-DK\",\"potentialAction\":[{\"@type\":\"ReadAction\",\"target\":[\"https:\\\/\\\/qreativ.se\\\/dk\\\/produkt\\\/kaninhuvud-guldkrage-s-ljusstake\\\/\"]}]},{\"@type\":\"ImageObject\",\"inLanguage\":\"da-DK\",\"@id\":\"https:\\\/\\\/qreativ.se\\\/dk\\\/produkt\\\/kaninhuvud-guldkrage-s-ljusstake\\\/#primaryimage\",\"url\":\"https:\\\/\\\/qreativ.se\\\/wp-content\\\/uploads\\\/2024\\\/10\\\/ae4849f2-4725-47f7-93e8-f270c33786d7.png\",\"contentUrl\":\"https:\\\/\\\/qreativ.se\\\/wp-content\\\/uploads\\\/2024\\\/10\\\/ae4849f2-4725-47f7-93e8-f270c33786d7.png\",\"width\":1920,\"height\":1280},{\"@type\":\"BreadcrumbList\",\"@id\":\"https:\\\/\\\/qreativ.se\\\/dk\\\/produkt\\\/kaninhuvud-guldkrage-s-ljusstake\\\/#breadcrumb\",\"itemListElement\":[{\"@type\":\"ListItem\",\"position\":1,\"name\":\"Home\",\"item\":\"https:\\\/\\\/qreativ.se\\\/dk\\\/hjem\\\/\"},{\"@type\":\"ListItem\",\"position\":2,\"name\":\"Webbshop\",\"item\":\"https:\\\/\\\/qreativ.se\\\/dk\\\/webbshop\\\/\"},{\"@type\":\"ListItem\",\"position\":3,\"name\":\"Kaninhuvud guldkrage S ljusstake\"}]},{\"@type\":\"WebSite\",\"@id\":\"https:\\\/\\\/qreativ.se\\\/dk\\\/#website\",\"url\":\"https:\\\/\\\/qreativ.se\\\/dk\\\/\",\"name\":\"Qreativ\",\"description\":\"\",\"alternateName\":\"qreativ.se\",\"potentialAction\":[{\"@type\":\"SearchAction\",\"target\":{\"@type\":\"EntryPoint\",\"urlTemplate\":\"https:\\\/\\\/qreativ.se\\\/dk\\\/?s={search_term_string}\"},\"query-input\":{\"@type\":\"PropertyValueSpecification\",\"valueRequired\":true,\"valueName\":\"search_term_string\"}}],\"inLanguage\":\"da-DK\"}]}<\/script>\n<!-- \/ Yoast SEO plugin. -->","yoast_head_json":{"title":"Kaninhuvud guldkrage S ljusstake - Qreativ","robots":{"index":"index","follow":"follow","max-snippet":"max-snippet:-1","max-image-preview":"max-image-preview:large","max-video-preview":"max-video-preview:-1"},"canonical":"https:\/\/qreativ.se\/dk\/produkt\/kaninhuvud-guldkrage-s-ljusstake\/","og_locale":"da_DK","og_type":"article","og_title":"Kaninhuvud guldkrage S ljusstake - Qreativ","og_description":"Ge ditt julpynt ett inslag av sofistikerad lekfullhet med v\u00e5ra dekorativa julkaniner! Denna charmiga dekoration \u00e4r perfekt f\u00f6r att tillf\u00f6ra en unik och festlig k\u00e4nsla till ditt hem under juletid. Med sin stilfulla karakt\u00e4r och detaljrika design blir kaninen en i\u00f6gonfallande detalj, oavsett om du placerar den p\u00e5 en hylla, ett bord eller som en [&hellip;]","og_url":"https:\/\/qreativ.se\/dk\/produkt\/kaninhuvud-guldkrage-s-ljusstake\/","og_site_name":"Qreativ","article_modified_time":"2026-02-13T09:35:04+00:00","og_image":[{"width":1920,"height":1280,"url":"https:\/\/qreativ.se\/wp-content\/uploads\/2024\/10\/ae4849f2-4725-47f7-93e8-f270c33786d7.png","type":"image\/png"}],"twitter_card":"summary_large_image","schema":{"@context":"https:\/\/schema.org","@graph":[{"@type":"WebPage","@id":"https:\/\/qreativ.se\/dk\/produkt\/kaninhuvud-guldkrage-s-ljusstake\/","url":"https:\/\/qreativ.se\/dk\/produkt\/kaninhuvud-guldkrage-s-ljusstake\/","name":"Kaninhuvud guldkrage S ljusstake - Qreativ","isPartOf":{"@id":"https:\/\/qreativ.se\/dk\/#website"},"primaryImageOfPage":{"@id":"https:\/\/qreativ.se\/dk\/produkt\/kaninhuvud-guldkrage-s-ljusstake\/#primaryimage"},"image":{"@id":"https:\/\/qreativ.se\/dk\/produkt\/kaninhuvud-guldkrage-s-ljusstake\/#primaryimage"},"thumbnailUrl":"https:\/\/qreativ.se\/wp-content\/uploads\/2024\/10\/ae4849f2-4725-47f7-93e8-f270c33786d7.png","datePublished":"2024-10-18T11:47:34+00:00","dateModified":"2026-02-13T09:35:04+00:00","breadcrumb":{"@id":"https:\/\/qreativ.se\/dk\/produkt\/kaninhuvud-guldkrage-s-ljusstake\/#breadcrumb"},"inLanguage":"da-DK","potentialAction":[{"@type":"ReadAction","target":["https:\/\/qreativ.se\/dk\/produkt\/kaninhuvud-guldkrage-s-ljusstake\/"]}]},{"@type":"ImageObject","inLanguage":"da-DK","@id":"https:\/\/qreativ.se\/dk\/produkt\/kaninhuvud-guldkrage-s-ljusstake\/#primaryimage","url":"https:\/\/qreativ.se\/wp-content\/uploads\/2024\/10\/ae4849f2-4725-47f7-93e8-f270c33786d7.png","contentUrl":"https:\/\/qreativ.se\/wp-content\/uploads\/2024\/10\/ae4849f2-4725-47f7-93e8-f270c33786d7.png","width":1920,"height":1280},{"@type":"BreadcrumbList","@id":"https:\/\/qreativ.se\/dk\/produkt\/kaninhuvud-guldkrage-s-ljusstake\/#breadcrumb","itemListElement":[{"@type":"ListItem","position":1,"name":"Home","item":"https:\/\/qreativ.se\/dk\/hjem\/"},{"@type":"ListItem","position":2,"name":"Webbshop","item":"https:\/\/qreativ.se\/dk\/webbshop\/"},{"@type":"ListItem","position":3,"name":"Kaninhuvud guldkrage S ljusstake"}]},{"@type":"WebSite","@id":"https:\/\/qreativ.se\/dk\/#website","url":"https:\/\/qreativ.se\/dk\/","name":"Qreativ","description":"","alternateName":"qreativ.se","potentialAction":[{"@type":"SearchAction","target":{"@type":"EntryPoint","urlTemplate":"https:\/\/qreativ.se\/dk\/?s={search_term_string}"},"query-input":{"@type":"PropertyValueSpecification","valueRequired":true,"valueName":"search_term_string"}}],"inLanguage":"da-DK"}]}},"_links":{"self":[{"href":"https:\/\/qreativ.se\/dk\/wp-json\/wp\/v2\/product\/16447","targetHints":{"allow":["GET"]}}],"collection":[{"href":"https:\/\/qreativ.se\/dk\/wp-json\/wp\/v2\/product"}],"about":[{"href":"https:\/\/qreativ.se\/dk\/wp-json\/wp\/v2\/types\/product"}],"replies":[{"embeddable":true,"href":"https:\/\/qreativ.se\/dk\/wp-json\/wp\/v2\/comments?post=16447"}],"wp:featuredmedia":[{"embeddable":true,"href":"https:\/\/qreativ.se\/dk\/wp-json\/wp\/v2\/media\/16448"}],"wp:attachment":[{"href":"https:\/\/qreativ.se\/dk\/wp-json\/wp\/v2\/media?parent=16447"}],"wp:term":[{"taxonomy":"product_brand","embeddable":true,"href":"https:\/\/qreativ.se\/dk\/wp-json\/wp\/v2\/product_brand?post=16447"},{"taxonomy":"product_cat","embeddable":true,"href":"https:\/\/qreativ.se\/dk\/wp-json\/wp\/v2\/product_cat?post=16447"},{"taxonomy":"product_tag","embeddable":true,"href":"https:\/\/qreativ.se\/dk\/wp-json\/wp\/v2\/product_tag?post=16447"}],"curies":[{"name":"wp","href":"https:\/\/api.w.org\/{rel}","templated":true}]}}