{"id":16475,"date":"2024-10-18T09:38:18","date_gmt":"2024-10-18T09:38:18","guid":{"rendered":"https:\/\/qreativ.se\/produkt\/ljuslykta-snoboll\/"},"modified":"2026-04-07T20:14:06","modified_gmt":"2026-04-07T20:14:06","slug":"ljuslykta-snoboll","status":"publish","type":"product","link":"https:\/\/qreativ.se\/dk\/produkt\/ljuslykta-snoboll\/","title":{"rendered":"Ljuslykta sn\u00f6boll"},"content":{"rendered":"<p data-start=\"350\" data-end=\"708\">Lys upp vinterm\u00f6rkret med denna <strong data-start=\"382\" data-end=\"432\">st\u00e4mningsfulla ljuslykta formad som en sn\u00f6boll<\/strong>. Dess unika design f\u00e5ngar vinterns magi och ger ett mjukt, inbjudande sken som f\u00f6rst\u00e4rker k\u00e4nslan av <strong data-start=\"534\" data-end=\"569\">julig charm och vintrig elegans<\/strong>. Ett perfekt tillskott till din julinredning, oavsett om den placeras i f\u00f6nstret, p\u00e5 bordet eller som en del av en vacker juldekoration.<\/p>\n<p data-start=\"710\" data-end=\"934\">Tillverkad i <strong data-start=\"723\" data-end=\"731\">poly<\/strong>, vilket g\u00f6r den b\u00e5de l\u00e4tt och h\u00e5llbar, samtidigt som den naturtrogna sn\u00f6bollseffekten ger en <strong data-start=\"825\" data-end=\"856\">lekfull men stilfull k\u00e4nsla<\/strong>. Perfekt f\u00f6r dig som vill skapa en mysig och klassisk julst\u00e4mning i hemmet.<\/p>\n<ul data-start=\"936\" data-end=\"1170\">\n<li data-start=\"936\" data-end=\"973\">Unik design formad som en sn\u00f6boll<\/li>\n<li data-start=\"974\" data-end=\"1020\">Sprider ett st\u00e4mningsfullt och mysigt ljus<\/li>\n<li data-start=\"1021\" data-end=\"1064\">Tillverkad i l\u00e4tt och h\u00e5llbart material<\/li>\n<li data-start=\"1065\" data-end=\"1116\">Perfekt f\u00f6r f\u00f6nster, bord eller juldekorationer<\/li>\n<li data-start=\"1117\" data-end=\"1170\">Ett stilfullt och klassiskt tillskott i julpyntet<\/li>\n<\/ul>\n<p data-start=\"1172\" data-end=\"1276\" data-is-last-node=\"\" data-is-only-node=\"\">L\u00e5t denna ljuslykta bli en \u00e4lskad del av din jultradition och njut av dess vintriga elegans \u00e5r efter \u00e5r!<\/p>\n","protected":false},"excerpt":{"rendered":"<p>Skapa en magisk julst\u00e4mning med denna lekfulla ljuslykta formad som en sn\u00f6boll! En ljuvlig detalj som tillf\u00f6r vintrig elegans och julig charm till ditt hem. Perfekt f\u00f6r dig som vill addera ett stilfullt och klassiskt inslag i julpyntet.<\/p>\n","protected":false},"featured_media":16476,"comment_status":"open","ping_status":"closed","template":"","meta":{"_acf_changed":false,"inline_featured_image":false},"product_brand":[],"product_cat":[253,242,239,258,251],"product_tag":[],"class_list":{"0":"post-16475","1":"product","2":"type-product","3":"status-publish","4":"has-post-thumbnail","6":"product_cat-jul","7":"product_cat-lygteholdere","8":"product_cat-stemningsfulde-lysestager-lysholdere","9":"product_cat-lyskilder","10":"product_cat-saeson","12":"first","13":"outofstock","14":"taxable","15":"shipping-taxable","16":"purchasable","17":"product-type-simple"},"acf":[],"yoast_head":"<!-- This site is optimized with the Yoast SEO plugin v27.6 - https:\/\/yoast.com\/product\/yoast-seo-wordpress\/ -->\n<title>Ljuslykta sn\u00f6boll - Qreativ<\/title>\n<meta name=\"robots\" content=\"index, follow, max-snippet:-1, max-image-preview:large, max-video-preview:-1\" \/>\n<link rel=\"canonical\" href=\"https:\/\/qreativ.se\/dk\/produkt\/ljuslykta-snoboll\/\" \/>\n<meta property=\"og:locale\" content=\"da_DK\" \/>\n<meta property=\"og:type\" content=\"article\" \/>\n<meta property=\"og:title\" content=\"Ljuslykta sn\u00f6boll - Qreativ\" \/>\n<meta property=\"og:description\" content=\"Skapa en magisk julst\u00e4mning med denna lekfulla ljuslykta formad som en sn\u00f6boll! En ljuvlig detalj som tillf\u00f6r vintrig elegans och julig charm till ditt hem. Perfekt f\u00f6r dig som vill addera ett stilfullt och klassiskt inslag i julpyntet.\" \/>\n<meta property=\"og:url\" content=\"https:\/\/qreativ.se\/dk\/produkt\/ljuslykta-snoboll\/\" \/>\n<meta property=\"og:site_name\" content=\"Qreativ\" \/>\n<meta property=\"article:modified_time\" content=\"2026-04-07T20:14:06+00:00\" \/>\n<meta property=\"og:image\" content=\"https:\/\/qreativ.se\/wp-content\/uploads\/2024\/10\/07753fff-32f5-4406-a37c-5777178741a6.png\" \/>\n\t<meta property=\"og:image:width\" content=\"1920\" \/>\n\t<meta property=\"og:image:height\" content=\"1279\" \/>\n\t<meta property=\"og:image:type\" content=\"image\/png\" \/>\n<meta name=\"twitter:card\" content=\"summary_large_image\" \/>\n<meta name=\"twitter:label1\" content=\"Estimeret l\u00e6setid\" \/>\n\t<meta name=\"twitter:data1\" content=\"1 minut\" \/>\n<script type=\"application\/ld+json\" class=\"yoast-schema-graph\">{\"@context\":\"https:\\\/\\\/schema.org\",\"@graph\":[{\"@type\":\"WebPage\",\"@id\":\"https:\\\/\\\/qreativ.se\\\/dk\\\/produkt\\\/ljuslykta-snoboll\\\/\",\"url\":\"https:\\\/\\\/qreativ.se\\\/dk\\\/produkt\\\/ljuslykta-snoboll\\\/\",\"name\":\"Ljuslykta sn\u00f6boll - Qreativ\",\"isPartOf\":{\"@id\":\"https:\\\/\\\/qreativ.se\\\/dk\\\/#website\"},\"primaryImageOfPage\":{\"@id\":\"https:\\\/\\\/qreativ.se\\\/dk\\\/produkt\\\/ljuslykta-snoboll\\\/#primaryimage\"},\"image\":{\"@id\":\"https:\\\/\\\/qreativ.se\\\/dk\\\/produkt\\\/ljuslykta-snoboll\\\/#primaryimage\"},\"thumbnailUrl\":\"https:\\\/\\\/qreativ.se\\\/wp-content\\\/uploads\\\/2024\\\/10\\\/07753fff-32f5-4406-a37c-5777178741a6.png\",\"datePublished\":\"2024-10-18T09:38:18+00:00\",\"dateModified\":\"2026-04-07T20:14:06+00:00\",\"breadcrumb\":{\"@id\":\"https:\\\/\\\/qreativ.se\\\/dk\\\/produkt\\\/ljuslykta-snoboll\\\/#breadcrumb\"},\"inLanguage\":\"da-DK\",\"potentialAction\":[{\"@type\":\"ReadAction\",\"target\":[\"https:\\\/\\\/qreativ.se\\\/dk\\\/produkt\\\/ljuslykta-snoboll\\\/\"]}]},{\"@type\":\"ImageObject\",\"inLanguage\":\"da-DK\",\"@id\":\"https:\\\/\\\/qreativ.se\\\/dk\\\/produkt\\\/ljuslykta-snoboll\\\/#primaryimage\",\"url\":\"https:\\\/\\\/qreativ.se\\\/wp-content\\\/uploads\\\/2024\\\/10\\\/07753fff-32f5-4406-a37c-5777178741a6.png\",\"contentUrl\":\"https:\\\/\\\/qreativ.se\\\/wp-content\\\/uploads\\\/2024\\\/10\\\/07753fff-32f5-4406-a37c-5777178741a6.png\",\"width\":1920,\"height\":1279},{\"@type\":\"BreadcrumbList\",\"@id\":\"https:\\\/\\\/qreativ.se\\\/dk\\\/produkt\\\/ljuslykta-snoboll\\\/#breadcrumb\",\"itemListElement\":[{\"@type\":\"ListItem\",\"position\":1,\"name\":\"Home\",\"item\":\"https:\\\/\\\/qreativ.se\\\/dk\\\/hjem\\\/\"},{\"@type\":\"ListItem\",\"position\":2,\"name\":\"Webbshop\",\"item\":\"https:\\\/\\\/qreativ.se\\\/dk\\\/webbshop\\\/\"},{\"@type\":\"ListItem\",\"position\":3,\"name\":\"Ljuslykta sn\u00f6boll\"}]},{\"@type\":\"WebSite\",\"@id\":\"https:\\\/\\\/qreativ.se\\\/dk\\\/#website\",\"url\":\"https:\\\/\\\/qreativ.se\\\/dk\\\/\",\"name\":\"Qreativ\",\"description\":\"\",\"alternateName\":\"qreativ.se\",\"potentialAction\":[{\"@type\":\"SearchAction\",\"target\":{\"@type\":\"EntryPoint\",\"urlTemplate\":\"https:\\\/\\\/qreativ.se\\\/dk\\\/?s={search_term_string}\"},\"query-input\":{\"@type\":\"PropertyValueSpecification\",\"valueRequired\":true,\"valueName\":\"search_term_string\"}}],\"inLanguage\":\"da-DK\"}]}<\/script>\n<!-- \/ Yoast SEO plugin. -->","yoast_head_json":{"title":"Ljuslykta sn\u00f6boll - Qreativ","robots":{"index":"index","follow":"follow","max-snippet":"max-snippet:-1","max-image-preview":"max-image-preview:large","max-video-preview":"max-video-preview:-1"},"canonical":"https:\/\/qreativ.se\/dk\/produkt\/ljuslykta-snoboll\/","og_locale":"da_DK","og_type":"article","og_title":"Ljuslykta sn\u00f6boll - Qreativ","og_description":"Skapa en magisk julst\u00e4mning med denna lekfulla ljuslykta formad som en sn\u00f6boll! En ljuvlig detalj som tillf\u00f6r vintrig elegans och julig charm till ditt hem. Perfekt f\u00f6r dig som vill addera ett stilfullt och klassiskt inslag i julpyntet.","og_url":"https:\/\/qreativ.se\/dk\/produkt\/ljuslykta-snoboll\/","og_site_name":"Qreativ","article_modified_time":"2026-04-07T20:14:06+00:00","og_image":[{"width":1920,"height":1279,"url":"https:\/\/qreativ.se\/wp-content\/uploads\/2024\/10\/07753fff-32f5-4406-a37c-5777178741a6.png","type":"image\/png"}],"twitter_card":"summary_large_image","twitter_misc":{"Estimeret l\u00e6setid":"1 minut"},"schema":{"@context":"https:\/\/schema.org","@graph":[{"@type":"WebPage","@id":"https:\/\/qreativ.se\/dk\/produkt\/ljuslykta-snoboll\/","url":"https:\/\/qreativ.se\/dk\/produkt\/ljuslykta-snoboll\/","name":"Ljuslykta sn\u00f6boll - Qreativ","isPartOf":{"@id":"https:\/\/qreativ.se\/dk\/#website"},"primaryImageOfPage":{"@id":"https:\/\/qreativ.se\/dk\/produkt\/ljuslykta-snoboll\/#primaryimage"},"image":{"@id":"https:\/\/qreativ.se\/dk\/produkt\/ljuslykta-snoboll\/#primaryimage"},"thumbnailUrl":"https:\/\/qreativ.se\/wp-content\/uploads\/2024\/10\/07753fff-32f5-4406-a37c-5777178741a6.png","datePublished":"2024-10-18T09:38:18+00:00","dateModified":"2026-04-07T20:14:06+00:00","breadcrumb":{"@id":"https:\/\/qreativ.se\/dk\/produkt\/ljuslykta-snoboll\/#breadcrumb"},"inLanguage":"da-DK","potentialAction":[{"@type":"ReadAction","target":["https:\/\/qreativ.se\/dk\/produkt\/ljuslykta-snoboll\/"]}]},{"@type":"ImageObject","inLanguage":"da-DK","@id":"https:\/\/qreativ.se\/dk\/produkt\/ljuslykta-snoboll\/#primaryimage","url":"https:\/\/qreativ.se\/wp-content\/uploads\/2024\/10\/07753fff-32f5-4406-a37c-5777178741a6.png","contentUrl":"https:\/\/qreativ.se\/wp-content\/uploads\/2024\/10\/07753fff-32f5-4406-a37c-5777178741a6.png","width":1920,"height":1279},{"@type":"BreadcrumbList","@id":"https:\/\/qreativ.se\/dk\/produkt\/ljuslykta-snoboll\/#breadcrumb","itemListElement":[{"@type":"ListItem","position":1,"name":"Home","item":"https:\/\/qreativ.se\/dk\/hjem\/"},{"@type":"ListItem","position":2,"name":"Webbshop","item":"https:\/\/qreativ.se\/dk\/webbshop\/"},{"@type":"ListItem","position":3,"name":"Ljuslykta sn\u00f6boll"}]},{"@type":"WebSite","@id":"https:\/\/qreativ.se\/dk\/#website","url":"https:\/\/qreativ.se\/dk\/","name":"Qreativ","description":"","alternateName":"qreativ.se","potentialAction":[{"@type":"SearchAction","target":{"@type":"EntryPoint","urlTemplate":"https:\/\/qreativ.se\/dk\/?s={search_term_string}"},"query-input":{"@type":"PropertyValueSpecification","valueRequired":true,"valueName":"search_term_string"}}],"inLanguage":"da-DK"}]}},"_links":{"self":[{"href":"https:\/\/qreativ.se\/dk\/wp-json\/wp\/v2\/product\/16475","targetHints":{"allow":["GET"]}}],"collection":[{"href":"https:\/\/qreativ.se\/dk\/wp-json\/wp\/v2\/product"}],"about":[{"href":"https:\/\/qreativ.se\/dk\/wp-json\/wp\/v2\/types\/product"}],"replies":[{"embeddable":true,"href":"https:\/\/qreativ.se\/dk\/wp-json\/wp\/v2\/comments?post=16475"}],"wp:featuredmedia":[{"embeddable":true,"href":"https:\/\/qreativ.se\/dk\/wp-json\/wp\/v2\/media\/16476"}],"wp:attachment":[{"href":"https:\/\/qreativ.se\/dk\/wp-json\/wp\/v2\/media?parent=16475"}],"wp:term":[{"taxonomy":"product_brand","embeddable":true,"href":"https:\/\/qreativ.se\/dk\/wp-json\/wp\/v2\/product_brand?post=16475"},{"taxonomy":"product_cat","embeddable":true,"href":"https:\/\/qreativ.se\/dk\/wp-json\/wp\/v2\/product_cat?post=16475"},{"taxonomy":"product_tag","embeddable":true,"href":"https:\/\/qreativ.se\/dk\/wp-json\/wp\/v2\/product_tag?post=16475"}],"curies":[{"name":"wp","href":"https:\/\/api.w.org\/{rel}","templated":true}]}}