{"id":16485,"date":"2024-10-18T08:36:10","date_gmt":"2024-10-18T08:36:10","guid":{"rendered":"https:\/\/qreativ.se\/produkt\/ljusstake-ekollon-s\/"},"modified":"2026-02-13T09:34:53","modified_gmt":"2026-02-13T09:34:53","slug":"ljusstake-ekollon-s","status":"publish","type":"product","link":"https:\/\/qreativ.se\/dk\/produkt\/ljusstake-ekollon-s\/","title":{"rendered":"Ljusstake ekollon"},"content":{"rendered":"<p data-start=\"267\" data-end=\"575\">L\u00e5t <strong data-start=\"271\" data-end=\"310\">naturens former m\u00f6ta tidl\u00f6s elegans<\/strong> med denna <strong data-start=\"321\" data-end=\"363\">vackra ljusstake i form av ett ekollon<\/strong>. Med sin stilrena och detaljrika design blir den en <strong data-start=\"416\" data-end=\"476\">perfekt inredningsdetalj under h\u00f6st- och vinterm\u00e5naderna<\/strong>, oavsett om du vill skapa en mysig vardagsk\u00e4nsla eller f\u00f6rbereda hemmet f\u00f6r julens festligheter.<\/p>\n<p data-start=\"577\" data-end=\"847\">Den mjuka, organiska formen ger en <strong data-start=\"612\" data-end=\"646\">harmonisk och naturn\u00e4ra k\u00e4nsla<\/strong>, medan dess stilfulla uttryck g\u00f6r den enkel att matcha med olika inredningsstilar. Placera den p\u00e5 matbordet, i f\u00f6nstret eller p\u00e5 en hylla f\u00f6r att addera en <strong data-start=\"803\" data-end=\"835\">varm och inbjudande st\u00e4mning<\/strong> i rummet.<\/p>\n<ul data-start=\"849\" data-end=\"1117\">\n<li data-start=\"849\" data-end=\"896\"><strong data-start=\"851\" data-end=\"894\">Elegant ljusstake i form av ett ekollon<\/strong><\/li>\n<li data-start=\"897\" data-end=\"948\"><strong data-start=\"899\" data-end=\"946\">Perfekt f\u00f6r h\u00f6st-, vinter- och julinredning<\/strong><\/li>\n<li data-start=\"949\" data-end=\"994\"><strong data-start=\"951\" data-end=\"992\">Ger en naturlig och stilfull atmosf\u00e4r<\/strong><\/li>\n<li data-start=\"995\" data-end=\"1058\"><strong data-start=\"997\" data-end=\"1014\">Tidl\u00f6s design<\/strong> som passar b\u00e5de klassiska och moderna hem<\/li>\n<li data-start=\"1059\" data-end=\"1117\">Tillverkad i <strong data-start=\"1074\" data-end=\"1082\">poly<\/strong> f\u00f6r en l\u00e4tt och h\u00e5llbar kvalitet<\/li>\n<\/ul>\n<p data-start=\"1119\" data-end=\"1262\" data-is-last-node=\"\" data-is-only-node=\"\">L\u00e5t denna <strong data-start=\"1129\" data-end=\"1165\">charmiga ljusstake i ekollonform<\/strong> bli en <strong data-start=\"1173\" data-end=\"1194\">dekorativ favorit<\/strong> genom s\u00e4songerna och sprida ett <strong data-start=\"1227\" data-end=\"1262\" data-is-last-node=\"\">st\u00e4mningsfullt sken i ditt hem!<\/strong><\/p>\n","protected":false},"excerpt":{"rendered":"<p>Skapa en varm och st\u00e4mningsfull atmosf\u00e4r med denna vackra ljusstake i form av ett ekollon. En elegant detalj som passar perfekt f\u00f6r h\u00f6st, vinter och jul!<\/p>\n","protected":false},"featured_media":16486,"comment_status":"open","ping_status":"closed","template":"","meta":{"_acf_changed":false,"inline_featured_image":false},"product_brand":[],"product_cat":[252,253,239,243,258,251],"product_tag":[286],"class_list":{"0":"post-16485","1":"product","2":"type-product","3":"status-publish","4":"has-post-thumbnail","6":"product_cat-halloween","7":"product_cat-jul","8":"product_cat-stemningsfulde-lysestager-lysholdere","9":"product_cat-lysestager","10":"product_cat-lyskilder","11":"product_cat-saeson","12":"product_tag-easytoship","14":"first","15":"instock","16":"taxable","17":"shipping-taxable","18":"purchasable","19":"product-type-simple"},"acf":[],"yoast_head":"<!-- This site is optimized with the Yoast SEO plugin v27.6 - https:\/\/yoast.com\/product\/yoast-seo-wordpress\/ -->\n<title>Ljusstake ekollon - Qreativ<\/title>\n<meta name=\"robots\" content=\"index, follow, max-snippet:-1, max-image-preview:large, max-video-preview:-1\" \/>\n<link rel=\"canonical\" href=\"https:\/\/qreativ.se\/dk\/produkt\/ljusstake-ekollon-s\/\" \/>\n<meta property=\"og:locale\" content=\"da_DK\" \/>\n<meta property=\"og:type\" content=\"article\" \/>\n<meta property=\"og:title\" content=\"Ljusstake ekollon - Qreativ\" \/>\n<meta property=\"og:description\" content=\"Skapa en varm och st\u00e4mningsfull atmosf\u00e4r med denna vackra ljusstake i form av ett ekollon. En elegant detalj som passar perfekt f\u00f6r h\u00f6st, vinter och jul!\" \/>\n<meta property=\"og:url\" content=\"https:\/\/qreativ.se\/dk\/produkt\/ljusstake-ekollon-s\/\" \/>\n<meta property=\"og:site_name\" content=\"Qreativ\" \/>\n<meta property=\"article:modified_time\" content=\"2026-02-13T09:34:53+00:00\" \/>\n<meta property=\"og:image\" content=\"https:\/\/qreativ.se\/wp-content\/uploads\/2024\/10\/430b13a5-4d61-403d-a86e-a9c2e619e622.png\" \/>\n\t<meta property=\"og:image:width\" content=\"1920\" \/>\n\t<meta property=\"og:image:height\" content=\"1280\" \/>\n\t<meta property=\"og:image:type\" content=\"image\/png\" \/>\n<meta name=\"twitter:card\" content=\"summary_large_image\" \/>\n<meta name=\"twitter:label1\" content=\"Estimeret l\u00e6setid\" \/>\n\t<meta name=\"twitter:data1\" content=\"1 minut\" \/>\n<script type=\"application\/ld+json\" class=\"yoast-schema-graph\">{\"@context\":\"https:\\\/\\\/schema.org\",\"@graph\":[{\"@type\":\"WebPage\",\"@id\":\"https:\\\/\\\/qreativ.se\\\/dk\\\/produkt\\\/ljusstake-ekollon-s\\\/\",\"url\":\"https:\\\/\\\/qreativ.se\\\/dk\\\/produkt\\\/ljusstake-ekollon-s\\\/\",\"name\":\"Ljusstake ekollon - Qreativ\",\"isPartOf\":{\"@id\":\"https:\\\/\\\/qreativ.se\\\/dk\\\/#website\"},\"primaryImageOfPage\":{\"@id\":\"https:\\\/\\\/qreativ.se\\\/dk\\\/produkt\\\/ljusstake-ekollon-s\\\/#primaryimage\"},\"image\":{\"@id\":\"https:\\\/\\\/qreativ.se\\\/dk\\\/produkt\\\/ljusstake-ekollon-s\\\/#primaryimage\"},\"thumbnailUrl\":\"https:\\\/\\\/qreativ.se\\\/wp-content\\\/uploads\\\/2024\\\/10\\\/430b13a5-4d61-403d-a86e-a9c2e619e622.png\",\"datePublished\":\"2024-10-18T08:36:10+00:00\",\"dateModified\":\"2026-02-13T09:34:53+00:00\",\"breadcrumb\":{\"@id\":\"https:\\\/\\\/qreativ.se\\\/dk\\\/produkt\\\/ljusstake-ekollon-s\\\/#breadcrumb\"},\"inLanguage\":\"da-DK\",\"potentialAction\":[{\"@type\":\"ReadAction\",\"target\":[\"https:\\\/\\\/qreativ.se\\\/dk\\\/produkt\\\/ljusstake-ekollon-s\\\/\"]}]},{\"@type\":\"ImageObject\",\"inLanguage\":\"da-DK\",\"@id\":\"https:\\\/\\\/qreativ.se\\\/dk\\\/produkt\\\/ljusstake-ekollon-s\\\/#primaryimage\",\"url\":\"https:\\\/\\\/qreativ.se\\\/wp-content\\\/uploads\\\/2024\\\/10\\\/430b13a5-4d61-403d-a86e-a9c2e619e622.png\",\"contentUrl\":\"https:\\\/\\\/qreativ.se\\\/wp-content\\\/uploads\\\/2024\\\/10\\\/430b13a5-4d61-403d-a86e-a9c2e619e622.png\",\"width\":1920,\"height\":1280},{\"@type\":\"BreadcrumbList\",\"@id\":\"https:\\\/\\\/qreativ.se\\\/dk\\\/produkt\\\/ljusstake-ekollon-s\\\/#breadcrumb\",\"itemListElement\":[{\"@type\":\"ListItem\",\"position\":1,\"name\":\"Home\",\"item\":\"https:\\\/\\\/qreativ.se\\\/dk\\\/hjem\\\/\"},{\"@type\":\"ListItem\",\"position\":2,\"name\":\"Webbshop\",\"item\":\"https:\\\/\\\/qreativ.se\\\/dk\\\/webbshop\\\/\"},{\"@type\":\"ListItem\",\"position\":3,\"name\":\"Ljusstake ekollon\"}]},{\"@type\":\"WebSite\",\"@id\":\"https:\\\/\\\/qreativ.se\\\/dk\\\/#website\",\"url\":\"https:\\\/\\\/qreativ.se\\\/dk\\\/\",\"name\":\"Qreativ\",\"description\":\"\",\"alternateName\":\"qreativ.se\",\"potentialAction\":[{\"@type\":\"SearchAction\",\"target\":{\"@type\":\"EntryPoint\",\"urlTemplate\":\"https:\\\/\\\/qreativ.se\\\/dk\\\/?s={search_term_string}\"},\"query-input\":{\"@type\":\"PropertyValueSpecification\",\"valueRequired\":true,\"valueName\":\"search_term_string\"}}],\"inLanguage\":\"da-DK\"}]}<\/script>\n<!-- \/ Yoast SEO plugin. -->","yoast_head_json":{"title":"Ljusstake ekollon - Qreativ","robots":{"index":"index","follow":"follow","max-snippet":"max-snippet:-1","max-image-preview":"max-image-preview:large","max-video-preview":"max-video-preview:-1"},"canonical":"https:\/\/qreativ.se\/dk\/produkt\/ljusstake-ekollon-s\/","og_locale":"da_DK","og_type":"article","og_title":"Ljusstake ekollon - Qreativ","og_description":"Skapa en varm och st\u00e4mningsfull atmosf\u00e4r med denna vackra ljusstake i form av ett ekollon. En elegant detalj som passar perfekt f\u00f6r h\u00f6st, vinter och jul!","og_url":"https:\/\/qreativ.se\/dk\/produkt\/ljusstake-ekollon-s\/","og_site_name":"Qreativ","article_modified_time":"2026-02-13T09:34:53+00:00","og_image":[{"width":1920,"height":1280,"url":"https:\/\/qreativ.se\/wp-content\/uploads\/2024\/10\/430b13a5-4d61-403d-a86e-a9c2e619e622.png","type":"image\/png"}],"twitter_card":"summary_large_image","twitter_misc":{"Estimeret l\u00e6setid":"1 minut"},"schema":{"@context":"https:\/\/schema.org","@graph":[{"@type":"WebPage","@id":"https:\/\/qreativ.se\/dk\/produkt\/ljusstake-ekollon-s\/","url":"https:\/\/qreativ.se\/dk\/produkt\/ljusstake-ekollon-s\/","name":"Ljusstake ekollon - Qreativ","isPartOf":{"@id":"https:\/\/qreativ.se\/dk\/#website"},"primaryImageOfPage":{"@id":"https:\/\/qreativ.se\/dk\/produkt\/ljusstake-ekollon-s\/#primaryimage"},"image":{"@id":"https:\/\/qreativ.se\/dk\/produkt\/ljusstake-ekollon-s\/#primaryimage"},"thumbnailUrl":"https:\/\/qreativ.se\/wp-content\/uploads\/2024\/10\/430b13a5-4d61-403d-a86e-a9c2e619e622.png","datePublished":"2024-10-18T08:36:10+00:00","dateModified":"2026-02-13T09:34:53+00:00","breadcrumb":{"@id":"https:\/\/qreativ.se\/dk\/produkt\/ljusstake-ekollon-s\/#breadcrumb"},"inLanguage":"da-DK","potentialAction":[{"@type":"ReadAction","target":["https:\/\/qreativ.se\/dk\/produkt\/ljusstake-ekollon-s\/"]}]},{"@type":"ImageObject","inLanguage":"da-DK","@id":"https:\/\/qreativ.se\/dk\/produkt\/ljusstake-ekollon-s\/#primaryimage","url":"https:\/\/qreativ.se\/wp-content\/uploads\/2024\/10\/430b13a5-4d61-403d-a86e-a9c2e619e622.png","contentUrl":"https:\/\/qreativ.se\/wp-content\/uploads\/2024\/10\/430b13a5-4d61-403d-a86e-a9c2e619e622.png","width":1920,"height":1280},{"@type":"BreadcrumbList","@id":"https:\/\/qreativ.se\/dk\/produkt\/ljusstake-ekollon-s\/#breadcrumb","itemListElement":[{"@type":"ListItem","position":1,"name":"Home","item":"https:\/\/qreativ.se\/dk\/hjem\/"},{"@type":"ListItem","position":2,"name":"Webbshop","item":"https:\/\/qreativ.se\/dk\/webbshop\/"},{"@type":"ListItem","position":3,"name":"Ljusstake ekollon"}]},{"@type":"WebSite","@id":"https:\/\/qreativ.se\/dk\/#website","url":"https:\/\/qreativ.se\/dk\/","name":"Qreativ","description":"","alternateName":"qreativ.se","potentialAction":[{"@type":"SearchAction","target":{"@type":"EntryPoint","urlTemplate":"https:\/\/qreativ.se\/dk\/?s={search_term_string}"},"query-input":{"@type":"PropertyValueSpecification","valueRequired":true,"valueName":"search_term_string"}}],"inLanguage":"da-DK"}]}},"_links":{"self":[{"href":"https:\/\/qreativ.se\/dk\/wp-json\/wp\/v2\/product\/16485","targetHints":{"allow":["GET"]}}],"collection":[{"href":"https:\/\/qreativ.se\/dk\/wp-json\/wp\/v2\/product"}],"about":[{"href":"https:\/\/qreativ.se\/dk\/wp-json\/wp\/v2\/types\/product"}],"replies":[{"embeddable":true,"href":"https:\/\/qreativ.se\/dk\/wp-json\/wp\/v2\/comments?post=16485"}],"wp:featuredmedia":[{"embeddable":true,"href":"https:\/\/qreativ.se\/dk\/wp-json\/wp\/v2\/media\/16486"}],"wp:attachment":[{"href":"https:\/\/qreativ.se\/dk\/wp-json\/wp\/v2\/media?parent=16485"}],"wp:term":[{"taxonomy":"product_brand","embeddable":true,"href":"https:\/\/qreativ.se\/dk\/wp-json\/wp\/v2\/product_brand?post=16485"},{"taxonomy":"product_cat","embeddable":true,"href":"https:\/\/qreativ.se\/dk\/wp-json\/wp\/v2\/product_cat?post=16485"},{"taxonomy":"product_tag","embeddable":true,"href":"https:\/\/qreativ.se\/dk\/wp-json\/wp\/v2\/product_tag?post=16485"}],"curies":[{"name":"wp","href":"https:\/\/api.w.org\/{rel}","templated":true}]}}