{"id":16493,"date":"2024-10-18T08:15:43","date_gmt":"2024-10-18T08:15:43","guid":{"rendered":"https:\/\/qreativ.se\/produkt\/kruka-julkulor\/"},"modified":"2026-04-07T20:16:15","modified_gmt":"2026-04-07T20:16:15","slug":"kruka-julkulor","status":"publish","type":"product","link":"https:\/\/qreativ.se\/dk\/produkt\/kruka-julkulor\/","title":{"rendered":"Kruka julkulor"},"content":{"rendered":"<p>Skapa en magisk julst\u00e4mning med v\u00e5r vackra kruka. Denna ljuvliga detalj blir ett imponerande tillskott till din julinredning och ger ditt hem en k\u00e4nsla av vintrig elegans och julig charm. Perfekt f\u00f6r dig som vill addera ett stilfullt och klassiskt inslag i julpyntet. Material: Poly<\/p>\n","protected":false},"excerpt":{"rendered":"<p>Skapa en magisk julst\u00e4mning med v\u00e5r vackra kruka. Denna ljuvliga detalj blir ett imponerande tillskott till din julinredning och ger ditt hem en k\u00e4nsla av vintrig elegans och julig charm. Perfekt f\u00f6r dig som vill addera ett stilfullt och klassiskt inslag i julpyntet. Material: Poly<\/p>\n","protected":false},"featured_media":16494,"comment_status":"open","ping_status":"closed","template":"","meta":{"_acf_changed":false,"inline_featured_image":false},"product_brand":[],"product_cat":[253,255,251],"product_tag":[],"class_list":{"0":"post-16493","1":"product","2":"type-product","3":"status-publish","4":"has-post-thumbnail","6":"product_cat-jul","7":"product_cat-dekoration","8":"product_cat-saeson","10":"first","11":"outofstock","12":"taxable","13":"shipping-taxable","14":"purchasable","15":"product-type-simple"},"acf":[],"yoast_head":"<!-- This site is optimized with the Yoast SEO plugin v27.6 - https:\/\/yoast.com\/product\/yoast-seo-wordpress\/ -->\n<title>Kruka julkulor - Qreativ<\/title>\n<meta name=\"robots\" content=\"index, follow, max-snippet:-1, max-image-preview:large, max-video-preview:-1\" \/>\n<link rel=\"canonical\" href=\"https:\/\/qreativ.se\/dk\/produkt\/kruka-julkulor\/\" \/>\n<meta property=\"og:locale\" content=\"da_DK\" \/>\n<meta property=\"og:type\" content=\"article\" \/>\n<meta property=\"og:title\" content=\"Kruka julkulor - Qreativ\" \/>\n<meta property=\"og:description\" content=\"Skapa en magisk julst\u00e4mning med v\u00e5r vackra kruka. Denna ljuvliga detalj blir ett imponerande tillskott till din julinredning och ger ditt hem en k\u00e4nsla av vintrig elegans och julig charm. Perfekt f\u00f6r dig som vill addera ett stilfullt och klassiskt inslag i julpyntet. Material: Poly\" \/>\n<meta property=\"og:url\" content=\"https:\/\/qreativ.se\/dk\/produkt\/kruka-julkulor\/\" \/>\n<meta property=\"og:site_name\" content=\"Qreativ\" \/>\n<meta property=\"article:modified_time\" content=\"2026-04-07T20:16:15+00:00\" \/>\n<meta property=\"og:image\" content=\"https:\/\/qreativ.se\/wp-content\/uploads\/2024\/10\/b232615a-924b-4244-a09d-7cb27796a58e.png\" \/>\n\t<meta property=\"og:image:width\" content=\"1920\" \/>\n\t<meta property=\"og:image:height\" content=\"1280\" \/>\n\t<meta property=\"og:image:type\" content=\"image\/png\" \/>\n<meta name=\"twitter:card\" content=\"summary_large_image\" \/>\n<meta name=\"twitter:label1\" content=\"Estimeret l\u00e6setid\" \/>\n\t<meta name=\"twitter:data1\" content=\"1 minut\" \/>\n<script type=\"application\/ld+json\" class=\"yoast-schema-graph\">{\"@context\":\"https:\\\/\\\/schema.org\",\"@graph\":[{\"@type\":\"WebPage\",\"@id\":\"https:\\\/\\\/qreativ.se\\\/dk\\\/produkt\\\/kruka-julkulor\\\/\",\"url\":\"https:\\\/\\\/qreativ.se\\\/dk\\\/produkt\\\/kruka-julkulor\\\/\",\"name\":\"Kruka julkulor - Qreativ\",\"isPartOf\":{\"@id\":\"https:\\\/\\\/qreativ.se\\\/dk\\\/#website\"},\"primaryImageOfPage\":{\"@id\":\"https:\\\/\\\/qreativ.se\\\/dk\\\/produkt\\\/kruka-julkulor\\\/#primaryimage\"},\"image\":{\"@id\":\"https:\\\/\\\/qreativ.se\\\/dk\\\/produkt\\\/kruka-julkulor\\\/#primaryimage\"},\"thumbnailUrl\":\"https:\\\/\\\/qreativ.se\\\/wp-content\\\/uploads\\\/2024\\\/10\\\/b232615a-924b-4244-a09d-7cb27796a58e.png\",\"datePublished\":\"2024-10-18T08:15:43+00:00\",\"dateModified\":\"2026-04-07T20:16:15+00:00\",\"breadcrumb\":{\"@id\":\"https:\\\/\\\/qreativ.se\\\/dk\\\/produkt\\\/kruka-julkulor\\\/#breadcrumb\"},\"inLanguage\":\"da-DK\",\"potentialAction\":[{\"@type\":\"ReadAction\",\"target\":[\"https:\\\/\\\/qreativ.se\\\/dk\\\/produkt\\\/kruka-julkulor\\\/\"]}]},{\"@type\":\"ImageObject\",\"inLanguage\":\"da-DK\",\"@id\":\"https:\\\/\\\/qreativ.se\\\/dk\\\/produkt\\\/kruka-julkulor\\\/#primaryimage\",\"url\":\"https:\\\/\\\/qreativ.se\\\/wp-content\\\/uploads\\\/2024\\\/10\\\/b232615a-924b-4244-a09d-7cb27796a58e.png\",\"contentUrl\":\"https:\\\/\\\/qreativ.se\\\/wp-content\\\/uploads\\\/2024\\\/10\\\/b232615a-924b-4244-a09d-7cb27796a58e.png\",\"width\":1920,\"height\":1280},{\"@type\":\"BreadcrumbList\",\"@id\":\"https:\\\/\\\/qreativ.se\\\/dk\\\/produkt\\\/kruka-julkulor\\\/#breadcrumb\",\"itemListElement\":[{\"@type\":\"ListItem\",\"position\":1,\"name\":\"Home\",\"item\":\"https:\\\/\\\/qreativ.se\\\/dk\\\/hjem\\\/\"},{\"@type\":\"ListItem\",\"position\":2,\"name\":\"Webbshop\",\"item\":\"https:\\\/\\\/qreativ.se\\\/dk\\\/webbshop\\\/\"},{\"@type\":\"ListItem\",\"position\":3,\"name\":\"Kruka julkulor\"}]},{\"@type\":\"WebSite\",\"@id\":\"https:\\\/\\\/qreativ.se\\\/dk\\\/#website\",\"url\":\"https:\\\/\\\/qreativ.se\\\/dk\\\/\",\"name\":\"Qreativ\",\"description\":\"\",\"alternateName\":\"qreativ.se\",\"potentialAction\":[{\"@type\":\"SearchAction\",\"target\":{\"@type\":\"EntryPoint\",\"urlTemplate\":\"https:\\\/\\\/qreativ.se\\\/dk\\\/?s={search_term_string}\"},\"query-input\":{\"@type\":\"PropertyValueSpecification\",\"valueRequired\":true,\"valueName\":\"search_term_string\"}}],\"inLanguage\":\"da-DK\"}]}<\/script>\n<!-- \/ Yoast SEO plugin. -->","yoast_head_json":{"title":"Kruka julkulor - Qreativ","robots":{"index":"index","follow":"follow","max-snippet":"max-snippet:-1","max-image-preview":"max-image-preview:large","max-video-preview":"max-video-preview:-1"},"canonical":"https:\/\/qreativ.se\/dk\/produkt\/kruka-julkulor\/","og_locale":"da_DK","og_type":"article","og_title":"Kruka julkulor - Qreativ","og_description":"Skapa en magisk julst\u00e4mning med v\u00e5r vackra kruka. Denna ljuvliga detalj blir ett imponerande tillskott till din julinredning och ger ditt hem en k\u00e4nsla av vintrig elegans och julig charm. Perfekt f\u00f6r dig som vill addera ett stilfullt och klassiskt inslag i julpyntet. Material: Poly","og_url":"https:\/\/qreativ.se\/dk\/produkt\/kruka-julkulor\/","og_site_name":"Qreativ","article_modified_time":"2026-04-07T20:16:15+00:00","og_image":[{"width":1920,"height":1280,"url":"https:\/\/qreativ.se\/wp-content\/uploads\/2024\/10\/b232615a-924b-4244-a09d-7cb27796a58e.png","type":"image\/png"}],"twitter_card":"summary_large_image","twitter_misc":{"Estimeret l\u00e6setid":"1 minut"},"schema":{"@context":"https:\/\/schema.org","@graph":[{"@type":"WebPage","@id":"https:\/\/qreativ.se\/dk\/produkt\/kruka-julkulor\/","url":"https:\/\/qreativ.se\/dk\/produkt\/kruka-julkulor\/","name":"Kruka julkulor - Qreativ","isPartOf":{"@id":"https:\/\/qreativ.se\/dk\/#website"},"primaryImageOfPage":{"@id":"https:\/\/qreativ.se\/dk\/produkt\/kruka-julkulor\/#primaryimage"},"image":{"@id":"https:\/\/qreativ.se\/dk\/produkt\/kruka-julkulor\/#primaryimage"},"thumbnailUrl":"https:\/\/qreativ.se\/wp-content\/uploads\/2024\/10\/b232615a-924b-4244-a09d-7cb27796a58e.png","datePublished":"2024-10-18T08:15:43+00:00","dateModified":"2026-04-07T20:16:15+00:00","breadcrumb":{"@id":"https:\/\/qreativ.se\/dk\/produkt\/kruka-julkulor\/#breadcrumb"},"inLanguage":"da-DK","potentialAction":[{"@type":"ReadAction","target":["https:\/\/qreativ.se\/dk\/produkt\/kruka-julkulor\/"]}]},{"@type":"ImageObject","inLanguage":"da-DK","@id":"https:\/\/qreativ.se\/dk\/produkt\/kruka-julkulor\/#primaryimage","url":"https:\/\/qreativ.se\/wp-content\/uploads\/2024\/10\/b232615a-924b-4244-a09d-7cb27796a58e.png","contentUrl":"https:\/\/qreativ.se\/wp-content\/uploads\/2024\/10\/b232615a-924b-4244-a09d-7cb27796a58e.png","width":1920,"height":1280},{"@type":"BreadcrumbList","@id":"https:\/\/qreativ.se\/dk\/produkt\/kruka-julkulor\/#breadcrumb","itemListElement":[{"@type":"ListItem","position":1,"name":"Home","item":"https:\/\/qreativ.se\/dk\/hjem\/"},{"@type":"ListItem","position":2,"name":"Webbshop","item":"https:\/\/qreativ.se\/dk\/webbshop\/"},{"@type":"ListItem","position":3,"name":"Kruka julkulor"}]},{"@type":"WebSite","@id":"https:\/\/qreativ.se\/dk\/#website","url":"https:\/\/qreativ.se\/dk\/","name":"Qreativ","description":"","alternateName":"qreativ.se","potentialAction":[{"@type":"SearchAction","target":{"@type":"EntryPoint","urlTemplate":"https:\/\/qreativ.se\/dk\/?s={search_term_string}"},"query-input":{"@type":"PropertyValueSpecification","valueRequired":true,"valueName":"search_term_string"}}],"inLanguage":"da-DK"}]}},"_links":{"self":[{"href":"https:\/\/qreativ.se\/dk\/wp-json\/wp\/v2\/product\/16493","targetHints":{"allow":["GET"]}}],"collection":[{"href":"https:\/\/qreativ.se\/dk\/wp-json\/wp\/v2\/product"}],"about":[{"href":"https:\/\/qreativ.se\/dk\/wp-json\/wp\/v2\/types\/product"}],"replies":[{"embeddable":true,"href":"https:\/\/qreativ.se\/dk\/wp-json\/wp\/v2\/comments?post=16493"}],"wp:featuredmedia":[{"embeddable":true,"href":"https:\/\/qreativ.se\/dk\/wp-json\/wp\/v2\/media\/16494"}],"wp:attachment":[{"href":"https:\/\/qreativ.se\/dk\/wp-json\/wp\/v2\/media?parent=16493"}],"wp:term":[{"taxonomy":"product_brand","embeddable":true,"href":"https:\/\/qreativ.se\/dk\/wp-json\/wp\/v2\/product_brand?post=16493"},{"taxonomy":"product_cat","embeddable":true,"href":"https:\/\/qreativ.se\/dk\/wp-json\/wp\/v2\/product_cat?post=16493"},{"taxonomy":"product_tag","embeddable":true,"href":"https:\/\/qreativ.se\/dk\/wp-json\/wp\/v2\/product_tag?post=16493"}],"curies":[{"name":"wp","href":"https:\/\/api.w.org\/{rel}","templated":true}]}}