{"id":16508,"date":"2024-10-16T18:07:04","date_gmt":"2024-10-16T18:07:04","guid":{"rendered":"https:\/\/qreativ.se\/produkt\/mela-ljuslykta-mullvad\/"},"modified":"2026-03-15T14:59:04","modified_gmt":"2026-03-15T14:59:04","slug":"mela-ljuslykta-mullvad","status":"publish","type":"product","link":"https:\/\/qreativ.se\/dk\/produkt\/mela-ljuslykta-mullvad\/","title":{"rendered":"Mela ljuslykta mullvad"},"content":{"rendered":"<p><strong>Mela \u2013 En exklusiv serie av vaser och ljuslyktor i eleganta f\u00e4rger<\/strong><\/p>\n<p>Skapa en varm och inbjudande atmosf\u00e4r med denna stilrena serie av vaser och ljuslyktor. Med sin organiska design och handgjorda k\u00e4nsla blir varje del i serien en unik dekoration i ditt hem. Serien finns i tv\u00e5 sofistikerade f\u00e4rger \u2013 b\u00e4rnsten och mullvad \u2013 som tillf\u00f6r b\u00e5de v\u00e4rme och elegans till din inredning.<\/p>\n<p>Vaserna \u00e4r perfekta f\u00f6r att visa upp blommor eller som st\u00e5ende inredningsdetaljer, medan ljuslyktorna skapar ett st\u00e4mningsfullt sken f\u00f6r mysiga kv\u00e4llar. Tillverkade av h\u00f6gkvalitativt glas och designade med en modern twist, \u00e4r dessa delar lika funktionella som dekorativa.<\/p>\n<p><strong>Nyckelfunktioner:<\/strong><\/p>\n<ul>\n<li><strong>Vackra f\u00e4rgval:<\/strong>\u00a0Finns i b\u00e4rnsten och mullvad f\u00f6r att matcha olika inredningsstilar.<\/li>\n<li><strong>M\u00e5ngsidig anv\u00e4ndning:<\/strong>\u00a0V\u00e4lj mellan vaser f\u00f6r blommor eller ljuslyktor f\u00f6r en mysig atmosf\u00e4r.<\/li>\n<li><strong>Unik design:<\/strong>\u00a0B\u00f6ljande former och detaljer som ger ett exklusivt och handgjort utseende.<\/li>\n<li><strong>H\u00f6gkvalitativt material:<\/strong>\u00a0Tillverkade av t\u00e5ligt glas med en elegant finish.<\/li>\n<li><strong>Dekorativa och funktionella:<\/strong>\u00a0Perfekta f\u00f6r b\u00e5de vardagsbruk och speciella tillf\u00e4llen.<\/li>\n<\/ul>\n","protected":false},"excerpt":{"rendered":"<p>Ge ditt hem en tidl\u00f6s och sofistikerad look med denna vackra serie av ljuslyktor och vaser. De \u00e4r ocks\u00e5 en perfekt present till n\u00e5gon som uppskattar elegant och genomt\u00e4nkt design!<\/p>\n","protected":false},"featured_media":16510,"comment_status":"open","ping_status":"closed","template":"","meta":{"_acf_changed":false,"inline_featured_image":false},"product_brand":[],"product_cat":[242,239],"product_tag":[],"class_list":{"0":"post-16508","1":"product","2":"type-product","3":"status-publish","4":"has-post-thumbnail","6":"product_cat-lygteholdere","7":"product_cat-stemningsfulde-lysestager-lysholdere","9":"first","10":"instock","11":"sale","12":"taxable","13":"shipping-taxable","14":"purchasable","15":"product-type-simple"},"acf":[],"yoast_head":"<!-- This site is optimized with the Yoast SEO plugin v27.6 - https:\/\/yoast.com\/product\/yoast-seo-wordpress\/ -->\n<title>Mela ljuslykta mullvad - Qreativ<\/title>\n<meta name=\"robots\" content=\"index, follow, max-snippet:-1, max-image-preview:large, max-video-preview:-1\" \/>\n<link rel=\"canonical\" href=\"https:\/\/qreativ.se\/dk\/produkt\/mela-ljuslykta-mullvad\/\" \/>\n<meta property=\"og:locale\" content=\"da_DK\" \/>\n<meta property=\"og:type\" content=\"article\" \/>\n<meta property=\"og:title\" content=\"Mela ljuslykta mullvad - Qreativ\" \/>\n<meta property=\"og:description\" content=\"Ge ditt hem en tidl\u00f6s och sofistikerad look med denna vackra serie av ljuslyktor och vaser. De \u00e4r ocks\u00e5 en perfekt present till n\u00e5gon som uppskattar elegant och genomt\u00e4nkt design!\" \/>\n<meta property=\"og:url\" content=\"https:\/\/qreativ.se\/dk\/produkt\/mela-ljuslykta-mullvad\/\" \/>\n<meta property=\"og:site_name\" content=\"Qreativ\" \/>\n<meta property=\"article:modified_time\" content=\"2026-03-15T14:59:04+00:00\" \/>\n<meta property=\"og:image\" content=\"https:\/\/qreativ.se\/wp-content\/uploads\/2024\/10\/Namnlos-design-16.png\" \/>\n\t<meta property=\"og:image:width\" content=\"2000\" \/>\n\t<meta property=\"og:image:height\" content=\"2000\" \/>\n\t<meta property=\"og:image:type\" content=\"image\/png\" \/>\n<meta name=\"twitter:card\" content=\"summary_large_image\" \/>\n<meta name=\"twitter:label1\" content=\"Estimeret l\u00e6setid\" \/>\n\t<meta name=\"twitter:data1\" content=\"1 minut\" \/>\n<script type=\"application\/ld+json\" class=\"yoast-schema-graph\">{\"@context\":\"https:\\\/\\\/schema.org\",\"@graph\":[{\"@type\":\"WebPage\",\"@id\":\"https:\\\/\\\/qreativ.se\\\/dk\\\/produkt\\\/mela-ljuslykta-mullvad\\\/\",\"url\":\"https:\\\/\\\/qreativ.se\\\/dk\\\/produkt\\\/mela-ljuslykta-mullvad\\\/\",\"name\":\"Mela ljuslykta mullvad - Qreativ\",\"isPartOf\":{\"@id\":\"https:\\\/\\\/qreativ.se\\\/dk\\\/#website\"},\"primaryImageOfPage\":{\"@id\":\"https:\\\/\\\/qreativ.se\\\/dk\\\/produkt\\\/mela-ljuslykta-mullvad\\\/#primaryimage\"},\"image\":{\"@id\":\"https:\\\/\\\/qreativ.se\\\/dk\\\/produkt\\\/mela-ljuslykta-mullvad\\\/#primaryimage\"},\"thumbnailUrl\":\"https:\\\/\\\/qreativ.se\\\/wp-content\\\/uploads\\\/2024\\\/10\\\/Namnlos-design-16.png\",\"datePublished\":\"2024-10-16T18:07:04+00:00\",\"dateModified\":\"2026-03-15T14:59:04+00:00\",\"breadcrumb\":{\"@id\":\"https:\\\/\\\/qreativ.se\\\/dk\\\/produkt\\\/mela-ljuslykta-mullvad\\\/#breadcrumb\"},\"inLanguage\":\"da-DK\",\"potentialAction\":[{\"@type\":\"ReadAction\",\"target\":[\"https:\\\/\\\/qreativ.se\\\/dk\\\/produkt\\\/mela-ljuslykta-mullvad\\\/\"]}]},{\"@type\":\"ImageObject\",\"inLanguage\":\"da-DK\",\"@id\":\"https:\\\/\\\/qreativ.se\\\/dk\\\/produkt\\\/mela-ljuslykta-mullvad\\\/#primaryimage\",\"url\":\"https:\\\/\\\/qreativ.se\\\/wp-content\\\/uploads\\\/2024\\\/10\\\/Namnlos-design-16.png\",\"contentUrl\":\"https:\\\/\\\/qreativ.se\\\/wp-content\\\/uploads\\\/2024\\\/10\\\/Namnlos-design-16.png\",\"width\":2000,\"height\":2000},{\"@type\":\"BreadcrumbList\",\"@id\":\"https:\\\/\\\/qreativ.se\\\/dk\\\/produkt\\\/mela-ljuslykta-mullvad\\\/#breadcrumb\",\"itemListElement\":[{\"@type\":\"ListItem\",\"position\":1,\"name\":\"Home\",\"item\":\"https:\\\/\\\/qreativ.se\\\/dk\\\/hjem\\\/\"},{\"@type\":\"ListItem\",\"position\":2,\"name\":\"Webbshop\",\"item\":\"https:\\\/\\\/qreativ.se\\\/dk\\\/webbshop\\\/\"},{\"@type\":\"ListItem\",\"position\":3,\"name\":\"Mela ljuslykta mullvad\"}]},{\"@type\":\"WebSite\",\"@id\":\"https:\\\/\\\/qreativ.se\\\/dk\\\/#website\",\"url\":\"https:\\\/\\\/qreativ.se\\\/dk\\\/\",\"name\":\"Qreativ\",\"description\":\"\",\"alternateName\":\"qreativ.se\",\"potentialAction\":[{\"@type\":\"SearchAction\",\"target\":{\"@type\":\"EntryPoint\",\"urlTemplate\":\"https:\\\/\\\/qreativ.se\\\/dk\\\/?s={search_term_string}\"},\"query-input\":{\"@type\":\"PropertyValueSpecification\",\"valueRequired\":true,\"valueName\":\"search_term_string\"}}],\"inLanguage\":\"da-DK\"}]}<\/script>\n<!-- \/ Yoast SEO plugin. -->","yoast_head_json":{"title":"Mela ljuslykta mullvad - Qreativ","robots":{"index":"index","follow":"follow","max-snippet":"max-snippet:-1","max-image-preview":"max-image-preview:large","max-video-preview":"max-video-preview:-1"},"canonical":"https:\/\/qreativ.se\/dk\/produkt\/mela-ljuslykta-mullvad\/","og_locale":"da_DK","og_type":"article","og_title":"Mela ljuslykta mullvad - Qreativ","og_description":"Ge ditt hem en tidl\u00f6s och sofistikerad look med denna vackra serie av ljuslyktor och vaser. De \u00e4r ocks\u00e5 en perfekt present till n\u00e5gon som uppskattar elegant och genomt\u00e4nkt design!","og_url":"https:\/\/qreativ.se\/dk\/produkt\/mela-ljuslykta-mullvad\/","og_site_name":"Qreativ","article_modified_time":"2026-03-15T14:59:04+00:00","og_image":[{"width":2000,"height":2000,"url":"https:\/\/qreativ.se\/wp-content\/uploads\/2024\/10\/Namnlos-design-16.png","type":"image\/png"}],"twitter_card":"summary_large_image","twitter_misc":{"Estimeret l\u00e6setid":"1 minut"},"schema":{"@context":"https:\/\/schema.org","@graph":[{"@type":"WebPage","@id":"https:\/\/qreativ.se\/dk\/produkt\/mela-ljuslykta-mullvad\/","url":"https:\/\/qreativ.se\/dk\/produkt\/mela-ljuslykta-mullvad\/","name":"Mela ljuslykta mullvad - Qreativ","isPartOf":{"@id":"https:\/\/qreativ.se\/dk\/#website"},"primaryImageOfPage":{"@id":"https:\/\/qreativ.se\/dk\/produkt\/mela-ljuslykta-mullvad\/#primaryimage"},"image":{"@id":"https:\/\/qreativ.se\/dk\/produkt\/mela-ljuslykta-mullvad\/#primaryimage"},"thumbnailUrl":"https:\/\/qreativ.se\/wp-content\/uploads\/2024\/10\/Namnlos-design-16.png","datePublished":"2024-10-16T18:07:04+00:00","dateModified":"2026-03-15T14:59:04+00:00","breadcrumb":{"@id":"https:\/\/qreativ.se\/dk\/produkt\/mela-ljuslykta-mullvad\/#breadcrumb"},"inLanguage":"da-DK","potentialAction":[{"@type":"ReadAction","target":["https:\/\/qreativ.se\/dk\/produkt\/mela-ljuslykta-mullvad\/"]}]},{"@type":"ImageObject","inLanguage":"da-DK","@id":"https:\/\/qreativ.se\/dk\/produkt\/mela-ljuslykta-mullvad\/#primaryimage","url":"https:\/\/qreativ.se\/wp-content\/uploads\/2024\/10\/Namnlos-design-16.png","contentUrl":"https:\/\/qreativ.se\/wp-content\/uploads\/2024\/10\/Namnlos-design-16.png","width":2000,"height":2000},{"@type":"BreadcrumbList","@id":"https:\/\/qreativ.se\/dk\/produkt\/mela-ljuslykta-mullvad\/#breadcrumb","itemListElement":[{"@type":"ListItem","position":1,"name":"Home","item":"https:\/\/qreativ.se\/dk\/hjem\/"},{"@type":"ListItem","position":2,"name":"Webbshop","item":"https:\/\/qreativ.se\/dk\/webbshop\/"},{"@type":"ListItem","position":3,"name":"Mela ljuslykta mullvad"}]},{"@type":"WebSite","@id":"https:\/\/qreativ.se\/dk\/#website","url":"https:\/\/qreativ.se\/dk\/","name":"Qreativ","description":"","alternateName":"qreativ.se","potentialAction":[{"@type":"SearchAction","target":{"@type":"EntryPoint","urlTemplate":"https:\/\/qreativ.se\/dk\/?s={search_term_string}"},"query-input":{"@type":"PropertyValueSpecification","valueRequired":true,"valueName":"search_term_string"}}],"inLanguage":"da-DK"}]}},"_links":{"self":[{"href":"https:\/\/qreativ.se\/dk\/wp-json\/wp\/v2\/product\/16508","targetHints":{"allow":["GET"]}}],"collection":[{"href":"https:\/\/qreativ.se\/dk\/wp-json\/wp\/v2\/product"}],"about":[{"href":"https:\/\/qreativ.se\/dk\/wp-json\/wp\/v2\/types\/product"}],"replies":[{"embeddable":true,"href":"https:\/\/qreativ.se\/dk\/wp-json\/wp\/v2\/comments?post=16508"}],"wp:featuredmedia":[{"embeddable":true,"href":"https:\/\/qreativ.se\/dk\/wp-json\/wp\/v2\/media\/16510"}],"wp:attachment":[{"href":"https:\/\/qreativ.se\/dk\/wp-json\/wp\/v2\/media?parent=16508"}],"wp:term":[{"taxonomy":"product_brand","embeddable":true,"href":"https:\/\/qreativ.se\/dk\/wp-json\/wp\/v2\/product_brand?post=16508"},{"taxonomy":"product_cat","embeddable":true,"href":"https:\/\/qreativ.se\/dk\/wp-json\/wp\/v2\/product_cat?post=16508"},{"taxonomy":"product_tag","embeddable":true,"href":"https:\/\/qreativ.se\/dk\/wp-json\/wp\/v2\/product_tag?post=16508"}],"curies":[{"name":"wp","href":"https:\/\/api.w.org\/{rel}","templated":true}]}}