{"id":16560,"date":"2024-07-18T15:22:29","date_gmt":"2024-07-18T15:22:29","guid":{"rendered":"https:\/\/qreativ.se\/produkt\/arvid-skal-m-tra\/"},"modified":"2026-02-13T09:30:45","modified_gmt":"2026-02-13T09:30:45","slug":"arvid-skal-m-tra","status":"publish","type":"product","link":"https:\/\/qreativ.se\/dk\/produkt\/arvid-skal-m-tra\/","title":{"rendered":"Arvid sk\u00e5l vintage L"},"content":{"rendered":"<p><strong>Handgjorda sk\u00e5lar i teakrot \u2013 Naturlig sk\u00f6nhet med unik karakt\u00e4r<\/strong><\/p>\n<p>Uppt\u00e4ck charmen i v\u00e5r serie handgjorda sk\u00e5lar tillverkade av teakrot. Varje sk\u00e5l \u00e4r ett unikt konstverk med naturliga m\u00f6nster, sprickor och oj\u00e4mnheter som vittnar om tr\u00e4ets ursprung och autenticitet. Perfekta som serveringssk\u00e5lar eller dekorativa inslag i hemmet.<\/p>\n<p>Den robusta teakroten ger inte bara en varm och levande k\u00e4nsla, utan s\u00e4kerst\u00e4ller ocks\u00e5 en h\u00e5llbar produkt som st\u00e5r emot tidens tand. Med sitt unika utseende blir dessa sk\u00e5lar ett samtals\u00e4mne vid varje tillf\u00e4lle.<\/p>\n<p><strong>Egenskaper:<\/strong><\/p>\n<ul>\n<li>Handgjorda av 100 % naturlig teakrot<\/li>\n<li>Varje sk\u00e5l \u00e4r unik \u2013 med naturliga sprickor och oj\u00e4mnheter<\/li>\n<li>Perfekta f\u00f6r servering, dekoration eller som g\u00e5va<\/li>\n<li>H\u00e5llbart tillverkade f\u00f6r att bevara naturens sk\u00f6nhet<\/li>\n<\/ul>\n","protected":false},"excerpt":{"rendered":"<p>Ge ditt hem en touch av naturens egen konst med dessa exklusiva sk\u00e5lar. Best\u00e4ll idag och bjud in en tidl\u00f6s elegans till din inredning!<\/p>\n","protected":false},"featured_media":16561,"comment_status":"closed","ping_status":"closed","template":"","meta":{"_acf_changed":false,"inline_featured_image":false},"product_brand":[],"product_cat":[270],"product_tag":[286],"class_list":{"0":"post-16560","1":"product","2":"type-product","3":"status-publish","4":"has-post-thumbnail","6":"product_cat-unik-vintage-indretning","7":"product_tag-easytoship","9":"first","10":"instock","11":"taxable","12":"shipping-taxable","13":"purchasable","14":"product-type-simple"},"acf":[],"yoast_head":"<!-- This site is optimized with the Yoast SEO plugin v27.6 - https:\/\/yoast.com\/product\/yoast-seo-wordpress\/ -->\n<title>Arvid sk\u00e5l vintage L - Qreativ<\/title>\n<meta name=\"robots\" content=\"index, follow, max-snippet:-1, max-image-preview:large, max-video-preview:-1\" \/>\n<link rel=\"canonical\" href=\"https:\/\/qreativ.se\/dk\/produkt\/arvid-skal-m-tra\/\" \/>\n<meta property=\"og:locale\" content=\"da_DK\" \/>\n<meta property=\"og:type\" content=\"article\" \/>\n<meta property=\"og:title\" content=\"Arvid sk\u00e5l vintage L - Qreativ\" \/>\n<meta property=\"og:description\" content=\"Ge ditt hem en touch av naturens egen konst med dessa exklusiva sk\u00e5lar. Best\u00e4ll idag och bjud in en tidl\u00f6s elegans till din inredning!\" \/>\n<meta property=\"og:url\" content=\"https:\/\/qreativ.se\/dk\/produkt\/arvid-skal-m-tra\/\" \/>\n<meta property=\"og:site_name\" content=\"Qreativ\" \/>\n<meta property=\"article:modified_time\" content=\"2026-02-13T09:30:45+00:00\" \/>\n<meta property=\"og:image\" content=\"https:\/\/qreativ.se\/wp-content\/uploads\/2024\/05\/737-192-00.png\" \/>\n\t<meta property=\"og:image:width\" content=\"720\" \/>\n\t<meta property=\"og:image:height\" content=\"720\" \/>\n\t<meta property=\"og:image:type\" content=\"image\/webp\" \/>\n<meta name=\"twitter:card\" content=\"summary_large_image\" \/>\n<meta name=\"twitter:label1\" content=\"Estimeret l\u00e6setid\" \/>\n\t<meta name=\"twitter:data1\" content=\"1 minut\" \/>\n<script type=\"application\/ld+json\" class=\"yoast-schema-graph\">{\"@context\":\"https:\\\/\\\/schema.org\",\"@graph\":[{\"@type\":\"WebPage\",\"@id\":\"https:\\\/\\\/qreativ.se\\\/dk\\\/produkt\\\/arvid-skal-m-tra\\\/\",\"url\":\"https:\\\/\\\/qreativ.se\\\/dk\\\/produkt\\\/arvid-skal-m-tra\\\/\",\"name\":\"Arvid sk\u00e5l vintage L - Qreativ\",\"isPartOf\":{\"@id\":\"https:\\\/\\\/qreativ.se\\\/dk\\\/#website\"},\"primaryImageOfPage\":{\"@id\":\"https:\\\/\\\/qreativ.se\\\/dk\\\/produkt\\\/arvid-skal-m-tra\\\/#primaryimage\"},\"image\":{\"@id\":\"https:\\\/\\\/qreativ.se\\\/dk\\\/produkt\\\/arvid-skal-m-tra\\\/#primaryimage\"},\"thumbnailUrl\":\"https:\\\/\\\/qreativ.se\\\/wp-content\\\/uploads\\\/2024\\\/05\\\/737-192-00.png\",\"datePublished\":\"2024-07-18T15:22:29+00:00\",\"dateModified\":\"2026-02-13T09:30:45+00:00\",\"breadcrumb\":{\"@id\":\"https:\\\/\\\/qreativ.se\\\/dk\\\/produkt\\\/arvid-skal-m-tra\\\/#breadcrumb\"},\"inLanguage\":\"da-DK\",\"potentialAction\":[{\"@type\":\"ReadAction\",\"target\":[\"https:\\\/\\\/qreativ.se\\\/dk\\\/produkt\\\/arvid-skal-m-tra\\\/\"]}]},{\"@type\":\"ImageObject\",\"inLanguage\":\"da-DK\",\"@id\":\"https:\\\/\\\/qreativ.se\\\/dk\\\/produkt\\\/arvid-skal-m-tra\\\/#primaryimage\",\"url\":\"https:\\\/\\\/qreativ.se\\\/wp-content\\\/uploads\\\/2024\\\/05\\\/737-192-00.png\",\"contentUrl\":\"https:\\\/\\\/qreativ.se\\\/wp-content\\\/uploads\\\/2024\\\/05\\\/737-192-00.png\",\"width\":720,\"height\":720},{\"@type\":\"BreadcrumbList\",\"@id\":\"https:\\\/\\\/qreativ.se\\\/dk\\\/produkt\\\/arvid-skal-m-tra\\\/#breadcrumb\",\"itemListElement\":[{\"@type\":\"ListItem\",\"position\":1,\"name\":\"Home\",\"item\":\"https:\\\/\\\/qreativ.se\\\/dk\\\/hjem\\\/\"},{\"@type\":\"ListItem\",\"position\":2,\"name\":\"Webbshop\",\"item\":\"https:\\\/\\\/qreativ.se\\\/dk\\\/webbshop\\\/\"},{\"@type\":\"ListItem\",\"position\":3,\"name\":\"Arvid sk\u00e5l vintage L\"}]},{\"@type\":\"WebSite\",\"@id\":\"https:\\\/\\\/qreativ.se\\\/dk\\\/#website\",\"url\":\"https:\\\/\\\/qreativ.se\\\/dk\\\/\",\"name\":\"Qreativ\",\"description\":\"\",\"alternateName\":\"qreativ.se\",\"potentialAction\":[{\"@type\":\"SearchAction\",\"target\":{\"@type\":\"EntryPoint\",\"urlTemplate\":\"https:\\\/\\\/qreativ.se\\\/dk\\\/?s={search_term_string}\"},\"query-input\":{\"@type\":\"PropertyValueSpecification\",\"valueRequired\":true,\"valueName\":\"search_term_string\"}}],\"inLanguage\":\"da-DK\"}]}<\/script>\n<!-- \/ Yoast SEO plugin. -->","yoast_head_json":{"title":"Arvid sk\u00e5l vintage L - Qreativ","robots":{"index":"index","follow":"follow","max-snippet":"max-snippet:-1","max-image-preview":"max-image-preview:large","max-video-preview":"max-video-preview:-1"},"canonical":"https:\/\/qreativ.se\/dk\/produkt\/arvid-skal-m-tra\/","og_locale":"da_DK","og_type":"article","og_title":"Arvid sk\u00e5l vintage L - Qreativ","og_description":"Ge ditt hem en touch av naturens egen konst med dessa exklusiva sk\u00e5lar. Best\u00e4ll idag och bjud in en tidl\u00f6s elegans till din inredning!","og_url":"https:\/\/qreativ.se\/dk\/produkt\/arvid-skal-m-tra\/","og_site_name":"Qreativ","article_modified_time":"2026-02-13T09:30:45+00:00","og_image":[{"width":720,"height":720,"url":"https:\/\/qreativ.se\/wp-content\/uploads\/2024\/05\/737-192-00.png","type":"image\/webp"}],"twitter_card":"summary_large_image","twitter_misc":{"Estimeret l\u00e6setid":"1 minut"},"schema":{"@context":"https:\/\/schema.org","@graph":[{"@type":"WebPage","@id":"https:\/\/qreativ.se\/dk\/produkt\/arvid-skal-m-tra\/","url":"https:\/\/qreativ.se\/dk\/produkt\/arvid-skal-m-tra\/","name":"Arvid sk\u00e5l vintage L - Qreativ","isPartOf":{"@id":"https:\/\/qreativ.se\/dk\/#website"},"primaryImageOfPage":{"@id":"https:\/\/qreativ.se\/dk\/produkt\/arvid-skal-m-tra\/#primaryimage"},"image":{"@id":"https:\/\/qreativ.se\/dk\/produkt\/arvid-skal-m-tra\/#primaryimage"},"thumbnailUrl":"https:\/\/qreativ.se\/wp-content\/uploads\/2024\/05\/737-192-00.png","datePublished":"2024-07-18T15:22:29+00:00","dateModified":"2026-02-13T09:30:45+00:00","breadcrumb":{"@id":"https:\/\/qreativ.se\/dk\/produkt\/arvid-skal-m-tra\/#breadcrumb"},"inLanguage":"da-DK","potentialAction":[{"@type":"ReadAction","target":["https:\/\/qreativ.se\/dk\/produkt\/arvid-skal-m-tra\/"]}]},{"@type":"ImageObject","inLanguage":"da-DK","@id":"https:\/\/qreativ.se\/dk\/produkt\/arvid-skal-m-tra\/#primaryimage","url":"https:\/\/qreativ.se\/wp-content\/uploads\/2024\/05\/737-192-00.png","contentUrl":"https:\/\/qreativ.se\/wp-content\/uploads\/2024\/05\/737-192-00.png","width":720,"height":720},{"@type":"BreadcrumbList","@id":"https:\/\/qreativ.se\/dk\/produkt\/arvid-skal-m-tra\/#breadcrumb","itemListElement":[{"@type":"ListItem","position":1,"name":"Home","item":"https:\/\/qreativ.se\/dk\/hjem\/"},{"@type":"ListItem","position":2,"name":"Webbshop","item":"https:\/\/qreativ.se\/dk\/webbshop\/"},{"@type":"ListItem","position":3,"name":"Arvid sk\u00e5l vintage L"}]},{"@type":"WebSite","@id":"https:\/\/qreativ.se\/dk\/#website","url":"https:\/\/qreativ.se\/dk\/","name":"Qreativ","description":"","alternateName":"qreativ.se","potentialAction":[{"@type":"SearchAction","target":{"@type":"EntryPoint","urlTemplate":"https:\/\/qreativ.se\/dk\/?s={search_term_string}"},"query-input":{"@type":"PropertyValueSpecification","valueRequired":true,"valueName":"search_term_string"}}],"inLanguage":"da-DK"}]}},"_links":{"self":[{"href":"https:\/\/qreativ.se\/dk\/wp-json\/wp\/v2\/product\/16560","targetHints":{"allow":["GET"]}}],"collection":[{"href":"https:\/\/qreativ.se\/dk\/wp-json\/wp\/v2\/product"}],"about":[{"href":"https:\/\/qreativ.se\/dk\/wp-json\/wp\/v2\/types\/product"}],"replies":[{"embeddable":true,"href":"https:\/\/qreativ.se\/dk\/wp-json\/wp\/v2\/comments?post=16560"}],"wp:featuredmedia":[{"embeddable":true,"href":"https:\/\/qreativ.se\/dk\/wp-json\/wp\/v2\/media\/16561"}],"wp:attachment":[{"href":"https:\/\/qreativ.se\/dk\/wp-json\/wp\/v2\/media?parent=16560"}],"wp:term":[{"taxonomy":"product_brand","embeddable":true,"href":"https:\/\/qreativ.se\/dk\/wp-json\/wp\/v2\/product_brand?post=16560"},{"taxonomy":"product_cat","embeddable":true,"href":"https:\/\/qreativ.se\/dk\/wp-json\/wp\/v2\/product_cat?post=16560"},{"taxonomy":"product_tag","embeddable":true,"href":"https:\/\/qreativ.se\/dk\/wp-json\/wp\/v2\/product_tag?post=16560"}],"curies":[{"name":"wp","href":"https:\/\/api.w.org\/{rel}","templated":true}]}}