{"id":16562,"date":"2024-07-18T15:22:29","date_gmt":"2024-07-18T15:22:29","guid":{"rendered":"https:\/\/qreativ.se\/produkt\/treasure-spegel-m-blandade-farger\/"},"modified":"2026-02-13T09:30:46","modified_gmt":"2026-02-13T09:30:46","slug":"treasure-spegel-m-blandade-farger","status":"publish","type":"product","link":"https:\/\/qreativ.se\/dk\/produkt\/treasure-spegel-m-blandade-farger\/","title":{"rendered":"Spegel Tr\u00e4 Vintage M &#8211; Treasure"},"content":{"rendered":"<p>Alla produkter \u00e4r unika och det finns inte tv\u00e5 likadana. F\u00e4rg, form och storlek kan variera. N\u00e4r du best\u00e4ller produkter ur detta sortiment kommer du f\u00e5 likv\u00e4rdiga varor men inte exakt det du ser p\u00e5 bild.<\/p>\n","protected":false},"excerpt":{"rendered":"<p>Alla produkter \u00e4r unika och det finns inte tv\u00e5 likadana. F\u00e4rg, form och storlek kan variera. N\u00e4r du best\u00e4ller produkter ur detta sortiment kommer du f\u00e5 likv\u00e4rdiga varor men inte exakt det du ser p\u00e5 bild.<\/p>\n","protected":false},"featured_media":16563,"comment_status":"closed","ping_status":"closed","template":"","meta":{"_acf_changed":false,"inline_featured_image":false},"product_brand":[],"product_cat":[270],"product_tag":[],"class_list":{"0":"post-16562","1":"product","2":"type-product","3":"status-publish","4":"has-post-thumbnail","6":"product_cat-unik-vintage-indretning","8":"first","9":"instock","10":"taxable","11":"shipping-taxable","12":"purchasable","13":"product-type-simple"},"acf":[],"yoast_head":"<!-- This site is optimized with the Yoast SEO plugin v27.4 - https:\/\/yoast.com\/product\/yoast-seo-wordpress\/ -->\n<title>Spegel Tr\u00e4 Vintage M - Treasure - Qreativ<\/title>\n<meta name=\"robots\" content=\"index, follow, max-snippet:-1, max-image-preview:large, max-video-preview:-1\" \/>\n<link rel=\"canonical\" href=\"https:\/\/qreativ.se\/dk\/produkt\/treasure-spegel-m-blandade-farger\/\" \/>\n<meta property=\"og:locale\" content=\"da_DK\" \/>\n<meta property=\"og:type\" content=\"article\" \/>\n<meta property=\"og:title\" content=\"Spegel Tr\u00e4 Vintage M - Treasure - Qreativ\" \/>\n<meta property=\"og:description\" content=\"Alla produkter \u00e4r unika och det finns inte tv\u00e5 likadana. F\u00e4rg, form och storlek kan variera. N\u00e4r du best\u00e4ller produkter ur detta sortiment kommer du f\u00e5 likv\u00e4rdiga varor men inte exakt det du ser p\u00e5 bild.\" \/>\n<meta property=\"og:url\" content=\"https:\/\/qreativ.se\/dk\/produkt\/treasure-spegel-m-blandade-farger\/\" \/>\n<meta property=\"og:site_name\" content=\"Qreativ\" \/>\n<meta property=\"article:modified_time\" content=\"2026-02-13T09:30:46+00:00\" \/>\n<meta property=\"og:image\" content=\"https:\/\/qreativ.se\/wp-content\/uploads\/2024\/05\/076-346-00.png\" \/>\n\t<meta property=\"og:image:width\" content=\"720\" \/>\n\t<meta property=\"og:image:height\" content=\"720\" \/>\n\t<meta property=\"og:image:type\" content=\"image\/webp\" \/>\n<meta name=\"twitter:card\" content=\"summary_large_image\" \/>\n<script type=\"application\/ld+json\" class=\"yoast-schema-graph\">{\"@context\":\"https:\\\/\\\/schema.org\",\"@graph\":[{\"@type\":\"WebPage\",\"@id\":\"https:\\\/\\\/qreativ.se\\\/dk\\\/produkt\\\/treasure-spegel-m-blandade-farger\\\/\",\"url\":\"https:\\\/\\\/qreativ.se\\\/dk\\\/produkt\\\/treasure-spegel-m-blandade-farger\\\/\",\"name\":\"Spegel Tr\u00e4 Vintage M - Treasure - Qreativ\",\"isPartOf\":{\"@id\":\"https:\\\/\\\/qreativ.se\\\/dk\\\/#website\"},\"primaryImageOfPage\":{\"@id\":\"https:\\\/\\\/qreativ.se\\\/dk\\\/produkt\\\/treasure-spegel-m-blandade-farger\\\/#primaryimage\"},\"image\":{\"@id\":\"https:\\\/\\\/qreativ.se\\\/dk\\\/produkt\\\/treasure-spegel-m-blandade-farger\\\/#primaryimage\"},\"thumbnailUrl\":\"https:\\\/\\\/qreativ.se\\\/wp-content\\\/uploads\\\/2024\\\/05\\\/076-346-00.png\",\"datePublished\":\"2024-07-18T15:22:29+00:00\",\"dateModified\":\"2026-02-13T09:30:46+00:00\",\"breadcrumb\":{\"@id\":\"https:\\\/\\\/qreativ.se\\\/dk\\\/produkt\\\/treasure-spegel-m-blandade-farger\\\/#breadcrumb\"},\"inLanguage\":\"da-DK\",\"potentialAction\":[{\"@type\":\"ReadAction\",\"target\":[\"https:\\\/\\\/qreativ.se\\\/dk\\\/produkt\\\/treasure-spegel-m-blandade-farger\\\/\"]}]},{\"@type\":\"ImageObject\",\"inLanguage\":\"da-DK\",\"@id\":\"https:\\\/\\\/qreativ.se\\\/dk\\\/produkt\\\/treasure-spegel-m-blandade-farger\\\/#primaryimage\",\"url\":\"https:\\\/\\\/qreativ.se\\\/wp-content\\\/uploads\\\/2024\\\/05\\\/076-346-00.png\",\"contentUrl\":\"https:\\\/\\\/qreativ.se\\\/wp-content\\\/uploads\\\/2024\\\/05\\\/076-346-00.png\",\"width\":720,\"height\":720},{\"@type\":\"BreadcrumbList\",\"@id\":\"https:\\\/\\\/qreativ.se\\\/dk\\\/produkt\\\/treasure-spegel-m-blandade-farger\\\/#breadcrumb\",\"itemListElement\":[{\"@type\":\"ListItem\",\"position\":1,\"name\":\"Home\",\"item\":\"https:\\\/\\\/qreativ.se\\\/dk\\\/hjem\\\/\"},{\"@type\":\"ListItem\",\"position\":2,\"name\":\"Webbshop\",\"item\":\"https:\\\/\\\/qreativ.se\\\/dk\\\/webbshop\\\/\"},{\"@type\":\"ListItem\",\"position\":3,\"name\":\"Spegel Tr\u00e4 Vintage M &#8211; Treasure\"}]},{\"@type\":\"WebSite\",\"@id\":\"https:\\\/\\\/qreativ.se\\\/dk\\\/#website\",\"url\":\"https:\\\/\\\/qreativ.se\\\/dk\\\/\",\"name\":\"Qreativ\",\"description\":\"\",\"alternateName\":\"qreativ.se\",\"potentialAction\":[{\"@type\":\"SearchAction\",\"target\":{\"@type\":\"EntryPoint\",\"urlTemplate\":\"https:\\\/\\\/qreativ.se\\\/dk\\\/?s={search_term_string}\"},\"query-input\":{\"@type\":\"PropertyValueSpecification\",\"valueRequired\":true,\"valueName\":\"search_term_string\"}}],\"inLanguage\":\"da-DK\"}]}<\/script>\n<!-- \/ Yoast SEO plugin. -->","yoast_head_json":{"title":"Spegel Tr\u00e4 Vintage M - Treasure - Qreativ","robots":{"index":"index","follow":"follow","max-snippet":"max-snippet:-1","max-image-preview":"max-image-preview:large","max-video-preview":"max-video-preview:-1"},"canonical":"https:\/\/qreativ.se\/dk\/produkt\/treasure-spegel-m-blandade-farger\/","og_locale":"da_DK","og_type":"article","og_title":"Spegel Tr\u00e4 Vintage M - Treasure - Qreativ","og_description":"Alla produkter \u00e4r unika och det finns inte tv\u00e5 likadana. F\u00e4rg, form och storlek kan variera. N\u00e4r du best\u00e4ller produkter ur detta sortiment kommer du f\u00e5 likv\u00e4rdiga varor men inte exakt det du ser p\u00e5 bild.","og_url":"https:\/\/qreativ.se\/dk\/produkt\/treasure-spegel-m-blandade-farger\/","og_site_name":"Qreativ","article_modified_time":"2026-02-13T09:30:46+00:00","og_image":[{"width":720,"height":720,"url":"https:\/\/qreativ.se\/wp-content\/uploads\/2024\/05\/076-346-00.png","type":"image\/webp"}],"twitter_card":"summary_large_image","schema":{"@context":"https:\/\/schema.org","@graph":[{"@type":"WebPage","@id":"https:\/\/qreativ.se\/dk\/produkt\/treasure-spegel-m-blandade-farger\/","url":"https:\/\/qreativ.se\/dk\/produkt\/treasure-spegel-m-blandade-farger\/","name":"Spegel Tr\u00e4 Vintage M - Treasure - Qreativ","isPartOf":{"@id":"https:\/\/qreativ.se\/dk\/#website"},"primaryImageOfPage":{"@id":"https:\/\/qreativ.se\/dk\/produkt\/treasure-spegel-m-blandade-farger\/#primaryimage"},"image":{"@id":"https:\/\/qreativ.se\/dk\/produkt\/treasure-spegel-m-blandade-farger\/#primaryimage"},"thumbnailUrl":"https:\/\/qreativ.se\/wp-content\/uploads\/2024\/05\/076-346-00.png","datePublished":"2024-07-18T15:22:29+00:00","dateModified":"2026-02-13T09:30:46+00:00","breadcrumb":{"@id":"https:\/\/qreativ.se\/dk\/produkt\/treasure-spegel-m-blandade-farger\/#breadcrumb"},"inLanguage":"da-DK","potentialAction":[{"@type":"ReadAction","target":["https:\/\/qreativ.se\/dk\/produkt\/treasure-spegel-m-blandade-farger\/"]}]},{"@type":"ImageObject","inLanguage":"da-DK","@id":"https:\/\/qreativ.se\/dk\/produkt\/treasure-spegel-m-blandade-farger\/#primaryimage","url":"https:\/\/qreativ.se\/wp-content\/uploads\/2024\/05\/076-346-00.png","contentUrl":"https:\/\/qreativ.se\/wp-content\/uploads\/2024\/05\/076-346-00.png","width":720,"height":720},{"@type":"BreadcrumbList","@id":"https:\/\/qreativ.se\/dk\/produkt\/treasure-spegel-m-blandade-farger\/#breadcrumb","itemListElement":[{"@type":"ListItem","position":1,"name":"Home","item":"https:\/\/qreativ.se\/dk\/hjem\/"},{"@type":"ListItem","position":2,"name":"Webbshop","item":"https:\/\/qreativ.se\/dk\/webbshop\/"},{"@type":"ListItem","position":3,"name":"Spegel Tr\u00e4 Vintage M &#8211; Treasure"}]},{"@type":"WebSite","@id":"https:\/\/qreativ.se\/dk\/#website","url":"https:\/\/qreativ.se\/dk\/","name":"Qreativ","description":"","alternateName":"qreativ.se","potentialAction":[{"@type":"SearchAction","target":{"@type":"EntryPoint","urlTemplate":"https:\/\/qreativ.se\/dk\/?s={search_term_string}"},"query-input":{"@type":"PropertyValueSpecification","valueRequired":true,"valueName":"search_term_string"}}],"inLanguage":"da-DK"}]}},"_links":{"self":[{"href":"https:\/\/qreativ.se\/dk\/wp-json\/wp\/v2\/product\/16562","targetHints":{"allow":["GET"]}}],"collection":[{"href":"https:\/\/qreativ.se\/dk\/wp-json\/wp\/v2\/product"}],"about":[{"href":"https:\/\/qreativ.se\/dk\/wp-json\/wp\/v2\/types\/product"}],"replies":[{"embeddable":true,"href":"https:\/\/qreativ.se\/dk\/wp-json\/wp\/v2\/comments?post=16562"}],"wp:featuredmedia":[{"embeddable":true,"href":"https:\/\/qreativ.se\/dk\/wp-json\/wp\/v2\/media\/16563"}],"wp:attachment":[{"href":"https:\/\/qreativ.se\/dk\/wp-json\/wp\/v2\/media?parent=16562"}],"wp:term":[{"taxonomy":"product_brand","embeddable":true,"href":"https:\/\/qreativ.se\/dk\/wp-json\/wp\/v2\/product_brand?post=16562"},{"taxonomy":"product_cat","embeddable":true,"href":"https:\/\/qreativ.se\/dk\/wp-json\/wp\/v2\/product_cat?post=16562"},{"taxonomy":"product_tag","embeddable":true,"href":"https:\/\/qreativ.se\/dk\/wp-json\/wp\/v2\/product_tag?post=16562"}],"curies":[{"name":"wp","href":"https:\/\/api.w.org\/{rel}","templated":true}]}}