{"id":16662,"date":"2024-07-18T15:21:14","date_gmt":"2024-07-18T15:21:14","guid":{"rendered":"https:\/\/qreativ.se\/produkt\/elsa-servett-morkbeige\/"},"modified":"2026-02-13T09:31:26","modified_gmt":"2026-02-13T09:31:26","slug":"elsa-servett-morkbeige","status":"publish","type":"product","link":"https:\/\/qreativ.se\/dk\/produkt\/elsa-servett-morkbeige\/","title":{"rendered":"Elsa Servett M\u00f6rkt Beige 4-pack"},"content":{"rendered":"<p><strong>Servetter i 100 % bomull \u2013 Naturn\u00e4ra elegans f\u00f6r din dukning<\/strong><\/p>\n<p>Full\u00e4nda din dukning med v\u00e5ra servetter i 100 % bomull, designade i naturn\u00e4ra toner f\u00f6r en harmonisk och sofistikerad k\u00e4nsla. Dessa mjuka och h\u00f6gkvalitativa servetter \u00e4r b\u00e5de praktiska och dekorativa, perfekta f\u00f6r b\u00e5de vardagsmiddagar och festliga tillf\u00e4llen.<\/p>\n<p>Med en tidl\u00f6s design och f\u00e4rger som sand, beige och gr\u00e5 passar de s\u00f6ml\u00f6st in i alla inredningsstilar, fr\u00e5n rustik charm till minimalistisk elegans. De \u00e4r enkla att matcha med v\u00e5ra bordsdukar och k\u00f6kshanddukar f\u00f6r en enhetlig och stilren helhet.<\/p>\n<p><strong>Egenskaper:<\/strong><\/p>\n<ul>\n<li>Tillverkade av 100 % bomull \u2013 mjuka, h\u00e5llbara och milj\u00f6v\u00e4nliga<\/li>\n<li>Finns i naturn\u00e4ra toner f\u00f6r en naturlig och avslappnad look<\/li>\n<li>L\u00e4ttsk\u00f6tta \u2013 maskintv\u00e4ttbara och f\u00e4rgbest\u00e4ndiga<\/li>\n<li>Perfekta f\u00f6r b\u00e5de vardag och fest<\/li>\n<li>Matchar v\u00e5ra bordsdukar och k\u00f6kshanddukar f\u00f6r en komplett dukning<\/li>\n<\/ul>\n","protected":false},"excerpt":{"rendered":"<p>Ge din dukning en elegant och inbjudande touch med dessa vackra servetter. Best\u00e4ll idag och njut av kvalitet och stil vid varje m\u00e5ltid!<\/p>\n","protected":false},"featured_media":16663,"comment_status":"closed","ping_status":"closed","template":"","meta":{"_acf_changed":false,"inline_featured_image":false},"product_brand":[],"product_cat":[235,265],"product_tag":[286],"class_list":{"0":"post-16662","1":"product","2":"type-product","3":"status-publish","4":"has-post-thumbnail","6":"product_cat-indretningsprodukter-koekken","7":"product_cat-kokkentekstiler-tekstiler","8":"product_tag-easytoship","10":"first","11":"instock","12":"taxable","13":"shipping-taxable","14":"purchasable","15":"product-type-simple"},"acf":[],"yoast_head":"<!-- This site is optimized with the Yoast SEO plugin v27.5 - https:\/\/yoast.com\/product\/yoast-seo-wordpress\/ -->\n<title>Elsa Servett M\u00f6rkt Beige 4-pack - Qreativ<\/title>\n<meta name=\"robots\" content=\"index, follow, max-snippet:-1, max-image-preview:large, max-video-preview:-1\" \/>\n<link rel=\"canonical\" href=\"https:\/\/qreativ.se\/dk\/produkt\/elsa-servett-morkbeige\/\" \/>\n<meta property=\"og:locale\" content=\"da_DK\" \/>\n<meta property=\"og:type\" content=\"article\" \/>\n<meta property=\"og:title\" content=\"Elsa Servett M\u00f6rkt Beige 4-pack - Qreativ\" \/>\n<meta property=\"og:description\" content=\"Ge din dukning en elegant och inbjudande touch med dessa vackra servetter. Best\u00e4ll idag och njut av kvalitet och stil vid varje m\u00e5ltid!\" \/>\n<meta property=\"og:url\" content=\"https:\/\/qreativ.se\/dk\/produkt\/elsa-servett-morkbeige\/\" \/>\n<meta property=\"og:site_name\" content=\"Qreativ\" \/>\n<meta property=\"article:modified_time\" content=\"2026-02-13T09:31:26+00:00\" \/>\n<meta property=\"og:image\" content=\"https:\/\/qreativ.se\/wp-content\/uploads\/2024\/05\/070-749-00.png\" \/>\n\t<meta property=\"og:image:width\" content=\"720\" \/>\n\t<meta property=\"og:image:height\" content=\"720\" \/>\n\t<meta property=\"og:image:type\" content=\"image\/webp\" \/>\n<meta name=\"twitter:card\" content=\"summary_large_image\" \/>\n<meta name=\"twitter:label1\" content=\"Estimeret l\u00e6setid\" \/>\n\t<meta name=\"twitter:data1\" content=\"1 minut\" \/>\n<script type=\"application\/ld+json\" class=\"yoast-schema-graph\">{\"@context\":\"https:\\\/\\\/schema.org\",\"@graph\":[{\"@type\":\"WebPage\",\"@id\":\"https:\\\/\\\/qreativ.se\\\/dk\\\/produkt\\\/elsa-servett-morkbeige\\\/\",\"url\":\"https:\\\/\\\/qreativ.se\\\/dk\\\/produkt\\\/elsa-servett-morkbeige\\\/\",\"name\":\"Elsa Servett M\u00f6rkt Beige 4-pack - Qreativ\",\"isPartOf\":{\"@id\":\"https:\\\/\\\/qreativ.se\\\/dk\\\/#website\"},\"primaryImageOfPage\":{\"@id\":\"https:\\\/\\\/qreativ.se\\\/dk\\\/produkt\\\/elsa-servett-morkbeige\\\/#primaryimage\"},\"image\":{\"@id\":\"https:\\\/\\\/qreativ.se\\\/dk\\\/produkt\\\/elsa-servett-morkbeige\\\/#primaryimage\"},\"thumbnailUrl\":\"https:\\\/\\\/qreativ.se\\\/wp-content\\\/uploads\\\/2024\\\/05\\\/070-749-00.png\",\"datePublished\":\"2024-07-18T15:21:14+00:00\",\"dateModified\":\"2026-02-13T09:31:26+00:00\",\"breadcrumb\":{\"@id\":\"https:\\\/\\\/qreativ.se\\\/dk\\\/produkt\\\/elsa-servett-morkbeige\\\/#breadcrumb\"},\"inLanguage\":\"da-DK\",\"potentialAction\":[{\"@type\":\"ReadAction\",\"target\":[\"https:\\\/\\\/qreativ.se\\\/dk\\\/produkt\\\/elsa-servett-morkbeige\\\/\"]}]},{\"@type\":\"ImageObject\",\"inLanguage\":\"da-DK\",\"@id\":\"https:\\\/\\\/qreativ.se\\\/dk\\\/produkt\\\/elsa-servett-morkbeige\\\/#primaryimage\",\"url\":\"https:\\\/\\\/qreativ.se\\\/wp-content\\\/uploads\\\/2024\\\/05\\\/070-749-00.png\",\"contentUrl\":\"https:\\\/\\\/qreativ.se\\\/wp-content\\\/uploads\\\/2024\\\/05\\\/070-749-00.png\",\"width\":720,\"height\":720},{\"@type\":\"BreadcrumbList\",\"@id\":\"https:\\\/\\\/qreativ.se\\\/dk\\\/produkt\\\/elsa-servett-morkbeige\\\/#breadcrumb\",\"itemListElement\":[{\"@type\":\"ListItem\",\"position\":1,\"name\":\"Home\",\"item\":\"https:\\\/\\\/qreativ.se\\\/dk\\\/hjem\\\/\"},{\"@type\":\"ListItem\",\"position\":2,\"name\":\"Webbshop\",\"item\":\"https:\\\/\\\/qreativ.se\\\/dk\\\/webbshop\\\/\"},{\"@type\":\"ListItem\",\"position\":3,\"name\":\"Elsa Servett M\u00f6rkt Beige 4-pack\"}]},{\"@type\":\"WebSite\",\"@id\":\"https:\\\/\\\/qreativ.se\\\/dk\\\/#website\",\"url\":\"https:\\\/\\\/qreativ.se\\\/dk\\\/\",\"name\":\"Qreativ\",\"description\":\"\",\"alternateName\":\"qreativ.se\",\"potentialAction\":[{\"@type\":\"SearchAction\",\"target\":{\"@type\":\"EntryPoint\",\"urlTemplate\":\"https:\\\/\\\/qreativ.se\\\/dk\\\/?s={search_term_string}\"},\"query-input\":{\"@type\":\"PropertyValueSpecification\",\"valueRequired\":true,\"valueName\":\"search_term_string\"}}],\"inLanguage\":\"da-DK\"}]}<\/script>\n<!-- \/ Yoast SEO plugin. -->","yoast_head_json":{"title":"Elsa Servett M\u00f6rkt Beige 4-pack - Qreativ","robots":{"index":"index","follow":"follow","max-snippet":"max-snippet:-1","max-image-preview":"max-image-preview:large","max-video-preview":"max-video-preview:-1"},"canonical":"https:\/\/qreativ.se\/dk\/produkt\/elsa-servett-morkbeige\/","og_locale":"da_DK","og_type":"article","og_title":"Elsa Servett M\u00f6rkt Beige 4-pack - Qreativ","og_description":"Ge din dukning en elegant och inbjudande touch med dessa vackra servetter. Best\u00e4ll idag och njut av kvalitet och stil vid varje m\u00e5ltid!","og_url":"https:\/\/qreativ.se\/dk\/produkt\/elsa-servett-morkbeige\/","og_site_name":"Qreativ","article_modified_time":"2026-02-13T09:31:26+00:00","og_image":[{"width":720,"height":720,"url":"https:\/\/qreativ.se\/wp-content\/uploads\/2024\/05\/070-749-00.png","type":"image\/webp"}],"twitter_card":"summary_large_image","twitter_misc":{"Estimeret l\u00e6setid":"1 minut"},"schema":{"@context":"https:\/\/schema.org","@graph":[{"@type":"WebPage","@id":"https:\/\/qreativ.se\/dk\/produkt\/elsa-servett-morkbeige\/","url":"https:\/\/qreativ.se\/dk\/produkt\/elsa-servett-morkbeige\/","name":"Elsa Servett M\u00f6rkt Beige 4-pack - Qreativ","isPartOf":{"@id":"https:\/\/qreativ.se\/dk\/#website"},"primaryImageOfPage":{"@id":"https:\/\/qreativ.se\/dk\/produkt\/elsa-servett-morkbeige\/#primaryimage"},"image":{"@id":"https:\/\/qreativ.se\/dk\/produkt\/elsa-servett-morkbeige\/#primaryimage"},"thumbnailUrl":"https:\/\/qreativ.se\/wp-content\/uploads\/2024\/05\/070-749-00.png","datePublished":"2024-07-18T15:21:14+00:00","dateModified":"2026-02-13T09:31:26+00:00","breadcrumb":{"@id":"https:\/\/qreativ.se\/dk\/produkt\/elsa-servett-morkbeige\/#breadcrumb"},"inLanguage":"da-DK","potentialAction":[{"@type":"ReadAction","target":["https:\/\/qreativ.se\/dk\/produkt\/elsa-servett-morkbeige\/"]}]},{"@type":"ImageObject","inLanguage":"da-DK","@id":"https:\/\/qreativ.se\/dk\/produkt\/elsa-servett-morkbeige\/#primaryimage","url":"https:\/\/qreativ.se\/wp-content\/uploads\/2024\/05\/070-749-00.png","contentUrl":"https:\/\/qreativ.se\/wp-content\/uploads\/2024\/05\/070-749-00.png","width":720,"height":720},{"@type":"BreadcrumbList","@id":"https:\/\/qreativ.se\/dk\/produkt\/elsa-servett-morkbeige\/#breadcrumb","itemListElement":[{"@type":"ListItem","position":1,"name":"Home","item":"https:\/\/qreativ.se\/dk\/hjem\/"},{"@type":"ListItem","position":2,"name":"Webbshop","item":"https:\/\/qreativ.se\/dk\/webbshop\/"},{"@type":"ListItem","position":3,"name":"Elsa Servett M\u00f6rkt Beige 4-pack"}]},{"@type":"WebSite","@id":"https:\/\/qreativ.se\/dk\/#website","url":"https:\/\/qreativ.se\/dk\/","name":"Qreativ","description":"","alternateName":"qreativ.se","potentialAction":[{"@type":"SearchAction","target":{"@type":"EntryPoint","urlTemplate":"https:\/\/qreativ.se\/dk\/?s={search_term_string}"},"query-input":{"@type":"PropertyValueSpecification","valueRequired":true,"valueName":"search_term_string"}}],"inLanguage":"da-DK"}]}},"_links":{"self":[{"href":"https:\/\/qreativ.se\/dk\/wp-json\/wp\/v2\/product\/16662","targetHints":{"allow":["GET"]}}],"collection":[{"href":"https:\/\/qreativ.se\/dk\/wp-json\/wp\/v2\/product"}],"about":[{"href":"https:\/\/qreativ.se\/dk\/wp-json\/wp\/v2\/types\/product"}],"replies":[{"embeddable":true,"href":"https:\/\/qreativ.se\/dk\/wp-json\/wp\/v2\/comments?post=16662"}],"wp:featuredmedia":[{"embeddable":true,"href":"https:\/\/qreativ.se\/dk\/wp-json\/wp\/v2\/media\/16663"}],"wp:attachment":[{"href":"https:\/\/qreativ.se\/dk\/wp-json\/wp\/v2\/media?parent=16662"}],"wp:term":[{"taxonomy":"product_brand","embeddable":true,"href":"https:\/\/qreativ.se\/dk\/wp-json\/wp\/v2\/product_brand?post=16662"},{"taxonomy":"product_cat","embeddable":true,"href":"https:\/\/qreativ.se\/dk\/wp-json\/wp\/v2\/product_cat?post=16662"},{"taxonomy":"product_tag","embeddable":true,"href":"https:\/\/qreativ.se\/dk\/wp-json\/wp\/v2\/product_tag?post=16662"}],"curies":[{"name":"wp","href":"https:\/\/api.w.org\/{rel}","templated":true}]}}