{"id":16671,"date":"2024-07-18T15:21:06","date_gmt":"2024-07-18T15:21:06","guid":{"rendered":"https:\/\/qreativ.se\/produkt\/thyme-mortel-m-stod-svart\/"},"modified":"2026-02-13T09:31:23","modified_gmt":"2026-02-13T09:31:23","slug":"thyme-mortel-m-stod-svart","status":"publish","type":"product","link":"https:\/\/qreativ.se\/dk\/produkt\/thyme-mortel-m-stod-svart\/","title":{"rendered":"Rustik Mortel i Svart Granit &#8211; Thyme"},"content":{"rendered":"<h4 data-start=\"0\" data-end=\"34\"><strong>Mortlar i granit \u2013 Serien Thyme<\/strong><\/h4>\n<p data-start=\"36\" data-end=\"309\">Robusta, tidl\u00f6sa och skapade f\u00f6r att anv\u00e4ndas. Mortlarna i serien <strong data-start=\"102\" data-end=\"111\">Thyme<\/strong> \u00e4r tillverkade i massiv granit och finns i tv\u00e5 varianter \u2013 b\u00e5da med samma gedigna k\u00e4nsla och naturliga tyngd. Perfekta f\u00f6r att krossa kryddor, g\u00f6ra pesto eller mala \u00f6rter med precision och kraft.<\/p>\n<p data-start=\"311\" data-end=\"513\">Den r\u00e5a granitytan ger ett vackert, levande uttryck samtidigt som materialets tyngd g\u00f6r arbetet stabilt och effektivt. En funktionell k\u00f6ksdetalj som samtidigt \u00e4r s\u00e5 stilren att den g\u00e4rna f\u00e5r st\u00e5 framme.<\/p>\n<p data-start=\"515\" data-end=\"688\">\u2022 Tillverkade i massiv granit<br data-start=\"544\" data-end=\"547\" \/>\u2022 Tv\u00e5 olika modeller<br data-start=\"567\" data-end=\"570\" \/>\u2022 Stabil och slitstark konstruktion<br data-start=\"605\" data-end=\"608\" \/>\u2022 Naturligt variationsrikt stenm\u00f6nster<br data-start=\"646\" data-end=\"649\" data-is-only-node=\"\" \/>\u2022 Passar b\u00e5de moderna och rustika k\u00f6k<\/p>\n<p data-start=\"690\" data-end=\"774\">Varje mortel \u00e4r unik i sin \u00e5dring och f\u00e4rgton \u2013 en naturlig del av stenens karakt\u00e4r!<\/p>\n","protected":false},"excerpt":{"rendered":"<p>En kraftfull och vacker mortel i granit som g\u00f6r b\u00e5de matlagningen och k\u00f6ksmilj\u00f6n lite mer genuin!<\/p>\n","protected":false},"featured_media":22991,"comment_status":"closed","ping_status":"closed","template":"","meta":{"_acf_changed":false,"inline_featured_image":false},"product_brand":[],"product_cat":[235,238],"product_tag":[286],"class_list":{"0":"post-16671","1":"product","2":"type-product","3":"status-publish","4":"has-post-thumbnail","6":"product_cat-indretningsprodukter-koekken","7":"product_cat-madlavning","8":"product_tag-easytoship","10":"first","11":"onbackorder","12":"taxable","13":"shipping-taxable","14":"purchasable","15":"product-type-simple"},"acf":[],"yoast_head":"<!-- This site is optimized with the Yoast SEO plugin v27.6 - https:\/\/yoast.com\/product\/yoast-seo-wordpress\/ -->\n<title>Rustik Mortel i Svart Granit - Thyme - Qreativ<\/title>\n<meta name=\"robots\" content=\"index, follow, max-snippet:-1, max-image-preview:large, max-video-preview:-1\" \/>\n<link rel=\"canonical\" href=\"https:\/\/qreativ.se\/dk\/produkt\/thyme-mortel-m-stod-svart\/\" \/>\n<meta property=\"og:locale\" content=\"da_DK\" \/>\n<meta property=\"og:type\" content=\"article\" \/>\n<meta property=\"og:title\" content=\"Rustik Mortel i Svart Granit - Thyme - Qreativ\" \/>\n<meta property=\"og:description\" content=\"En kraftfull och vacker mortel i granit som g\u00f6r b\u00e5de matlagningen och k\u00f6ksmilj\u00f6n lite mer genuin!\" \/>\n<meta property=\"og:url\" content=\"https:\/\/qreativ.se\/dk\/produkt\/thyme-mortel-m-stod-svart\/\" \/>\n<meta property=\"og:site_name\" content=\"Qreativ\" \/>\n<meta property=\"article:modified_time\" content=\"2026-02-13T09:31:23+00:00\" \/>\n<meta property=\"og:image\" content=\"https:\/\/qreativ.se\/wp-content\/uploads\/2024\/07\/vintage-unikt-tra-i-jordnara-toner-9-4.png\" \/>\n\t<meta property=\"og:image:width\" content=\"1125\" \/>\n\t<meta property=\"og:image:height\" content=\"1125\" \/>\n\t<meta property=\"og:image:type\" content=\"image\/png\" \/>\n<meta name=\"twitter:card\" content=\"summary_large_image\" \/>\n<meta name=\"twitter:label1\" content=\"Estimeret l\u00e6setid\" \/>\n\t<meta name=\"twitter:data1\" content=\"1 minut\" \/>\n<script type=\"application\/ld+json\" class=\"yoast-schema-graph\">{\"@context\":\"https:\\\/\\\/schema.org\",\"@graph\":[{\"@type\":\"WebPage\",\"@id\":\"https:\\\/\\\/qreativ.se\\\/dk\\\/produkt\\\/thyme-mortel-m-stod-svart\\\/\",\"url\":\"https:\\\/\\\/qreativ.se\\\/dk\\\/produkt\\\/thyme-mortel-m-stod-svart\\\/\",\"name\":\"Rustik Mortel i Svart Granit - Thyme - Qreativ\",\"isPartOf\":{\"@id\":\"https:\\\/\\\/qreativ.se\\\/dk\\\/#website\"},\"primaryImageOfPage\":{\"@id\":\"https:\\\/\\\/qreativ.se\\\/dk\\\/produkt\\\/thyme-mortel-m-stod-svart\\\/#primaryimage\"},\"image\":{\"@id\":\"https:\\\/\\\/qreativ.se\\\/dk\\\/produkt\\\/thyme-mortel-m-stod-svart\\\/#primaryimage\"},\"thumbnailUrl\":\"https:\\\/\\\/qreativ.se\\\/wp-content\\\/uploads\\\/2024\\\/07\\\/vintage-unikt-tra-i-jordnara-toner-9-4.png\",\"datePublished\":\"2024-07-18T15:21:06+00:00\",\"dateModified\":\"2026-02-13T09:31:23+00:00\",\"breadcrumb\":{\"@id\":\"https:\\\/\\\/qreativ.se\\\/dk\\\/produkt\\\/thyme-mortel-m-stod-svart\\\/#breadcrumb\"},\"inLanguage\":\"da-DK\",\"potentialAction\":[{\"@type\":\"ReadAction\",\"target\":[\"https:\\\/\\\/qreativ.se\\\/dk\\\/produkt\\\/thyme-mortel-m-stod-svart\\\/\"]}]},{\"@type\":\"ImageObject\",\"inLanguage\":\"da-DK\",\"@id\":\"https:\\\/\\\/qreativ.se\\\/dk\\\/produkt\\\/thyme-mortel-m-stod-svart\\\/#primaryimage\",\"url\":\"https:\\\/\\\/qreativ.se\\\/wp-content\\\/uploads\\\/2024\\\/07\\\/vintage-unikt-tra-i-jordnara-toner-9-4.png\",\"contentUrl\":\"https:\\\/\\\/qreativ.se\\\/wp-content\\\/uploads\\\/2024\\\/07\\\/vintage-unikt-tra-i-jordnara-toner-9-4.png\",\"width\":1125,\"height\":1125},{\"@type\":\"BreadcrumbList\",\"@id\":\"https:\\\/\\\/qreativ.se\\\/dk\\\/produkt\\\/thyme-mortel-m-stod-svart\\\/#breadcrumb\",\"itemListElement\":[{\"@type\":\"ListItem\",\"position\":1,\"name\":\"Home\",\"item\":\"https:\\\/\\\/qreativ.se\\\/dk\\\/hjem\\\/\"},{\"@type\":\"ListItem\",\"position\":2,\"name\":\"Webbshop\",\"item\":\"https:\\\/\\\/qreativ.se\\\/dk\\\/webbshop\\\/\"},{\"@type\":\"ListItem\",\"position\":3,\"name\":\"Rustik Mortel i Svart Granit &#8211; Thyme\"}]},{\"@type\":\"WebSite\",\"@id\":\"https:\\\/\\\/qreativ.se\\\/dk\\\/#website\",\"url\":\"https:\\\/\\\/qreativ.se\\\/dk\\\/\",\"name\":\"Qreativ\",\"description\":\"\",\"alternateName\":\"qreativ.se\",\"potentialAction\":[{\"@type\":\"SearchAction\",\"target\":{\"@type\":\"EntryPoint\",\"urlTemplate\":\"https:\\\/\\\/qreativ.se\\\/dk\\\/?s={search_term_string}\"},\"query-input\":{\"@type\":\"PropertyValueSpecification\",\"valueRequired\":true,\"valueName\":\"search_term_string\"}}],\"inLanguage\":\"da-DK\"}]}<\/script>\n<!-- \/ Yoast SEO plugin. -->","yoast_head_json":{"title":"Rustik Mortel i Svart Granit - Thyme - Qreativ","robots":{"index":"index","follow":"follow","max-snippet":"max-snippet:-1","max-image-preview":"max-image-preview:large","max-video-preview":"max-video-preview:-1"},"canonical":"https:\/\/qreativ.se\/dk\/produkt\/thyme-mortel-m-stod-svart\/","og_locale":"da_DK","og_type":"article","og_title":"Rustik Mortel i Svart Granit - Thyme - Qreativ","og_description":"En kraftfull och vacker mortel i granit som g\u00f6r b\u00e5de matlagningen och k\u00f6ksmilj\u00f6n lite mer genuin!","og_url":"https:\/\/qreativ.se\/dk\/produkt\/thyme-mortel-m-stod-svart\/","og_site_name":"Qreativ","article_modified_time":"2026-02-13T09:31:23+00:00","og_image":[{"width":1125,"height":1125,"url":"https:\/\/qreativ.se\/wp-content\/uploads\/2024\/07\/vintage-unikt-tra-i-jordnara-toner-9-4.png","type":"image\/png"}],"twitter_card":"summary_large_image","twitter_misc":{"Estimeret l\u00e6setid":"1 minut"},"schema":{"@context":"https:\/\/schema.org","@graph":[{"@type":"WebPage","@id":"https:\/\/qreativ.se\/dk\/produkt\/thyme-mortel-m-stod-svart\/","url":"https:\/\/qreativ.se\/dk\/produkt\/thyme-mortel-m-stod-svart\/","name":"Rustik Mortel i Svart Granit - Thyme - Qreativ","isPartOf":{"@id":"https:\/\/qreativ.se\/dk\/#website"},"primaryImageOfPage":{"@id":"https:\/\/qreativ.se\/dk\/produkt\/thyme-mortel-m-stod-svart\/#primaryimage"},"image":{"@id":"https:\/\/qreativ.se\/dk\/produkt\/thyme-mortel-m-stod-svart\/#primaryimage"},"thumbnailUrl":"https:\/\/qreativ.se\/wp-content\/uploads\/2024\/07\/vintage-unikt-tra-i-jordnara-toner-9-4.png","datePublished":"2024-07-18T15:21:06+00:00","dateModified":"2026-02-13T09:31:23+00:00","breadcrumb":{"@id":"https:\/\/qreativ.se\/dk\/produkt\/thyme-mortel-m-stod-svart\/#breadcrumb"},"inLanguage":"da-DK","potentialAction":[{"@type":"ReadAction","target":["https:\/\/qreativ.se\/dk\/produkt\/thyme-mortel-m-stod-svart\/"]}]},{"@type":"ImageObject","inLanguage":"da-DK","@id":"https:\/\/qreativ.se\/dk\/produkt\/thyme-mortel-m-stod-svart\/#primaryimage","url":"https:\/\/qreativ.se\/wp-content\/uploads\/2024\/07\/vintage-unikt-tra-i-jordnara-toner-9-4.png","contentUrl":"https:\/\/qreativ.se\/wp-content\/uploads\/2024\/07\/vintage-unikt-tra-i-jordnara-toner-9-4.png","width":1125,"height":1125},{"@type":"BreadcrumbList","@id":"https:\/\/qreativ.se\/dk\/produkt\/thyme-mortel-m-stod-svart\/#breadcrumb","itemListElement":[{"@type":"ListItem","position":1,"name":"Home","item":"https:\/\/qreativ.se\/dk\/hjem\/"},{"@type":"ListItem","position":2,"name":"Webbshop","item":"https:\/\/qreativ.se\/dk\/webbshop\/"},{"@type":"ListItem","position":3,"name":"Rustik Mortel i Svart Granit &#8211; Thyme"}]},{"@type":"WebSite","@id":"https:\/\/qreativ.se\/dk\/#website","url":"https:\/\/qreativ.se\/dk\/","name":"Qreativ","description":"","alternateName":"qreativ.se","potentialAction":[{"@type":"SearchAction","target":{"@type":"EntryPoint","urlTemplate":"https:\/\/qreativ.se\/dk\/?s={search_term_string}"},"query-input":{"@type":"PropertyValueSpecification","valueRequired":true,"valueName":"search_term_string"}}],"inLanguage":"da-DK"}]}},"_links":{"self":[{"href":"https:\/\/qreativ.se\/dk\/wp-json\/wp\/v2\/product\/16671","targetHints":{"allow":["GET"]}}],"collection":[{"href":"https:\/\/qreativ.se\/dk\/wp-json\/wp\/v2\/product"}],"about":[{"href":"https:\/\/qreativ.se\/dk\/wp-json\/wp\/v2\/types\/product"}],"replies":[{"embeddable":true,"href":"https:\/\/qreativ.se\/dk\/wp-json\/wp\/v2\/comments?post=16671"}],"wp:featuredmedia":[{"embeddable":true,"href":"https:\/\/qreativ.se\/dk\/wp-json\/wp\/v2\/media\/22991"}],"wp:attachment":[{"href":"https:\/\/qreativ.se\/dk\/wp-json\/wp\/v2\/media?parent=16671"}],"wp:term":[{"taxonomy":"product_brand","embeddable":true,"href":"https:\/\/qreativ.se\/dk\/wp-json\/wp\/v2\/product_brand?post=16671"},{"taxonomy":"product_cat","embeddable":true,"href":"https:\/\/qreativ.se\/dk\/wp-json\/wp\/v2\/product_cat?post=16671"},{"taxonomy":"product_tag","embeddable":true,"href":"https:\/\/qreativ.se\/dk\/wp-json\/wp\/v2\/product_tag?post=16671"}],"curies":[{"name":"wp","href":"https:\/\/api.w.org\/{rel}","templated":true}]}}