{"id":16677,"date":"2024-07-18T15:21:06","date_gmt":"2024-07-18T15:21:06","guid":{"rendered":"https:\/\/qreativ.se\/produkt\/portland-skarbrada-m-rund-svart\/"},"modified":"2026-02-13T09:31:24","modified_gmt":"2026-02-13T09:31:24","slug":"portland-skarbrada-m-rund-svart","status":"publish","type":"product","link":"https:\/\/qreativ.se\/dk\/produkt\/portland-skarbrada-m-rund-svart\/","title":{"rendered":"Portland sk\u00e4rbr\u00e4da Svart S \u2013 Rustik servering"},"content":{"rendered":"<h4 data-start=\"93\" data-end=\"189\"><strong data-start=\"97\" data-end=\"187\">Portland sk\u00e4rbr\u00e4dor i mangotr\u00e4 \u2013 stilfull servering- och dekoration i tv\u00e5 utf\u00f6randen<\/strong><\/h4>\n<p data-start=\"190\" data-end=\"552\">Portland \u00e4r en serie\u00a0<strong data-start=\"211\" data-end=\"246\">rustika och eleganta sk\u00e4rbr\u00e4dor<\/strong>\u00a0tillverkade i vackert mangotr\u00e4. De finns i tv\u00e5 olika utf\u00f6randen och tv\u00e5 storlekar, vilket g\u00f6r det enkelt att hitta den variant som passar just ditt k\u00f6k. Varje br\u00e4da har en unik tr\u00e4\u00e5dring som skapar ett levande, naturligt uttryck \u2013 perfekt b\u00e5de som funktionell sk\u00e4rbr\u00e4da och som dekorativ serveringsbricka.<\/p>\n<p data-start=\"554\" data-end=\"754\">Br\u00e4dorna blir lika fina lutade mot k\u00f6ksv\u00e4ggen som framdukade vid servering av br\u00f6d, ost, tapas eller snacks. Portland kombinerar\u00a0<strong data-start=\"683\" data-end=\"725\">h\u00e5llbarhet, design och hantverksk\u00e4nsla<\/strong>\u00a0i ett och samma k\u00f6ksredskap.<\/p>\n<p data-start=\"756\" data-end=\"872\"><strong data-start=\"756\" data-end=\"769\">Material:<\/strong>\u00a0Mangotr\u00e4<br data-start=\"778\" data-end=\"781\" \/><strong data-start=\"781\" data-end=\"796\">Utf\u00f6randen:<\/strong>\u00a0Tv\u00e5 varianter<br data-start=\"810\" data-end=\"813\" \/><strong data-start=\"813\" data-end=\"827\">Storlekar:<\/strong>\u00a0Tv\u00e5 storlekar<br data-start=\"841\" data-end=\"844\" \/><strong data-start=\"844\" data-end=\"856\">Sk\u00f6tsel:<\/strong>\u00a0Endast handdisk<\/p>\n","protected":false},"excerpt":{"rendered":"<p>Portland kombinerar\u00a0<strong data-start=\"683\" data-end=\"725\">h\u00e5llbarhet, design och hantverksk\u00e4nsla<\/strong>\u00a0i ett och samma k\u00f6ksredskap!<\/p>\n","protected":false},"featured_media":16678,"comment_status":"closed","ping_status":"closed","template":"","meta":{"_acf_changed":false,"inline_featured_image":false},"product_brand":[],"product_cat":[223,235,225,237],"product_tag":[286],"class_list":{"0":"post-16677","1":"product","2":"type-product","3":"status-publish","4":"has-post-thumbnail","6":"product_cat-indretning-dekorationer","7":"product_cat-indretningsprodukter-koekken","8":"product_cat-ovrigt","9":"product_cat-servering","10":"product_tag-easytoship","12":"first","13":"instock","14":"taxable","15":"shipping-taxable","16":"purchasable","17":"product-type-simple"},"acf":[],"yoast_head":"<!-- This site is optimized with the Yoast SEO plugin v27.5 - https:\/\/yoast.com\/product\/yoast-seo-wordpress\/ -->\n<title>Portland sk\u00e4rbr\u00e4da Svart S \u2013 Rustik servering - Qreativ<\/title>\n<meta name=\"robots\" content=\"index, follow, max-snippet:-1, max-image-preview:large, max-video-preview:-1\" \/>\n<link rel=\"canonical\" href=\"https:\/\/qreativ.se\/dk\/produkt\/portland-skarbrada-m-rund-svart\/\" \/>\n<meta property=\"og:locale\" content=\"da_DK\" \/>\n<meta property=\"og:type\" content=\"article\" \/>\n<meta property=\"og:title\" content=\"Portland sk\u00e4rbr\u00e4da Svart S \u2013 Rustik servering - Qreativ\" \/>\n<meta property=\"og:description\" content=\"Portland kombinerar\u00a0h\u00e5llbarhet, design och hantverksk\u00e4nsla\u00a0i ett och samma k\u00f6ksredskap!\" \/>\n<meta property=\"og:url\" content=\"https:\/\/qreativ.se\/dk\/produkt\/portland-skarbrada-m-rund-svart\/\" \/>\n<meta property=\"og:site_name\" content=\"Qreativ\" \/>\n<meta property=\"article:modified_time\" content=\"2026-02-13T09:31:24+00:00\" \/>\n<meta property=\"og:image\" content=\"https:\/\/qreativ.se\/wp-content\/uploads\/2024\/05\/089-256-60.png\" \/>\n\t<meta property=\"og:image:width\" content=\"720\" \/>\n\t<meta property=\"og:image:height\" content=\"720\" \/>\n\t<meta property=\"og:image:type\" content=\"image\/webp\" \/>\n<meta name=\"twitter:card\" content=\"summary_large_image\" \/>\n<meta name=\"twitter:label1\" content=\"Estimeret l\u00e6setid\" \/>\n\t<meta name=\"twitter:data1\" content=\"1 minut\" \/>\n<script type=\"application\/ld+json\" class=\"yoast-schema-graph\">{\"@context\":\"https:\\\/\\\/schema.org\",\"@graph\":[{\"@type\":\"WebPage\",\"@id\":\"https:\\\/\\\/qreativ.se\\\/dk\\\/produkt\\\/portland-skarbrada-m-rund-svart\\\/\",\"url\":\"https:\\\/\\\/qreativ.se\\\/dk\\\/produkt\\\/portland-skarbrada-m-rund-svart\\\/\",\"name\":\"Portland sk\u00e4rbr\u00e4da Svart S \u2013 Rustik servering - Qreativ\",\"isPartOf\":{\"@id\":\"https:\\\/\\\/qreativ.se\\\/dk\\\/#website\"},\"primaryImageOfPage\":{\"@id\":\"https:\\\/\\\/qreativ.se\\\/dk\\\/produkt\\\/portland-skarbrada-m-rund-svart\\\/#primaryimage\"},\"image\":{\"@id\":\"https:\\\/\\\/qreativ.se\\\/dk\\\/produkt\\\/portland-skarbrada-m-rund-svart\\\/#primaryimage\"},\"thumbnailUrl\":\"https:\\\/\\\/qreativ.se\\\/wp-content\\\/uploads\\\/2024\\\/05\\\/089-256-60.png\",\"datePublished\":\"2024-07-18T15:21:06+00:00\",\"dateModified\":\"2026-02-13T09:31:24+00:00\",\"breadcrumb\":{\"@id\":\"https:\\\/\\\/qreativ.se\\\/dk\\\/produkt\\\/portland-skarbrada-m-rund-svart\\\/#breadcrumb\"},\"inLanguage\":\"da-DK\",\"potentialAction\":[{\"@type\":\"ReadAction\",\"target\":[\"https:\\\/\\\/qreativ.se\\\/dk\\\/produkt\\\/portland-skarbrada-m-rund-svart\\\/\"]}]},{\"@type\":\"ImageObject\",\"inLanguage\":\"da-DK\",\"@id\":\"https:\\\/\\\/qreativ.se\\\/dk\\\/produkt\\\/portland-skarbrada-m-rund-svart\\\/#primaryimage\",\"url\":\"https:\\\/\\\/qreativ.se\\\/wp-content\\\/uploads\\\/2024\\\/05\\\/089-256-60.png\",\"contentUrl\":\"https:\\\/\\\/qreativ.se\\\/wp-content\\\/uploads\\\/2024\\\/05\\\/089-256-60.png\",\"width\":720,\"height\":720},{\"@type\":\"BreadcrumbList\",\"@id\":\"https:\\\/\\\/qreativ.se\\\/dk\\\/produkt\\\/portland-skarbrada-m-rund-svart\\\/#breadcrumb\",\"itemListElement\":[{\"@type\":\"ListItem\",\"position\":1,\"name\":\"Home\",\"item\":\"https:\\\/\\\/qreativ.se\\\/dk\\\/hjem\\\/\"},{\"@type\":\"ListItem\",\"position\":2,\"name\":\"Webbshop\",\"item\":\"https:\\\/\\\/qreativ.se\\\/dk\\\/webbshop\\\/\"},{\"@type\":\"ListItem\",\"position\":3,\"name\":\"Portland sk\u00e4rbr\u00e4da Svart S \u2013 Rustik servering\"}]},{\"@type\":\"WebSite\",\"@id\":\"https:\\\/\\\/qreativ.se\\\/dk\\\/#website\",\"url\":\"https:\\\/\\\/qreativ.se\\\/dk\\\/\",\"name\":\"Qreativ\",\"description\":\"\",\"alternateName\":\"qreativ.se\",\"potentialAction\":[{\"@type\":\"SearchAction\",\"target\":{\"@type\":\"EntryPoint\",\"urlTemplate\":\"https:\\\/\\\/qreativ.se\\\/dk\\\/?s={search_term_string}\"},\"query-input\":{\"@type\":\"PropertyValueSpecification\",\"valueRequired\":true,\"valueName\":\"search_term_string\"}}],\"inLanguage\":\"da-DK\"}]}<\/script>\n<!-- \/ Yoast SEO plugin. -->","yoast_head_json":{"title":"Portland sk\u00e4rbr\u00e4da Svart S \u2013 Rustik servering - Qreativ","robots":{"index":"index","follow":"follow","max-snippet":"max-snippet:-1","max-image-preview":"max-image-preview:large","max-video-preview":"max-video-preview:-1"},"canonical":"https:\/\/qreativ.se\/dk\/produkt\/portland-skarbrada-m-rund-svart\/","og_locale":"da_DK","og_type":"article","og_title":"Portland sk\u00e4rbr\u00e4da Svart S \u2013 Rustik servering - Qreativ","og_description":"Portland kombinerar\u00a0h\u00e5llbarhet, design och hantverksk\u00e4nsla\u00a0i ett och samma k\u00f6ksredskap!","og_url":"https:\/\/qreativ.se\/dk\/produkt\/portland-skarbrada-m-rund-svart\/","og_site_name":"Qreativ","article_modified_time":"2026-02-13T09:31:24+00:00","og_image":[{"width":720,"height":720,"url":"https:\/\/qreativ.se\/wp-content\/uploads\/2024\/05\/089-256-60.png","type":"image\/webp"}],"twitter_card":"summary_large_image","twitter_misc":{"Estimeret l\u00e6setid":"1 minut"},"schema":{"@context":"https:\/\/schema.org","@graph":[{"@type":"WebPage","@id":"https:\/\/qreativ.se\/dk\/produkt\/portland-skarbrada-m-rund-svart\/","url":"https:\/\/qreativ.se\/dk\/produkt\/portland-skarbrada-m-rund-svart\/","name":"Portland sk\u00e4rbr\u00e4da Svart S \u2013 Rustik servering - Qreativ","isPartOf":{"@id":"https:\/\/qreativ.se\/dk\/#website"},"primaryImageOfPage":{"@id":"https:\/\/qreativ.se\/dk\/produkt\/portland-skarbrada-m-rund-svart\/#primaryimage"},"image":{"@id":"https:\/\/qreativ.se\/dk\/produkt\/portland-skarbrada-m-rund-svart\/#primaryimage"},"thumbnailUrl":"https:\/\/qreativ.se\/wp-content\/uploads\/2024\/05\/089-256-60.png","datePublished":"2024-07-18T15:21:06+00:00","dateModified":"2026-02-13T09:31:24+00:00","breadcrumb":{"@id":"https:\/\/qreativ.se\/dk\/produkt\/portland-skarbrada-m-rund-svart\/#breadcrumb"},"inLanguage":"da-DK","potentialAction":[{"@type":"ReadAction","target":["https:\/\/qreativ.se\/dk\/produkt\/portland-skarbrada-m-rund-svart\/"]}]},{"@type":"ImageObject","inLanguage":"da-DK","@id":"https:\/\/qreativ.se\/dk\/produkt\/portland-skarbrada-m-rund-svart\/#primaryimage","url":"https:\/\/qreativ.se\/wp-content\/uploads\/2024\/05\/089-256-60.png","contentUrl":"https:\/\/qreativ.se\/wp-content\/uploads\/2024\/05\/089-256-60.png","width":720,"height":720},{"@type":"BreadcrumbList","@id":"https:\/\/qreativ.se\/dk\/produkt\/portland-skarbrada-m-rund-svart\/#breadcrumb","itemListElement":[{"@type":"ListItem","position":1,"name":"Home","item":"https:\/\/qreativ.se\/dk\/hjem\/"},{"@type":"ListItem","position":2,"name":"Webbshop","item":"https:\/\/qreativ.se\/dk\/webbshop\/"},{"@type":"ListItem","position":3,"name":"Portland sk\u00e4rbr\u00e4da Svart S \u2013 Rustik servering"}]},{"@type":"WebSite","@id":"https:\/\/qreativ.se\/dk\/#website","url":"https:\/\/qreativ.se\/dk\/","name":"Qreativ","description":"","alternateName":"qreativ.se","potentialAction":[{"@type":"SearchAction","target":{"@type":"EntryPoint","urlTemplate":"https:\/\/qreativ.se\/dk\/?s={search_term_string}"},"query-input":{"@type":"PropertyValueSpecification","valueRequired":true,"valueName":"search_term_string"}}],"inLanguage":"da-DK"}]}},"_links":{"self":[{"href":"https:\/\/qreativ.se\/dk\/wp-json\/wp\/v2\/product\/16677","targetHints":{"allow":["GET"]}}],"collection":[{"href":"https:\/\/qreativ.se\/dk\/wp-json\/wp\/v2\/product"}],"about":[{"href":"https:\/\/qreativ.se\/dk\/wp-json\/wp\/v2\/types\/product"}],"replies":[{"embeddable":true,"href":"https:\/\/qreativ.se\/dk\/wp-json\/wp\/v2\/comments?post=16677"}],"wp:featuredmedia":[{"embeddable":true,"href":"https:\/\/qreativ.se\/dk\/wp-json\/wp\/v2\/media\/16678"}],"wp:attachment":[{"href":"https:\/\/qreativ.se\/dk\/wp-json\/wp\/v2\/media?parent=16677"}],"wp:term":[{"taxonomy":"product_brand","embeddable":true,"href":"https:\/\/qreativ.se\/dk\/wp-json\/wp\/v2\/product_brand?post=16677"},{"taxonomy":"product_cat","embeddable":true,"href":"https:\/\/qreativ.se\/dk\/wp-json\/wp\/v2\/product_cat?post=16677"},{"taxonomy":"product_tag","embeddable":true,"href":"https:\/\/qreativ.se\/dk\/wp-json\/wp\/v2\/product_tag?post=16677"}],"curies":[{"name":"wp","href":"https:\/\/api.w.org\/{rel}","templated":true}]}}