{"id":16696,"date":"2024-07-18T15:20:50","date_gmt":"2024-07-18T15:20:50","guid":{"rendered":"https:\/\/qreativ.se\/produkt\/arvid-skarbrada-underlagg-rund-tra\/"},"modified":"2026-02-13T09:31:19","modified_gmt":"2026-02-13T09:31:19","slug":"arvid-skarbrada-underlagg-rund-tra","status":"publish","type":"product","link":"https:\/\/qreativ.se\/dk\/produkt\/arvid-skarbrada-underlagg-rund-tra\/","title":{"rendered":"Arvid serveringsbricka rund tr\u00e4"},"content":{"rendered":"<div class=\"flex max-w-full flex-col flex-grow\">\n<div class=\"min-h-8 text-message relative flex w-full flex-col items-end gap-2 whitespace-normal break-words text-start [.text-message+&amp;]:mt-5\" dir=\"auto\" data-message-author-role=\"assistant\" data-message-id=\"1eeb932d-699e-4d89-aa0b-abf966add6db\" data-message-model-slug=\"gpt-4o\">\n<div class=\"flex w-full flex-col gap-1 empty:hidden first:pt-[3px]\">\n<div class=\"markdown prose w-full break-words dark:prose-invert dark\">\n<p data-start=\"313\" data-end=\"649\">Lyft din servering med denna <strong data-start=\"342\" data-end=\"378\">unika serveringsbricka i teakrot<\/strong>, ett naturligt och h\u00e5llbart material som ger en rustik och varm k\u00e4nsla till ditt hem. Tack vare de naturliga \u00e5dringarna, oj\u00e4mnheterna och sprickorna f\u00e5r varje bricka ett <strong data-start=\"549\" data-end=\"580\">eget, individuellt utseende<\/strong>, vilket g\u00f6r den till en vacker och karakt\u00e4rsfull detalj p\u00e5 bordet.<\/p>\n<p data-start=\"651\" data-end=\"905\">Teakrot inneh\u00e5ller naturliga oljor som kan ge m\u00e4rken p\u00e5 \u00f6mt\u00e5liga ytor \u2013 vi rekommenderar d\u00e4rf\u00f6r att anv\u00e4nda ett underl\u00e4gg vid behov. Perfekt f\u00f6r servering av ost, charkuterier eller andra delikatesser, men fungerar \u00e4ven som en dekorativ detalj i k\u00f6ket.<\/p>\n<ul data-start=\"907\" data-end=\"1213\">\n<li data-start=\"907\" data-end=\"966\">Tillverkad av <strong data-start=\"923\" data-end=\"942\">h\u00e5llbar teakrot<\/strong> med naturligt m\u00f6nster<\/li>\n<li data-start=\"967\" data-end=\"1017\">Varje bricka \u00e4r unik i f\u00e4rg, form och struktur<\/li>\n<li data-start=\"1018\" data-end=\"1086\">Rustik och organisk design med naturliga sprickor och oj\u00e4mnheter<\/li>\n<li data-start=\"1087\" data-end=\"1139\">Perfekt f\u00f6r servering eller som inredningsdetalj<\/li>\n<li data-start=\"1140\" data-end=\"1213\">Teakrotens naturliga oljor kan ge m\u00e4rken \u2013 anv\u00e4nd underl\u00e4gg vid behov<\/li>\n<\/ul>\n<p data-start=\"1215\" data-end=\"1323\" data-is-last-node=\"\" data-is-only-node=\"\">Skapa en inbjudande och naturn\u00e4ra dukning med denna vackra serveringsbricka \u2013 ett tidl\u00f6st inslag i ditt hem.<\/p>\n<\/div>\n<\/div>\n<\/div>\n<\/div>\n","protected":false},"excerpt":{"rendered":"<p>Rustik och vacker serveringsbricka i teakrot med naturliga \u00e5dringar och former. Varje bricka \u00e4r unik och b\u00e4r p\u00e5 materialets naturliga sprickor och oj\u00e4mnheter, vilket ger en genuin och levande k\u00e4nsla.<\/p>\n","protected":false},"featured_media":16697,"comment_status":"closed","ping_status":"closed","template":"","meta":{"_acf_changed":false,"inline_featured_image":false},"product_brand":[],"product_cat":[235,238],"product_tag":[],"class_list":{"0":"post-16696","1":"product","2":"type-product","3":"status-publish","4":"has-post-thumbnail","6":"product_cat-indretningsprodukter-koekken","7":"product_cat-madlavning","9":"first","10":"instock","11":"taxable","12":"shipping-taxable","13":"purchasable","14":"product-type-simple"},"acf":[],"yoast_head":"<!-- This site is optimized with the Yoast SEO plugin v27.5 - https:\/\/yoast.com\/product\/yoast-seo-wordpress\/ -->\n<title>Arvid serveringsbricka rund tr\u00e4 - Qreativ<\/title>\n<meta name=\"robots\" content=\"index, follow, max-snippet:-1, max-image-preview:large, max-video-preview:-1\" \/>\n<link rel=\"canonical\" href=\"https:\/\/qreativ.se\/dk\/produkt\/arvid-skarbrada-underlagg-rund-tra\/\" \/>\n<meta property=\"og:locale\" content=\"da_DK\" \/>\n<meta property=\"og:type\" content=\"article\" \/>\n<meta property=\"og:title\" content=\"Arvid serveringsbricka rund tr\u00e4 - Qreativ\" \/>\n<meta property=\"og:description\" content=\"Rustik och vacker serveringsbricka i teakrot med naturliga \u00e5dringar och former. Varje bricka \u00e4r unik och b\u00e4r p\u00e5 materialets naturliga sprickor och oj\u00e4mnheter, vilket ger en genuin och levande k\u00e4nsla.\" \/>\n<meta property=\"og:url\" content=\"https:\/\/qreativ.se\/dk\/produkt\/arvid-skarbrada-underlagg-rund-tra\/\" \/>\n<meta property=\"og:site_name\" content=\"Qreativ\" \/>\n<meta property=\"article:modified_time\" content=\"2026-02-13T09:31:19+00:00\" \/>\n<meta property=\"og:image\" content=\"https:\/\/qreativ.se\/wp-content\/uploads\/2024\/05\/737-195-00.png\" \/>\n\t<meta property=\"og:image:width\" content=\"720\" \/>\n\t<meta property=\"og:image:height\" content=\"720\" \/>\n\t<meta property=\"og:image:type\" content=\"image\/webp\" \/>\n<meta name=\"twitter:card\" content=\"summary_large_image\" \/>\n<meta name=\"twitter:label1\" content=\"Estimeret l\u00e6setid\" \/>\n\t<meta name=\"twitter:data1\" content=\"1 minut\" \/>\n<script type=\"application\/ld+json\" class=\"yoast-schema-graph\">{\"@context\":\"https:\\\/\\\/schema.org\",\"@graph\":[{\"@type\":\"WebPage\",\"@id\":\"https:\\\/\\\/qreativ.se\\\/dk\\\/produkt\\\/arvid-skarbrada-underlagg-rund-tra\\\/\",\"url\":\"https:\\\/\\\/qreativ.se\\\/dk\\\/produkt\\\/arvid-skarbrada-underlagg-rund-tra\\\/\",\"name\":\"Arvid serveringsbricka rund tr\u00e4 - Qreativ\",\"isPartOf\":{\"@id\":\"https:\\\/\\\/qreativ.se\\\/dk\\\/#website\"},\"primaryImageOfPage\":{\"@id\":\"https:\\\/\\\/qreativ.se\\\/dk\\\/produkt\\\/arvid-skarbrada-underlagg-rund-tra\\\/#primaryimage\"},\"image\":{\"@id\":\"https:\\\/\\\/qreativ.se\\\/dk\\\/produkt\\\/arvid-skarbrada-underlagg-rund-tra\\\/#primaryimage\"},\"thumbnailUrl\":\"https:\\\/\\\/qreativ.se\\\/wp-content\\\/uploads\\\/2024\\\/05\\\/737-195-00.png\",\"datePublished\":\"2024-07-18T15:20:50+00:00\",\"dateModified\":\"2026-02-13T09:31:19+00:00\",\"breadcrumb\":{\"@id\":\"https:\\\/\\\/qreativ.se\\\/dk\\\/produkt\\\/arvid-skarbrada-underlagg-rund-tra\\\/#breadcrumb\"},\"inLanguage\":\"da-DK\",\"potentialAction\":[{\"@type\":\"ReadAction\",\"target\":[\"https:\\\/\\\/qreativ.se\\\/dk\\\/produkt\\\/arvid-skarbrada-underlagg-rund-tra\\\/\"]}]},{\"@type\":\"ImageObject\",\"inLanguage\":\"da-DK\",\"@id\":\"https:\\\/\\\/qreativ.se\\\/dk\\\/produkt\\\/arvid-skarbrada-underlagg-rund-tra\\\/#primaryimage\",\"url\":\"https:\\\/\\\/qreativ.se\\\/wp-content\\\/uploads\\\/2024\\\/05\\\/737-195-00.png\",\"contentUrl\":\"https:\\\/\\\/qreativ.se\\\/wp-content\\\/uploads\\\/2024\\\/05\\\/737-195-00.png\",\"width\":720,\"height\":720},{\"@type\":\"BreadcrumbList\",\"@id\":\"https:\\\/\\\/qreativ.se\\\/dk\\\/produkt\\\/arvid-skarbrada-underlagg-rund-tra\\\/#breadcrumb\",\"itemListElement\":[{\"@type\":\"ListItem\",\"position\":1,\"name\":\"Home\",\"item\":\"https:\\\/\\\/qreativ.se\\\/dk\\\/hjem\\\/\"},{\"@type\":\"ListItem\",\"position\":2,\"name\":\"Webbshop\",\"item\":\"https:\\\/\\\/qreativ.se\\\/dk\\\/webbshop\\\/\"},{\"@type\":\"ListItem\",\"position\":3,\"name\":\"Arvid serveringsbricka rund tr\u00e4\"}]},{\"@type\":\"WebSite\",\"@id\":\"https:\\\/\\\/qreativ.se\\\/dk\\\/#website\",\"url\":\"https:\\\/\\\/qreativ.se\\\/dk\\\/\",\"name\":\"Qreativ\",\"description\":\"\",\"alternateName\":\"qreativ.se\",\"potentialAction\":[{\"@type\":\"SearchAction\",\"target\":{\"@type\":\"EntryPoint\",\"urlTemplate\":\"https:\\\/\\\/qreativ.se\\\/dk\\\/?s={search_term_string}\"},\"query-input\":{\"@type\":\"PropertyValueSpecification\",\"valueRequired\":true,\"valueName\":\"search_term_string\"}}],\"inLanguage\":\"da-DK\"}]}<\/script>\n<!-- \/ Yoast SEO plugin. -->","yoast_head_json":{"title":"Arvid serveringsbricka rund tr\u00e4 - Qreativ","robots":{"index":"index","follow":"follow","max-snippet":"max-snippet:-1","max-image-preview":"max-image-preview:large","max-video-preview":"max-video-preview:-1"},"canonical":"https:\/\/qreativ.se\/dk\/produkt\/arvid-skarbrada-underlagg-rund-tra\/","og_locale":"da_DK","og_type":"article","og_title":"Arvid serveringsbricka rund tr\u00e4 - Qreativ","og_description":"Rustik och vacker serveringsbricka i teakrot med naturliga \u00e5dringar och former. Varje bricka \u00e4r unik och b\u00e4r p\u00e5 materialets naturliga sprickor och oj\u00e4mnheter, vilket ger en genuin och levande k\u00e4nsla.","og_url":"https:\/\/qreativ.se\/dk\/produkt\/arvid-skarbrada-underlagg-rund-tra\/","og_site_name":"Qreativ","article_modified_time":"2026-02-13T09:31:19+00:00","og_image":[{"width":720,"height":720,"url":"https:\/\/qreativ.se\/wp-content\/uploads\/2024\/05\/737-195-00.png","type":"image\/webp"}],"twitter_card":"summary_large_image","twitter_misc":{"Estimeret l\u00e6setid":"1 minut"},"schema":{"@context":"https:\/\/schema.org","@graph":[{"@type":"WebPage","@id":"https:\/\/qreativ.se\/dk\/produkt\/arvid-skarbrada-underlagg-rund-tra\/","url":"https:\/\/qreativ.se\/dk\/produkt\/arvid-skarbrada-underlagg-rund-tra\/","name":"Arvid serveringsbricka rund tr\u00e4 - Qreativ","isPartOf":{"@id":"https:\/\/qreativ.se\/dk\/#website"},"primaryImageOfPage":{"@id":"https:\/\/qreativ.se\/dk\/produkt\/arvid-skarbrada-underlagg-rund-tra\/#primaryimage"},"image":{"@id":"https:\/\/qreativ.se\/dk\/produkt\/arvid-skarbrada-underlagg-rund-tra\/#primaryimage"},"thumbnailUrl":"https:\/\/qreativ.se\/wp-content\/uploads\/2024\/05\/737-195-00.png","datePublished":"2024-07-18T15:20:50+00:00","dateModified":"2026-02-13T09:31:19+00:00","breadcrumb":{"@id":"https:\/\/qreativ.se\/dk\/produkt\/arvid-skarbrada-underlagg-rund-tra\/#breadcrumb"},"inLanguage":"da-DK","potentialAction":[{"@type":"ReadAction","target":["https:\/\/qreativ.se\/dk\/produkt\/arvid-skarbrada-underlagg-rund-tra\/"]}]},{"@type":"ImageObject","inLanguage":"da-DK","@id":"https:\/\/qreativ.se\/dk\/produkt\/arvid-skarbrada-underlagg-rund-tra\/#primaryimage","url":"https:\/\/qreativ.se\/wp-content\/uploads\/2024\/05\/737-195-00.png","contentUrl":"https:\/\/qreativ.se\/wp-content\/uploads\/2024\/05\/737-195-00.png","width":720,"height":720},{"@type":"BreadcrumbList","@id":"https:\/\/qreativ.se\/dk\/produkt\/arvid-skarbrada-underlagg-rund-tra\/#breadcrumb","itemListElement":[{"@type":"ListItem","position":1,"name":"Home","item":"https:\/\/qreativ.se\/dk\/hjem\/"},{"@type":"ListItem","position":2,"name":"Webbshop","item":"https:\/\/qreativ.se\/dk\/webbshop\/"},{"@type":"ListItem","position":3,"name":"Arvid serveringsbricka rund tr\u00e4"}]},{"@type":"WebSite","@id":"https:\/\/qreativ.se\/dk\/#website","url":"https:\/\/qreativ.se\/dk\/","name":"Qreativ","description":"","alternateName":"qreativ.se","potentialAction":[{"@type":"SearchAction","target":{"@type":"EntryPoint","urlTemplate":"https:\/\/qreativ.se\/dk\/?s={search_term_string}"},"query-input":{"@type":"PropertyValueSpecification","valueRequired":true,"valueName":"search_term_string"}}],"inLanguage":"da-DK"}]}},"_links":{"self":[{"href":"https:\/\/qreativ.se\/dk\/wp-json\/wp\/v2\/product\/16696","targetHints":{"allow":["GET"]}}],"collection":[{"href":"https:\/\/qreativ.se\/dk\/wp-json\/wp\/v2\/product"}],"about":[{"href":"https:\/\/qreativ.se\/dk\/wp-json\/wp\/v2\/types\/product"}],"replies":[{"embeddable":true,"href":"https:\/\/qreativ.se\/dk\/wp-json\/wp\/v2\/comments?post=16696"}],"wp:featuredmedia":[{"embeddable":true,"href":"https:\/\/qreativ.se\/dk\/wp-json\/wp\/v2\/media\/16697"}],"wp:attachment":[{"href":"https:\/\/qreativ.se\/dk\/wp-json\/wp\/v2\/media?parent=16696"}],"wp:term":[{"taxonomy":"product_brand","embeddable":true,"href":"https:\/\/qreativ.se\/dk\/wp-json\/wp\/v2\/product_brand?post=16696"},{"taxonomy":"product_cat","embeddable":true,"href":"https:\/\/qreativ.se\/dk\/wp-json\/wp\/v2\/product_cat?post=16696"},{"taxonomy":"product_tag","embeddable":true,"href":"https:\/\/qreativ.se\/dk\/wp-json\/wp\/v2\/product_tag?post=16696"}],"curies":[{"name":"wp","href":"https:\/\/api.w.org\/{rel}","templated":true}]}}