{"id":16708,"date":"2024-07-18T15:20:43","date_gmt":"2024-07-18T15:20:43","guid":{"rendered":"https:\/\/qreativ.se\/produkt\/frej-skal-m-lock-s-brun-svart\/"},"modified":"2026-02-24T08:19:30","modified_gmt":"2026-02-24T08:19:30","slug":"frej-skal-m-lock-s-brun-svart","status":"publish","type":"product","link":"https:\/\/qreativ.se\/dk\/produkt\/frej-skal-m-lock-s-brun-svart\/","title":{"rendered":"Sk\u00e5l Ekollon Gjutj\u00e4rn S &#8211; Frej"},"content":{"rendered":"<div class=\"flex max-w-full flex-col flex-grow\">\n<div class=\"min-h-8 text-message relative flex w-full flex-col items-end gap-2 whitespace-normal break-words text-start [.text-message+&amp;]:mt-5\" dir=\"auto\" data-message-author-role=\"assistant\" data-message-id=\"a2b08f06-98d2-45a4-9834-e77423b25602\" data-message-model-slug=\"gpt-4o\">\n<div class=\"flex w-full flex-col gap-1 empty:hidden first:pt-[3px]\">\n<div class=\"markdown prose w-full break-words dark:prose-invert dark\">\n<h4 data-start=\"340\" data-end=\"669\"><strong>Sk\u00e5len Frej &#8211; vacker design med gedigen kvalitet<\/strong><\/h4>\n<p data-start=\"340\" data-end=\"669\">L\u00e4gg till en elegant och rustik detalj i ditt hem med <strong data-start=\"394\" data-end=\"409\">sk\u00e5len Frej<\/strong>, en dekorativ sk\u00e5l i gjutj\u00e4rn formad som ett ekollon. Dess robusta material ger l\u00e5ng h\u00e5llbarhet och en gedigen k\u00e4nsla, samtidigt som designen skapar en harmonisk koppling till naturen. Perfekt f\u00f6r att f\u00f6rvara sm\u00e5saker eller som en stilfull inredningsdetalj.<\/p>\n<p data-start=\"671\" data-end=\"922\">Gjutj\u00e4rnet forts\u00e4tter att <strong data-start=\"697\" data-end=\"719\">patineras \u00f6ver tid<\/strong>, vilket g\u00f6r att sk\u00e5len bara blir vackrare med \u00e5ren. Om den ska anv\u00e4ndas med mat m\u00e5ste alla dekorationsoljerester avl\u00e4gsnas och d\u00e4refter behandlas med en <strong data-start=\"873\" data-end=\"899\">livsmedelsgodk\u00e4nd olja<\/strong> f\u00f6r att skydda ytan.<\/p>\n<ul data-start=\"924\" data-end=\"1145\">\n<li data-start=\"924\" data-end=\"964\">Dekorativ sk\u00e5l i form av ett ekollon<\/li>\n<li data-start=\"965\" data-end=\"1008\">Massivt gjutj\u00e4rn \u2013 h\u00e5llbart och tidl\u00f6st<\/li>\n<li data-start=\"1009\" data-end=\"1049\">Utvecklar en vacker patina med tiden<\/li>\n<li data-start=\"1050\" data-end=\"1098\">Perfekt som f\u00f6rvaring eller inredningsdetalj<\/li>\n<li data-start=\"1099\" data-end=\"1145\">Kan anv\u00e4ndas med mat efter r\u00e4tt behandling<\/li>\n<\/ul>\n<p data-start=\"1147\" data-end=\"1260\" data-is-last-node=\"\" data-is-only-node=\"\">\n<\/div>\n<\/div>\n<\/div>\n<\/div>\n<div class=\"mb-2 flex gap-3 empty:hidden -ml-2\">\n<div class=\"items-center justify-start rounded-xl p-1 flex\">\n<div class=\"flex items-center\">\n<p>&nbsp;<\/p>\n<div class=\"flex\"><\/div>\n<p>&nbsp;<\/p>\n<div class=\"flex items-center pb-0\"><\/div>\n<\/div>\n<\/div>\n<\/div>\n","protected":false},"excerpt":{"rendered":"<p>Skapa en inbjudande och naturn\u00e4ra k\u00e4nsla i ditt hem med sk\u00e5len Frej \u2013 en vacker kombination av form och funktion!<\/p>\n","protected":false},"featured_media":21447,"comment_status":"closed","ping_status":"closed","template":"","meta":{"_acf_changed":false,"inline_featured_image":false},"product_brand":[],"product_cat":[223,235,237,226],"product_tag":[286],"class_list":{"0":"post-16708","1":"product","2":"type-product","3":"status-publish","4":"has-post-thumbnail","6":"product_cat-indretning-dekorationer","7":"product_cat-indretningsprodukter-koekken","8":"product_cat-servering","9":"product_cat-smaopbevaring","10":"product_tag-easytoship","12":"first","13":"instock","14":"taxable","15":"shipping-taxable","16":"purchasable","17":"product-type-simple"},"acf":[],"yoast_head":"<!-- This site is optimized with the Yoast SEO plugin v27.6 - https:\/\/yoast.com\/product\/yoast-seo-wordpress\/ -->\n<title>Sk\u00e5l Ekollon Gjutj\u00e4rn S - Frej - Qreativ<\/title>\n<meta name=\"robots\" content=\"index, follow, max-snippet:-1, max-image-preview:large, max-video-preview:-1\" \/>\n<link rel=\"canonical\" href=\"https:\/\/qreativ.se\/dk\/produkt\/frej-skal-m-lock-s-brun-svart\/\" \/>\n<meta property=\"og:locale\" content=\"da_DK\" \/>\n<meta property=\"og:type\" content=\"article\" \/>\n<meta property=\"og:title\" content=\"Sk\u00e5l Ekollon Gjutj\u00e4rn S - Frej - Qreativ\" \/>\n<meta property=\"og:description\" content=\"Skapa en inbjudande och naturn\u00e4ra k\u00e4nsla i ditt hem med sk\u00e5len Frej \u2013 en vacker kombination av form och funktion!\" \/>\n<meta property=\"og:url\" content=\"https:\/\/qreativ.se\/dk\/produkt\/frej-skal-m-lock-s-brun-svart\/\" \/>\n<meta property=\"og:site_name\" content=\"Qreativ\" \/>\n<meta property=\"article:modified_time\" content=\"2026-02-24T08:19:30+00:00\" \/>\n<meta property=\"og:image\" content=\"https:\/\/qreativ.se\/wp-content\/uploads\/2024\/07\/vintage-unikt-tra-i-jordnara-toner-2-1.png\" \/>\n\t<meta property=\"og:image:width\" content=\"500\" \/>\n\t<meta property=\"og:image:height\" content=\"500\" \/>\n\t<meta property=\"og:image:type\" content=\"image\/png\" \/>\n<meta name=\"twitter:card\" content=\"summary_large_image\" \/>\n<meta name=\"twitter:label1\" content=\"Estimeret l\u00e6setid\" \/>\n\t<meta name=\"twitter:data1\" content=\"1 minut\" \/>\n<script type=\"application\/ld+json\" class=\"yoast-schema-graph\">{\"@context\":\"https:\\\/\\\/schema.org\",\"@graph\":[{\"@type\":\"WebPage\",\"@id\":\"https:\\\/\\\/qreativ.se\\\/dk\\\/produkt\\\/frej-skal-m-lock-s-brun-svart\\\/\",\"url\":\"https:\\\/\\\/qreativ.se\\\/dk\\\/produkt\\\/frej-skal-m-lock-s-brun-svart\\\/\",\"name\":\"Sk\u00e5l Ekollon Gjutj\u00e4rn S - Frej - Qreativ\",\"isPartOf\":{\"@id\":\"https:\\\/\\\/qreativ.se\\\/dk\\\/#website\"},\"primaryImageOfPage\":{\"@id\":\"https:\\\/\\\/qreativ.se\\\/dk\\\/produkt\\\/frej-skal-m-lock-s-brun-svart\\\/#primaryimage\"},\"image\":{\"@id\":\"https:\\\/\\\/qreativ.se\\\/dk\\\/produkt\\\/frej-skal-m-lock-s-brun-svart\\\/#primaryimage\"},\"thumbnailUrl\":\"https:\\\/\\\/qreativ.se\\\/wp-content\\\/uploads\\\/2024\\\/07\\\/vintage-unikt-tra-i-jordnara-toner-2-1.png\",\"datePublished\":\"2024-07-18T15:20:43+00:00\",\"dateModified\":\"2026-02-24T08:19:30+00:00\",\"breadcrumb\":{\"@id\":\"https:\\\/\\\/qreativ.se\\\/dk\\\/produkt\\\/frej-skal-m-lock-s-brun-svart\\\/#breadcrumb\"},\"inLanguage\":\"da-DK\",\"potentialAction\":[{\"@type\":\"ReadAction\",\"target\":[\"https:\\\/\\\/qreativ.se\\\/dk\\\/produkt\\\/frej-skal-m-lock-s-brun-svart\\\/\"]}]},{\"@type\":\"ImageObject\",\"inLanguage\":\"da-DK\",\"@id\":\"https:\\\/\\\/qreativ.se\\\/dk\\\/produkt\\\/frej-skal-m-lock-s-brun-svart\\\/#primaryimage\",\"url\":\"https:\\\/\\\/qreativ.se\\\/wp-content\\\/uploads\\\/2024\\\/07\\\/vintage-unikt-tra-i-jordnara-toner-2-1.png\",\"contentUrl\":\"https:\\\/\\\/qreativ.se\\\/wp-content\\\/uploads\\\/2024\\\/07\\\/vintage-unikt-tra-i-jordnara-toner-2-1.png\",\"width\":500,\"height\":500},{\"@type\":\"BreadcrumbList\",\"@id\":\"https:\\\/\\\/qreativ.se\\\/dk\\\/produkt\\\/frej-skal-m-lock-s-brun-svart\\\/#breadcrumb\",\"itemListElement\":[{\"@type\":\"ListItem\",\"position\":1,\"name\":\"Home\",\"item\":\"https:\\\/\\\/qreativ.se\\\/dk\\\/hjem\\\/\"},{\"@type\":\"ListItem\",\"position\":2,\"name\":\"Webbshop\",\"item\":\"https:\\\/\\\/qreativ.se\\\/dk\\\/webbshop\\\/\"},{\"@type\":\"ListItem\",\"position\":3,\"name\":\"Sk\u00e5l Ekollon Gjutj\u00e4rn S &#8211; Frej\"}]},{\"@type\":\"WebSite\",\"@id\":\"https:\\\/\\\/qreativ.se\\\/dk\\\/#website\",\"url\":\"https:\\\/\\\/qreativ.se\\\/dk\\\/\",\"name\":\"Qreativ\",\"description\":\"\",\"alternateName\":\"qreativ.se\",\"potentialAction\":[{\"@type\":\"SearchAction\",\"target\":{\"@type\":\"EntryPoint\",\"urlTemplate\":\"https:\\\/\\\/qreativ.se\\\/dk\\\/?s={search_term_string}\"},\"query-input\":{\"@type\":\"PropertyValueSpecification\",\"valueRequired\":true,\"valueName\":\"search_term_string\"}}],\"inLanguage\":\"da-DK\"}]}<\/script>\n<!-- \/ Yoast SEO plugin. -->","yoast_head_json":{"title":"Sk\u00e5l Ekollon Gjutj\u00e4rn S - Frej - Qreativ","robots":{"index":"index","follow":"follow","max-snippet":"max-snippet:-1","max-image-preview":"max-image-preview:large","max-video-preview":"max-video-preview:-1"},"canonical":"https:\/\/qreativ.se\/dk\/produkt\/frej-skal-m-lock-s-brun-svart\/","og_locale":"da_DK","og_type":"article","og_title":"Sk\u00e5l Ekollon Gjutj\u00e4rn S - Frej - Qreativ","og_description":"Skapa en inbjudande och naturn\u00e4ra k\u00e4nsla i ditt hem med sk\u00e5len Frej \u2013 en vacker kombination av form och funktion!","og_url":"https:\/\/qreativ.se\/dk\/produkt\/frej-skal-m-lock-s-brun-svart\/","og_site_name":"Qreativ","article_modified_time":"2026-02-24T08:19:30+00:00","og_image":[{"width":500,"height":500,"url":"https:\/\/qreativ.se\/wp-content\/uploads\/2024\/07\/vintage-unikt-tra-i-jordnara-toner-2-1.png","type":"image\/png"}],"twitter_card":"summary_large_image","twitter_misc":{"Estimeret l\u00e6setid":"1 minut"},"schema":{"@context":"https:\/\/schema.org","@graph":[{"@type":"WebPage","@id":"https:\/\/qreativ.se\/dk\/produkt\/frej-skal-m-lock-s-brun-svart\/","url":"https:\/\/qreativ.se\/dk\/produkt\/frej-skal-m-lock-s-brun-svart\/","name":"Sk\u00e5l Ekollon Gjutj\u00e4rn S - Frej - Qreativ","isPartOf":{"@id":"https:\/\/qreativ.se\/dk\/#website"},"primaryImageOfPage":{"@id":"https:\/\/qreativ.se\/dk\/produkt\/frej-skal-m-lock-s-brun-svart\/#primaryimage"},"image":{"@id":"https:\/\/qreativ.se\/dk\/produkt\/frej-skal-m-lock-s-brun-svart\/#primaryimage"},"thumbnailUrl":"https:\/\/qreativ.se\/wp-content\/uploads\/2024\/07\/vintage-unikt-tra-i-jordnara-toner-2-1.png","datePublished":"2024-07-18T15:20:43+00:00","dateModified":"2026-02-24T08:19:30+00:00","breadcrumb":{"@id":"https:\/\/qreativ.se\/dk\/produkt\/frej-skal-m-lock-s-brun-svart\/#breadcrumb"},"inLanguage":"da-DK","potentialAction":[{"@type":"ReadAction","target":["https:\/\/qreativ.se\/dk\/produkt\/frej-skal-m-lock-s-brun-svart\/"]}]},{"@type":"ImageObject","inLanguage":"da-DK","@id":"https:\/\/qreativ.se\/dk\/produkt\/frej-skal-m-lock-s-brun-svart\/#primaryimage","url":"https:\/\/qreativ.se\/wp-content\/uploads\/2024\/07\/vintage-unikt-tra-i-jordnara-toner-2-1.png","contentUrl":"https:\/\/qreativ.se\/wp-content\/uploads\/2024\/07\/vintage-unikt-tra-i-jordnara-toner-2-1.png","width":500,"height":500},{"@type":"BreadcrumbList","@id":"https:\/\/qreativ.se\/dk\/produkt\/frej-skal-m-lock-s-brun-svart\/#breadcrumb","itemListElement":[{"@type":"ListItem","position":1,"name":"Home","item":"https:\/\/qreativ.se\/dk\/hjem\/"},{"@type":"ListItem","position":2,"name":"Webbshop","item":"https:\/\/qreativ.se\/dk\/webbshop\/"},{"@type":"ListItem","position":3,"name":"Sk\u00e5l Ekollon Gjutj\u00e4rn S &#8211; Frej"}]},{"@type":"WebSite","@id":"https:\/\/qreativ.se\/dk\/#website","url":"https:\/\/qreativ.se\/dk\/","name":"Qreativ","description":"","alternateName":"qreativ.se","potentialAction":[{"@type":"SearchAction","target":{"@type":"EntryPoint","urlTemplate":"https:\/\/qreativ.se\/dk\/?s={search_term_string}"},"query-input":{"@type":"PropertyValueSpecification","valueRequired":true,"valueName":"search_term_string"}}],"inLanguage":"da-DK"}]}},"_links":{"self":[{"href":"https:\/\/qreativ.se\/dk\/wp-json\/wp\/v2\/product\/16708","targetHints":{"allow":["GET"]}}],"collection":[{"href":"https:\/\/qreativ.se\/dk\/wp-json\/wp\/v2\/product"}],"about":[{"href":"https:\/\/qreativ.se\/dk\/wp-json\/wp\/v2\/types\/product"}],"replies":[{"embeddable":true,"href":"https:\/\/qreativ.se\/dk\/wp-json\/wp\/v2\/comments?post=16708"}],"wp:featuredmedia":[{"embeddable":true,"href":"https:\/\/qreativ.se\/dk\/wp-json\/wp\/v2\/media\/21447"}],"wp:attachment":[{"href":"https:\/\/qreativ.se\/dk\/wp-json\/wp\/v2\/media?parent=16708"}],"wp:term":[{"taxonomy":"product_brand","embeddable":true,"href":"https:\/\/qreativ.se\/dk\/wp-json\/wp\/v2\/product_brand?post=16708"},{"taxonomy":"product_cat","embeddable":true,"href":"https:\/\/qreativ.se\/dk\/wp-json\/wp\/v2\/product_cat?post=16708"},{"taxonomy":"product_tag","embeddable":true,"href":"https:\/\/qreativ.se\/dk\/wp-json\/wp\/v2\/product_tag?post=16708"}],"curies":[{"name":"wp","href":"https:\/\/api.w.org\/{rel}","templated":true}]}}