{"id":16724,"date":"2024-07-18T15:20:36","date_gmt":"2024-07-18T15:20:36","guid":{"rendered":"https:\/\/qreativ.se\/produkt\/frej-pappershallare-brun-svart\/"},"modified":"2026-02-13T09:31:14","modified_gmt":"2026-02-13T09:31:14","slug":"frej-pappershallare-brun-svart","status":"publish","type":"product","link":"https:\/\/qreativ.se\/dk\/produkt\/frej-pappershallare-brun-svart\/","title":{"rendered":"Pappersh\u00e5llare Gjutj\u00e4rn &#8211; Frej"},"content":{"rendered":"<h4 data-start=\"42\" data-end=\"100\"><strong>Pappersh\u00e5llare Frej \u2013 robust pappersh\u00e5llare i gjutj\u00e4rn<\/strong><\/h4>\n<p data-start=\"102\" data-end=\"368\"><strong data-start=\"102\" data-end=\"125\">Pappersh\u00e5llare Frej<\/strong> \u00e4r en del av den rustika <strong data-start=\"151\" data-end=\"166\">Frej-serien<\/strong> \u2013 tidl\u00f6sa inredningsdetaljer i gjutj\u00e4rn d\u00e4r funktion m\u00f6ter r\u00e5, h\u00e5llbar design. Den gedigna konstruktionen ger en stabil och praktisk pappersh\u00e5llare som st\u00e5r stadigt p\u00e5 b\u00e4nken, \u00e4ven n\u00e4r pappret rivs av.<\/p>\n<p data-start=\"370\" data-end=\"642\">Tillverkad i <strong data-start=\"383\" data-end=\"395\">gjutj\u00e4rn<\/strong> med en sober, m\u00f6rk finish passar pappersh\u00e5llaren perfekt i k\u00f6k med lantlig, industriell eller klassisk stil. Den dekorativa foten och den enkla, uppr\u00e4tta formen g\u00f6r Frej till mer \u00e4n bara ett bruksf\u00f6rem\u00e5l \u2013 den blir en naturlig del av inredningen.<\/p>\n<p data-start=\"644\" data-end=\"801\">Pappersh\u00e5llaren fungerar lika bra i k\u00f6ket som i utek\u00f6ket, p\u00e5 arbetsb\u00e4nken eller i grillh\u00f6rnan och \u00e4r skapad f\u00f6r att h\u00e5lla \u00f6ver tid, b\u00e5de i stil och kvalitet.<\/p>\n<p data-start=\"858\" data-end=\"1042\">\u2022 Tillverkad i massivt gjutj\u00e4rn<br data-start=\"889\" data-end=\"892\" \/>\u2022 Stabil och funktionell \u2013 st\u00e5r stadigt p\u00e5 b\u00e4nken<br data-start=\"941\" data-end=\"944\" \/>\u2022 Rustik och tidl\u00f6s design<br data-start=\"970\" data-end=\"973\" \/>\u2022 En del av Frej-serien<br data-start=\"996\" data-end=\"999\" \/>\u2022 Passar k\u00f6k, utek\u00f6k och lantliga milj\u00f6er<\/p>\n<p data-start=\"858\" data-end=\"1042\">\n","protected":false},"excerpt":{"rendered":"<p><strong data-start=\"1044\" data-end=\"1067\">Pappersh\u00e5llare Frej<\/strong> \u00e4r ett sj\u00e4lvklart val f\u00f6r dig som uppskattar <strong data-start=\"1113\" data-end=\"1166\">h\u00e5llbara material, gedigen k\u00e4nsla och tidl\u00f6s form<\/strong> \u2013 en praktisk detalj som ger k\u00f6ket karakt\u00e4r och tyngd!<\/p>\n","protected":false},"featured_media":22494,"comment_status":"closed","ping_status":"closed","template":"","meta":{"_acf_changed":false,"inline_featured_image":false},"product_brand":[],"product_cat":[235,238,237],"product_tag":[286],"class_list":{"0":"post-16724","1":"product","2":"type-product","3":"status-publish","4":"has-post-thumbnail","6":"product_cat-indretningsprodukter-koekken","7":"product_cat-madlavning","8":"product_cat-servering","9":"product_tag-easytoship","11":"first","12":"instock","13":"taxable","14":"shipping-taxable","15":"purchasable","16":"product-type-simple"},"acf":[],"yoast_head":"<!-- This site is optimized with the Yoast SEO plugin v27.6 - https:\/\/yoast.com\/product\/yoast-seo-wordpress\/ -->\n<title>Pappersh\u00e5llare Gjutj\u00e4rn - Frej - Qreativ<\/title>\n<meta name=\"robots\" content=\"index, follow, max-snippet:-1, max-image-preview:large, max-video-preview:-1\" \/>\n<link rel=\"canonical\" href=\"https:\/\/qreativ.se\/dk\/produkt\/frej-pappershallare-brun-svart\/\" \/>\n<meta property=\"og:locale\" content=\"da_DK\" \/>\n<meta property=\"og:type\" content=\"article\" \/>\n<meta property=\"og:title\" content=\"Pappersh\u00e5llare Gjutj\u00e4rn - Frej - Qreativ\" \/>\n<meta property=\"og:description\" content=\"Pappersh\u00e5llare Frej \u00e4r ett sj\u00e4lvklart val f\u00f6r dig som uppskattar h\u00e5llbara material, gedigen k\u00e4nsla och tidl\u00f6s form \u2013 en praktisk detalj som ger k\u00f6ket karakt\u00e4r och tyngd!\" \/>\n<meta property=\"og:url\" content=\"https:\/\/qreativ.se\/dk\/produkt\/frej-pappershallare-brun-svart\/\" \/>\n<meta property=\"og:site_name\" content=\"Qreativ\" \/>\n<meta property=\"article:modified_time\" content=\"2026-02-13T09:31:14+00:00\" \/>\n<meta property=\"og:image\" content=\"https:\/\/qreativ.se\/wp-content\/uploads\/2024\/07\/vintage-unikt-tra-i-jordnara-toner-7-2.png\" \/>\n\t<meta property=\"og:image:width\" content=\"500\" \/>\n\t<meta property=\"og:image:height\" content=\"500\" \/>\n\t<meta property=\"og:image:type\" content=\"image\/png\" \/>\n<meta name=\"twitter:card\" content=\"summary_large_image\" \/>\n<meta name=\"twitter:label1\" content=\"Estimeret l\u00e6setid\" \/>\n\t<meta name=\"twitter:data1\" content=\"1 minut\" \/>\n<script type=\"application\/ld+json\" class=\"yoast-schema-graph\">{\"@context\":\"https:\\\/\\\/schema.org\",\"@graph\":[{\"@type\":\"WebPage\",\"@id\":\"https:\\\/\\\/qreativ.se\\\/dk\\\/produkt\\\/frej-pappershallare-brun-svart\\\/\",\"url\":\"https:\\\/\\\/qreativ.se\\\/dk\\\/produkt\\\/frej-pappershallare-brun-svart\\\/\",\"name\":\"Pappersh\u00e5llare Gjutj\u00e4rn - Frej - Qreativ\",\"isPartOf\":{\"@id\":\"https:\\\/\\\/qreativ.se\\\/dk\\\/#website\"},\"primaryImageOfPage\":{\"@id\":\"https:\\\/\\\/qreativ.se\\\/dk\\\/produkt\\\/frej-pappershallare-brun-svart\\\/#primaryimage\"},\"image\":{\"@id\":\"https:\\\/\\\/qreativ.se\\\/dk\\\/produkt\\\/frej-pappershallare-brun-svart\\\/#primaryimage\"},\"thumbnailUrl\":\"https:\\\/\\\/qreativ.se\\\/wp-content\\\/uploads\\\/2024\\\/07\\\/vintage-unikt-tra-i-jordnara-toner-7-2.png\",\"datePublished\":\"2024-07-18T15:20:36+00:00\",\"dateModified\":\"2026-02-13T09:31:14+00:00\",\"breadcrumb\":{\"@id\":\"https:\\\/\\\/qreativ.se\\\/dk\\\/produkt\\\/frej-pappershallare-brun-svart\\\/#breadcrumb\"},\"inLanguage\":\"da-DK\",\"potentialAction\":[{\"@type\":\"ReadAction\",\"target\":[\"https:\\\/\\\/qreativ.se\\\/dk\\\/produkt\\\/frej-pappershallare-brun-svart\\\/\"]}]},{\"@type\":\"ImageObject\",\"inLanguage\":\"da-DK\",\"@id\":\"https:\\\/\\\/qreativ.se\\\/dk\\\/produkt\\\/frej-pappershallare-brun-svart\\\/#primaryimage\",\"url\":\"https:\\\/\\\/qreativ.se\\\/wp-content\\\/uploads\\\/2024\\\/07\\\/vintage-unikt-tra-i-jordnara-toner-7-2.png\",\"contentUrl\":\"https:\\\/\\\/qreativ.se\\\/wp-content\\\/uploads\\\/2024\\\/07\\\/vintage-unikt-tra-i-jordnara-toner-7-2.png\",\"width\":500,\"height\":500},{\"@type\":\"BreadcrumbList\",\"@id\":\"https:\\\/\\\/qreativ.se\\\/dk\\\/produkt\\\/frej-pappershallare-brun-svart\\\/#breadcrumb\",\"itemListElement\":[{\"@type\":\"ListItem\",\"position\":1,\"name\":\"Home\",\"item\":\"https:\\\/\\\/qreativ.se\\\/dk\\\/hjem\\\/\"},{\"@type\":\"ListItem\",\"position\":2,\"name\":\"Webbshop\",\"item\":\"https:\\\/\\\/qreativ.se\\\/dk\\\/webbshop\\\/\"},{\"@type\":\"ListItem\",\"position\":3,\"name\":\"Pappersh\u00e5llare Gjutj\u00e4rn &#8211; Frej\"}]},{\"@type\":\"WebSite\",\"@id\":\"https:\\\/\\\/qreativ.se\\\/dk\\\/#website\",\"url\":\"https:\\\/\\\/qreativ.se\\\/dk\\\/\",\"name\":\"Qreativ\",\"description\":\"\",\"alternateName\":\"qreativ.se\",\"potentialAction\":[{\"@type\":\"SearchAction\",\"target\":{\"@type\":\"EntryPoint\",\"urlTemplate\":\"https:\\\/\\\/qreativ.se\\\/dk\\\/?s={search_term_string}\"},\"query-input\":{\"@type\":\"PropertyValueSpecification\",\"valueRequired\":true,\"valueName\":\"search_term_string\"}}],\"inLanguage\":\"da-DK\"}]}<\/script>\n<!-- \/ Yoast SEO plugin. -->","yoast_head_json":{"title":"Pappersh\u00e5llare Gjutj\u00e4rn - Frej - Qreativ","robots":{"index":"index","follow":"follow","max-snippet":"max-snippet:-1","max-image-preview":"max-image-preview:large","max-video-preview":"max-video-preview:-1"},"canonical":"https:\/\/qreativ.se\/dk\/produkt\/frej-pappershallare-brun-svart\/","og_locale":"da_DK","og_type":"article","og_title":"Pappersh\u00e5llare Gjutj\u00e4rn - Frej - Qreativ","og_description":"Pappersh\u00e5llare Frej \u00e4r ett sj\u00e4lvklart val f\u00f6r dig som uppskattar h\u00e5llbara material, gedigen k\u00e4nsla och tidl\u00f6s form \u2013 en praktisk detalj som ger k\u00f6ket karakt\u00e4r och tyngd!","og_url":"https:\/\/qreativ.se\/dk\/produkt\/frej-pappershallare-brun-svart\/","og_site_name":"Qreativ","article_modified_time":"2026-02-13T09:31:14+00:00","og_image":[{"width":500,"height":500,"url":"https:\/\/qreativ.se\/wp-content\/uploads\/2024\/07\/vintage-unikt-tra-i-jordnara-toner-7-2.png","type":"image\/png"}],"twitter_card":"summary_large_image","twitter_misc":{"Estimeret l\u00e6setid":"1 minut"},"schema":{"@context":"https:\/\/schema.org","@graph":[{"@type":"WebPage","@id":"https:\/\/qreativ.se\/dk\/produkt\/frej-pappershallare-brun-svart\/","url":"https:\/\/qreativ.se\/dk\/produkt\/frej-pappershallare-brun-svart\/","name":"Pappersh\u00e5llare Gjutj\u00e4rn - Frej - Qreativ","isPartOf":{"@id":"https:\/\/qreativ.se\/dk\/#website"},"primaryImageOfPage":{"@id":"https:\/\/qreativ.se\/dk\/produkt\/frej-pappershallare-brun-svart\/#primaryimage"},"image":{"@id":"https:\/\/qreativ.se\/dk\/produkt\/frej-pappershallare-brun-svart\/#primaryimage"},"thumbnailUrl":"https:\/\/qreativ.se\/wp-content\/uploads\/2024\/07\/vintage-unikt-tra-i-jordnara-toner-7-2.png","datePublished":"2024-07-18T15:20:36+00:00","dateModified":"2026-02-13T09:31:14+00:00","breadcrumb":{"@id":"https:\/\/qreativ.se\/dk\/produkt\/frej-pappershallare-brun-svart\/#breadcrumb"},"inLanguage":"da-DK","potentialAction":[{"@type":"ReadAction","target":["https:\/\/qreativ.se\/dk\/produkt\/frej-pappershallare-brun-svart\/"]}]},{"@type":"ImageObject","inLanguage":"da-DK","@id":"https:\/\/qreativ.se\/dk\/produkt\/frej-pappershallare-brun-svart\/#primaryimage","url":"https:\/\/qreativ.se\/wp-content\/uploads\/2024\/07\/vintage-unikt-tra-i-jordnara-toner-7-2.png","contentUrl":"https:\/\/qreativ.se\/wp-content\/uploads\/2024\/07\/vintage-unikt-tra-i-jordnara-toner-7-2.png","width":500,"height":500},{"@type":"BreadcrumbList","@id":"https:\/\/qreativ.se\/dk\/produkt\/frej-pappershallare-brun-svart\/#breadcrumb","itemListElement":[{"@type":"ListItem","position":1,"name":"Home","item":"https:\/\/qreativ.se\/dk\/hjem\/"},{"@type":"ListItem","position":2,"name":"Webbshop","item":"https:\/\/qreativ.se\/dk\/webbshop\/"},{"@type":"ListItem","position":3,"name":"Pappersh\u00e5llare Gjutj\u00e4rn &#8211; Frej"}]},{"@type":"WebSite","@id":"https:\/\/qreativ.se\/dk\/#website","url":"https:\/\/qreativ.se\/dk\/","name":"Qreativ","description":"","alternateName":"qreativ.se","potentialAction":[{"@type":"SearchAction","target":{"@type":"EntryPoint","urlTemplate":"https:\/\/qreativ.se\/dk\/?s={search_term_string}"},"query-input":{"@type":"PropertyValueSpecification","valueRequired":true,"valueName":"search_term_string"}}],"inLanguage":"da-DK"}]}},"_links":{"self":[{"href":"https:\/\/qreativ.se\/dk\/wp-json\/wp\/v2\/product\/16724","targetHints":{"allow":["GET"]}}],"collection":[{"href":"https:\/\/qreativ.se\/dk\/wp-json\/wp\/v2\/product"}],"about":[{"href":"https:\/\/qreativ.se\/dk\/wp-json\/wp\/v2\/types\/product"}],"replies":[{"embeddable":true,"href":"https:\/\/qreativ.se\/dk\/wp-json\/wp\/v2\/comments?post=16724"}],"wp:featuredmedia":[{"embeddable":true,"href":"https:\/\/qreativ.se\/dk\/wp-json\/wp\/v2\/media\/22494"}],"wp:attachment":[{"href":"https:\/\/qreativ.se\/dk\/wp-json\/wp\/v2\/media?parent=16724"}],"wp:term":[{"taxonomy":"product_brand","embeddable":true,"href":"https:\/\/qreativ.se\/dk\/wp-json\/wp\/v2\/product_brand?post=16724"},{"taxonomy":"product_cat","embeddable":true,"href":"https:\/\/qreativ.se\/dk\/wp-json\/wp\/v2\/product_cat?post=16724"},{"taxonomy":"product_tag","embeddable":true,"href":"https:\/\/qreativ.se\/dk\/wp-json\/wp\/v2\/product_tag?post=16724"}],"curies":[{"name":"wp","href":"https:\/\/api.w.org\/{rel}","templated":true}]}}