{"id":16737,"date":"2024-07-18T15:20:32","date_gmt":"2024-07-18T15:20:32","guid":{"rendered":"https:\/\/qreativ.se\/produkt\/carter-kakfat-m-morkbrun\/"},"modified":"2026-02-13T09:31:13","modified_gmt":"2026-02-13T09:31:13","slug":"carter-kakfat-m-morkbrun","status":"publish","type":"product","link":"https:\/\/qreativ.se\/dk\/produkt\/carter-kakfat-m-morkbrun\/","title":{"rendered":"Carter V\u00e5ningsfat M m\u00f6rkbrun"},"content":{"rendered":"<h4 data-start=\"327\" data-end=\"363\"><strong data-start=\"327\" data-end=\"363\">Elegant servering i flera niv\u00e5er<\/strong><\/h4>\n<p data-start=\"365\" data-end=\"677\">Det handgjorda v\u00e5ningsfatet Carter ger din dukning en lyxig k\u00e4nsla. Den klassiska formen i tre niv\u00e5er \u00e4r b\u00e5de funktionell och dekorativ \u2013 perfekt f\u00f6r frukt, bakverk, eller som bas i ett vackert stilleben. Den rundade foten ger stabilitet, och den vackert svarvade mittst\u00e5ngen med topphandtag ger en tidl\u00f6s charm.<\/p>\n<p data-start=\"828\" data-end=\"1015\">\u2022 Handgjort v\u00e5ningsfat i aluminium<br data-start=\"862\" data-end=\"865\" \/>\u2022 Tre niv\u00e5er f\u00f6r servering eller dekoration<br data-start=\"908\" data-end=\"911\" \/>\u2022 V\u00e4lj mellan m\u00f6rkbrun eller nickelf\u00e4rgad finish<br data-start=\"959\" data-end=\"962\" \/>\u2022 Finns i tv\u00e5 storlekar<br data-start=\"985\" data-end=\"988\" \/>\u2022 Elegant och stabil design<\/p>\n<p data-start=\"1059\" data-end=\"1083\"><strong data-start=\"1059\" data-end=\"1071\">Material<\/strong><br data-start=\"1071\" data-end=\"1074\" \/>Aluminium<\/p>\n<p>&nbsp;<\/p>\n","protected":false},"excerpt":{"rendered":"<p>Carter \u00e4r ett dekorativt v\u00e5ningsfat i tv\u00e5 storlekar, perfekt f\u00f6r servering eller dekoration!<\/p>\n","protected":false},"featured_media":16738,"comment_status":"closed","ping_status":"closed","template":"","meta":{"_acf_changed":false,"inline_featured_image":false},"product_brand":[],"product_cat":[235,237],"product_tag":[286],"class_list":{"0":"post-16737","1":"product","2":"type-product","3":"status-publish","4":"has-post-thumbnail","6":"product_cat-indretningsprodukter-koekken","7":"product_cat-servering","8":"product_tag-easytoship","10":"first","11":"onbackorder","12":"taxable","13":"shipping-taxable","14":"purchasable","15":"product-type-simple"},"acf":[],"yoast_head":"<!-- This site is optimized with the Yoast SEO plugin v27.6 - https:\/\/yoast.com\/product\/yoast-seo-wordpress\/ -->\n<title>Carter V\u00e5ningsfat M m\u00f6rkbrun - Qreativ<\/title>\n<meta name=\"robots\" content=\"index, follow, max-snippet:-1, max-image-preview:large, max-video-preview:-1\" \/>\n<link rel=\"canonical\" href=\"https:\/\/qreativ.se\/dk\/produkt\/carter-kakfat-m-morkbrun\/\" \/>\n<meta property=\"og:locale\" content=\"da_DK\" \/>\n<meta property=\"og:type\" content=\"article\" \/>\n<meta property=\"og:title\" content=\"Carter V\u00e5ningsfat M m\u00f6rkbrun - Qreativ\" \/>\n<meta property=\"og:description\" content=\"Carter \u00e4r ett dekorativt v\u00e5ningsfat i tv\u00e5 storlekar, perfekt f\u00f6r servering eller dekoration!\" \/>\n<meta property=\"og:url\" content=\"https:\/\/qreativ.se\/dk\/produkt\/carter-kakfat-m-morkbrun\/\" \/>\n<meta property=\"og:site_name\" content=\"Qreativ\" \/>\n<meta property=\"article:modified_time\" content=\"2026-02-13T09:31:13+00:00\" \/>\n<meta property=\"og:image\" content=\"https:\/\/qreativ.se\/wp-content\/uploads\/2024\/05\/446-176-71.png\" \/>\n\t<meta property=\"og:image:width\" content=\"720\" \/>\n\t<meta property=\"og:image:height\" content=\"720\" \/>\n\t<meta property=\"og:image:type\" content=\"image\/webp\" \/>\n<meta name=\"twitter:card\" content=\"summary_large_image\" \/>\n<meta name=\"twitter:label1\" content=\"Estimeret l\u00e6setid\" \/>\n\t<meta name=\"twitter:data1\" content=\"1 minut\" \/>\n<script type=\"application\/ld+json\" class=\"yoast-schema-graph\">{\"@context\":\"https:\\\/\\\/schema.org\",\"@graph\":[{\"@type\":\"WebPage\",\"@id\":\"https:\\\/\\\/qreativ.se\\\/dk\\\/produkt\\\/carter-kakfat-m-morkbrun\\\/\",\"url\":\"https:\\\/\\\/qreativ.se\\\/dk\\\/produkt\\\/carter-kakfat-m-morkbrun\\\/\",\"name\":\"Carter V\u00e5ningsfat M m\u00f6rkbrun - Qreativ\",\"isPartOf\":{\"@id\":\"https:\\\/\\\/qreativ.se\\\/dk\\\/#website\"},\"primaryImageOfPage\":{\"@id\":\"https:\\\/\\\/qreativ.se\\\/dk\\\/produkt\\\/carter-kakfat-m-morkbrun\\\/#primaryimage\"},\"image\":{\"@id\":\"https:\\\/\\\/qreativ.se\\\/dk\\\/produkt\\\/carter-kakfat-m-morkbrun\\\/#primaryimage\"},\"thumbnailUrl\":\"https:\\\/\\\/qreativ.se\\\/wp-content\\\/uploads\\\/2024\\\/05\\\/446-176-71.png\",\"datePublished\":\"2024-07-18T15:20:32+00:00\",\"dateModified\":\"2026-02-13T09:31:13+00:00\",\"breadcrumb\":{\"@id\":\"https:\\\/\\\/qreativ.se\\\/dk\\\/produkt\\\/carter-kakfat-m-morkbrun\\\/#breadcrumb\"},\"inLanguage\":\"da-DK\",\"potentialAction\":[{\"@type\":\"ReadAction\",\"target\":[\"https:\\\/\\\/qreativ.se\\\/dk\\\/produkt\\\/carter-kakfat-m-morkbrun\\\/\"]}]},{\"@type\":\"ImageObject\",\"inLanguage\":\"da-DK\",\"@id\":\"https:\\\/\\\/qreativ.se\\\/dk\\\/produkt\\\/carter-kakfat-m-morkbrun\\\/#primaryimage\",\"url\":\"https:\\\/\\\/qreativ.se\\\/wp-content\\\/uploads\\\/2024\\\/05\\\/446-176-71.png\",\"contentUrl\":\"https:\\\/\\\/qreativ.se\\\/wp-content\\\/uploads\\\/2024\\\/05\\\/446-176-71.png\",\"width\":720,\"height\":720},{\"@type\":\"BreadcrumbList\",\"@id\":\"https:\\\/\\\/qreativ.se\\\/dk\\\/produkt\\\/carter-kakfat-m-morkbrun\\\/#breadcrumb\",\"itemListElement\":[{\"@type\":\"ListItem\",\"position\":1,\"name\":\"Home\",\"item\":\"https:\\\/\\\/qreativ.se\\\/dk\\\/hjem\\\/\"},{\"@type\":\"ListItem\",\"position\":2,\"name\":\"Webbshop\",\"item\":\"https:\\\/\\\/qreativ.se\\\/dk\\\/webbshop\\\/\"},{\"@type\":\"ListItem\",\"position\":3,\"name\":\"Carter V\u00e5ningsfat M m\u00f6rkbrun\"}]},{\"@type\":\"WebSite\",\"@id\":\"https:\\\/\\\/qreativ.se\\\/dk\\\/#website\",\"url\":\"https:\\\/\\\/qreativ.se\\\/dk\\\/\",\"name\":\"Qreativ\",\"description\":\"\",\"alternateName\":\"qreativ.se\",\"potentialAction\":[{\"@type\":\"SearchAction\",\"target\":{\"@type\":\"EntryPoint\",\"urlTemplate\":\"https:\\\/\\\/qreativ.se\\\/dk\\\/?s={search_term_string}\"},\"query-input\":{\"@type\":\"PropertyValueSpecification\",\"valueRequired\":true,\"valueName\":\"search_term_string\"}}],\"inLanguage\":\"da-DK\"}]}<\/script>\n<!-- \/ Yoast SEO plugin. -->","yoast_head_json":{"title":"Carter V\u00e5ningsfat M m\u00f6rkbrun - Qreativ","robots":{"index":"index","follow":"follow","max-snippet":"max-snippet:-1","max-image-preview":"max-image-preview:large","max-video-preview":"max-video-preview:-1"},"canonical":"https:\/\/qreativ.se\/dk\/produkt\/carter-kakfat-m-morkbrun\/","og_locale":"da_DK","og_type":"article","og_title":"Carter V\u00e5ningsfat M m\u00f6rkbrun - Qreativ","og_description":"Carter \u00e4r ett dekorativt v\u00e5ningsfat i tv\u00e5 storlekar, perfekt f\u00f6r servering eller dekoration!","og_url":"https:\/\/qreativ.se\/dk\/produkt\/carter-kakfat-m-morkbrun\/","og_site_name":"Qreativ","article_modified_time":"2026-02-13T09:31:13+00:00","og_image":[{"width":720,"height":720,"url":"https:\/\/qreativ.se\/wp-content\/uploads\/2024\/05\/446-176-71.png","type":"image\/webp"}],"twitter_card":"summary_large_image","twitter_misc":{"Estimeret l\u00e6setid":"1 minut"},"schema":{"@context":"https:\/\/schema.org","@graph":[{"@type":"WebPage","@id":"https:\/\/qreativ.se\/dk\/produkt\/carter-kakfat-m-morkbrun\/","url":"https:\/\/qreativ.se\/dk\/produkt\/carter-kakfat-m-morkbrun\/","name":"Carter V\u00e5ningsfat M m\u00f6rkbrun - Qreativ","isPartOf":{"@id":"https:\/\/qreativ.se\/dk\/#website"},"primaryImageOfPage":{"@id":"https:\/\/qreativ.se\/dk\/produkt\/carter-kakfat-m-morkbrun\/#primaryimage"},"image":{"@id":"https:\/\/qreativ.se\/dk\/produkt\/carter-kakfat-m-morkbrun\/#primaryimage"},"thumbnailUrl":"https:\/\/qreativ.se\/wp-content\/uploads\/2024\/05\/446-176-71.png","datePublished":"2024-07-18T15:20:32+00:00","dateModified":"2026-02-13T09:31:13+00:00","breadcrumb":{"@id":"https:\/\/qreativ.se\/dk\/produkt\/carter-kakfat-m-morkbrun\/#breadcrumb"},"inLanguage":"da-DK","potentialAction":[{"@type":"ReadAction","target":["https:\/\/qreativ.se\/dk\/produkt\/carter-kakfat-m-morkbrun\/"]}]},{"@type":"ImageObject","inLanguage":"da-DK","@id":"https:\/\/qreativ.se\/dk\/produkt\/carter-kakfat-m-morkbrun\/#primaryimage","url":"https:\/\/qreativ.se\/wp-content\/uploads\/2024\/05\/446-176-71.png","contentUrl":"https:\/\/qreativ.se\/wp-content\/uploads\/2024\/05\/446-176-71.png","width":720,"height":720},{"@type":"BreadcrumbList","@id":"https:\/\/qreativ.se\/dk\/produkt\/carter-kakfat-m-morkbrun\/#breadcrumb","itemListElement":[{"@type":"ListItem","position":1,"name":"Home","item":"https:\/\/qreativ.se\/dk\/hjem\/"},{"@type":"ListItem","position":2,"name":"Webbshop","item":"https:\/\/qreativ.se\/dk\/webbshop\/"},{"@type":"ListItem","position":3,"name":"Carter V\u00e5ningsfat M m\u00f6rkbrun"}]},{"@type":"WebSite","@id":"https:\/\/qreativ.se\/dk\/#website","url":"https:\/\/qreativ.se\/dk\/","name":"Qreativ","description":"","alternateName":"qreativ.se","potentialAction":[{"@type":"SearchAction","target":{"@type":"EntryPoint","urlTemplate":"https:\/\/qreativ.se\/dk\/?s={search_term_string}"},"query-input":{"@type":"PropertyValueSpecification","valueRequired":true,"valueName":"search_term_string"}}],"inLanguage":"da-DK"}]}},"_links":{"self":[{"href":"https:\/\/qreativ.se\/dk\/wp-json\/wp\/v2\/product\/16737","targetHints":{"allow":["GET"]}}],"collection":[{"href":"https:\/\/qreativ.se\/dk\/wp-json\/wp\/v2\/product"}],"about":[{"href":"https:\/\/qreativ.se\/dk\/wp-json\/wp\/v2\/types\/product"}],"replies":[{"embeddable":true,"href":"https:\/\/qreativ.se\/dk\/wp-json\/wp\/v2\/comments?post=16737"}],"wp:featuredmedia":[{"embeddable":true,"href":"https:\/\/qreativ.se\/dk\/wp-json\/wp\/v2\/media\/16738"}],"wp:attachment":[{"href":"https:\/\/qreativ.se\/dk\/wp-json\/wp\/v2\/media?parent=16737"}],"wp:term":[{"taxonomy":"product_brand","embeddable":true,"href":"https:\/\/qreativ.se\/dk\/wp-json\/wp\/v2\/product_brand?post=16737"},{"taxonomy":"product_cat","embeddable":true,"href":"https:\/\/qreativ.se\/dk\/wp-json\/wp\/v2\/product_cat?post=16737"},{"taxonomy":"product_tag","embeddable":true,"href":"https:\/\/qreativ.se\/dk\/wp-json\/wp\/v2\/product_tag?post=16737"}],"curies":[{"name":"wp","href":"https:\/\/api.w.org\/{rel}","templated":true}]}}