{"id":16756,"date":"2024-07-18T15:20:22","date_gmt":"2024-07-18T15:20:22","guid":{"rendered":"https:\/\/qreativ.se\/produkt\/odin-skal-3-s-svart-gjutjarn\/"},"modified":"2026-02-13T09:31:06","modified_gmt":"2026-02-13T09:31:06","slug":"odin-skal-3-s-svart-gjutjarn","status":"publish","type":"product","link":"https:\/\/qreativ.se\/dk\/produkt\/odin-skal-3-s-svart-gjutjarn\/","title":{"rendered":"Sk\u00e5l Rustik 3-pack &#8211; Odin"},"content":{"rendered":"<p>Denna trio av sm\u00e5sk\u00e5lar \u00e4r mer \u00e4n bara praktiska serveringssk\u00e5lar \u2013 de \u00e4r konstverk som bidrar med en varm och inbjudande atmosf\u00e4r till ditt bord! Handgjorda med subtila variationer som ger varje sk\u00e5l en personlig och rustik touch. Perfekt f\u00f6r servering av sm\u00e5 snacks, s\u00e5ser, kryddor eller andra tilltugg.<\/p>\n<p>Material: j\u00e4rn<\/p>\n","protected":false},"excerpt":{"rendered":"<p>Denna trio av sm\u00e5sk\u00e5lar \u00e4r mer \u00e4n bara praktiska serveringssk\u00e5lar \u2013 de \u00e4r konstverk som bidrar med en varm och inbjudande atmosf\u00e4r till ditt bord! Handgjorda med subtila variationer som ger varje sk\u00e5l en personlig och rustik touch. Perfekt f\u00f6r servering av sm\u00e5 snacks, s\u00e5ser, kryddor eller andra tilltugg. Material: j\u00e4rn<\/p>\n","protected":false},"featured_media":16757,"comment_status":"closed","ping_status":"closed","template":"","meta":{"_acf_changed":false,"inline_featured_image":false},"product_brand":[],"product_cat":[235,237],"product_tag":[286],"class_list":{"0":"post-16756","1":"product","2":"type-product","3":"status-publish","4":"has-post-thumbnail","6":"product_cat-indretningsprodukter-koekken","7":"product_cat-servering","8":"product_tag-easytoship","10":"first","11":"instock","12":"taxable","13":"shipping-taxable","14":"purchasable","15":"product-type-simple"},"acf":[],"yoast_head":"<!-- This site is optimized with the Yoast SEO plugin v27.5 - https:\/\/yoast.com\/product\/yoast-seo-wordpress\/ -->\n<title>Sk\u00e5l Rustik 3-pack - Odin - Qreativ<\/title>\n<meta name=\"robots\" content=\"index, follow, max-snippet:-1, max-image-preview:large, max-video-preview:-1\" \/>\n<link rel=\"canonical\" href=\"https:\/\/qreativ.se\/dk\/produkt\/odin-skal-3-s-svart-gjutjarn\/\" \/>\n<meta property=\"og:locale\" content=\"da_DK\" \/>\n<meta property=\"og:type\" content=\"article\" \/>\n<meta property=\"og:title\" content=\"Sk\u00e5l Rustik 3-pack - Odin - Qreativ\" \/>\n<meta property=\"og:description\" content=\"Denna trio av sm\u00e5sk\u00e5lar \u00e4r mer \u00e4n bara praktiska serveringssk\u00e5lar \u2013 de \u00e4r konstverk som bidrar med en varm och inbjudande atmosf\u00e4r till ditt bord! Handgjorda med subtila variationer som ger varje sk\u00e5l en personlig och rustik touch. Perfekt f\u00f6r servering av sm\u00e5 snacks, s\u00e5ser, kryddor eller andra tilltugg. Material: j\u00e4rn\" \/>\n<meta property=\"og:url\" content=\"https:\/\/qreativ.se\/dk\/produkt\/odin-skal-3-s-svart-gjutjarn\/\" \/>\n<meta property=\"og:site_name\" content=\"Qreativ\" \/>\n<meta property=\"article:modified_time\" content=\"2026-02-13T09:31:06+00:00\" \/>\n<meta property=\"og:image\" content=\"https:\/\/qreativ.se\/wp-content\/uploads\/2024\/05\/794-691-00.png\" \/>\n\t<meta property=\"og:image:width\" content=\"720\" \/>\n\t<meta property=\"og:image:height\" content=\"720\" \/>\n\t<meta property=\"og:image:type\" content=\"image\/webp\" \/>\n<meta name=\"twitter:card\" content=\"summary_large_image\" \/>\n<meta name=\"twitter:label1\" content=\"Estimeret l\u00e6setid\" \/>\n\t<meta name=\"twitter:data1\" content=\"1 minut\" \/>\n<script type=\"application\/ld+json\" class=\"yoast-schema-graph\">{\"@context\":\"https:\\\/\\\/schema.org\",\"@graph\":[{\"@type\":\"WebPage\",\"@id\":\"https:\\\/\\\/qreativ.se\\\/dk\\\/produkt\\\/odin-skal-3-s-svart-gjutjarn\\\/\",\"url\":\"https:\\\/\\\/qreativ.se\\\/dk\\\/produkt\\\/odin-skal-3-s-svart-gjutjarn\\\/\",\"name\":\"Sk\u00e5l Rustik 3-pack - Odin - Qreativ\",\"isPartOf\":{\"@id\":\"https:\\\/\\\/qreativ.se\\\/dk\\\/#website\"},\"primaryImageOfPage\":{\"@id\":\"https:\\\/\\\/qreativ.se\\\/dk\\\/produkt\\\/odin-skal-3-s-svart-gjutjarn\\\/#primaryimage\"},\"image\":{\"@id\":\"https:\\\/\\\/qreativ.se\\\/dk\\\/produkt\\\/odin-skal-3-s-svart-gjutjarn\\\/#primaryimage\"},\"thumbnailUrl\":\"https:\\\/\\\/qreativ.se\\\/wp-content\\\/uploads\\\/2024\\\/05\\\/794-691-00.png\",\"datePublished\":\"2024-07-18T15:20:22+00:00\",\"dateModified\":\"2026-02-13T09:31:06+00:00\",\"breadcrumb\":{\"@id\":\"https:\\\/\\\/qreativ.se\\\/dk\\\/produkt\\\/odin-skal-3-s-svart-gjutjarn\\\/#breadcrumb\"},\"inLanguage\":\"da-DK\",\"potentialAction\":[{\"@type\":\"ReadAction\",\"target\":[\"https:\\\/\\\/qreativ.se\\\/dk\\\/produkt\\\/odin-skal-3-s-svart-gjutjarn\\\/\"]}]},{\"@type\":\"ImageObject\",\"inLanguage\":\"da-DK\",\"@id\":\"https:\\\/\\\/qreativ.se\\\/dk\\\/produkt\\\/odin-skal-3-s-svart-gjutjarn\\\/#primaryimage\",\"url\":\"https:\\\/\\\/qreativ.se\\\/wp-content\\\/uploads\\\/2024\\\/05\\\/794-691-00.png\",\"contentUrl\":\"https:\\\/\\\/qreativ.se\\\/wp-content\\\/uploads\\\/2024\\\/05\\\/794-691-00.png\",\"width\":720,\"height\":720},{\"@type\":\"BreadcrumbList\",\"@id\":\"https:\\\/\\\/qreativ.se\\\/dk\\\/produkt\\\/odin-skal-3-s-svart-gjutjarn\\\/#breadcrumb\",\"itemListElement\":[{\"@type\":\"ListItem\",\"position\":1,\"name\":\"Home\",\"item\":\"https:\\\/\\\/qreativ.se\\\/dk\\\/hjem\\\/\"},{\"@type\":\"ListItem\",\"position\":2,\"name\":\"Webbshop\",\"item\":\"https:\\\/\\\/qreativ.se\\\/dk\\\/webbshop\\\/\"},{\"@type\":\"ListItem\",\"position\":3,\"name\":\"Sk\u00e5l Rustik 3-pack &#8211; Odin\"}]},{\"@type\":\"WebSite\",\"@id\":\"https:\\\/\\\/qreativ.se\\\/dk\\\/#website\",\"url\":\"https:\\\/\\\/qreativ.se\\\/dk\\\/\",\"name\":\"Qreativ\",\"description\":\"\",\"alternateName\":\"qreativ.se\",\"potentialAction\":[{\"@type\":\"SearchAction\",\"target\":{\"@type\":\"EntryPoint\",\"urlTemplate\":\"https:\\\/\\\/qreativ.se\\\/dk\\\/?s={search_term_string}\"},\"query-input\":{\"@type\":\"PropertyValueSpecification\",\"valueRequired\":true,\"valueName\":\"search_term_string\"}}],\"inLanguage\":\"da-DK\"}]}<\/script>\n<!-- \/ Yoast SEO plugin. -->","yoast_head_json":{"title":"Sk\u00e5l Rustik 3-pack - Odin - Qreativ","robots":{"index":"index","follow":"follow","max-snippet":"max-snippet:-1","max-image-preview":"max-image-preview:large","max-video-preview":"max-video-preview:-1"},"canonical":"https:\/\/qreativ.se\/dk\/produkt\/odin-skal-3-s-svart-gjutjarn\/","og_locale":"da_DK","og_type":"article","og_title":"Sk\u00e5l Rustik 3-pack - Odin - Qreativ","og_description":"Denna trio av sm\u00e5sk\u00e5lar \u00e4r mer \u00e4n bara praktiska serveringssk\u00e5lar \u2013 de \u00e4r konstverk som bidrar med en varm och inbjudande atmosf\u00e4r till ditt bord! Handgjorda med subtila variationer som ger varje sk\u00e5l en personlig och rustik touch. Perfekt f\u00f6r servering av sm\u00e5 snacks, s\u00e5ser, kryddor eller andra tilltugg. Material: j\u00e4rn","og_url":"https:\/\/qreativ.se\/dk\/produkt\/odin-skal-3-s-svart-gjutjarn\/","og_site_name":"Qreativ","article_modified_time":"2026-02-13T09:31:06+00:00","og_image":[{"width":720,"height":720,"url":"https:\/\/qreativ.se\/wp-content\/uploads\/2024\/05\/794-691-00.png","type":"image\/webp"}],"twitter_card":"summary_large_image","twitter_misc":{"Estimeret l\u00e6setid":"1 minut"},"schema":{"@context":"https:\/\/schema.org","@graph":[{"@type":"WebPage","@id":"https:\/\/qreativ.se\/dk\/produkt\/odin-skal-3-s-svart-gjutjarn\/","url":"https:\/\/qreativ.se\/dk\/produkt\/odin-skal-3-s-svart-gjutjarn\/","name":"Sk\u00e5l Rustik 3-pack - Odin - Qreativ","isPartOf":{"@id":"https:\/\/qreativ.se\/dk\/#website"},"primaryImageOfPage":{"@id":"https:\/\/qreativ.se\/dk\/produkt\/odin-skal-3-s-svart-gjutjarn\/#primaryimage"},"image":{"@id":"https:\/\/qreativ.se\/dk\/produkt\/odin-skal-3-s-svart-gjutjarn\/#primaryimage"},"thumbnailUrl":"https:\/\/qreativ.se\/wp-content\/uploads\/2024\/05\/794-691-00.png","datePublished":"2024-07-18T15:20:22+00:00","dateModified":"2026-02-13T09:31:06+00:00","breadcrumb":{"@id":"https:\/\/qreativ.se\/dk\/produkt\/odin-skal-3-s-svart-gjutjarn\/#breadcrumb"},"inLanguage":"da-DK","potentialAction":[{"@type":"ReadAction","target":["https:\/\/qreativ.se\/dk\/produkt\/odin-skal-3-s-svart-gjutjarn\/"]}]},{"@type":"ImageObject","inLanguage":"da-DK","@id":"https:\/\/qreativ.se\/dk\/produkt\/odin-skal-3-s-svart-gjutjarn\/#primaryimage","url":"https:\/\/qreativ.se\/wp-content\/uploads\/2024\/05\/794-691-00.png","contentUrl":"https:\/\/qreativ.se\/wp-content\/uploads\/2024\/05\/794-691-00.png","width":720,"height":720},{"@type":"BreadcrumbList","@id":"https:\/\/qreativ.se\/dk\/produkt\/odin-skal-3-s-svart-gjutjarn\/#breadcrumb","itemListElement":[{"@type":"ListItem","position":1,"name":"Home","item":"https:\/\/qreativ.se\/dk\/hjem\/"},{"@type":"ListItem","position":2,"name":"Webbshop","item":"https:\/\/qreativ.se\/dk\/webbshop\/"},{"@type":"ListItem","position":3,"name":"Sk\u00e5l Rustik 3-pack &#8211; Odin"}]},{"@type":"WebSite","@id":"https:\/\/qreativ.se\/dk\/#website","url":"https:\/\/qreativ.se\/dk\/","name":"Qreativ","description":"","alternateName":"qreativ.se","potentialAction":[{"@type":"SearchAction","target":{"@type":"EntryPoint","urlTemplate":"https:\/\/qreativ.se\/dk\/?s={search_term_string}"},"query-input":{"@type":"PropertyValueSpecification","valueRequired":true,"valueName":"search_term_string"}}],"inLanguage":"da-DK"}]}},"_links":{"self":[{"href":"https:\/\/qreativ.se\/dk\/wp-json\/wp\/v2\/product\/16756","targetHints":{"allow":["GET"]}}],"collection":[{"href":"https:\/\/qreativ.se\/dk\/wp-json\/wp\/v2\/product"}],"about":[{"href":"https:\/\/qreativ.se\/dk\/wp-json\/wp\/v2\/types\/product"}],"replies":[{"embeddable":true,"href":"https:\/\/qreativ.se\/dk\/wp-json\/wp\/v2\/comments?post=16756"}],"wp:featuredmedia":[{"embeddable":true,"href":"https:\/\/qreativ.se\/dk\/wp-json\/wp\/v2\/media\/16757"}],"wp:attachment":[{"href":"https:\/\/qreativ.se\/dk\/wp-json\/wp\/v2\/media?parent=16756"}],"wp:term":[{"taxonomy":"product_brand","embeddable":true,"href":"https:\/\/qreativ.se\/dk\/wp-json\/wp\/v2\/product_brand?post=16756"},{"taxonomy":"product_cat","embeddable":true,"href":"https:\/\/qreativ.se\/dk\/wp-json\/wp\/v2\/product_cat?post=16756"},{"taxonomy":"product_tag","embeddable":true,"href":"https:\/\/qreativ.se\/dk\/wp-json\/wp\/v2\/product_tag?post=16756"}],"curies":[{"name":"wp","href":"https:\/\/api.w.org\/{rel}","templated":true}]}}