{"id":16767,"date":"2024-07-18T15:20:22","date_gmt":"2024-07-18T15:20:22","guid":{"rendered":"https:\/\/qreativ.se\/produkt\/odin-gaffel-silver-svart\/"},"modified":"2026-02-13T09:31:07","modified_gmt":"2026-02-13T09:31:07","slug":"odin-gaffel-silver-svart","status":"publish","type":"product","link":"https:\/\/qreativ.se\/dk\/produkt\/odin-gaffel-silver-svart\/","title":{"rendered":"Gaffel Rustik 12-pack &#8211; Odin"},"content":{"rendered":"<h4 data-start=\"413\" data-end=\"456\"><strong>Odin \u2013 Handgjorda bestick med rustik k\u00e4nsla<\/strong><\/h4>\n<p data-start=\"457\" data-end=\"679\">Ge din dukning en personlig och exklusiv touch med bestickserien\u00a0<em data-start=\"522\" data-end=\"528\">Odin<\/em>. Varje del \u00e4r tillverkad f\u00f6r hand, vilket ger en unik form och yta. Den rustika ytan kombineras med stilren design \u2013 perfekt f\u00f6r b\u00e5de vardag och fest.<\/p>\n<h4 data-start=\"681\" data-end=\"727\"><strong>Unik design \u2013 varje del \u00e4r ett original<\/strong><\/h4>\n<p data-start=\"728\" data-end=\"861\">Eftersom besticken \u00e4r handgjorda f\u00e5r varje del sin egen karakt\u00e4r. Sm\u00e5 variationer i form och finish g\u00f6r serien levande och autentisk.<\/p>\n<h4><strong>Anv\u00e4ndning<\/strong><\/h4>\n<p data-start=\"898\" data-end=\"1043\">Besticken \u00e4r tillverkade i rostfritt st\u00e5l och \u00e4r matcertifierade.<\/p>\n<p data-start=\"898\" data-end=\"1043\">\u2022 Sk\u00f6lj omedelbart: Ta bort sura livsmedel s\u00e5 som citron, vin\u00e4ger, \u00e4gg, majonn\u00e4s, senap direkt f\u00f6r att f\u00f6rhindra korrosion.<\/p>\n<p data-start=\"898\" data-end=\"1043\">\u2022Handdiska i varmt vatten med diskmedel och en icke-slipande trasa.<\/p>\n<p data-start=\"898\" data-end=\"1043\">\u2022 Undvik bl\u00f6tl\u00e4ggning: Bl\u00f6tl\u00e4gg aldrig bestick under l\u00e4ngre tid.<\/p>\n<p data-start=\"898\" data-end=\"1043\">\u2022 Torkning: Torka omedelbart efter tv\u00e4tt med en mjuk, ren handduk. Ta bort fl\u00e4ckar: F\u00f6r att ta bort fl\u00e4ckar p\u00e5 handtaget, gnugga f\u00f6rsiktigt med fin st\u00e5lull. Reng\u00f6r och applicera matolja efter behov. Torka av \u00f6verfl\u00f6dig olja p\u00e5 handtaget med en mjuk trasa.<\/p>\n","protected":false},"excerpt":{"rendered":"<p>Handgjorda bestick med rustik yta \u2013 varje del i serien Odin \u00e4r unik<\/p>\n","protected":false},"featured_media":16768,"comment_status":"closed","ping_status":"closed","template":"","meta":{"_acf_changed":false,"inline_featured_image":false},"product_brand":[],"product_cat":[235,237],"product_tag":[286],"class_list":{"0":"post-16767","1":"product","2":"type-product","3":"status-publish","4":"has-post-thumbnail","6":"product_cat-indretningsprodukter-koekken","7":"product_cat-servering","8":"product_tag-easytoship","10":"first","11":"instock","12":"taxable","13":"shipping-taxable","14":"purchasable","15":"product-type-simple"},"acf":[],"yoast_head":"<!-- This site is optimized with the Yoast SEO plugin v27.6 - https:\/\/yoast.com\/product\/yoast-seo-wordpress\/ -->\n<title>Gaffel Rustik 12-pack - Odin - Qreativ<\/title>\n<meta name=\"robots\" content=\"index, follow, max-snippet:-1, max-image-preview:large, max-video-preview:-1\" \/>\n<link rel=\"canonical\" href=\"https:\/\/qreativ.se\/dk\/produkt\/odin-gaffel-silver-svart\/\" \/>\n<meta property=\"og:locale\" content=\"da_DK\" \/>\n<meta property=\"og:type\" content=\"article\" \/>\n<meta property=\"og:title\" content=\"Gaffel Rustik 12-pack - Odin - Qreativ\" \/>\n<meta property=\"og:description\" content=\"Handgjorda bestick med rustik yta \u2013 varje del i serien Odin \u00e4r unik\" \/>\n<meta property=\"og:url\" content=\"https:\/\/qreativ.se\/dk\/produkt\/odin-gaffel-silver-svart\/\" \/>\n<meta property=\"og:site_name\" content=\"Qreativ\" \/>\n<meta property=\"article:modified_time\" content=\"2026-02-13T09:31:07+00:00\" \/>\n<meta property=\"og:image\" content=\"https:\/\/qreativ.se\/wp-content\/uploads\/2024\/05\/794-953-00.png\" \/>\n\t<meta property=\"og:image:width\" content=\"720\" \/>\n\t<meta property=\"og:image:height\" content=\"720\" \/>\n\t<meta property=\"og:image:type\" content=\"image\/webp\" \/>\n<meta name=\"twitter:card\" content=\"summary_large_image\" \/>\n<meta name=\"twitter:label1\" content=\"Estimeret l\u00e6setid\" \/>\n\t<meta name=\"twitter:data1\" content=\"1 minut\" \/>\n<script type=\"application\/ld+json\" class=\"yoast-schema-graph\">{\"@context\":\"https:\\\/\\\/schema.org\",\"@graph\":[{\"@type\":\"WebPage\",\"@id\":\"https:\\\/\\\/qreativ.se\\\/dk\\\/produkt\\\/odin-gaffel-silver-svart\\\/\",\"url\":\"https:\\\/\\\/qreativ.se\\\/dk\\\/produkt\\\/odin-gaffel-silver-svart\\\/\",\"name\":\"Gaffel Rustik 12-pack - Odin - Qreativ\",\"isPartOf\":{\"@id\":\"https:\\\/\\\/qreativ.se\\\/dk\\\/#website\"},\"primaryImageOfPage\":{\"@id\":\"https:\\\/\\\/qreativ.se\\\/dk\\\/produkt\\\/odin-gaffel-silver-svart\\\/#primaryimage\"},\"image\":{\"@id\":\"https:\\\/\\\/qreativ.se\\\/dk\\\/produkt\\\/odin-gaffel-silver-svart\\\/#primaryimage\"},\"thumbnailUrl\":\"https:\\\/\\\/qreativ.se\\\/wp-content\\\/uploads\\\/2024\\\/05\\\/794-953-00.png\",\"datePublished\":\"2024-07-18T15:20:22+00:00\",\"dateModified\":\"2026-02-13T09:31:07+00:00\",\"breadcrumb\":{\"@id\":\"https:\\\/\\\/qreativ.se\\\/dk\\\/produkt\\\/odin-gaffel-silver-svart\\\/#breadcrumb\"},\"inLanguage\":\"da-DK\",\"potentialAction\":[{\"@type\":\"ReadAction\",\"target\":[\"https:\\\/\\\/qreativ.se\\\/dk\\\/produkt\\\/odin-gaffel-silver-svart\\\/\"]}]},{\"@type\":\"ImageObject\",\"inLanguage\":\"da-DK\",\"@id\":\"https:\\\/\\\/qreativ.se\\\/dk\\\/produkt\\\/odin-gaffel-silver-svart\\\/#primaryimage\",\"url\":\"https:\\\/\\\/qreativ.se\\\/wp-content\\\/uploads\\\/2024\\\/05\\\/794-953-00.png\",\"contentUrl\":\"https:\\\/\\\/qreativ.se\\\/wp-content\\\/uploads\\\/2024\\\/05\\\/794-953-00.png\",\"width\":720,\"height\":720},{\"@type\":\"BreadcrumbList\",\"@id\":\"https:\\\/\\\/qreativ.se\\\/dk\\\/produkt\\\/odin-gaffel-silver-svart\\\/#breadcrumb\",\"itemListElement\":[{\"@type\":\"ListItem\",\"position\":1,\"name\":\"Home\",\"item\":\"https:\\\/\\\/qreativ.se\\\/dk\\\/hjem\\\/\"},{\"@type\":\"ListItem\",\"position\":2,\"name\":\"Webbshop\",\"item\":\"https:\\\/\\\/qreativ.se\\\/dk\\\/webbshop\\\/\"},{\"@type\":\"ListItem\",\"position\":3,\"name\":\"Gaffel Rustik 12-pack &#8211; Odin\"}]},{\"@type\":\"WebSite\",\"@id\":\"https:\\\/\\\/qreativ.se\\\/dk\\\/#website\",\"url\":\"https:\\\/\\\/qreativ.se\\\/dk\\\/\",\"name\":\"Qreativ\",\"description\":\"\",\"alternateName\":\"qreativ.se\",\"potentialAction\":[{\"@type\":\"SearchAction\",\"target\":{\"@type\":\"EntryPoint\",\"urlTemplate\":\"https:\\\/\\\/qreativ.se\\\/dk\\\/?s={search_term_string}\"},\"query-input\":{\"@type\":\"PropertyValueSpecification\",\"valueRequired\":true,\"valueName\":\"search_term_string\"}}],\"inLanguage\":\"da-DK\"}]}<\/script>\n<!-- \/ Yoast SEO plugin. -->","yoast_head_json":{"title":"Gaffel Rustik 12-pack - Odin - Qreativ","robots":{"index":"index","follow":"follow","max-snippet":"max-snippet:-1","max-image-preview":"max-image-preview:large","max-video-preview":"max-video-preview:-1"},"canonical":"https:\/\/qreativ.se\/dk\/produkt\/odin-gaffel-silver-svart\/","og_locale":"da_DK","og_type":"article","og_title":"Gaffel Rustik 12-pack - Odin - Qreativ","og_description":"Handgjorda bestick med rustik yta \u2013 varje del i serien Odin \u00e4r unik","og_url":"https:\/\/qreativ.se\/dk\/produkt\/odin-gaffel-silver-svart\/","og_site_name":"Qreativ","article_modified_time":"2026-02-13T09:31:07+00:00","og_image":[{"width":720,"height":720,"url":"https:\/\/qreativ.se\/wp-content\/uploads\/2024\/05\/794-953-00.png","type":"image\/webp"}],"twitter_card":"summary_large_image","twitter_misc":{"Estimeret l\u00e6setid":"1 minut"},"schema":{"@context":"https:\/\/schema.org","@graph":[{"@type":"WebPage","@id":"https:\/\/qreativ.se\/dk\/produkt\/odin-gaffel-silver-svart\/","url":"https:\/\/qreativ.se\/dk\/produkt\/odin-gaffel-silver-svart\/","name":"Gaffel Rustik 12-pack - Odin - Qreativ","isPartOf":{"@id":"https:\/\/qreativ.se\/dk\/#website"},"primaryImageOfPage":{"@id":"https:\/\/qreativ.se\/dk\/produkt\/odin-gaffel-silver-svart\/#primaryimage"},"image":{"@id":"https:\/\/qreativ.se\/dk\/produkt\/odin-gaffel-silver-svart\/#primaryimage"},"thumbnailUrl":"https:\/\/qreativ.se\/wp-content\/uploads\/2024\/05\/794-953-00.png","datePublished":"2024-07-18T15:20:22+00:00","dateModified":"2026-02-13T09:31:07+00:00","breadcrumb":{"@id":"https:\/\/qreativ.se\/dk\/produkt\/odin-gaffel-silver-svart\/#breadcrumb"},"inLanguage":"da-DK","potentialAction":[{"@type":"ReadAction","target":["https:\/\/qreativ.se\/dk\/produkt\/odin-gaffel-silver-svart\/"]}]},{"@type":"ImageObject","inLanguage":"da-DK","@id":"https:\/\/qreativ.se\/dk\/produkt\/odin-gaffel-silver-svart\/#primaryimage","url":"https:\/\/qreativ.se\/wp-content\/uploads\/2024\/05\/794-953-00.png","contentUrl":"https:\/\/qreativ.se\/wp-content\/uploads\/2024\/05\/794-953-00.png","width":720,"height":720},{"@type":"BreadcrumbList","@id":"https:\/\/qreativ.se\/dk\/produkt\/odin-gaffel-silver-svart\/#breadcrumb","itemListElement":[{"@type":"ListItem","position":1,"name":"Home","item":"https:\/\/qreativ.se\/dk\/hjem\/"},{"@type":"ListItem","position":2,"name":"Webbshop","item":"https:\/\/qreativ.se\/dk\/webbshop\/"},{"@type":"ListItem","position":3,"name":"Gaffel Rustik 12-pack &#8211; Odin"}]},{"@type":"WebSite","@id":"https:\/\/qreativ.se\/dk\/#website","url":"https:\/\/qreativ.se\/dk\/","name":"Qreativ","description":"","alternateName":"qreativ.se","potentialAction":[{"@type":"SearchAction","target":{"@type":"EntryPoint","urlTemplate":"https:\/\/qreativ.se\/dk\/?s={search_term_string}"},"query-input":{"@type":"PropertyValueSpecification","valueRequired":true,"valueName":"search_term_string"}}],"inLanguage":"da-DK"}]}},"_links":{"self":[{"href":"https:\/\/qreativ.se\/dk\/wp-json\/wp\/v2\/product\/16767","targetHints":{"allow":["GET"]}}],"collection":[{"href":"https:\/\/qreativ.se\/dk\/wp-json\/wp\/v2\/product"}],"about":[{"href":"https:\/\/qreativ.se\/dk\/wp-json\/wp\/v2\/types\/product"}],"replies":[{"embeddable":true,"href":"https:\/\/qreativ.se\/dk\/wp-json\/wp\/v2\/comments?post=16767"}],"wp:featuredmedia":[{"embeddable":true,"href":"https:\/\/qreativ.se\/dk\/wp-json\/wp\/v2\/media\/16768"}],"wp:attachment":[{"href":"https:\/\/qreativ.se\/dk\/wp-json\/wp\/v2\/media?parent=16767"}],"wp:term":[{"taxonomy":"product_brand","embeddable":true,"href":"https:\/\/qreativ.se\/dk\/wp-json\/wp\/v2\/product_brand?post=16767"},{"taxonomy":"product_cat","embeddable":true,"href":"https:\/\/qreativ.se\/dk\/wp-json\/wp\/v2\/product_cat?post=16767"},{"taxonomy":"product_tag","embeddable":true,"href":"https:\/\/qreativ.se\/dk\/wp-json\/wp\/v2\/product_tag?post=16767"}],"curies":[{"name":"wp","href":"https:\/\/api.w.org\/{rel}","templated":true}]}}