{"id":16854,"date":"2024-07-18T15:18:09","date_gmt":"2024-07-18T15:18:09","guid":{"rendered":"https:\/\/qreativ.se\/produkt\/cino-kruka-brun\/"},"modified":"2026-02-13T09:31:45","modified_gmt":"2026-02-13T09:31:45","slug":"cino-kruka-brun","status":"publish","type":"product","link":"https:\/\/qreativ.se\/dk\/produkt\/cino-kruka-brun\/","title":{"rendered":"Kruka Terrakotta med handtag &#8211; Cino"},"content":{"rendered":"<p>Uppt\u00e4ck v\u00e5r terrakottakruka med rugglig yta, perfekt f\u00f6r att skapa en naturn\u00e4ra och rustik k\u00e4nsla i ditt hem. Tillverkad av \u00e4kta terrakotta, denna kruka andas organsik sk\u00f6nhet och har en unik struktur som ger en varm och jordn\u00e4ra atmosf\u00e4r. Den h\u00e5llbara terrakottan reglerar fukt och temperatur f\u00f6r dina v\u00e4xter, vilket g\u00f6r den till ett praktiskt och stilrent val. Oavsett om du placerar den inomhus eller utomhus, blir denna kruka en tidl\u00f6s inredningsdetalj med ett trivsamt, rustikt uttryck.<\/p>\n","protected":false},"excerpt":{"rendered":"<p>Uppt\u00e4ck v\u00e5r terrakottakruka med rugglig yta, perfekt f\u00f6r att skapa en naturn\u00e4ra och rustik k\u00e4nsla i ditt hem. Tillverkad av \u00e4kta terrakotta, denna kruka andas organsik sk\u00f6nhet och har en unik struktur som ger en varm och jordn\u00e4ra atmosf\u00e4r. Den h\u00e5llbara terrakottan reglerar fukt och temperatur f\u00f6r dina v\u00e4xter, vilket g\u00f6r den till ett praktiskt [&hellip;]<\/p>\n","protected":false},"featured_media":16855,"comment_status":"closed","ping_status":"closed","template":"","meta":{"_acf_changed":false,"inline_featured_image":false},"product_brand":[],"product_cat":[223,224],"product_tag":[286],"class_list":{"0":"post-16854","1":"product","2":"type-product","3":"status-publish","4":"has-post-thumbnail","6":"product_cat-indretning-dekorationer","7":"product_cat-krukker-urner","8":"product_tag-easytoship","10":"first","11":"instock","12":"taxable","13":"shipping-taxable","14":"purchasable","15":"product-type-simple"},"acf":[],"yoast_head":"<!-- This site is optimized with the Yoast SEO plugin v27.6 - https:\/\/yoast.com\/product\/yoast-seo-wordpress\/ -->\n<title>Kruka Terrakotta med handtag - Cino - Qreativ<\/title>\n<meta name=\"robots\" content=\"index, follow, max-snippet:-1, max-image-preview:large, max-video-preview:-1\" \/>\n<link rel=\"canonical\" href=\"https:\/\/qreativ.se\/dk\/produkt\/cino-kruka-brun\/\" \/>\n<meta property=\"og:locale\" content=\"da_DK\" \/>\n<meta property=\"og:type\" content=\"article\" \/>\n<meta property=\"og:title\" content=\"Kruka Terrakotta med handtag - Cino - Qreativ\" \/>\n<meta property=\"og:description\" content=\"Uppt\u00e4ck v\u00e5r terrakottakruka med rugglig yta, perfekt f\u00f6r att skapa en naturn\u00e4ra och rustik k\u00e4nsla i ditt hem. Tillverkad av \u00e4kta terrakotta, denna kruka andas organsik sk\u00f6nhet och har en unik struktur som ger en varm och jordn\u00e4ra atmosf\u00e4r. Den h\u00e5llbara terrakottan reglerar fukt och temperatur f\u00f6r dina v\u00e4xter, vilket g\u00f6r den till ett praktiskt [&hellip;]\" \/>\n<meta property=\"og:url\" content=\"https:\/\/qreativ.se\/dk\/produkt\/cino-kruka-brun\/\" \/>\n<meta property=\"og:site_name\" content=\"Qreativ\" \/>\n<meta property=\"article:modified_time\" content=\"2026-02-13T09:31:45+00:00\" \/>\n<meta property=\"og:image\" content=\"https:\/\/qreativ.se\/wp-content\/uploads\/2024\/05\/083-649-00.png\" \/>\n\t<meta property=\"og:image:width\" content=\"720\" \/>\n\t<meta property=\"og:image:height\" content=\"720\" \/>\n\t<meta property=\"og:image:type\" content=\"image\/webp\" \/>\n<meta name=\"twitter:card\" content=\"summary_large_image\" \/>\n<meta name=\"twitter:label1\" content=\"Estimeret l\u00e6setid\" \/>\n\t<meta name=\"twitter:data1\" content=\"1 minut\" \/>\n<script type=\"application\/ld+json\" class=\"yoast-schema-graph\">{\"@context\":\"https:\\\/\\\/schema.org\",\"@graph\":[{\"@type\":\"WebPage\",\"@id\":\"https:\\\/\\\/qreativ.se\\\/dk\\\/produkt\\\/cino-kruka-brun\\\/\",\"url\":\"https:\\\/\\\/qreativ.se\\\/dk\\\/produkt\\\/cino-kruka-brun\\\/\",\"name\":\"Kruka Terrakotta med handtag - Cino - Qreativ\",\"isPartOf\":{\"@id\":\"https:\\\/\\\/qreativ.se\\\/dk\\\/#website\"},\"primaryImageOfPage\":{\"@id\":\"https:\\\/\\\/qreativ.se\\\/dk\\\/produkt\\\/cino-kruka-brun\\\/#primaryimage\"},\"image\":{\"@id\":\"https:\\\/\\\/qreativ.se\\\/dk\\\/produkt\\\/cino-kruka-brun\\\/#primaryimage\"},\"thumbnailUrl\":\"https:\\\/\\\/qreativ.se\\\/wp-content\\\/uploads\\\/2024\\\/05\\\/083-649-00.png\",\"datePublished\":\"2024-07-18T15:18:09+00:00\",\"dateModified\":\"2026-02-13T09:31:45+00:00\",\"breadcrumb\":{\"@id\":\"https:\\\/\\\/qreativ.se\\\/dk\\\/produkt\\\/cino-kruka-brun\\\/#breadcrumb\"},\"inLanguage\":\"da-DK\",\"potentialAction\":[{\"@type\":\"ReadAction\",\"target\":[\"https:\\\/\\\/qreativ.se\\\/dk\\\/produkt\\\/cino-kruka-brun\\\/\"]}]},{\"@type\":\"ImageObject\",\"inLanguage\":\"da-DK\",\"@id\":\"https:\\\/\\\/qreativ.se\\\/dk\\\/produkt\\\/cino-kruka-brun\\\/#primaryimage\",\"url\":\"https:\\\/\\\/qreativ.se\\\/wp-content\\\/uploads\\\/2024\\\/05\\\/083-649-00.png\",\"contentUrl\":\"https:\\\/\\\/qreativ.se\\\/wp-content\\\/uploads\\\/2024\\\/05\\\/083-649-00.png\",\"width\":720,\"height\":720},{\"@type\":\"BreadcrumbList\",\"@id\":\"https:\\\/\\\/qreativ.se\\\/dk\\\/produkt\\\/cino-kruka-brun\\\/#breadcrumb\",\"itemListElement\":[{\"@type\":\"ListItem\",\"position\":1,\"name\":\"Home\",\"item\":\"https:\\\/\\\/qreativ.se\\\/dk\\\/hjem\\\/\"},{\"@type\":\"ListItem\",\"position\":2,\"name\":\"Webbshop\",\"item\":\"https:\\\/\\\/qreativ.se\\\/dk\\\/webbshop\\\/\"},{\"@type\":\"ListItem\",\"position\":3,\"name\":\"Kruka Terrakotta med handtag &#8211; Cino\"}]},{\"@type\":\"WebSite\",\"@id\":\"https:\\\/\\\/qreativ.se\\\/dk\\\/#website\",\"url\":\"https:\\\/\\\/qreativ.se\\\/dk\\\/\",\"name\":\"Qreativ\",\"description\":\"\",\"alternateName\":\"qreativ.se\",\"potentialAction\":[{\"@type\":\"SearchAction\",\"target\":{\"@type\":\"EntryPoint\",\"urlTemplate\":\"https:\\\/\\\/qreativ.se\\\/dk\\\/?s={search_term_string}\"},\"query-input\":{\"@type\":\"PropertyValueSpecification\",\"valueRequired\":true,\"valueName\":\"search_term_string\"}}],\"inLanguage\":\"da-DK\"}]}<\/script>\n<!-- \/ Yoast SEO plugin. -->","yoast_head_json":{"title":"Kruka Terrakotta med handtag - Cino - Qreativ","robots":{"index":"index","follow":"follow","max-snippet":"max-snippet:-1","max-image-preview":"max-image-preview:large","max-video-preview":"max-video-preview:-1"},"canonical":"https:\/\/qreativ.se\/dk\/produkt\/cino-kruka-brun\/","og_locale":"da_DK","og_type":"article","og_title":"Kruka Terrakotta med handtag - Cino - Qreativ","og_description":"Uppt\u00e4ck v\u00e5r terrakottakruka med rugglig yta, perfekt f\u00f6r att skapa en naturn\u00e4ra och rustik k\u00e4nsla i ditt hem. Tillverkad av \u00e4kta terrakotta, denna kruka andas organsik sk\u00f6nhet och har en unik struktur som ger en varm och jordn\u00e4ra atmosf\u00e4r. Den h\u00e5llbara terrakottan reglerar fukt och temperatur f\u00f6r dina v\u00e4xter, vilket g\u00f6r den till ett praktiskt [&hellip;]","og_url":"https:\/\/qreativ.se\/dk\/produkt\/cino-kruka-brun\/","og_site_name":"Qreativ","article_modified_time":"2026-02-13T09:31:45+00:00","og_image":[{"width":720,"height":720,"url":"https:\/\/qreativ.se\/wp-content\/uploads\/2024\/05\/083-649-00.png","type":"image\/webp"}],"twitter_card":"summary_large_image","twitter_misc":{"Estimeret l\u00e6setid":"1 minut"},"schema":{"@context":"https:\/\/schema.org","@graph":[{"@type":"WebPage","@id":"https:\/\/qreativ.se\/dk\/produkt\/cino-kruka-brun\/","url":"https:\/\/qreativ.se\/dk\/produkt\/cino-kruka-brun\/","name":"Kruka Terrakotta med handtag - Cino - Qreativ","isPartOf":{"@id":"https:\/\/qreativ.se\/dk\/#website"},"primaryImageOfPage":{"@id":"https:\/\/qreativ.se\/dk\/produkt\/cino-kruka-brun\/#primaryimage"},"image":{"@id":"https:\/\/qreativ.se\/dk\/produkt\/cino-kruka-brun\/#primaryimage"},"thumbnailUrl":"https:\/\/qreativ.se\/wp-content\/uploads\/2024\/05\/083-649-00.png","datePublished":"2024-07-18T15:18:09+00:00","dateModified":"2026-02-13T09:31:45+00:00","breadcrumb":{"@id":"https:\/\/qreativ.se\/dk\/produkt\/cino-kruka-brun\/#breadcrumb"},"inLanguage":"da-DK","potentialAction":[{"@type":"ReadAction","target":["https:\/\/qreativ.se\/dk\/produkt\/cino-kruka-brun\/"]}]},{"@type":"ImageObject","inLanguage":"da-DK","@id":"https:\/\/qreativ.se\/dk\/produkt\/cino-kruka-brun\/#primaryimage","url":"https:\/\/qreativ.se\/wp-content\/uploads\/2024\/05\/083-649-00.png","contentUrl":"https:\/\/qreativ.se\/wp-content\/uploads\/2024\/05\/083-649-00.png","width":720,"height":720},{"@type":"BreadcrumbList","@id":"https:\/\/qreativ.se\/dk\/produkt\/cino-kruka-brun\/#breadcrumb","itemListElement":[{"@type":"ListItem","position":1,"name":"Home","item":"https:\/\/qreativ.se\/dk\/hjem\/"},{"@type":"ListItem","position":2,"name":"Webbshop","item":"https:\/\/qreativ.se\/dk\/webbshop\/"},{"@type":"ListItem","position":3,"name":"Kruka Terrakotta med handtag &#8211; Cino"}]},{"@type":"WebSite","@id":"https:\/\/qreativ.se\/dk\/#website","url":"https:\/\/qreativ.se\/dk\/","name":"Qreativ","description":"","alternateName":"qreativ.se","potentialAction":[{"@type":"SearchAction","target":{"@type":"EntryPoint","urlTemplate":"https:\/\/qreativ.se\/dk\/?s={search_term_string}"},"query-input":{"@type":"PropertyValueSpecification","valueRequired":true,"valueName":"search_term_string"}}],"inLanguage":"da-DK"}]}},"_links":{"self":[{"href":"https:\/\/qreativ.se\/dk\/wp-json\/wp\/v2\/product\/16854","targetHints":{"allow":["GET"]}}],"collection":[{"href":"https:\/\/qreativ.se\/dk\/wp-json\/wp\/v2\/product"}],"about":[{"href":"https:\/\/qreativ.se\/dk\/wp-json\/wp\/v2\/types\/product"}],"replies":[{"embeddable":true,"href":"https:\/\/qreativ.se\/dk\/wp-json\/wp\/v2\/comments?post=16854"}],"wp:featuredmedia":[{"embeddable":true,"href":"https:\/\/qreativ.se\/dk\/wp-json\/wp\/v2\/media\/16855"}],"wp:attachment":[{"href":"https:\/\/qreativ.se\/dk\/wp-json\/wp\/v2\/media?parent=16854"}],"wp:term":[{"taxonomy":"product_brand","embeddable":true,"href":"https:\/\/qreativ.se\/dk\/wp-json\/wp\/v2\/product_brand?post=16854"},{"taxonomy":"product_cat","embeddable":true,"href":"https:\/\/qreativ.se\/dk\/wp-json\/wp\/v2\/product_cat?post=16854"},{"taxonomy":"product_tag","embeddable":true,"href":"https:\/\/qreativ.se\/dk\/wp-json\/wp\/v2\/product_tag?post=16854"}],"curies":[{"name":"wp","href":"https:\/\/api.w.org\/{rel}","templated":true}]}}