{"id":16884,"date":"2024-07-18T15:17:57","date_gmt":"2024-07-18T15:17:57","guid":{"rendered":"https:\/\/qreativ.se\/produkt\/portland-spegel-svart\/"},"modified":"2026-02-13T09:31:41","modified_gmt":"2026-02-13T09:31:41","slug":"portland-spegel-svart","status":"publish","type":"product","link":"https:\/\/qreativ.se\/dk\/produkt\/portland-spegel-svart\/","title":{"rendered":"Portland Spegel Svart"},"content":{"rendered":"<h4><strong>Portland spegel \u2013 organisk design i naturligt mangotr\u00e4<\/strong><\/h4>\n<p data-start=\"178\" data-end=\"445\">Skapa en mjuk och harmonisk k\u00e4nsla i ditt hem med\u00a0<strong data-start=\"228\" data-end=\"248\">Portland spegeln<\/strong>, en stilfull spegel med\u00a0<strong data-start=\"273\" data-end=\"320\">organisk form och en ram i massivt mangotr\u00e4<\/strong>. Den unika designen ger ett naturligt och levande uttryck som passar lika bra i\u00a0<strong data-start=\"401\" data-end=\"442\">vardagsrummet, hallen eller sovrummet<\/strong>.<\/p>\n<p data-start=\"447\" data-end=\"683\">Spegeln finns i\u00a0<strong data-start=\"463\" data-end=\"493\">flera storlekar och former<\/strong>, vilket g\u00f6r det enkelt att hitta den perfekta modellen f\u00f6r ditt hem. V\u00e4lj mellan en\u00a0<strong data-start=\"578\" data-end=\"600\">naturlig tr\u00e4finish<\/strong>\u00a0f\u00f6r en varm och rustik k\u00e4nsla eller en\u00a0<strong data-start=\"640\" data-end=\"657\">svart variant<\/strong>\u00a0f\u00f6r en mer modern look.<\/p>\n<h4 data-start=\"685\" data-end=\"707\"><strong data-start=\"690\" data-end=\"705\">Egenskaper:<\/strong><\/h4>\n<ul data-start=\"708\" data-end=\"1045\">\n<li data-start=\"708\" data-end=\"769\"><strong data-start=\"710\" data-end=\"727\">Organisk form<\/strong>\u00a0\u2013 ger ett mjukt och harmoniskt intryck.<\/li>\n<li data-start=\"770\" data-end=\"835\"><strong data-start=\"772\" data-end=\"798\">Ram i massivt mangotr\u00e4<\/strong>\u00a0\u2013 naturligt och h\u00e5llbart material.<\/li>\n<li data-start=\"836\" data-end=\"908\"><strong data-start=\"838\" data-end=\"876\">Finns i flera storlekar och former<\/strong>\u00a0\u2013 anpassa efter ditt utrymme.<\/li>\n<li data-start=\"909\" data-end=\"968\"><strong data-start=\"911\" data-end=\"925\">Tv\u00e5 f\u00e4rger<\/strong>\u00a0\u2013 v\u00e4lj mellan naturligt tr\u00e4 eller svart.<\/li>\n<li data-start=\"969\" data-end=\"1045\"><strong data-start=\"971\" data-end=\"990\">Passar alla rum<\/strong>\u00a0\u2013 perfekt f\u00f6r hallen, vardagsrummet eller sovrummet.<\/li>\n<\/ul>\n","protected":false},"excerpt":{"rendered":"<p>L\u00e5t\u00a0<strong data-start=\"1051\" data-end=\"1071\">Portland spegeln<\/strong>\u00a0bli en stilfull inredningsdetalj som b\u00e5de reflekterar ljuset och f\u00f6rst\u00e4rker rummets naturliga sk\u00f6nhet!<\/p>\n","protected":false},"featured_media":16885,"comment_status":"closed","ping_status":"closed","template":"","meta":{"_acf_changed":false,"inline_featured_image":false},"product_brand":[],"product_cat":[223,227],"product_tag":[286],"class_list":{"0":"post-16884","1":"product","2":"type-product","3":"status-publish","4":"has-post-thumbnail","6":"product_cat-indretning-dekorationer","7":"product_cat-vaeggdekorationer-spejle","8":"product_tag-easytoship","10":"first","11":"instock","12":"taxable","13":"shipping-taxable","14":"purchasable","15":"product-type-simple"},"acf":[],"yoast_head":"<!-- This site is optimized with the Yoast SEO plugin v27.5 - https:\/\/yoast.com\/product\/yoast-seo-wordpress\/ -->\n<title>Portland Spegel Svart - Qreativ<\/title>\n<meta name=\"robots\" content=\"index, follow, max-snippet:-1, max-image-preview:large, max-video-preview:-1\" \/>\n<link rel=\"canonical\" href=\"https:\/\/qreativ.se\/dk\/produkt\/portland-spegel-svart\/\" \/>\n<meta property=\"og:locale\" content=\"da_DK\" \/>\n<meta property=\"og:type\" content=\"article\" \/>\n<meta property=\"og:title\" content=\"Portland Spegel Svart - Qreativ\" \/>\n<meta property=\"og:description\" content=\"L\u00e5t\u00a0Portland spegeln\u00a0bli en stilfull inredningsdetalj som b\u00e5de reflekterar ljuset och f\u00f6rst\u00e4rker rummets naturliga sk\u00f6nhet!\" \/>\n<meta property=\"og:url\" content=\"https:\/\/qreativ.se\/dk\/produkt\/portland-spegel-svart\/\" \/>\n<meta property=\"og:site_name\" content=\"Qreativ\" \/>\n<meta property=\"article:modified_time\" content=\"2026-02-13T09:31:41+00:00\" \/>\n<meta property=\"og:image\" content=\"https:\/\/qreativ.se\/wp-content\/uploads\/2024\/05\/089-237-01.png\" \/>\n\t<meta property=\"og:image:width\" content=\"720\" \/>\n\t<meta property=\"og:image:height\" content=\"720\" \/>\n\t<meta property=\"og:image:type\" content=\"image\/webp\" \/>\n<meta name=\"twitter:card\" content=\"summary_large_image\" \/>\n<meta name=\"twitter:label1\" content=\"Estimeret l\u00e6setid\" \/>\n\t<meta name=\"twitter:data1\" content=\"1 minut\" \/>\n<script type=\"application\/ld+json\" class=\"yoast-schema-graph\">{\"@context\":\"https:\\\/\\\/schema.org\",\"@graph\":[{\"@type\":\"WebPage\",\"@id\":\"https:\\\/\\\/qreativ.se\\\/dk\\\/produkt\\\/portland-spegel-svart\\\/\",\"url\":\"https:\\\/\\\/qreativ.se\\\/dk\\\/produkt\\\/portland-spegel-svart\\\/\",\"name\":\"Portland Spegel Svart - Qreativ\",\"isPartOf\":{\"@id\":\"https:\\\/\\\/qreativ.se\\\/dk\\\/#website\"},\"primaryImageOfPage\":{\"@id\":\"https:\\\/\\\/qreativ.se\\\/dk\\\/produkt\\\/portland-spegel-svart\\\/#primaryimage\"},\"image\":{\"@id\":\"https:\\\/\\\/qreativ.se\\\/dk\\\/produkt\\\/portland-spegel-svart\\\/#primaryimage\"},\"thumbnailUrl\":\"https:\\\/\\\/qreativ.se\\\/wp-content\\\/uploads\\\/2024\\\/05\\\/089-237-01.png\",\"datePublished\":\"2024-07-18T15:17:57+00:00\",\"dateModified\":\"2026-02-13T09:31:41+00:00\",\"breadcrumb\":{\"@id\":\"https:\\\/\\\/qreativ.se\\\/dk\\\/produkt\\\/portland-spegel-svart\\\/#breadcrumb\"},\"inLanguage\":\"da-DK\",\"potentialAction\":[{\"@type\":\"ReadAction\",\"target\":[\"https:\\\/\\\/qreativ.se\\\/dk\\\/produkt\\\/portland-spegel-svart\\\/\"]}]},{\"@type\":\"ImageObject\",\"inLanguage\":\"da-DK\",\"@id\":\"https:\\\/\\\/qreativ.se\\\/dk\\\/produkt\\\/portland-spegel-svart\\\/#primaryimage\",\"url\":\"https:\\\/\\\/qreativ.se\\\/wp-content\\\/uploads\\\/2024\\\/05\\\/089-237-01.png\",\"contentUrl\":\"https:\\\/\\\/qreativ.se\\\/wp-content\\\/uploads\\\/2024\\\/05\\\/089-237-01.png\",\"width\":720,\"height\":720},{\"@type\":\"BreadcrumbList\",\"@id\":\"https:\\\/\\\/qreativ.se\\\/dk\\\/produkt\\\/portland-spegel-svart\\\/#breadcrumb\",\"itemListElement\":[{\"@type\":\"ListItem\",\"position\":1,\"name\":\"Home\",\"item\":\"https:\\\/\\\/qreativ.se\\\/dk\\\/hjem\\\/\"},{\"@type\":\"ListItem\",\"position\":2,\"name\":\"Webbshop\",\"item\":\"https:\\\/\\\/qreativ.se\\\/dk\\\/webbshop\\\/\"},{\"@type\":\"ListItem\",\"position\":3,\"name\":\"Portland Spegel Svart\"}]},{\"@type\":\"WebSite\",\"@id\":\"https:\\\/\\\/qreativ.se\\\/dk\\\/#website\",\"url\":\"https:\\\/\\\/qreativ.se\\\/dk\\\/\",\"name\":\"Qreativ\",\"description\":\"\",\"alternateName\":\"qreativ.se\",\"potentialAction\":[{\"@type\":\"SearchAction\",\"target\":{\"@type\":\"EntryPoint\",\"urlTemplate\":\"https:\\\/\\\/qreativ.se\\\/dk\\\/?s={search_term_string}\"},\"query-input\":{\"@type\":\"PropertyValueSpecification\",\"valueRequired\":true,\"valueName\":\"search_term_string\"}}],\"inLanguage\":\"da-DK\"}]}<\/script>\n<!-- \/ Yoast SEO plugin. -->","yoast_head_json":{"title":"Portland Spegel Svart - Qreativ","robots":{"index":"index","follow":"follow","max-snippet":"max-snippet:-1","max-image-preview":"max-image-preview:large","max-video-preview":"max-video-preview:-1"},"canonical":"https:\/\/qreativ.se\/dk\/produkt\/portland-spegel-svart\/","og_locale":"da_DK","og_type":"article","og_title":"Portland Spegel Svart - Qreativ","og_description":"L\u00e5t\u00a0Portland spegeln\u00a0bli en stilfull inredningsdetalj som b\u00e5de reflekterar ljuset och f\u00f6rst\u00e4rker rummets naturliga sk\u00f6nhet!","og_url":"https:\/\/qreativ.se\/dk\/produkt\/portland-spegel-svart\/","og_site_name":"Qreativ","article_modified_time":"2026-02-13T09:31:41+00:00","og_image":[{"width":720,"height":720,"url":"https:\/\/qreativ.se\/wp-content\/uploads\/2024\/05\/089-237-01.png","type":"image\/webp"}],"twitter_card":"summary_large_image","twitter_misc":{"Estimeret l\u00e6setid":"1 minut"},"schema":{"@context":"https:\/\/schema.org","@graph":[{"@type":"WebPage","@id":"https:\/\/qreativ.se\/dk\/produkt\/portland-spegel-svart\/","url":"https:\/\/qreativ.se\/dk\/produkt\/portland-spegel-svart\/","name":"Portland Spegel Svart - Qreativ","isPartOf":{"@id":"https:\/\/qreativ.se\/dk\/#website"},"primaryImageOfPage":{"@id":"https:\/\/qreativ.se\/dk\/produkt\/portland-spegel-svart\/#primaryimage"},"image":{"@id":"https:\/\/qreativ.se\/dk\/produkt\/portland-spegel-svart\/#primaryimage"},"thumbnailUrl":"https:\/\/qreativ.se\/wp-content\/uploads\/2024\/05\/089-237-01.png","datePublished":"2024-07-18T15:17:57+00:00","dateModified":"2026-02-13T09:31:41+00:00","breadcrumb":{"@id":"https:\/\/qreativ.se\/dk\/produkt\/portland-spegel-svart\/#breadcrumb"},"inLanguage":"da-DK","potentialAction":[{"@type":"ReadAction","target":["https:\/\/qreativ.se\/dk\/produkt\/portland-spegel-svart\/"]}]},{"@type":"ImageObject","inLanguage":"da-DK","@id":"https:\/\/qreativ.se\/dk\/produkt\/portland-spegel-svart\/#primaryimage","url":"https:\/\/qreativ.se\/wp-content\/uploads\/2024\/05\/089-237-01.png","contentUrl":"https:\/\/qreativ.se\/wp-content\/uploads\/2024\/05\/089-237-01.png","width":720,"height":720},{"@type":"BreadcrumbList","@id":"https:\/\/qreativ.se\/dk\/produkt\/portland-spegel-svart\/#breadcrumb","itemListElement":[{"@type":"ListItem","position":1,"name":"Home","item":"https:\/\/qreativ.se\/dk\/hjem\/"},{"@type":"ListItem","position":2,"name":"Webbshop","item":"https:\/\/qreativ.se\/dk\/webbshop\/"},{"@type":"ListItem","position":3,"name":"Portland Spegel Svart"}]},{"@type":"WebSite","@id":"https:\/\/qreativ.se\/dk\/#website","url":"https:\/\/qreativ.se\/dk\/","name":"Qreativ","description":"","alternateName":"qreativ.se","potentialAction":[{"@type":"SearchAction","target":{"@type":"EntryPoint","urlTemplate":"https:\/\/qreativ.se\/dk\/?s={search_term_string}"},"query-input":{"@type":"PropertyValueSpecification","valueRequired":true,"valueName":"search_term_string"}}],"inLanguage":"da-DK"}]}},"_links":{"self":[{"href":"https:\/\/qreativ.se\/dk\/wp-json\/wp\/v2\/product\/16884","targetHints":{"allow":["GET"]}}],"collection":[{"href":"https:\/\/qreativ.se\/dk\/wp-json\/wp\/v2\/product"}],"about":[{"href":"https:\/\/qreativ.se\/dk\/wp-json\/wp\/v2\/types\/product"}],"replies":[{"embeddable":true,"href":"https:\/\/qreativ.se\/dk\/wp-json\/wp\/v2\/comments?post=16884"}],"wp:featuredmedia":[{"embeddable":true,"href":"https:\/\/qreativ.se\/dk\/wp-json\/wp\/v2\/media\/16885"}],"wp:attachment":[{"href":"https:\/\/qreativ.se\/dk\/wp-json\/wp\/v2\/media?parent=16884"}],"wp:term":[{"taxonomy":"product_brand","embeddable":true,"href":"https:\/\/qreativ.se\/dk\/wp-json\/wp\/v2\/product_brand?post=16884"},{"taxonomy":"product_cat","embeddable":true,"href":"https:\/\/qreativ.se\/dk\/wp-json\/wp\/v2\/product_cat?post=16884"},{"taxonomy":"product_tag","embeddable":true,"href":"https:\/\/qreativ.se\/dk\/wp-json\/wp\/v2\/product_tag?post=16884"}],"curies":[{"name":"wp","href":"https:\/\/api.w.org\/{rel}","templated":true}]}}