{"id":16938,"date":"2024-07-18T15:17:28","date_gmt":"2024-07-18T15:17:28","guid":{"rendered":"https:\/\/qreativ.se\/produkt\/tavla-falt-mix\/"},"modified":"2026-02-13T09:31:31","modified_gmt":"2026-02-13T09:31:31","slug":"tavla-falt-mix","status":"publish","type":"product","link":"https:\/\/qreativ.se\/dk\/produkt\/tavla-falt-mix\/","title":{"rendered":"Tavla f\u00e4lt 2-pack"},"content":{"rendered":"<p>Skapa en lugn och harmonisk atmosf\u00e4r i ditt hem med dessa dekorativa tavlor med jordn\u00e4ra motiv. Tavlorna har en rustik tr\u00e4ram och en canvas med ett vackert, tidl\u00f6st tryck av tr\u00e4d, vilket tillf\u00f6r en naturlig och varm k\u00e4nsla i ditt hem.<\/p>\n<p>Material: canvas, tr\u00e4<\/p>\n","protected":false},"excerpt":{"rendered":"<p>Skapa en lugn och harmonisk atmosf\u00e4r i ditt hem med dessa dekorativa tavlor med jordn\u00e4ra motiv. Tavlorna har en rustik tr\u00e4ram och en canvas med ett vackert, tidl\u00f6st tryck av tr\u00e4d, vilket tillf\u00f6r en naturlig och varm k\u00e4nsla i ditt hem. Material: canvas, tr\u00e4<\/p>\n","protected":false},"featured_media":16940,"comment_status":"closed","ping_status":"closed","template":"","meta":{"_acf_changed":false,"inline_featured_image":false},"product_brand":[],"product_cat":[223,227],"product_tag":[],"class_list":{"0":"post-16938","1":"product","2":"type-product","3":"status-publish","4":"has-post-thumbnail","6":"product_cat-indretning-dekorationer","7":"product_cat-vaeggdekorationer-spejle","9":"first","10":"instock","11":"taxable","12":"shipping-taxable","13":"purchasable","14":"product-type-simple"},"acf":[],"yoast_head":"<!-- This site is optimized with the Yoast SEO plugin v27.6 - https:\/\/yoast.com\/product\/yoast-seo-wordpress\/ -->\n<title>Tavla f\u00e4lt 2-pack - Qreativ<\/title>\n<meta name=\"robots\" content=\"index, follow, max-snippet:-1, max-image-preview:large, max-video-preview:-1\" \/>\n<link rel=\"canonical\" href=\"https:\/\/qreativ.se\/dk\/produkt\/tavla-falt-mix\/\" \/>\n<meta property=\"og:locale\" content=\"da_DK\" \/>\n<meta property=\"og:type\" content=\"article\" \/>\n<meta property=\"og:title\" content=\"Tavla f\u00e4lt 2-pack - Qreativ\" \/>\n<meta property=\"og:description\" content=\"Skapa en lugn och harmonisk atmosf\u00e4r i ditt hem med dessa dekorativa tavlor med jordn\u00e4ra motiv. Tavlorna har en rustik tr\u00e4ram och en canvas med ett vackert, tidl\u00f6st tryck av tr\u00e4d, vilket tillf\u00f6r en naturlig och varm k\u00e4nsla i ditt hem. Material: canvas, tr\u00e4\" \/>\n<meta property=\"og:url\" content=\"https:\/\/qreativ.se\/dk\/produkt\/tavla-falt-mix\/\" \/>\n<meta property=\"og:site_name\" content=\"Qreativ\" \/>\n<meta property=\"article:modified_time\" content=\"2026-02-13T09:31:31+00:00\" \/>\n<meta property=\"og:image\" content=\"https:\/\/qreativ.se\/wp-content\/uploads\/2024\/07\/eacf4f16-6e86-401f-a8fa-cbc022d6bf47-1024x683.png\" \/>\n\t<meta property=\"og:image:width\" content=\"1024\" \/>\n\t<meta property=\"og:image:height\" content=\"683\" \/>\n\t<meta property=\"og:image:type\" content=\"image\/png\" \/>\n<meta name=\"twitter:card\" content=\"summary_large_image\" \/>\n<script type=\"application\/ld+json\" class=\"yoast-schema-graph\">{\"@context\":\"https:\\\/\\\/schema.org\",\"@graph\":[{\"@type\":\"WebPage\",\"@id\":\"https:\\\/\\\/qreativ.se\\\/dk\\\/produkt\\\/tavla-falt-mix\\\/\",\"url\":\"https:\\\/\\\/qreativ.se\\\/dk\\\/produkt\\\/tavla-falt-mix\\\/\",\"name\":\"Tavla f\u00e4lt 2-pack - Qreativ\",\"isPartOf\":{\"@id\":\"https:\\\/\\\/qreativ.se\\\/dk\\\/#website\"},\"primaryImageOfPage\":{\"@id\":\"https:\\\/\\\/qreativ.se\\\/dk\\\/produkt\\\/tavla-falt-mix\\\/#primaryimage\"},\"image\":{\"@id\":\"https:\\\/\\\/qreativ.se\\\/dk\\\/produkt\\\/tavla-falt-mix\\\/#primaryimage\"},\"thumbnailUrl\":\"https:\\\/\\\/qreativ.se\\\/wp-content\\\/uploads\\\/2024\\\/07\\\/eacf4f16-6e86-401f-a8fa-cbc022d6bf47.png\",\"datePublished\":\"2024-07-18T15:17:28+00:00\",\"dateModified\":\"2026-02-13T09:31:31+00:00\",\"breadcrumb\":{\"@id\":\"https:\\\/\\\/qreativ.se\\\/dk\\\/produkt\\\/tavla-falt-mix\\\/#breadcrumb\"},\"inLanguage\":\"da-DK\",\"potentialAction\":[{\"@type\":\"ReadAction\",\"target\":[\"https:\\\/\\\/qreativ.se\\\/dk\\\/produkt\\\/tavla-falt-mix\\\/\"]}]},{\"@type\":\"ImageObject\",\"inLanguage\":\"da-DK\",\"@id\":\"https:\\\/\\\/qreativ.se\\\/dk\\\/produkt\\\/tavla-falt-mix\\\/#primaryimage\",\"url\":\"https:\\\/\\\/qreativ.se\\\/wp-content\\\/uploads\\\/2024\\\/07\\\/eacf4f16-6e86-401f-a8fa-cbc022d6bf47.png\",\"contentUrl\":\"https:\\\/\\\/qreativ.se\\\/wp-content\\\/uploads\\\/2024\\\/07\\\/eacf4f16-6e86-401f-a8fa-cbc022d6bf47.png\",\"width\":1920,\"height\":1281},{\"@type\":\"BreadcrumbList\",\"@id\":\"https:\\\/\\\/qreativ.se\\\/dk\\\/produkt\\\/tavla-falt-mix\\\/#breadcrumb\",\"itemListElement\":[{\"@type\":\"ListItem\",\"position\":1,\"name\":\"Home\",\"item\":\"https:\\\/\\\/qreativ.se\\\/dk\\\/hjem\\\/\"},{\"@type\":\"ListItem\",\"position\":2,\"name\":\"Webbshop\",\"item\":\"https:\\\/\\\/qreativ.se\\\/dk\\\/webbshop\\\/\"},{\"@type\":\"ListItem\",\"position\":3,\"name\":\"Tavla f\u00e4lt 2-pack\"}]},{\"@type\":\"WebSite\",\"@id\":\"https:\\\/\\\/qreativ.se\\\/dk\\\/#website\",\"url\":\"https:\\\/\\\/qreativ.se\\\/dk\\\/\",\"name\":\"Qreativ\",\"description\":\"\",\"alternateName\":\"qreativ.se\",\"potentialAction\":[{\"@type\":\"SearchAction\",\"target\":{\"@type\":\"EntryPoint\",\"urlTemplate\":\"https:\\\/\\\/qreativ.se\\\/dk\\\/?s={search_term_string}\"},\"query-input\":{\"@type\":\"PropertyValueSpecification\",\"valueRequired\":true,\"valueName\":\"search_term_string\"}}],\"inLanguage\":\"da-DK\"}]}<\/script>\n<!-- \/ Yoast SEO plugin. -->","yoast_head_json":{"title":"Tavla f\u00e4lt 2-pack - Qreativ","robots":{"index":"index","follow":"follow","max-snippet":"max-snippet:-1","max-image-preview":"max-image-preview:large","max-video-preview":"max-video-preview:-1"},"canonical":"https:\/\/qreativ.se\/dk\/produkt\/tavla-falt-mix\/","og_locale":"da_DK","og_type":"article","og_title":"Tavla f\u00e4lt 2-pack - Qreativ","og_description":"Skapa en lugn och harmonisk atmosf\u00e4r i ditt hem med dessa dekorativa tavlor med jordn\u00e4ra motiv. Tavlorna har en rustik tr\u00e4ram och en canvas med ett vackert, tidl\u00f6st tryck av tr\u00e4d, vilket tillf\u00f6r en naturlig och varm k\u00e4nsla i ditt hem. Material: canvas, tr\u00e4","og_url":"https:\/\/qreativ.se\/dk\/produkt\/tavla-falt-mix\/","og_site_name":"Qreativ","article_modified_time":"2026-02-13T09:31:31+00:00","og_image":[{"width":1024,"height":683,"url":"https:\/\/qreativ.se\/wp-content\/uploads\/2024\/07\/eacf4f16-6e86-401f-a8fa-cbc022d6bf47-1024x683.png","type":"image\/png"}],"twitter_card":"summary_large_image","schema":{"@context":"https:\/\/schema.org","@graph":[{"@type":"WebPage","@id":"https:\/\/qreativ.se\/dk\/produkt\/tavla-falt-mix\/","url":"https:\/\/qreativ.se\/dk\/produkt\/tavla-falt-mix\/","name":"Tavla f\u00e4lt 2-pack - Qreativ","isPartOf":{"@id":"https:\/\/qreativ.se\/dk\/#website"},"primaryImageOfPage":{"@id":"https:\/\/qreativ.se\/dk\/produkt\/tavla-falt-mix\/#primaryimage"},"image":{"@id":"https:\/\/qreativ.se\/dk\/produkt\/tavla-falt-mix\/#primaryimage"},"thumbnailUrl":"https:\/\/qreativ.se\/wp-content\/uploads\/2024\/07\/eacf4f16-6e86-401f-a8fa-cbc022d6bf47.png","datePublished":"2024-07-18T15:17:28+00:00","dateModified":"2026-02-13T09:31:31+00:00","breadcrumb":{"@id":"https:\/\/qreativ.se\/dk\/produkt\/tavla-falt-mix\/#breadcrumb"},"inLanguage":"da-DK","potentialAction":[{"@type":"ReadAction","target":["https:\/\/qreativ.se\/dk\/produkt\/tavla-falt-mix\/"]}]},{"@type":"ImageObject","inLanguage":"da-DK","@id":"https:\/\/qreativ.se\/dk\/produkt\/tavla-falt-mix\/#primaryimage","url":"https:\/\/qreativ.se\/wp-content\/uploads\/2024\/07\/eacf4f16-6e86-401f-a8fa-cbc022d6bf47.png","contentUrl":"https:\/\/qreativ.se\/wp-content\/uploads\/2024\/07\/eacf4f16-6e86-401f-a8fa-cbc022d6bf47.png","width":1920,"height":1281},{"@type":"BreadcrumbList","@id":"https:\/\/qreativ.se\/dk\/produkt\/tavla-falt-mix\/#breadcrumb","itemListElement":[{"@type":"ListItem","position":1,"name":"Home","item":"https:\/\/qreativ.se\/dk\/hjem\/"},{"@type":"ListItem","position":2,"name":"Webbshop","item":"https:\/\/qreativ.se\/dk\/webbshop\/"},{"@type":"ListItem","position":3,"name":"Tavla f\u00e4lt 2-pack"}]},{"@type":"WebSite","@id":"https:\/\/qreativ.se\/dk\/#website","url":"https:\/\/qreativ.se\/dk\/","name":"Qreativ","description":"","alternateName":"qreativ.se","potentialAction":[{"@type":"SearchAction","target":{"@type":"EntryPoint","urlTemplate":"https:\/\/qreativ.se\/dk\/?s={search_term_string}"},"query-input":{"@type":"PropertyValueSpecification","valueRequired":true,"valueName":"search_term_string"}}],"inLanguage":"da-DK"}]}},"_links":{"self":[{"href":"https:\/\/qreativ.se\/dk\/wp-json\/wp\/v2\/product\/16938","targetHints":{"allow":["GET"]}}],"collection":[{"href":"https:\/\/qreativ.se\/dk\/wp-json\/wp\/v2\/product"}],"about":[{"href":"https:\/\/qreativ.se\/dk\/wp-json\/wp\/v2\/types\/product"}],"replies":[{"embeddable":true,"href":"https:\/\/qreativ.se\/dk\/wp-json\/wp\/v2\/comments?post=16938"}],"wp:featuredmedia":[{"embeddable":true,"href":"https:\/\/qreativ.se\/dk\/wp-json\/wp\/v2\/media\/16940"}],"wp:attachment":[{"href":"https:\/\/qreativ.se\/dk\/wp-json\/wp\/v2\/media?parent=16938"}],"wp:term":[{"taxonomy":"product_brand","embeddable":true,"href":"https:\/\/qreativ.se\/dk\/wp-json\/wp\/v2\/product_brand?post=16938"},{"taxonomy":"product_cat","embeddable":true,"href":"https:\/\/qreativ.se\/dk\/wp-json\/wp\/v2\/product_cat?post=16938"},{"taxonomy":"product_tag","embeddable":true,"href":"https:\/\/qreativ.se\/dk\/wp-json\/wp\/v2\/product_tag?post=16938"}],"curies":[{"name":"wp","href":"https:\/\/api.w.org\/{rel}","templated":true}]}}