{"id":16956,"date":"2024-07-18T15:17:22","date_gmt":"2024-07-18T15:17:22","guid":{"rendered":"https:\/\/qreativ.se\/produkt\/spegel-hera-black\/"},"modified":"2026-02-13T09:31:28","modified_gmt":"2026-02-13T09:31:28","slug":"spegel-hera-black","status":"publish","type":"product","link":"https:\/\/qreativ.se\/dk\/produkt\/spegel-hera-black\/","title":{"rendered":"Spegel Svart"},"content":{"rendered":"<p>Denna stilfulla helkroppsspegel \u00e4r ett perfekt val f\u00f6r dig som vill kombinera funktionalitet med tidl\u00f6s design. Spegeln har en slank svart metallram och dekorativa spr\u00f6js som skapar en modern och industriell k\u00e4nsla, vilket g\u00f6r den till en vacker inredningsdetalj i hallen, sovrummet eller vardagsrummet. Med sin gener\u00f6sa storlek ger spegeln ett lyft till rummet och bidrar till en k\u00e4nsla av rymd.<\/p>\n<p>Material: Metall, spegelglas<\/p>\n","protected":false},"excerpt":{"rendered":"<p>Denna stilfulla helkroppsspegel \u00e4r ett perfekt val f\u00f6r dig som vill kombinera funktionalitet med tidl\u00f6s design. Spegeln har en slank svart metallram och dekorativa spr\u00f6js som skapar en modern och industriell k\u00e4nsla, vilket g\u00f6r den till en vacker inredningsdetalj i hallen, sovrummet eller vardagsrummet. Med sin gener\u00f6sa storlek ger spegeln ett lyft till rummet och [&hellip;]<\/p>\n","protected":false},"featured_media":16958,"comment_status":"closed","ping_status":"closed","template":"","meta":{"_acf_changed":false,"inline_featured_image":false},"product_brand":[],"product_cat":[223,227],"product_tag":[286],"class_list":{"0":"post-16956","1":"product","2":"type-product","3":"status-publish","4":"has-post-thumbnail","6":"product_cat-indretning-dekorationer","7":"product_cat-vaeggdekorationer-spejle","8":"product_tag-easytoship","10":"first","11":"instock","12":"taxable","13":"shipping-taxable","14":"purchasable","15":"product-type-simple"},"acf":[],"yoast_head":"<!-- This site is optimized with the Yoast SEO plugin v27.6 - https:\/\/yoast.com\/product\/yoast-seo-wordpress\/ -->\n<title>Spegel Svart - Qreativ<\/title>\n<meta name=\"robots\" content=\"index, follow, max-snippet:-1, max-image-preview:large, max-video-preview:-1\" \/>\n<link rel=\"canonical\" href=\"https:\/\/qreativ.se\/dk\/produkt\/spegel-hera-black\/\" \/>\n<meta property=\"og:locale\" content=\"da_DK\" \/>\n<meta property=\"og:type\" content=\"article\" \/>\n<meta property=\"og:title\" content=\"Spegel Svart - Qreativ\" \/>\n<meta property=\"og:description\" content=\"Denna stilfulla helkroppsspegel \u00e4r ett perfekt val f\u00f6r dig som vill kombinera funktionalitet med tidl\u00f6s design. Spegeln har en slank svart metallram och dekorativa spr\u00f6js som skapar en modern och industriell k\u00e4nsla, vilket g\u00f6r den till en vacker inredningsdetalj i hallen, sovrummet eller vardagsrummet. Med sin gener\u00f6sa storlek ger spegeln ett lyft till rummet och [&hellip;]\" \/>\n<meta property=\"og:url\" content=\"https:\/\/qreativ.se\/dk\/produkt\/spegel-hera-black\/\" \/>\n<meta property=\"og:site_name\" content=\"Qreativ\" \/>\n<meta property=\"article:modified_time\" content=\"2026-02-13T09:31:28+00:00\" \/>\n<meta property=\"og:image\" content=\"https:\/\/qreativ.se\/wp-content\/uploads\/2024\/07\/e4bddf69-938c-4b5e-90df-4f82df6c00a2.png\" \/>\n\t<meta property=\"og:image:width\" content=\"1920\" \/>\n\t<meta property=\"og:image:height\" content=\"1280\" \/>\n\t<meta property=\"og:image:type\" content=\"image\/png\" \/>\n<meta name=\"twitter:card\" content=\"summary_large_image\" \/>\n<meta name=\"twitter:label1\" content=\"Estimeret l\u00e6setid\" \/>\n\t<meta name=\"twitter:data1\" content=\"1 minut\" \/>\n<script type=\"application\/ld+json\" class=\"yoast-schema-graph\">{\"@context\":\"https:\\\/\\\/schema.org\",\"@graph\":[{\"@type\":\"WebPage\",\"@id\":\"https:\\\/\\\/qreativ.se\\\/dk\\\/produkt\\\/spegel-hera-black\\\/\",\"url\":\"https:\\\/\\\/qreativ.se\\\/dk\\\/produkt\\\/spegel-hera-black\\\/\",\"name\":\"Spegel Svart - Qreativ\",\"isPartOf\":{\"@id\":\"https:\\\/\\\/qreativ.se\\\/dk\\\/#website\"},\"primaryImageOfPage\":{\"@id\":\"https:\\\/\\\/qreativ.se\\\/dk\\\/produkt\\\/spegel-hera-black\\\/#primaryimage\"},\"image\":{\"@id\":\"https:\\\/\\\/qreativ.se\\\/dk\\\/produkt\\\/spegel-hera-black\\\/#primaryimage\"},\"thumbnailUrl\":\"https:\\\/\\\/qreativ.se\\\/wp-content\\\/uploads\\\/2024\\\/07\\\/e4bddf69-938c-4b5e-90df-4f82df6c00a2.png\",\"datePublished\":\"2024-07-18T15:17:22+00:00\",\"dateModified\":\"2026-02-13T09:31:28+00:00\",\"breadcrumb\":{\"@id\":\"https:\\\/\\\/qreativ.se\\\/dk\\\/produkt\\\/spegel-hera-black\\\/#breadcrumb\"},\"inLanguage\":\"da-DK\",\"potentialAction\":[{\"@type\":\"ReadAction\",\"target\":[\"https:\\\/\\\/qreativ.se\\\/dk\\\/produkt\\\/spegel-hera-black\\\/\"]}]},{\"@type\":\"ImageObject\",\"inLanguage\":\"da-DK\",\"@id\":\"https:\\\/\\\/qreativ.se\\\/dk\\\/produkt\\\/spegel-hera-black\\\/#primaryimage\",\"url\":\"https:\\\/\\\/qreativ.se\\\/wp-content\\\/uploads\\\/2024\\\/07\\\/e4bddf69-938c-4b5e-90df-4f82df6c00a2.png\",\"contentUrl\":\"https:\\\/\\\/qreativ.se\\\/wp-content\\\/uploads\\\/2024\\\/07\\\/e4bddf69-938c-4b5e-90df-4f82df6c00a2.png\",\"width\":1920,\"height\":1280},{\"@type\":\"BreadcrumbList\",\"@id\":\"https:\\\/\\\/qreativ.se\\\/dk\\\/produkt\\\/spegel-hera-black\\\/#breadcrumb\",\"itemListElement\":[{\"@type\":\"ListItem\",\"position\":1,\"name\":\"Home\",\"item\":\"https:\\\/\\\/qreativ.se\\\/dk\\\/hjem\\\/\"},{\"@type\":\"ListItem\",\"position\":2,\"name\":\"Webbshop\",\"item\":\"https:\\\/\\\/qreativ.se\\\/dk\\\/webbshop\\\/\"},{\"@type\":\"ListItem\",\"position\":3,\"name\":\"Spegel Svart\"}]},{\"@type\":\"WebSite\",\"@id\":\"https:\\\/\\\/qreativ.se\\\/dk\\\/#website\",\"url\":\"https:\\\/\\\/qreativ.se\\\/dk\\\/\",\"name\":\"Qreativ\",\"description\":\"\",\"alternateName\":\"qreativ.se\",\"potentialAction\":[{\"@type\":\"SearchAction\",\"target\":{\"@type\":\"EntryPoint\",\"urlTemplate\":\"https:\\\/\\\/qreativ.se\\\/dk\\\/?s={search_term_string}\"},\"query-input\":{\"@type\":\"PropertyValueSpecification\",\"valueRequired\":true,\"valueName\":\"search_term_string\"}}],\"inLanguage\":\"da-DK\"}]}<\/script>\n<!-- \/ Yoast SEO plugin. -->","yoast_head_json":{"title":"Spegel Svart - Qreativ","robots":{"index":"index","follow":"follow","max-snippet":"max-snippet:-1","max-image-preview":"max-image-preview:large","max-video-preview":"max-video-preview:-1"},"canonical":"https:\/\/qreativ.se\/dk\/produkt\/spegel-hera-black\/","og_locale":"da_DK","og_type":"article","og_title":"Spegel Svart - Qreativ","og_description":"Denna stilfulla helkroppsspegel \u00e4r ett perfekt val f\u00f6r dig som vill kombinera funktionalitet med tidl\u00f6s design. Spegeln har en slank svart metallram och dekorativa spr\u00f6js som skapar en modern och industriell k\u00e4nsla, vilket g\u00f6r den till en vacker inredningsdetalj i hallen, sovrummet eller vardagsrummet. Med sin gener\u00f6sa storlek ger spegeln ett lyft till rummet och [&hellip;]","og_url":"https:\/\/qreativ.se\/dk\/produkt\/spegel-hera-black\/","og_site_name":"Qreativ","article_modified_time":"2026-02-13T09:31:28+00:00","og_image":[{"width":1920,"height":1280,"url":"https:\/\/qreativ.se\/wp-content\/uploads\/2024\/07\/e4bddf69-938c-4b5e-90df-4f82df6c00a2.png","type":"image\/png"}],"twitter_card":"summary_large_image","twitter_misc":{"Estimeret l\u00e6setid":"1 minut"},"schema":{"@context":"https:\/\/schema.org","@graph":[{"@type":"WebPage","@id":"https:\/\/qreativ.se\/dk\/produkt\/spegel-hera-black\/","url":"https:\/\/qreativ.se\/dk\/produkt\/spegel-hera-black\/","name":"Spegel Svart - Qreativ","isPartOf":{"@id":"https:\/\/qreativ.se\/dk\/#website"},"primaryImageOfPage":{"@id":"https:\/\/qreativ.se\/dk\/produkt\/spegel-hera-black\/#primaryimage"},"image":{"@id":"https:\/\/qreativ.se\/dk\/produkt\/spegel-hera-black\/#primaryimage"},"thumbnailUrl":"https:\/\/qreativ.se\/wp-content\/uploads\/2024\/07\/e4bddf69-938c-4b5e-90df-4f82df6c00a2.png","datePublished":"2024-07-18T15:17:22+00:00","dateModified":"2026-02-13T09:31:28+00:00","breadcrumb":{"@id":"https:\/\/qreativ.se\/dk\/produkt\/spegel-hera-black\/#breadcrumb"},"inLanguage":"da-DK","potentialAction":[{"@type":"ReadAction","target":["https:\/\/qreativ.se\/dk\/produkt\/spegel-hera-black\/"]}]},{"@type":"ImageObject","inLanguage":"da-DK","@id":"https:\/\/qreativ.se\/dk\/produkt\/spegel-hera-black\/#primaryimage","url":"https:\/\/qreativ.se\/wp-content\/uploads\/2024\/07\/e4bddf69-938c-4b5e-90df-4f82df6c00a2.png","contentUrl":"https:\/\/qreativ.se\/wp-content\/uploads\/2024\/07\/e4bddf69-938c-4b5e-90df-4f82df6c00a2.png","width":1920,"height":1280},{"@type":"BreadcrumbList","@id":"https:\/\/qreativ.se\/dk\/produkt\/spegel-hera-black\/#breadcrumb","itemListElement":[{"@type":"ListItem","position":1,"name":"Home","item":"https:\/\/qreativ.se\/dk\/hjem\/"},{"@type":"ListItem","position":2,"name":"Webbshop","item":"https:\/\/qreativ.se\/dk\/webbshop\/"},{"@type":"ListItem","position":3,"name":"Spegel Svart"}]},{"@type":"WebSite","@id":"https:\/\/qreativ.se\/dk\/#website","url":"https:\/\/qreativ.se\/dk\/","name":"Qreativ","description":"","alternateName":"qreativ.se","potentialAction":[{"@type":"SearchAction","target":{"@type":"EntryPoint","urlTemplate":"https:\/\/qreativ.se\/dk\/?s={search_term_string}"},"query-input":{"@type":"PropertyValueSpecification","valueRequired":true,"valueName":"search_term_string"}}],"inLanguage":"da-DK"}]}},"_links":{"self":[{"href":"https:\/\/qreativ.se\/dk\/wp-json\/wp\/v2\/product\/16956","targetHints":{"allow":["GET"]}}],"collection":[{"href":"https:\/\/qreativ.se\/dk\/wp-json\/wp\/v2\/product"}],"about":[{"href":"https:\/\/qreativ.se\/dk\/wp-json\/wp\/v2\/types\/product"}],"replies":[{"embeddable":true,"href":"https:\/\/qreativ.se\/dk\/wp-json\/wp\/v2\/comments?post=16956"}],"wp:featuredmedia":[{"embeddable":true,"href":"https:\/\/qreativ.se\/dk\/wp-json\/wp\/v2\/media\/16958"}],"wp:attachment":[{"href":"https:\/\/qreativ.se\/dk\/wp-json\/wp\/v2\/media?parent=16956"}],"wp:term":[{"taxonomy":"product_brand","embeddable":true,"href":"https:\/\/qreativ.se\/dk\/wp-json\/wp\/v2\/product_brand?post=16956"},{"taxonomy":"product_cat","embeddable":true,"href":"https:\/\/qreativ.se\/dk\/wp-json\/wp\/v2\/product_cat?post=16956"},{"taxonomy":"product_tag","embeddable":true,"href":"https:\/\/qreativ.se\/dk\/wp-json\/wp\/v2\/product_tag?post=16956"}],"curies":[{"name":"wp","href":"https:\/\/api.w.org\/{rel}","templated":true}]}}