{"id":17060,"date":"2024-07-18T15:10:49","date_gmt":"2024-07-18T15:10:49","guid":{"rendered":"https:\/\/qreativ.se\/produkt\/carlton-baddset\/"},"modified":"2026-02-13T09:33:43","modified_gmt":"2026-02-13T09:33:43","slug":"carlton-baddset","status":"publish","type":"product","link":"https:\/\/qreativ.se\/dk\/produkt\/carlton-baddset\/","title":{"rendered":"Carlton B\u00e4ddset Lyx"},"content":{"rendered":"<h3 data-start=\"74\" data-end=\"129\"><strong data-start=\"78\" data-end=\"127\">Carlton B\u00e4ddset \u2013 Stilrent, Mjukt och Lyxigt<\/strong><\/h3>\n<p data-start=\"131\" data-end=\"335\"><strong data-start=\"131\" data-end=\"150\">Carlton b\u00e4ddset<\/strong> \u00e4r det perfekta valet f\u00f6r dig som vill ha en lyxig och stilren b\u00e4ddning. Tillverkat i <strong data-start=\"237\" data-end=\"282\">mjuk bomullskvalitet med 144TC tr\u00e5dt\u00e4thet<\/strong>, vilket ger en sk\u00f6n och behaglig k\u00e4nsla mot huden.<\/p>\n<h4 data-start=\"337\" data-end=\"358\"><strong data-start=\"342\" data-end=\"356\">Egenskaper<\/strong><\/h4>\n<p data-start=\"359\" data-end=\"852\">\u2022 <strong data-start=\"361\" data-end=\"402\">Finns i b\u00e5de enkels\u00e4ng och dubbels\u00e4ng<\/strong> \u2013 v\u00e4lj det format som passar dig.<br data-start=\"436\" data-end=\"439\" \/>\u2022 <strong data-start=\"441\" data-end=\"465\">Mjuk bomullskvalitet<\/strong> \u2013 slitstarkt och sk\u00f6nt mot huden.<br data-start=\"499\" data-end=\"502\" \/>\u2022 <strong data-start=\"504\" data-end=\"524\">144TC tr\u00e5dt\u00e4thet<\/strong> \u2013 kvalitetsv\u00e4v med matt yta f\u00f6r en elegant look.<br data-start=\"573\" data-end=\"576\" \/>\u2022 <strong data-start=\"578\" data-end=\"597\">Smarta detaljer<\/strong> \u2013 p\u00e5slakan med knappar i nedre \u00f6ppningen, \u00f6rngott med klaff\u00f6ppning.<br data-start=\"665\" data-end=\"668\" \/>\u2022 <strong data-start=\"670\" data-end=\"688\">Stilren design<\/strong> \u2013 nougatf\u00e4rgad passpoal \u00f6ver p\u00e5slakanets bredd och runt \u00f6rngottets kanter.<br data-start=\"763\" data-end=\"766\" \/>\u2022 <strong data-start=\"768\" data-end=\"785\">Flexibelt k\u00f6p<\/strong> \u2013 p\u00e5slakan och \u00f6rngott kan \u00e4ven k\u00f6pas separat i flera storlekar.<\/p>\n","protected":false},"excerpt":{"rendered":"<p>Med <strong data-start=\"858\" data-end=\"877\">Carlton b\u00e4ddset<\/strong> skapar du en harmonisk och sofistikerad k\u00e4nsla i sovrummet!<\/p>\n","protected":false},"featured_media":17062,"comment_status":"closed","ping_status":"closed","template":"","meta":{"_acf_changed":false,"inline_featured_image":false},"product_brand":[],"product_cat":[269,262],"product_tag":[286],"class_list":{"0":"post-17060","1":"product","2":"type-product","3":"status-publish","4":"has-post-thumbnail","6":"product_cat-sovevaerelsestekstiler","7":"product_cat-inspirerende-tekstiler","8":"product_tag-easytoship","10":"first","11":"onbackorder","12":"sale","13":"taxable","14":"shipping-taxable","15":"purchasable","16":"product-type-simple"},"acf":[],"yoast_head":"<!-- This site is optimized with the Yoast SEO plugin v27.4 - https:\/\/yoast.com\/product\/yoast-seo-wordpress\/ -->\n<title>Carlton B\u00e4ddset Lyx - Qreativ<\/title>\n<meta name=\"robots\" content=\"index, follow, max-snippet:-1, max-image-preview:large, max-video-preview:-1\" \/>\n<link rel=\"canonical\" href=\"https:\/\/qreativ.se\/dk\/produkt\/carlton-baddset\/\" \/>\n<meta property=\"og:locale\" content=\"da_DK\" \/>\n<meta property=\"og:type\" content=\"article\" \/>\n<meta property=\"og:title\" content=\"Carlton B\u00e4ddset Lyx - Qreativ\" \/>\n<meta property=\"og:description\" content=\"Med Carlton b\u00e4ddset skapar du en harmonisk och sofistikerad k\u00e4nsla i sovrummet!\" \/>\n<meta property=\"og:url\" content=\"https:\/\/qreativ.se\/dk\/produkt\/carlton-baddset\/\" \/>\n<meta property=\"og:site_name\" content=\"Qreativ\" \/>\n<meta property=\"article:modified_time\" content=\"2026-02-13T09:33:43+00:00\" \/>\n<meta property=\"og:image\" content=\"https:\/\/qreativ.se\/wp-content\/uploads\/2024\/07\/Detaljer-som-forenar-form-och-funktion-Gatsby-ar-inte-bara-vacker-att-se-pa-\u2013-den-ar-ocksa-genomtankt-in-i-minsta-detalj-Material-Glaserad-keramik-for-en-elegant-och-tidlos-look.-Lamphallare-E27-s-43-2.png\" \/>\n\t<meta property=\"og:image:width\" content=\"2000\" \/>\n\t<meta property=\"og:image:height\" content=\"2000\" \/>\n\t<meta property=\"og:image:type\" content=\"image\/png\" \/>\n<meta name=\"twitter:card\" content=\"summary_large_image\" \/>\n<meta name=\"twitter:label1\" content=\"Estimeret l\u00e6setid\" \/>\n\t<meta name=\"twitter:data1\" content=\"1 minut\" \/>\n<script type=\"application\/ld+json\" class=\"yoast-schema-graph\">{\"@context\":\"https:\\\/\\\/schema.org\",\"@graph\":[{\"@type\":\"WebPage\",\"@id\":\"https:\\\/\\\/qreativ.se\\\/dk\\\/produkt\\\/carlton-baddset\\\/\",\"url\":\"https:\\\/\\\/qreativ.se\\\/dk\\\/produkt\\\/carlton-baddset\\\/\",\"name\":\"Carlton B\u00e4ddset Lyx - Qreativ\",\"isPartOf\":{\"@id\":\"https:\\\/\\\/qreativ.se\\\/dk\\\/#website\"},\"primaryImageOfPage\":{\"@id\":\"https:\\\/\\\/qreativ.se\\\/dk\\\/produkt\\\/carlton-baddset\\\/#primaryimage\"},\"image\":{\"@id\":\"https:\\\/\\\/qreativ.se\\\/dk\\\/produkt\\\/carlton-baddset\\\/#primaryimage\"},\"thumbnailUrl\":\"https:\\\/\\\/qreativ.se\\\/wp-content\\\/uploads\\\/2024\\\/07\\\/Detaljer-som-forenar-form-och-funktion-Gatsby-ar-inte-bara-vacker-att-se-pa-\u2013-den-ar-ocksa-genomtankt-in-i-minsta-detalj-Material-Glaserad-keramik-for-en-elegant-och-tidlos-look.-Lamphallare-E27-s-43-2.png\",\"datePublished\":\"2024-07-18T15:10:49+00:00\",\"dateModified\":\"2026-02-13T09:33:43+00:00\",\"breadcrumb\":{\"@id\":\"https:\\\/\\\/qreativ.se\\\/dk\\\/produkt\\\/carlton-baddset\\\/#breadcrumb\"},\"inLanguage\":\"da-DK\",\"potentialAction\":[{\"@type\":\"ReadAction\",\"target\":[\"https:\\\/\\\/qreativ.se\\\/dk\\\/produkt\\\/carlton-baddset\\\/\"]}]},{\"@type\":\"ImageObject\",\"inLanguage\":\"da-DK\",\"@id\":\"https:\\\/\\\/qreativ.se\\\/dk\\\/produkt\\\/carlton-baddset\\\/#primaryimage\",\"url\":\"https:\\\/\\\/qreativ.se\\\/wp-content\\\/uploads\\\/2024\\\/07\\\/Detaljer-som-forenar-form-och-funktion-Gatsby-ar-inte-bara-vacker-att-se-pa-\u2013-den-ar-ocksa-genomtankt-in-i-minsta-detalj-Material-Glaserad-keramik-for-en-elegant-och-tidlos-look.-Lamphallare-E27-s-43-2.png\",\"contentUrl\":\"https:\\\/\\\/qreativ.se\\\/wp-content\\\/uploads\\\/2024\\\/07\\\/Detaljer-som-forenar-form-och-funktion-Gatsby-ar-inte-bara-vacker-att-se-pa-\u2013-den-ar-ocksa-genomtankt-in-i-minsta-detalj-Material-Glaserad-keramik-for-en-elegant-och-tidlos-look.-Lamphallare-E27-s-43-2.png\",\"width\":2000,\"height\":2000},{\"@type\":\"BreadcrumbList\",\"@id\":\"https:\\\/\\\/qreativ.se\\\/dk\\\/produkt\\\/carlton-baddset\\\/#breadcrumb\",\"itemListElement\":[{\"@type\":\"ListItem\",\"position\":1,\"name\":\"Home\",\"item\":\"https:\\\/\\\/qreativ.se\\\/dk\\\/hjem\\\/\"},{\"@type\":\"ListItem\",\"position\":2,\"name\":\"Webbshop\",\"item\":\"https:\\\/\\\/qreativ.se\\\/dk\\\/webbshop\\\/\"},{\"@type\":\"ListItem\",\"position\":3,\"name\":\"Carlton B\u00e4ddset Lyx\"}]},{\"@type\":\"WebSite\",\"@id\":\"https:\\\/\\\/qreativ.se\\\/dk\\\/#website\",\"url\":\"https:\\\/\\\/qreativ.se\\\/dk\\\/\",\"name\":\"Qreativ\",\"description\":\"\",\"alternateName\":\"qreativ.se\",\"potentialAction\":[{\"@type\":\"SearchAction\",\"target\":{\"@type\":\"EntryPoint\",\"urlTemplate\":\"https:\\\/\\\/qreativ.se\\\/dk\\\/?s={search_term_string}\"},\"query-input\":{\"@type\":\"PropertyValueSpecification\",\"valueRequired\":true,\"valueName\":\"search_term_string\"}}],\"inLanguage\":\"da-DK\"}]}<\/script>\n<!-- \/ Yoast SEO plugin. -->","yoast_head_json":{"title":"Carlton B\u00e4ddset Lyx - Qreativ","robots":{"index":"index","follow":"follow","max-snippet":"max-snippet:-1","max-image-preview":"max-image-preview:large","max-video-preview":"max-video-preview:-1"},"canonical":"https:\/\/qreativ.se\/dk\/produkt\/carlton-baddset\/","og_locale":"da_DK","og_type":"article","og_title":"Carlton B\u00e4ddset Lyx - Qreativ","og_description":"Med Carlton b\u00e4ddset skapar du en harmonisk och sofistikerad k\u00e4nsla i sovrummet!","og_url":"https:\/\/qreativ.se\/dk\/produkt\/carlton-baddset\/","og_site_name":"Qreativ","article_modified_time":"2026-02-13T09:33:43+00:00","og_image":[{"width":2000,"height":2000,"url":"https:\/\/qreativ.se\/wp-content\/uploads\/2024\/07\/Detaljer-som-forenar-form-och-funktion-Gatsby-ar-inte-bara-vacker-att-se-pa-\u2013-den-ar-ocksa-genomtankt-in-i-minsta-detalj-Material-Glaserad-keramik-for-en-elegant-och-tidlos-look.-Lamphallare-E27-s-43-2.png","type":"image\/png"}],"twitter_card":"summary_large_image","twitter_misc":{"Estimeret l\u00e6setid":"1 minut"},"schema":{"@context":"https:\/\/schema.org","@graph":[{"@type":"WebPage","@id":"https:\/\/qreativ.se\/dk\/produkt\/carlton-baddset\/","url":"https:\/\/qreativ.se\/dk\/produkt\/carlton-baddset\/","name":"Carlton B\u00e4ddset Lyx - Qreativ","isPartOf":{"@id":"https:\/\/qreativ.se\/dk\/#website"},"primaryImageOfPage":{"@id":"https:\/\/qreativ.se\/dk\/produkt\/carlton-baddset\/#primaryimage"},"image":{"@id":"https:\/\/qreativ.se\/dk\/produkt\/carlton-baddset\/#primaryimage"},"thumbnailUrl":"https:\/\/qreativ.se\/wp-content\/uploads\/2024\/07\/Detaljer-som-forenar-form-och-funktion-Gatsby-ar-inte-bara-vacker-att-se-pa-\u2013-den-ar-ocksa-genomtankt-in-i-minsta-detalj-Material-Glaserad-keramik-for-en-elegant-och-tidlos-look.-Lamphallare-E27-s-43-2.png","datePublished":"2024-07-18T15:10:49+00:00","dateModified":"2026-02-13T09:33:43+00:00","breadcrumb":{"@id":"https:\/\/qreativ.se\/dk\/produkt\/carlton-baddset\/#breadcrumb"},"inLanguage":"da-DK","potentialAction":[{"@type":"ReadAction","target":["https:\/\/qreativ.se\/dk\/produkt\/carlton-baddset\/"]}]},{"@type":"ImageObject","inLanguage":"da-DK","@id":"https:\/\/qreativ.se\/dk\/produkt\/carlton-baddset\/#primaryimage","url":"https:\/\/qreativ.se\/wp-content\/uploads\/2024\/07\/Detaljer-som-forenar-form-och-funktion-Gatsby-ar-inte-bara-vacker-att-se-pa-\u2013-den-ar-ocksa-genomtankt-in-i-minsta-detalj-Material-Glaserad-keramik-for-en-elegant-och-tidlos-look.-Lamphallare-E27-s-43-2.png","contentUrl":"https:\/\/qreativ.se\/wp-content\/uploads\/2024\/07\/Detaljer-som-forenar-form-och-funktion-Gatsby-ar-inte-bara-vacker-att-se-pa-\u2013-den-ar-ocksa-genomtankt-in-i-minsta-detalj-Material-Glaserad-keramik-for-en-elegant-och-tidlos-look.-Lamphallare-E27-s-43-2.png","width":2000,"height":2000},{"@type":"BreadcrumbList","@id":"https:\/\/qreativ.se\/dk\/produkt\/carlton-baddset\/#breadcrumb","itemListElement":[{"@type":"ListItem","position":1,"name":"Home","item":"https:\/\/qreativ.se\/dk\/hjem\/"},{"@type":"ListItem","position":2,"name":"Webbshop","item":"https:\/\/qreativ.se\/dk\/webbshop\/"},{"@type":"ListItem","position":3,"name":"Carlton B\u00e4ddset Lyx"}]},{"@type":"WebSite","@id":"https:\/\/qreativ.se\/dk\/#website","url":"https:\/\/qreativ.se\/dk\/","name":"Qreativ","description":"","alternateName":"qreativ.se","potentialAction":[{"@type":"SearchAction","target":{"@type":"EntryPoint","urlTemplate":"https:\/\/qreativ.se\/dk\/?s={search_term_string}"},"query-input":{"@type":"PropertyValueSpecification","valueRequired":true,"valueName":"search_term_string"}}],"inLanguage":"da-DK"}]}},"_links":{"self":[{"href":"https:\/\/qreativ.se\/dk\/wp-json\/wp\/v2\/product\/17060","targetHints":{"allow":["GET"]}}],"collection":[{"href":"https:\/\/qreativ.se\/dk\/wp-json\/wp\/v2\/product"}],"about":[{"href":"https:\/\/qreativ.se\/dk\/wp-json\/wp\/v2\/types\/product"}],"replies":[{"embeddable":true,"href":"https:\/\/qreativ.se\/dk\/wp-json\/wp\/v2\/comments?post=17060"}],"wp:featuredmedia":[{"embeddable":true,"href":"https:\/\/qreativ.se\/dk\/wp-json\/wp\/v2\/media\/17062"}],"wp:attachment":[{"href":"https:\/\/qreativ.se\/dk\/wp-json\/wp\/v2\/media?parent=17060"}],"wp:term":[{"taxonomy":"product_brand","embeddable":true,"href":"https:\/\/qreativ.se\/dk\/wp-json\/wp\/v2\/product_brand?post=17060"},{"taxonomy":"product_cat","embeddable":true,"href":"https:\/\/qreativ.se\/dk\/wp-json\/wp\/v2\/product_cat?post=17060"},{"taxonomy":"product_tag","embeddable":true,"href":"https:\/\/qreativ.se\/dk\/wp-json\/wp\/v2\/product_tag?post=17060"}],"curies":[{"name":"wp","href":"https:\/\/api.w.org\/{rel}","templated":true}]}}