{"id":17118,"date":"2024-07-18T15:04:20","date_gmt":"2024-07-18T15:04:20","guid":{"rendered":"https:\/\/qreativ.se\/produkt\/margit-kudde-cylinder-brun-pals\/"},"modified":"2026-02-13T09:33:32","modified_gmt":"2026-02-13T09:33:32","slug":"margit-kudde-cylinder-brun-pals","status":"publish","type":"product","link":"https:\/\/qreativ.se\/dk\/produkt\/margit-kudde-cylinder-brun-pals\/","title":{"rendered":"Margit Cylinderkudde Brun Fuskp\u00e4ls"},"content":{"rendered":"<h3 data-start=\"0\" data-end=\"62\"><strong data-start=\"4\" data-end=\"60\">Margit \u2013 Lyxig Cylinderkudde i Fuskp\u00e4ls<\/strong><\/h3>\n<p data-start=\"64\" data-end=\"362\">Ge ditt hem en mysig och exklusiv touch med <strong data-start=\"108\" data-end=\"118\">Margit<\/strong>, en kudde i <strong data-start=\"131\" data-end=\"158\">mjukt fuskp\u00e4lsutf\u00f6rande<\/strong> som \u00e4r <strong data-start=\"166\" data-end=\"201\">perfekt f\u00f6r soffan eller s\u00e4ngen<\/strong>. Kudden har en stilren <strong data-start=\"225\" data-end=\"241\">cylinderform<\/strong>, vilket ger en modern och unik inredningsdetalj. F\u00f6r en enhetlig look finns \u00e4ven <strong data-start=\"323\" data-end=\"344\">Margit kuddfodral<\/strong> i samma design.<\/p>\n<h3 data-start=\"364\" data-end=\"394\"><strong data-start=\"368\" data-end=\"392\">Margit Cylinderkudde<\/strong><\/h3>\n<ul data-start=\"395\" data-end=\"704\">\n<li data-start=\"395\" data-end=\"480\"><strong data-start=\"397\" data-end=\"409\">Storlek:<\/strong> 15x15x45 cm \u2013 Perfekt som dekorativ kudde eller extra st\u00f6d i s\u00e4ngen.<\/li>\n<li data-start=\"481\" data-end=\"548\"><strong data-start=\"483\" data-end=\"496\">Material:<\/strong> Mjuk fuskp\u00e4ls f\u00f6r en lyxig och inbjudande k\u00e4nsla.<\/li>\n<li data-start=\"549\" data-end=\"615\"><strong data-start=\"551\" data-end=\"578\">Fyllning av syntetfiber<\/strong> \u2013 Ger komfort och beh\u00e5ller formen.<\/li>\n<li data-start=\"616\" data-end=\"704\"><strong data-start=\"618\" data-end=\"657\">L\u00e4tt att matcha med andra textilier<\/strong> \u2013 Skapa en harmonisk och stilfull inredning.<\/li>\n<\/ul>\n<p data-start=\"967\" data-end=\"1143\">Margit-serien \u00e4r <strong data-start=\"984\" data-end=\"1050\">perfekt f\u00f6r dig som vill skapa en varm och sofistikerad k\u00e4nsla<\/strong> i ditt hem. Kombinera kudden och kuddfodralet f\u00f6r en <strong data-start=\"1104\" data-end=\"1140\">helhetsk\u00e4nsla av mjukhet och lyx<\/strong>.<\/p>\n","protected":false},"excerpt":{"rendered":"<p>Best\u00e4ll din Margit kudde idag och addera en trendig och fluffig touch till ditt hem!<\/p>\n","protected":false},"featured_media":17120,"comment_status":"closed","ping_status":"closed","template":"","meta":{"_acf_changed":false,"inline_featured_image":false},"product_brand":[],"product_cat":[266,262],"product_tag":[286],"class_list":{"0":"post-17118","1":"product","2":"type-product","3":"status-publish","4":"has-post-thumbnail","6":"product_cat-puder-og-plaider","7":"product_cat-inspirerende-tekstiler","8":"product_tag-easytoship","10":"first","11":"instock","12":"sale","13":"purchasable","14":"product-type-simple"},"acf":[],"yoast_head":"<!-- This site is optimized with the Yoast SEO plugin v27.6 - https:\/\/yoast.com\/product\/yoast-seo-wordpress\/ -->\n<title>Margit Cylinderkudde Brun Fuskp\u00e4ls - Qreativ<\/title>\n<meta name=\"robots\" content=\"index, follow, max-snippet:-1, max-image-preview:large, max-video-preview:-1\" \/>\n<link rel=\"canonical\" href=\"https:\/\/qreativ.se\/dk\/produkt\/margit-kudde-cylinder-brun-pals\/\" \/>\n<meta property=\"og:locale\" content=\"da_DK\" \/>\n<meta property=\"og:type\" content=\"article\" \/>\n<meta property=\"og:title\" content=\"Margit Cylinderkudde Brun Fuskp\u00e4ls - Qreativ\" \/>\n<meta property=\"og:description\" content=\"Best\u00e4ll din Margit kudde idag och addera en trendig och fluffig touch till ditt hem!\" \/>\n<meta property=\"og:url\" content=\"https:\/\/qreativ.se\/dk\/produkt\/margit-kudde-cylinder-brun-pals\/\" \/>\n<meta property=\"og:site_name\" content=\"Qreativ\" \/>\n<meta property=\"article:modified_time\" content=\"2026-02-13T09:33:32+00:00\" \/>\n<meta property=\"og:image\" content=\"https:\/\/qreativ.se\/wp-content\/uploads\/2024\/07\/Detaljer-som-forenar-form-och-funktion-Gatsby-ar-inte-bara-vacker-att-se-pa-\u2013-den-ar-ocksa-genomtankt-in-i-minsta-detalj-Material-Glaserad-keramik-for-en-elegant-och-tidlos-look.-Lamphallare-E27-s-32-1024x1024.png\" \/>\n\t<meta property=\"og:image:width\" content=\"1024\" \/>\n\t<meta property=\"og:image:height\" content=\"1024\" \/>\n\t<meta property=\"og:image:type\" content=\"image\/png\" \/>\n<meta name=\"twitter:card\" content=\"summary_large_image\" \/>\n<meta name=\"twitter:label1\" content=\"Estimeret l\u00e6setid\" \/>\n\t<meta name=\"twitter:data1\" content=\"1 minut\" \/>\n<script type=\"application\/ld+json\" class=\"yoast-schema-graph\">{\"@context\":\"https:\\\/\\\/schema.org\",\"@graph\":[{\"@type\":\"WebPage\",\"@id\":\"https:\\\/\\\/qreativ.se\\\/dk\\\/produkt\\\/margit-kudde-cylinder-brun-pals\\\/\",\"url\":\"https:\\\/\\\/qreativ.se\\\/dk\\\/produkt\\\/margit-kudde-cylinder-brun-pals\\\/\",\"name\":\"Margit Cylinderkudde Brun Fuskp\u00e4ls - Qreativ\",\"isPartOf\":{\"@id\":\"https:\\\/\\\/qreativ.se\\\/dk\\\/#website\"},\"primaryImageOfPage\":{\"@id\":\"https:\\\/\\\/qreativ.se\\\/dk\\\/produkt\\\/margit-kudde-cylinder-brun-pals\\\/#primaryimage\"},\"image\":{\"@id\":\"https:\\\/\\\/qreativ.se\\\/dk\\\/produkt\\\/margit-kudde-cylinder-brun-pals\\\/#primaryimage\"},\"thumbnailUrl\":\"https:\\\/\\\/qreativ.se\\\/wp-content\\\/uploads\\\/2024\\\/07\\\/Detaljer-som-forenar-form-och-funktion-Gatsby-ar-inte-bara-vacker-att-se-pa-\u2013-den-ar-ocksa-genomtankt-in-i-minsta-detalj-Material-Glaserad-keramik-for-en-elegant-och-tidlos-look.-Lamphallare-E27-s-32.png\",\"datePublished\":\"2024-07-18T15:04:20+00:00\",\"dateModified\":\"2026-02-13T09:33:32+00:00\",\"breadcrumb\":{\"@id\":\"https:\\\/\\\/qreativ.se\\\/dk\\\/produkt\\\/margit-kudde-cylinder-brun-pals\\\/#breadcrumb\"},\"inLanguage\":\"da-DK\",\"potentialAction\":[{\"@type\":\"ReadAction\",\"target\":[\"https:\\\/\\\/qreativ.se\\\/dk\\\/produkt\\\/margit-kudde-cylinder-brun-pals\\\/\"]}]},{\"@type\":\"ImageObject\",\"inLanguage\":\"da-DK\",\"@id\":\"https:\\\/\\\/qreativ.se\\\/dk\\\/produkt\\\/margit-kudde-cylinder-brun-pals\\\/#primaryimage\",\"url\":\"https:\\\/\\\/qreativ.se\\\/wp-content\\\/uploads\\\/2024\\\/07\\\/Detaljer-som-forenar-form-och-funktion-Gatsby-ar-inte-bara-vacker-att-se-pa-\u2013-den-ar-ocksa-genomtankt-in-i-minsta-detalj-Material-Glaserad-keramik-for-en-elegant-och-tidlos-look.-Lamphallare-E27-s-32.png\",\"contentUrl\":\"https:\\\/\\\/qreativ.se\\\/wp-content\\\/uploads\\\/2024\\\/07\\\/Detaljer-som-forenar-form-och-funktion-Gatsby-ar-inte-bara-vacker-att-se-pa-\u2013-den-ar-ocksa-genomtankt-in-i-minsta-detalj-Material-Glaserad-keramik-for-en-elegant-och-tidlos-look.-Lamphallare-E27-s-32.png\",\"width\":2000,\"height\":2000},{\"@type\":\"BreadcrumbList\",\"@id\":\"https:\\\/\\\/qreativ.se\\\/dk\\\/produkt\\\/margit-kudde-cylinder-brun-pals\\\/#breadcrumb\",\"itemListElement\":[{\"@type\":\"ListItem\",\"position\":1,\"name\":\"Home\",\"item\":\"https:\\\/\\\/qreativ.se\\\/dk\\\/hjem\\\/\"},{\"@type\":\"ListItem\",\"position\":2,\"name\":\"Webbshop\",\"item\":\"https:\\\/\\\/qreativ.se\\\/dk\\\/webbshop\\\/\"},{\"@type\":\"ListItem\",\"position\":3,\"name\":\"Margit Cylinderkudde Brun Fuskp\u00e4ls\"}]},{\"@type\":\"WebSite\",\"@id\":\"https:\\\/\\\/qreativ.se\\\/dk\\\/#website\",\"url\":\"https:\\\/\\\/qreativ.se\\\/dk\\\/\",\"name\":\"Qreativ\",\"description\":\"\",\"alternateName\":\"qreativ.se\",\"potentialAction\":[{\"@type\":\"SearchAction\",\"target\":{\"@type\":\"EntryPoint\",\"urlTemplate\":\"https:\\\/\\\/qreativ.se\\\/dk\\\/?s={search_term_string}\"},\"query-input\":{\"@type\":\"PropertyValueSpecification\",\"valueRequired\":true,\"valueName\":\"search_term_string\"}}],\"inLanguage\":\"da-DK\"}]}<\/script>\n<!-- \/ Yoast SEO plugin. -->","yoast_head_json":{"title":"Margit Cylinderkudde Brun Fuskp\u00e4ls - Qreativ","robots":{"index":"index","follow":"follow","max-snippet":"max-snippet:-1","max-image-preview":"max-image-preview:large","max-video-preview":"max-video-preview:-1"},"canonical":"https:\/\/qreativ.se\/dk\/produkt\/margit-kudde-cylinder-brun-pals\/","og_locale":"da_DK","og_type":"article","og_title":"Margit Cylinderkudde Brun Fuskp\u00e4ls - Qreativ","og_description":"Best\u00e4ll din Margit kudde idag och addera en trendig och fluffig touch till ditt hem!","og_url":"https:\/\/qreativ.se\/dk\/produkt\/margit-kudde-cylinder-brun-pals\/","og_site_name":"Qreativ","article_modified_time":"2026-02-13T09:33:32+00:00","og_image":[{"width":1024,"height":1024,"url":"https:\/\/qreativ.se\/wp-content\/uploads\/2024\/07\/Detaljer-som-forenar-form-och-funktion-Gatsby-ar-inte-bara-vacker-att-se-pa-\u2013-den-ar-ocksa-genomtankt-in-i-minsta-detalj-Material-Glaserad-keramik-for-en-elegant-och-tidlos-look.-Lamphallare-E27-s-32-1024x1024.png","type":"image\/png"}],"twitter_card":"summary_large_image","twitter_misc":{"Estimeret l\u00e6setid":"1 minut"},"schema":{"@context":"https:\/\/schema.org","@graph":[{"@type":"WebPage","@id":"https:\/\/qreativ.se\/dk\/produkt\/margit-kudde-cylinder-brun-pals\/","url":"https:\/\/qreativ.se\/dk\/produkt\/margit-kudde-cylinder-brun-pals\/","name":"Margit Cylinderkudde Brun Fuskp\u00e4ls - Qreativ","isPartOf":{"@id":"https:\/\/qreativ.se\/dk\/#website"},"primaryImageOfPage":{"@id":"https:\/\/qreativ.se\/dk\/produkt\/margit-kudde-cylinder-brun-pals\/#primaryimage"},"image":{"@id":"https:\/\/qreativ.se\/dk\/produkt\/margit-kudde-cylinder-brun-pals\/#primaryimage"},"thumbnailUrl":"https:\/\/qreativ.se\/wp-content\/uploads\/2024\/07\/Detaljer-som-forenar-form-och-funktion-Gatsby-ar-inte-bara-vacker-att-se-pa-\u2013-den-ar-ocksa-genomtankt-in-i-minsta-detalj-Material-Glaserad-keramik-for-en-elegant-och-tidlos-look.-Lamphallare-E27-s-32.png","datePublished":"2024-07-18T15:04:20+00:00","dateModified":"2026-02-13T09:33:32+00:00","breadcrumb":{"@id":"https:\/\/qreativ.se\/dk\/produkt\/margit-kudde-cylinder-brun-pals\/#breadcrumb"},"inLanguage":"da-DK","potentialAction":[{"@type":"ReadAction","target":["https:\/\/qreativ.se\/dk\/produkt\/margit-kudde-cylinder-brun-pals\/"]}]},{"@type":"ImageObject","inLanguage":"da-DK","@id":"https:\/\/qreativ.se\/dk\/produkt\/margit-kudde-cylinder-brun-pals\/#primaryimage","url":"https:\/\/qreativ.se\/wp-content\/uploads\/2024\/07\/Detaljer-som-forenar-form-och-funktion-Gatsby-ar-inte-bara-vacker-att-se-pa-\u2013-den-ar-ocksa-genomtankt-in-i-minsta-detalj-Material-Glaserad-keramik-for-en-elegant-och-tidlos-look.-Lamphallare-E27-s-32.png","contentUrl":"https:\/\/qreativ.se\/wp-content\/uploads\/2024\/07\/Detaljer-som-forenar-form-och-funktion-Gatsby-ar-inte-bara-vacker-att-se-pa-\u2013-den-ar-ocksa-genomtankt-in-i-minsta-detalj-Material-Glaserad-keramik-for-en-elegant-och-tidlos-look.-Lamphallare-E27-s-32.png","width":2000,"height":2000},{"@type":"BreadcrumbList","@id":"https:\/\/qreativ.se\/dk\/produkt\/margit-kudde-cylinder-brun-pals\/#breadcrumb","itemListElement":[{"@type":"ListItem","position":1,"name":"Home","item":"https:\/\/qreativ.se\/dk\/hjem\/"},{"@type":"ListItem","position":2,"name":"Webbshop","item":"https:\/\/qreativ.se\/dk\/webbshop\/"},{"@type":"ListItem","position":3,"name":"Margit Cylinderkudde Brun Fuskp\u00e4ls"}]},{"@type":"WebSite","@id":"https:\/\/qreativ.se\/dk\/#website","url":"https:\/\/qreativ.se\/dk\/","name":"Qreativ","description":"","alternateName":"qreativ.se","potentialAction":[{"@type":"SearchAction","target":{"@type":"EntryPoint","urlTemplate":"https:\/\/qreativ.se\/dk\/?s={search_term_string}"},"query-input":{"@type":"PropertyValueSpecification","valueRequired":true,"valueName":"search_term_string"}}],"inLanguage":"da-DK"}]}},"_links":{"self":[{"href":"https:\/\/qreativ.se\/dk\/wp-json\/wp\/v2\/product\/17118","targetHints":{"allow":["GET"]}}],"collection":[{"href":"https:\/\/qreativ.se\/dk\/wp-json\/wp\/v2\/product"}],"about":[{"href":"https:\/\/qreativ.se\/dk\/wp-json\/wp\/v2\/types\/product"}],"replies":[{"embeddable":true,"href":"https:\/\/qreativ.se\/dk\/wp-json\/wp\/v2\/comments?post=17118"}],"wp:featuredmedia":[{"embeddable":true,"href":"https:\/\/qreativ.se\/dk\/wp-json\/wp\/v2\/media\/17120"}],"wp:attachment":[{"href":"https:\/\/qreativ.se\/dk\/wp-json\/wp\/v2\/media?parent=17118"}],"wp:term":[{"taxonomy":"product_brand","embeddable":true,"href":"https:\/\/qreativ.se\/dk\/wp-json\/wp\/v2\/product_brand?post=17118"},{"taxonomy":"product_cat","embeddable":true,"href":"https:\/\/qreativ.se\/dk\/wp-json\/wp\/v2\/product_cat?post=17118"},{"taxonomy":"product_tag","embeddable":true,"href":"https:\/\/qreativ.se\/dk\/wp-json\/wp\/v2\/product_tag?post=17118"}],"curies":[{"name":"wp","href":"https:\/\/api.w.org\/{rel}","templated":true}]}}