{"id":17285,"date":"2024-07-18T15:01:55","date_gmt":"2024-07-18T15:01:55","guid":{"rendered":"https:\/\/qreativ.se\/produkt\/juni-sittpuff-elfenben\/"},"modified":"2026-02-13T09:30:41","modified_gmt":"2026-02-13T09:30:41","slug":"juni-sittpuff-elfenben","status":"publish","type":"product","link":"https:\/\/qreativ.se\/dk\/produkt\/juni-sittpuff-elfenben\/","title":{"rendered":"Dekorativ Sittpuff i Bomull Offwhite &#8211; Juni"},"content":{"rendered":"<h4 data-start=\"101\" data-end=\"175\"><strong data-start=\"104\" data-end=\"173\">Juni sittpuff \u2013 handgjord puff i elfenben med vackert m\u00f6nster<\/strong><\/h4>\n<p data-start=\"176\" data-end=\"429\">Juni sittpuff \u00e4r en <strong data-start=\"196\" data-end=\"238\">stilren och harmonisk inredningsdetalj<\/strong> som kombinerar mjuka naturtoner med ett detaljerat, handgjort uttryck. Den elfenbensf\u00e4rgade puffen \u00e4r kl\u00e4dd i ett dekorativt knutet m\u00f6nster som ger rummet struktur, v\u00e4rme och personlighet.<\/p>\n<p data-start=\"647\" data-end=\"860\"><strong data-start=\"647\" data-end=\"662\">Egenskaper:<\/strong><br data-start=\"662\" data-end=\"665\" \/>\u2022 F\u00e4rg: Elfenben<br data-start=\"681\" data-end=\"684\" \/>\u2022 Material: Bomull, polystyrenkulor<br data-start=\"719\" data-end=\"722\" \/>\u2022 Tidl\u00f6s och dekorativ design<br data-start=\"751\" data-end=\"754\" \/>\u2022 L\u00e4tt och flyttbar \u2013 idealisk som sittplats eller fotpall<br data-start=\"812\" data-end=\"815\" \/>\u2022 Handgjort uttryck med vackert knutm\u00f6nster<\/p>\n","protected":false},"excerpt":{"rendered":"<p>Juni sittpuff \u2013 elfenbensf\u00e4rgad handgjord puff i bomull<\/p>\n","protected":false},"featured_media":17286,"comment_status":"closed","ping_status":"closed","template":"","meta":{"_acf_changed":false,"inline_featured_image":false},"product_brand":[],"product_cat":[268,262],"product_tag":[286],"class_list":{"0":"post-17285","1":"product","2":"type-product","3":"status-publish","4":"has-post-thumbnail","6":"product_cat-saekkestole","7":"product_cat-inspirerende-tekstiler","8":"product_tag-easytoship","10":"first","11":"instock","12":"taxable","13":"shipping-taxable","14":"purchasable","15":"product-type-simple"},"acf":[],"yoast_head":"<!-- This site is optimized with the Yoast SEO plugin v27.6 - https:\/\/yoast.com\/product\/yoast-seo-wordpress\/ -->\n<title>Dekorativ Sittpuff i Bomull Offwhite - Juni - Qreativ<\/title>\n<meta name=\"robots\" content=\"index, follow, max-snippet:-1, max-image-preview:large, max-video-preview:-1\" \/>\n<link rel=\"canonical\" href=\"https:\/\/qreativ.se\/dk\/produkt\/juni-sittpuff-elfenben\/\" \/>\n<meta property=\"og:locale\" content=\"da_DK\" \/>\n<meta property=\"og:type\" content=\"article\" \/>\n<meta property=\"og:title\" content=\"Dekorativ Sittpuff i Bomull Offwhite - Juni - Qreativ\" \/>\n<meta property=\"og:description\" content=\"Juni sittpuff \u2013 elfenbensf\u00e4rgad handgjord puff i bomull\" \/>\n<meta property=\"og:url\" content=\"https:\/\/qreativ.se\/dk\/produkt\/juni-sittpuff-elfenben\/\" \/>\n<meta property=\"og:site_name\" content=\"Qreativ\" \/>\n<meta property=\"article:modified_time\" content=\"2026-02-13T09:30:41+00:00\" \/>\n<meta property=\"og:image\" content=\"https:\/\/qreativ.se\/wp-content\/uploads\/2024\/05\/080-609-00.png\" \/>\n\t<meta property=\"og:image:width\" content=\"720\" \/>\n\t<meta property=\"og:image:height\" content=\"720\" \/>\n\t<meta property=\"og:image:type\" content=\"image\/webp\" \/>\n<meta name=\"twitter:card\" content=\"summary_large_image\" \/>\n<meta name=\"twitter:label1\" content=\"Estimeret l\u00e6setid\" \/>\n\t<meta name=\"twitter:data1\" content=\"1 minut\" \/>\n<script type=\"application\/ld+json\" class=\"yoast-schema-graph\">{\"@context\":\"https:\\\/\\\/schema.org\",\"@graph\":[{\"@type\":\"WebPage\",\"@id\":\"https:\\\/\\\/qreativ.se\\\/dk\\\/produkt\\\/juni-sittpuff-elfenben\\\/\",\"url\":\"https:\\\/\\\/qreativ.se\\\/dk\\\/produkt\\\/juni-sittpuff-elfenben\\\/\",\"name\":\"Dekorativ Sittpuff i Bomull Offwhite - Juni - Qreativ\",\"isPartOf\":{\"@id\":\"https:\\\/\\\/qreativ.se\\\/dk\\\/#website\"},\"primaryImageOfPage\":{\"@id\":\"https:\\\/\\\/qreativ.se\\\/dk\\\/produkt\\\/juni-sittpuff-elfenben\\\/#primaryimage\"},\"image\":{\"@id\":\"https:\\\/\\\/qreativ.se\\\/dk\\\/produkt\\\/juni-sittpuff-elfenben\\\/#primaryimage\"},\"thumbnailUrl\":\"https:\\\/\\\/qreativ.se\\\/wp-content\\\/uploads\\\/2024\\\/05\\\/080-609-00.png\",\"datePublished\":\"2024-07-18T15:01:55+00:00\",\"dateModified\":\"2026-02-13T09:30:41+00:00\",\"breadcrumb\":{\"@id\":\"https:\\\/\\\/qreativ.se\\\/dk\\\/produkt\\\/juni-sittpuff-elfenben\\\/#breadcrumb\"},\"inLanguage\":\"da-DK\",\"potentialAction\":[{\"@type\":\"ReadAction\",\"target\":[\"https:\\\/\\\/qreativ.se\\\/dk\\\/produkt\\\/juni-sittpuff-elfenben\\\/\"]}]},{\"@type\":\"ImageObject\",\"inLanguage\":\"da-DK\",\"@id\":\"https:\\\/\\\/qreativ.se\\\/dk\\\/produkt\\\/juni-sittpuff-elfenben\\\/#primaryimage\",\"url\":\"https:\\\/\\\/qreativ.se\\\/wp-content\\\/uploads\\\/2024\\\/05\\\/080-609-00.png\",\"contentUrl\":\"https:\\\/\\\/qreativ.se\\\/wp-content\\\/uploads\\\/2024\\\/05\\\/080-609-00.png\",\"width\":720,\"height\":720},{\"@type\":\"BreadcrumbList\",\"@id\":\"https:\\\/\\\/qreativ.se\\\/dk\\\/produkt\\\/juni-sittpuff-elfenben\\\/#breadcrumb\",\"itemListElement\":[{\"@type\":\"ListItem\",\"position\":1,\"name\":\"Home\",\"item\":\"https:\\\/\\\/qreativ.se\\\/dk\\\/hjem\\\/\"},{\"@type\":\"ListItem\",\"position\":2,\"name\":\"Webbshop\",\"item\":\"https:\\\/\\\/qreativ.se\\\/dk\\\/webbshop\\\/\"},{\"@type\":\"ListItem\",\"position\":3,\"name\":\"Dekorativ Sittpuff i Bomull Offwhite &#8211; Juni\"}]},{\"@type\":\"WebSite\",\"@id\":\"https:\\\/\\\/qreativ.se\\\/dk\\\/#website\",\"url\":\"https:\\\/\\\/qreativ.se\\\/dk\\\/\",\"name\":\"Qreativ\",\"description\":\"\",\"alternateName\":\"qreativ.se\",\"potentialAction\":[{\"@type\":\"SearchAction\",\"target\":{\"@type\":\"EntryPoint\",\"urlTemplate\":\"https:\\\/\\\/qreativ.se\\\/dk\\\/?s={search_term_string}\"},\"query-input\":{\"@type\":\"PropertyValueSpecification\",\"valueRequired\":true,\"valueName\":\"search_term_string\"}}],\"inLanguage\":\"da-DK\"}]}<\/script>\n<!-- \/ Yoast SEO plugin. -->","yoast_head_json":{"title":"Dekorativ Sittpuff i Bomull Offwhite - Juni - Qreativ","robots":{"index":"index","follow":"follow","max-snippet":"max-snippet:-1","max-image-preview":"max-image-preview:large","max-video-preview":"max-video-preview:-1"},"canonical":"https:\/\/qreativ.se\/dk\/produkt\/juni-sittpuff-elfenben\/","og_locale":"da_DK","og_type":"article","og_title":"Dekorativ Sittpuff i Bomull Offwhite - Juni - Qreativ","og_description":"Juni sittpuff \u2013 elfenbensf\u00e4rgad handgjord puff i bomull","og_url":"https:\/\/qreativ.se\/dk\/produkt\/juni-sittpuff-elfenben\/","og_site_name":"Qreativ","article_modified_time":"2026-02-13T09:30:41+00:00","og_image":[{"width":720,"height":720,"url":"https:\/\/qreativ.se\/wp-content\/uploads\/2024\/05\/080-609-00.png","type":"image\/webp"}],"twitter_card":"summary_large_image","twitter_misc":{"Estimeret l\u00e6setid":"1 minut"},"schema":{"@context":"https:\/\/schema.org","@graph":[{"@type":"WebPage","@id":"https:\/\/qreativ.se\/dk\/produkt\/juni-sittpuff-elfenben\/","url":"https:\/\/qreativ.se\/dk\/produkt\/juni-sittpuff-elfenben\/","name":"Dekorativ Sittpuff i Bomull Offwhite - Juni - Qreativ","isPartOf":{"@id":"https:\/\/qreativ.se\/dk\/#website"},"primaryImageOfPage":{"@id":"https:\/\/qreativ.se\/dk\/produkt\/juni-sittpuff-elfenben\/#primaryimage"},"image":{"@id":"https:\/\/qreativ.se\/dk\/produkt\/juni-sittpuff-elfenben\/#primaryimage"},"thumbnailUrl":"https:\/\/qreativ.se\/wp-content\/uploads\/2024\/05\/080-609-00.png","datePublished":"2024-07-18T15:01:55+00:00","dateModified":"2026-02-13T09:30:41+00:00","breadcrumb":{"@id":"https:\/\/qreativ.se\/dk\/produkt\/juni-sittpuff-elfenben\/#breadcrumb"},"inLanguage":"da-DK","potentialAction":[{"@type":"ReadAction","target":["https:\/\/qreativ.se\/dk\/produkt\/juni-sittpuff-elfenben\/"]}]},{"@type":"ImageObject","inLanguage":"da-DK","@id":"https:\/\/qreativ.se\/dk\/produkt\/juni-sittpuff-elfenben\/#primaryimage","url":"https:\/\/qreativ.se\/wp-content\/uploads\/2024\/05\/080-609-00.png","contentUrl":"https:\/\/qreativ.se\/wp-content\/uploads\/2024\/05\/080-609-00.png","width":720,"height":720},{"@type":"BreadcrumbList","@id":"https:\/\/qreativ.se\/dk\/produkt\/juni-sittpuff-elfenben\/#breadcrumb","itemListElement":[{"@type":"ListItem","position":1,"name":"Home","item":"https:\/\/qreativ.se\/dk\/hjem\/"},{"@type":"ListItem","position":2,"name":"Webbshop","item":"https:\/\/qreativ.se\/dk\/webbshop\/"},{"@type":"ListItem","position":3,"name":"Dekorativ Sittpuff i Bomull Offwhite &#8211; Juni"}]},{"@type":"WebSite","@id":"https:\/\/qreativ.se\/dk\/#website","url":"https:\/\/qreativ.se\/dk\/","name":"Qreativ","description":"","alternateName":"qreativ.se","potentialAction":[{"@type":"SearchAction","target":{"@type":"EntryPoint","urlTemplate":"https:\/\/qreativ.se\/dk\/?s={search_term_string}"},"query-input":{"@type":"PropertyValueSpecification","valueRequired":true,"valueName":"search_term_string"}}],"inLanguage":"da-DK"}]}},"_links":{"self":[{"href":"https:\/\/qreativ.se\/dk\/wp-json\/wp\/v2\/product\/17285","targetHints":{"allow":["GET"]}}],"collection":[{"href":"https:\/\/qreativ.se\/dk\/wp-json\/wp\/v2\/product"}],"about":[{"href":"https:\/\/qreativ.se\/dk\/wp-json\/wp\/v2\/types\/product"}],"replies":[{"embeddable":true,"href":"https:\/\/qreativ.se\/dk\/wp-json\/wp\/v2\/comments?post=17285"}],"wp:featuredmedia":[{"embeddable":true,"href":"https:\/\/qreativ.se\/dk\/wp-json\/wp\/v2\/media\/17286"}],"wp:attachment":[{"href":"https:\/\/qreativ.se\/dk\/wp-json\/wp\/v2\/media?parent=17285"}],"wp:term":[{"taxonomy":"product_brand","embeddable":true,"href":"https:\/\/qreativ.se\/dk\/wp-json\/wp\/v2\/product_brand?post=17285"},{"taxonomy":"product_cat","embeddable":true,"href":"https:\/\/qreativ.se\/dk\/wp-json\/wp\/v2\/product_cat?post=17285"},{"taxonomy":"product_tag","embeddable":true,"href":"https:\/\/qreativ.se\/dk\/wp-json\/wp\/v2\/product_tag?post=17285"}],"curies":[{"name":"wp","href":"https:\/\/api.w.org\/{rel}","templated":true}]}}