{"id":17315,"date":"2025-04-15T08:21:35","date_gmt":"2025-04-15T08:21:35","guid":{"rendered":"https:\/\/qreativ.se\/produkt\/savanna-kuddfodral-beige-brun\/"},"modified":"2026-02-13T09:38:56","modified_gmt":"2026-02-13T09:38:56","slug":"savanna-kuddfodral-beige-brun","status":"publish","type":"product","link":"https:\/\/qreativ.se\/dk\/produkt\/savanna-kuddfodral-beige-brun\/","title":{"rendered":"Kuddfodral i kohud (flerf\u00e4rgad) &#8211; Savanna"},"content":{"rendered":"<h3 class=\"\" data-start=\"122\" data-end=\"175\"><strong>Savanna kuddfodral \u2013 Unik design i jordn\u00e4ra toner<\/strong><\/h3>\n<p class=\"\" data-start=\"177\" data-end=\"514\">Ge ditt hem en naturlig och stilfull k\u00e4nsla med\u00a0<strong data-start=\"225\" data-end=\"247\">Savanna kuddfodral<\/strong>\u00a0\u2013 en serie handgjorda kuddfodral i exklusiv kohud. Med sina\u00a0<strong data-start=\"308\" data-end=\"330\">jordn\u00e4ra f\u00e4rgtoner<\/strong>\u00a0och unika m\u00f6nster blir varje kudde ett personligt tillskott till din inredning. D\u00e5 fodralen \u00e4r\u00a0<strong data-start=\"426\" data-end=\"440\">handgjorda<\/strong>\u00a0kan f\u00e4rger och m\u00f6nster\u00a0<strong data-start=\"464\" data-end=\"475\">variera<\/strong>, vilket g\u00f6r varje exemplar helt unikt.<\/p>\n<p class=\"\" data-start=\"516\" data-end=\"647\">Savanna kuddfodral m\u00e4ter\u00a0<strong data-start=\"541\" data-end=\"553\">50\u00d750 cm<\/strong>, en perfekt storlek f\u00f6r soffan, f\u00e5t\u00f6ljen eller s\u00e4ngen. Observera att\u00a0<strong data-start=\"623\" data-end=\"646\">innerkudde ej ing\u00e5r<\/strong>.<\/p>\n<h4 class=\"\" data-start=\"649\" data-end=\"662\"><strong>Material<\/strong><\/h4>\n<ul data-start=\"663\" data-end=\"746\">\n<li class=\"\" data-start=\"663\" data-end=\"746\">\n<p class=\"\" data-start=\"665\" data-end=\"746\">100 % kohud \u2013 ett naturligt och slitstarkt material som \u00e5ldras vackert med tiden.<\/p>\n<\/li>\n<\/ul>\n<h4 class=\"\" data-start=\"748\" data-end=\"763\"><strong>Sk\u00f6tselr\u00e5d<\/strong><\/h4>\n<ul data-start=\"764\" data-end=\"890\">\n<li class=\"\" data-start=\"764\" data-end=\"807\">\n<p class=\"\" data-start=\"766\" data-end=\"807\">Endast\u00a0<strong data-start=\"773\" data-end=\"792\">fl\u00e4ckbehandling<\/strong>\u00a0rekommenderas.<\/p>\n<\/li>\n<li class=\"\" data-start=\"808\" data-end=\"890\">\n<p class=\"\" data-start=\"810\" data-end=\"890\">Produkten\u00a0<strong data-start=\"820\" data-end=\"837\">kan torrf\u00e4lla<\/strong>, vilket \u00e4r vanligt vid naturliga material som kohud.<\/p>\n<\/li>\n<\/ul>\n","protected":false},"excerpt":{"rendered":"<p>L\u00e5t Savanna kuddfodral bli ett blickf\u00e5ng i ditt hem \u2013 perfekt f\u00f6r dig som vill kombinera\u00a0<strong data-start=\"981\" data-end=\"1003\">naturliga material<\/strong>,\u00a0<strong data-start=\"1005\" data-end=\"1024\">jordn\u00e4ra f\u00e4rger<\/strong>\u00a0och\u00a0<strong data-start=\"1029\" data-end=\"1046\">tidl\u00f6s design<\/strong>.<\/p>\n","protected":false},"featured_media":17316,"comment_status":"open","ping_status":"closed","template":"","meta":{"_acf_changed":false,"inline_featured_image":false},"product_brand":[],"product_cat":[266,262],"product_tag":[286],"class_list":{"0":"post-17315","1":"product","2":"type-product","3":"status-publish","4":"has-post-thumbnail","6":"product_cat-puder-og-plaider","7":"product_cat-inspirerende-tekstiler","8":"product_tag-easytoship","10":"first","11":"instock","12":"sale","13":"taxable","14":"shipping-taxable","15":"purchasable","16":"product-type-simple"},"acf":[],"yoast_head":"<!-- This site is optimized with the Yoast SEO plugin v27.6 - https:\/\/yoast.com\/product\/yoast-seo-wordpress\/ -->\n<title>Kuddfodral i kohud (flerf\u00e4rgad) - Savanna - Qreativ<\/title>\n<meta name=\"robots\" content=\"index, follow, max-snippet:-1, max-image-preview:large, max-video-preview:-1\" \/>\n<link rel=\"canonical\" href=\"https:\/\/qreativ.se\/dk\/produkt\/savanna-kuddfodral-beige-brun\/\" \/>\n<meta property=\"og:locale\" content=\"da_DK\" \/>\n<meta property=\"og:type\" content=\"article\" \/>\n<meta property=\"og:title\" content=\"Kuddfodral i kohud (flerf\u00e4rgad) - Savanna - Qreativ\" \/>\n<meta property=\"og:description\" content=\"L\u00e5t Savanna kuddfodral bli ett blickf\u00e5ng i ditt hem \u2013 perfekt f\u00f6r dig som vill kombinera\u00a0naturliga material,\u00a0jordn\u00e4ra f\u00e4rger\u00a0och\u00a0tidl\u00f6s design.\" \/>\n<meta property=\"og:url\" content=\"https:\/\/qreativ.se\/dk\/produkt\/savanna-kuddfodral-beige-brun\/\" \/>\n<meta property=\"og:site_name\" content=\"Qreativ\" \/>\n<meta property=\"article:modified_time\" content=\"2026-02-13T09:38:56+00:00\" \/>\n<meta property=\"og:image\" content=\"https:\/\/qreativ.se\/wp-content\/uploads\/2025\/04\/070-163-00-1024x1024.png\" \/>\n\t<meta property=\"og:image:width\" content=\"1024\" \/>\n\t<meta property=\"og:image:height\" content=\"1024\" \/>\n\t<meta property=\"og:image:type\" content=\"image\/png\" \/>\n<meta name=\"twitter:card\" content=\"summary_large_image\" \/>\n<meta name=\"twitter:label1\" content=\"Estimeret l\u00e6setid\" \/>\n\t<meta name=\"twitter:data1\" content=\"1 minut\" \/>\n<script type=\"application\/ld+json\" class=\"yoast-schema-graph\">{\"@context\":\"https:\\\/\\\/schema.org\",\"@graph\":[{\"@type\":\"WebPage\",\"@id\":\"https:\\\/\\\/qreativ.se\\\/dk\\\/produkt\\\/savanna-kuddfodral-beige-brun\\\/\",\"url\":\"https:\\\/\\\/qreativ.se\\\/dk\\\/produkt\\\/savanna-kuddfodral-beige-brun\\\/\",\"name\":\"Kuddfodral i kohud (flerf\u00e4rgad) - Savanna - Qreativ\",\"isPartOf\":{\"@id\":\"https:\\\/\\\/qreativ.se\\\/dk\\\/#website\"},\"primaryImageOfPage\":{\"@id\":\"https:\\\/\\\/qreativ.se\\\/dk\\\/produkt\\\/savanna-kuddfodral-beige-brun\\\/#primaryimage\"},\"image\":{\"@id\":\"https:\\\/\\\/qreativ.se\\\/dk\\\/produkt\\\/savanna-kuddfodral-beige-brun\\\/#primaryimage\"},\"thumbnailUrl\":\"https:\\\/\\\/qreativ.se\\\/wp-content\\\/uploads\\\/2025\\\/04\\\/070-163-00.png\",\"datePublished\":\"2025-04-15T08:21:35+00:00\",\"dateModified\":\"2026-02-13T09:38:56+00:00\",\"breadcrumb\":{\"@id\":\"https:\\\/\\\/qreativ.se\\\/dk\\\/produkt\\\/savanna-kuddfodral-beige-brun\\\/#breadcrumb\"},\"inLanguage\":\"da-DK\",\"potentialAction\":[{\"@type\":\"ReadAction\",\"target\":[\"https:\\\/\\\/qreativ.se\\\/dk\\\/produkt\\\/savanna-kuddfodral-beige-brun\\\/\"]}]},{\"@type\":\"ImageObject\",\"inLanguage\":\"da-DK\",\"@id\":\"https:\\\/\\\/qreativ.se\\\/dk\\\/produkt\\\/savanna-kuddfodral-beige-brun\\\/#primaryimage\",\"url\":\"https:\\\/\\\/qreativ.se\\\/wp-content\\\/uploads\\\/2025\\\/04\\\/070-163-00.png\",\"contentUrl\":\"https:\\\/\\\/qreativ.se\\\/wp-content\\\/uploads\\\/2025\\\/04\\\/070-163-00.png\",\"width\":1500,\"height\":1500},{\"@type\":\"BreadcrumbList\",\"@id\":\"https:\\\/\\\/qreativ.se\\\/dk\\\/produkt\\\/savanna-kuddfodral-beige-brun\\\/#breadcrumb\",\"itemListElement\":[{\"@type\":\"ListItem\",\"position\":1,\"name\":\"Home\",\"item\":\"https:\\\/\\\/qreativ.se\\\/dk\\\/hjem\\\/\"},{\"@type\":\"ListItem\",\"position\":2,\"name\":\"Webbshop\",\"item\":\"https:\\\/\\\/qreativ.se\\\/dk\\\/webbshop\\\/\"},{\"@type\":\"ListItem\",\"position\":3,\"name\":\"Kuddfodral i kohud (flerf\u00e4rgad) &#8211; Savanna\"}]},{\"@type\":\"WebSite\",\"@id\":\"https:\\\/\\\/qreativ.se\\\/dk\\\/#website\",\"url\":\"https:\\\/\\\/qreativ.se\\\/dk\\\/\",\"name\":\"Qreativ\",\"description\":\"\",\"alternateName\":\"qreativ.se\",\"potentialAction\":[{\"@type\":\"SearchAction\",\"target\":{\"@type\":\"EntryPoint\",\"urlTemplate\":\"https:\\\/\\\/qreativ.se\\\/dk\\\/?s={search_term_string}\"},\"query-input\":{\"@type\":\"PropertyValueSpecification\",\"valueRequired\":true,\"valueName\":\"search_term_string\"}}],\"inLanguage\":\"da-DK\"}]}<\/script>\n<!-- \/ Yoast SEO plugin. -->","yoast_head_json":{"title":"Kuddfodral i kohud (flerf\u00e4rgad) - Savanna - Qreativ","robots":{"index":"index","follow":"follow","max-snippet":"max-snippet:-1","max-image-preview":"max-image-preview:large","max-video-preview":"max-video-preview:-1"},"canonical":"https:\/\/qreativ.se\/dk\/produkt\/savanna-kuddfodral-beige-brun\/","og_locale":"da_DK","og_type":"article","og_title":"Kuddfodral i kohud (flerf\u00e4rgad) - Savanna - Qreativ","og_description":"L\u00e5t Savanna kuddfodral bli ett blickf\u00e5ng i ditt hem \u2013 perfekt f\u00f6r dig som vill kombinera\u00a0naturliga material,\u00a0jordn\u00e4ra f\u00e4rger\u00a0och\u00a0tidl\u00f6s design.","og_url":"https:\/\/qreativ.se\/dk\/produkt\/savanna-kuddfodral-beige-brun\/","og_site_name":"Qreativ","article_modified_time":"2026-02-13T09:38:56+00:00","og_image":[{"width":1024,"height":1024,"url":"https:\/\/qreativ.se\/wp-content\/uploads\/2025\/04\/070-163-00-1024x1024.png","type":"image\/png"}],"twitter_card":"summary_large_image","twitter_misc":{"Estimeret l\u00e6setid":"1 minut"},"schema":{"@context":"https:\/\/schema.org","@graph":[{"@type":"WebPage","@id":"https:\/\/qreativ.se\/dk\/produkt\/savanna-kuddfodral-beige-brun\/","url":"https:\/\/qreativ.se\/dk\/produkt\/savanna-kuddfodral-beige-brun\/","name":"Kuddfodral i kohud (flerf\u00e4rgad) - Savanna - Qreativ","isPartOf":{"@id":"https:\/\/qreativ.se\/dk\/#website"},"primaryImageOfPage":{"@id":"https:\/\/qreativ.se\/dk\/produkt\/savanna-kuddfodral-beige-brun\/#primaryimage"},"image":{"@id":"https:\/\/qreativ.se\/dk\/produkt\/savanna-kuddfodral-beige-brun\/#primaryimage"},"thumbnailUrl":"https:\/\/qreativ.se\/wp-content\/uploads\/2025\/04\/070-163-00.png","datePublished":"2025-04-15T08:21:35+00:00","dateModified":"2026-02-13T09:38:56+00:00","breadcrumb":{"@id":"https:\/\/qreativ.se\/dk\/produkt\/savanna-kuddfodral-beige-brun\/#breadcrumb"},"inLanguage":"da-DK","potentialAction":[{"@type":"ReadAction","target":["https:\/\/qreativ.se\/dk\/produkt\/savanna-kuddfodral-beige-brun\/"]}]},{"@type":"ImageObject","inLanguage":"da-DK","@id":"https:\/\/qreativ.se\/dk\/produkt\/savanna-kuddfodral-beige-brun\/#primaryimage","url":"https:\/\/qreativ.se\/wp-content\/uploads\/2025\/04\/070-163-00.png","contentUrl":"https:\/\/qreativ.se\/wp-content\/uploads\/2025\/04\/070-163-00.png","width":1500,"height":1500},{"@type":"BreadcrumbList","@id":"https:\/\/qreativ.se\/dk\/produkt\/savanna-kuddfodral-beige-brun\/#breadcrumb","itemListElement":[{"@type":"ListItem","position":1,"name":"Home","item":"https:\/\/qreativ.se\/dk\/hjem\/"},{"@type":"ListItem","position":2,"name":"Webbshop","item":"https:\/\/qreativ.se\/dk\/webbshop\/"},{"@type":"ListItem","position":3,"name":"Kuddfodral i kohud (flerf\u00e4rgad) &#8211; Savanna"}]},{"@type":"WebSite","@id":"https:\/\/qreativ.se\/dk\/#website","url":"https:\/\/qreativ.se\/dk\/","name":"Qreativ","description":"","alternateName":"qreativ.se","potentialAction":[{"@type":"SearchAction","target":{"@type":"EntryPoint","urlTemplate":"https:\/\/qreativ.se\/dk\/?s={search_term_string}"},"query-input":{"@type":"PropertyValueSpecification","valueRequired":true,"valueName":"search_term_string"}}],"inLanguage":"da-DK"}]}},"_links":{"self":[{"href":"https:\/\/qreativ.se\/dk\/wp-json\/wp\/v2\/product\/17315","targetHints":{"allow":["GET"]}}],"collection":[{"href":"https:\/\/qreativ.se\/dk\/wp-json\/wp\/v2\/product"}],"about":[{"href":"https:\/\/qreativ.se\/dk\/wp-json\/wp\/v2\/types\/product"}],"replies":[{"embeddable":true,"href":"https:\/\/qreativ.se\/dk\/wp-json\/wp\/v2\/comments?post=17315"}],"wp:featuredmedia":[{"embeddable":true,"href":"https:\/\/qreativ.se\/dk\/wp-json\/wp\/v2\/media\/17316"}],"wp:attachment":[{"href":"https:\/\/qreativ.se\/dk\/wp-json\/wp\/v2\/media?parent=17315"}],"wp:term":[{"taxonomy":"product_brand","embeddable":true,"href":"https:\/\/qreativ.se\/dk\/wp-json\/wp\/v2\/product_brand?post=17315"},{"taxonomy":"product_cat","embeddable":true,"href":"https:\/\/qreativ.se\/dk\/wp-json\/wp\/v2\/product_cat?post=17315"},{"taxonomy":"product_tag","embeddable":true,"href":"https:\/\/qreativ.se\/dk\/wp-json\/wp\/v2\/product_tag?post=17315"}],"curies":[{"name":"wp","href":"https:\/\/api.w.org\/{rel}","templated":true}]}}