{"id":17713,"date":"2024-12-05T13:26:23","date_gmt":"2024-12-05T13:26:23","guid":{"rendered":"https:\/\/qreativ.se\/produkt\/palle-pall-rund-lag\/"},"modified":"2026-02-13T09:36:13","modified_gmt":"2026-02-13T09:36:13","slug":"palle-pall-rund-lag","status":"publish","type":"product","link":"https:\/\/qreativ.se\/dk\/produkt\/palle-pall-rund-lag\/","title":{"rendered":"Palle tr\u00e4pall rund l\u00e5g vintage"},"content":{"rendered":"<p><strong>Unika Handgjorda Pallar i Teakrot med Vintage Finish<\/strong><\/p>\n<p>Lyft ditt hem med v\u00e5r exklusiva serie handgjorda pallar tillverkade av massiv teakrot. Med en vacker <strong>vintage finish<\/strong> erbjuder dessa pallar en unik kombination av r\u00e5 natur och elegant design. Varje pall \u00e4r ett noggrant hantverk d\u00e4r teakrotens naturliga former framh\u00e4vs, vilket g\u00f6r varje m\u00f6bel till ett unikt konstverk.<\/p>\n<p><strong>Varf\u00f6r v\u00e4lja dessa teakrotspallar?<\/strong><\/p>\n<ul>\n<li><strong>Unikt hantverk:<\/strong> Ingen pall \u00e4r den andra lik, vilket g\u00f6r varje m\u00f6bel helt unik.<\/li>\n<li><strong>H\u00e5llbart material:<\/strong> Teakrot \u00e4r ett slitstarkt och milj\u00f6v\u00e4nligt material som f\u00f6rkroppsligar h\u00e5llbar lyx.<\/li>\n<li><strong>Vintage finish:<\/strong> Den \u00e5ldrade looken ger en rustik charm som passar b\u00e5de moderna och traditionella inredningsstilar.<\/li>\n<li><strong>M\u00e5ngsidig design:<\/strong> Perfekt som extra sittplats, sidobord eller dekorativ detalj i alla rum.<\/li>\n<\/ul>\n","protected":false},"excerpt":{"rendered":"<p>Serien Palle \u00e4r b\u00e5de funktionella och estetiskt tilltalande, vilket g\u00f6r dem till det perfekta tillskottet f\u00f6r dig som s\u00f6ker unika m\u00f6bler med karakt\u00e4r. Placera dem i vardagsrummet, sovrummet eller hallen f\u00f6r att skapa ett stilrent och inbjudande hem.<\/p>\n","protected":false},"featured_media":17714,"comment_status":"open","ping_status":"closed","template":"","meta":{"_acf_changed":false,"inline_featured_image":false},"product_brand":[],"product_cat":[244,247,270],"product_tag":[286],"class_list":{"0":"post-17713","1":"product","2":"type-product","3":"status-publish","4":"has-post-thumbnail","6":"product_cat-stilfulde-funktionelle-moebler","7":"product_cat-skamler-baenke","8":"product_cat-unik-vintage-indretning","9":"product_tag-easytoship","11":"first","12":"instock","13":"taxable","14":"shipping-taxable","15":"purchasable","16":"product-type-simple"},"acf":[],"yoast_head":"<!-- This site is optimized with the Yoast SEO plugin v27.5 - https:\/\/yoast.com\/product\/yoast-seo-wordpress\/ -->\n<title>Palle tr\u00e4pall rund l\u00e5g vintage - Qreativ<\/title>\n<meta name=\"robots\" content=\"index, follow, max-snippet:-1, max-image-preview:large, max-video-preview:-1\" \/>\n<link rel=\"canonical\" href=\"https:\/\/qreativ.se\/dk\/produkt\/palle-pall-rund-lag\/\" \/>\n<meta property=\"og:locale\" content=\"da_DK\" \/>\n<meta property=\"og:type\" content=\"article\" \/>\n<meta property=\"og:title\" content=\"Palle tr\u00e4pall rund l\u00e5g vintage - Qreativ\" \/>\n<meta property=\"og:description\" content=\"Serien Palle \u00e4r b\u00e5de funktionella och estetiskt tilltalande, vilket g\u00f6r dem till det perfekta tillskottet f\u00f6r dig som s\u00f6ker unika m\u00f6bler med karakt\u00e4r. Placera dem i vardagsrummet, sovrummet eller hallen f\u00f6r att skapa ett stilrent och inbjudande hem.\" \/>\n<meta property=\"og:url\" content=\"https:\/\/qreativ.se\/dk\/produkt\/palle-pall-rund-lag\/\" \/>\n<meta property=\"og:site_name\" content=\"Qreativ\" \/>\n<meta property=\"article:modified_time\" content=\"2026-02-13T09:36:13+00:00\" \/>\n<meta property=\"og:image\" content=\"https:\/\/qreativ.se\/wp-content\/uploads\/2024\/12\/737-188-00.png\" \/>\n\t<meta property=\"og:image:width\" content=\"1500\" \/>\n\t<meta property=\"og:image:height\" content=\"1500\" \/>\n\t<meta property=\"og:image:type\" content=\"image\/png\" \/>\n<meta name=\"twitter:card\" content=\"summary_large_image\" \/>\n<meta name=\"twitter:label1\" content=\"Estimeret l\u00e6setid\" \/>\n\t<meta name=\"twitter:data1\" content=\"1 minut\" \/>\n<script type=\"application\/ld+json\" class=\"yoast-schema-graph\">{\"@context\":\"https:\\\/\\\/schema.org\",\"@graph\":[{\"@type\":\"WebPage\",\"@id\":\"https:\\\/\\\/qreativ.se\\\/dk\\\/produkt\\\/palle-pall-rund-lag\\\/\",\"url\":\"https:\\\/\\\/qreativ.se\\\/dk\\\/produkt\\\/palle-pall-rund-lag\\\/\",\"name\":\"Palle tr\u00e4pall rund l\u00e5g vintage - Qreativ\",\"isPartOf\":{\"@id\":\"https:\\\/\\\/qreativ.se\\\/dk\\\/#website\"},\"primaryImageOfPage\":{\"@id\":\"https:\\\/\\\/qreativ.se\\\/dk\\\/produkt\\\/palle-pall-rund-lag\\\/#primaryimage\"},\"image\":{\"@id\":\"https:\\\/\\\/qreativ.se\\\/dk\\\/produkt\\\/palle-pall-rund-lag\\\/#primaryimage\"},\"thumbnailUrl\":\"https:\\\/\\\/qreativ.se\\\/wp-content\\\/uploads\\\/2024\\\/12\\\/737-188-00.png\",\"datePublished\":\"2024-12-05T13:26:23+00:00\",\"dateModified\":\"2026-02-13T09:36:13+00:00\",\"breadcrumb\":{\"@id\":\"https:\\\/\\\/qreativ.se\\\/dk\\\/produkt\\\/palle-pall-rund-lag\\\/#breadcrumb\"},\"inLanguage\":\"da-DK\",\"potentialAction\":[{\"@type\":\"ReadAction\",\"target\":[\"https:\\\/\\\/qreativ.se\\\/dk\\\/produkt\\\/palle-pall-rund-lag\\\/\"]}]},{\"@type\":\"ImageObject\",\"inLanguage\":\"da-DK\",\"@id\":\"https:\\\/\\\/qreativ.se\\\/dk\\\/produkt\\\/palle-pall-rund-lag\\\/#primaryimage\",\"url\":\"https:\\\/\\\/qreativ.se\\\/wp-content\\\/uploads\\\/2024\\\/12\\\/737-188-00.png\",\"contentUrl\":\"https:\\\/\\\/qreativ.se\\\/wp-content\\\/uploads\\\/2024\\\/12\\\/737-188-00.png\",\"width\":1500,\"height\":1500},{\"@type\":\"BreadcrumbList\",\"@id\":\"https:\\\/\\\/qreativ.se\\\/dk\\\/produkt\\\/palle-pall-rund-lag\\\/#breadcrumb\",\"itemListElement\":[{\"@type\":\"ListItem\",\"position\":1,\"name\":\"Home\",\"item\":\"https:\\\/\\\/qreativ.se\\\/dk\\\/hjem\\\/\"},{\"@type\":\"ListItem\",\"position\":2,\"name\":\"Webbshop\",\"item\":\"https:\\\/\\\/qreativ.se\\\/dk\\\/webbshop\\\/\"},{\"@type\":\"ListItem\",\"position\":3,\"name\":\"Palle tr\u00e4pall rund l\u00e5g vintage\"}]},{\"@type\":\"WebSite\",\"@id\":\"https:\\\/\\\/qreativ.se\\\/dk\\\/#website\",\"url\":\"https:\\\/\\\/qreativ.se\\\/dk\\\/\",\"name\":\"Qreativ\",\"description\":\"\",\"alternateName\":\"qreativ.se\",\"potentialAction\":[{\"@type\":\"SearchAction\",\"target\":{\"@type\":\"EntryPoint\",\"urlTemplate\":\"https:\\\/\\\/qreativ.se\\\/dk\\\/?s={search_term_string}\"},\"query-input\":{\"@type\":\"PropertyValueSpecification\",\"valueRequired\":true,\"valueName\":\"search_term_string\"}}],\"inLanguage\":\"da-DK\"}]}<\/script>\n<!-- \/ Yoast SEO plugin. -->","yoast_head_json":{"title":"Palle tr\u00e4pall rund l\u00e5g vintage - Qreativ","robots":{"index":"index","follow":"follow","max-snippet":"max-snippet:-1","max-image-preview":"max-image-preview:large","max-video-preview":"max-video-preview:-1"},"canonical":"https:\/\/qreativ.se\/dk\/produkt\/palle-pall-rund-lag\/","og_locale":"da_DK","og_type":"article","og_title":"Palle tr\u00e4pall rund l\u00e5g vintage - Qreativ","og_description":"Serien Palle \u00e4r b\u00e5de funktionella och estetiskt tilltalande, vilket g\u00f6r dem till det perfekta tillskottet f\u00f6r dig som s\u00f6ker unika m\u00f6bler med karakt\u00e4r. Placera dem i vardagsrummet, sovrummet eller hallen f\u00f6r att skapa ett stilrent och inbjudande hem.","og_url":"https:\/\/qreativ.se\/dk\/produkt\/palle-pall-rund-lag\/","og_site_name":"Qreativ","article_modified_time":"2026-02-13T09:36:13+00:00","og_image":[{"width":1500,"height":1500,"url":"https:\/\/qreativ.se\/wp-content\/uploads\/2024\/12\/737-188-00.png","type":"image\/png"}],"twitter_card":"summary_large_image","twitter_misc":{"Estimeret l\u00e6setid":"1 minut"},"schema":{"@context":"https:\/\/schema.org","@graph":[{"@type":"WebPage","@id":"https:\/\/qreativ.se\/dk\/produkt\/palle-pall-rund-lag\/","url":"https:\/\/qreativ.se\/dk\/produkt\/palle-pall-rund-lag\/","name":"Palle tr\u00e4pall rund l\u00e5g vintage - Qreativ","isPartOf":{"@id":"https:\/\/qreativ.se\/dk\/#website"},"primaryImageOfPage":{"@id":"https:\/\/qreativ.se\/dk\/produkt\/palle-pall-rund-lag\/#primaryimage"},"image":{"@id":"https:\/\/qreativ.se\/dk\/produkt\/palle-pall-rund-lag\/#primaryimage"},"thumbnailUrl":"https:\/\/qreativ.se\/wp-content\/uploads\/2024\/12\/737-188-00.png","datePublished":"2024-12-05T13:26:23+00:00","dateModified":"2026-02-13T09:36:13+00:00","breadcrumb":{"@id":"https:\/\/qreativ.se\/dk\/produkt\/palle-pall-rund-lag\/#breadcrumb"},"inLanguage":"da-DK","potentialAction":[{"@type":"ReadAction","target":["https:\/\/qreativ.se\/dk\/produkt\/palle-pall-rund-lag\/"]}]},{"@type":"ImageObject","inLanguage":"da-DK","@id":"https:\/\/qreativ.se\/dk\/produkt\/palle-pall-rund-lag\/#primaryimage","url":"https:\/\/qreativ.se\/wp-content\/uploads\/2024\/12\/737-188-00.png","contentUrl":"https:\/\/qreativ.se\/wp-content\/uploads\/2024\/12\/737-188-00.png","width":1500,"height":1500},{"@type":"BreadcrumbList","@id":"https:\/\/qreativ.se\/dk\/produkt\/palle-pall-rund-lag\/#breadcrumb","itemListElement":[{"@type":"ListItem","position":1,"name":"Home","item":"https:\/\/qreativ.se\/dk\/hjem\/"},{"@type":"ListItem","position":2,"name":"Webbshop","item":"https:\/\/qreativ.se\/dk\/webbshop\/"},{"@type":"ListItem","position":3,"name":"Palle tr\u00e4pall rund l\u00e5g vintage"}]},{"@type":"WebSite","@id":"https:\/\/qreativ.se\/dk\/#website","url":"https:\/\/qreativ.se\/dk\/","name":"Qreativ","description":"","alternateName":"qreativ.se","potentialAction":[{"@type":"SearchAction","target":{"@type":"EntryPoint","urlTemplate":"https:\/\/qreativ.se\/dk\/?s={search_term_string}"},"query-input":{"@type":"PropertyValueSpecification","valueRequired":true,"valueName":"search_term_string"}}],"inLanguage":"da-DK"}]}},"_links":{"self":[{"href":"https:\/\/qreativ.se\/dk\/wp-json\/wp\/v2\/product\/17713","targetHints":{"allow":["GET"]}}],"collection":[{"href":"https:\/\/qreativ.se\/dk\/wp-json\/wp\/v2\/product"}],"about":[{"href":"https:\/\/qreativ.se\/dk\/wp-json\/wp\/v2\/types\/product"}],"replies":[{"embeddable":true,"href":"https:\/\/qreativ.se\/dk\/wp-json\/wp\/v2\/comments?post=17713"}],"wp:featuredmedia":[{"embeddable":true,"href":"https:\/\/qreativ.se\/dk\/wp-json\/wp\/v2\/media\/17714"}],"wp:attachment":[{"href":"https:\/\/qreativ.se\/dk\/wp-json\/wp\/v2\/media?parent=17713"}],"wp:term":[{"taxonomy":"product_brand","embeddable":true,"href":"https:\/\/qreativ.se\/dk\/wp-json\/wp\/v2\/product_brand?post=17713"},{"taxonomy":"product_cat","embeddable":true,"href":"https:\/\/qreativ.se\/dk\/wp-json\/wp\/v2\/product_cat?post=17713"},{"taxonomy":"product_tag","embeddable":true,"href":"https:\/\/qreativ.se\/dk\/wp-json\/wp\/v2\/product_tag?post=17713"}],"curies":[{"name":"wp","href":"https:\/\/api.w.org\/{rel}","templated":true}]}}