{"id":17763,"date":"2024-11-21T18:11:51","date_gmt":"2024-11-21T18:11:51","guid":{"rendered":"https:\/\/qreativ.se\/produkt\/fat-guld-lov\/"},"modified":"2026-02-13T09:36:02","modified_gmt":"2026-02-13T09:36:02","slug":"fat-guld-lov","status":"publish","type":"product","link":"https:\/\/qreativ.se\/dk\/produkt\/fat-guld-lov\/","title":{"rendered":"Fat guld l\u00f6v"},"content":{"rendered":"<p data-start=\"259\" data-end=\"484\">L\u00e5t <strong data-start=\"263\" data-end=\"303\">naturens former m\u00f6ta exklusiv design<\/strong> med detta <strong data-start=\"314\" data-end=\"346\">vackra l\u00f6vformade fat i guld<\/strong>. Den stilfulla metallfinishen ger en elegant touch, medan den organiska formen tillf\u00f6r en mjuk och naturn\u00e4ra k\u00e4nsla till din inredning.<\/p>\n<p data-start=\"486\" data-end=\"755\">Detta fat \u00e4r lika <strong data-start=\"504\" data-end=\"539\">praktiskt som det \u00e4r dekorativt<\/strong> \u2013 anv\u00e4nd det som en <strong data-start=\"560\" data-end=\"621\">snygg f\u00f6rvaring f\u00f6r smycken, nycklar eller andra sm\u00e5saker<\/strong>, eller l\u00e5t det bli en del av en vacker ljusdekoration. Oavsett placering ger det en <strong data-start=\"706\" data-end=\"740\">lyxig och st\u00e4mningsfull k\u00e4nsla<\/strong> till rummet.<\/p>\n<ul data-start=\"757\" data-end=\"1059\">\n<li data-start=\"757\" data-end=\"812\"><strong data-start=\"759\" data-end=\"810\">Elegant fat i form av ett l\u00f6v med guldig finish<\/strong><\/li>\n<li data-start=\"813\" data-end=\"871\"><strong data-start=\"815\" data-end=\"869\">Perfekt som dekoration eller f\u00f6rvaring av sm\u00e5saker<\/strong><\/li>\n<li data-start=\"872\" data-end=\"942\"><strong data-start=\"874\" data-end=\"940\">Passar lika bra i vardagsrummet, hallen eller p\u00e5 middagsbordet<\/strong><\/li>\n<li data-start=\"943\" data-end=\"1004\"><strong data-start=\"945\" data-end=\"1002\">Tillverkad i metall f\u00f6r en stilren och h\u00e5llbar design<\/strong><\/li>\n<li data-start=\"1005\" data-end=\"1059\"><strong data-start=\"1007\" data-end=\"1057\">Skapar en sofistikerad och inbjudande atmosf\u00e4r<\/strong><\/li>\n<\/ul>\n<p data-start=\"1061\" data-end=\"1171\" data-is-last-node=\"\" data-is-only-node=\"\">L\u00e5t detta <strong data-start=\"1071\" data-end=\"1125\">dekorativa guldfat bli en tidl\u00f6s detalj i ditt hem<\/strong> och lyfta inredningen med sin eleganta charm!<\/p>\n","protected":false},"excerpt":{"rendered":"<p>Skapa en lyxig atmosf\u00e4r med detta eleganta l\u00f6vformade fat i guld! Perfekt som en dekorativ detalj p\u00e5 soffbordet, i hallen eller p\u00e5 middagsbordet.<\/p>\n","protected":false},"featured_media":17765,"comment_status":"open","ping_status":"closed","template":"","meta":{"_acf_changed":false,"inline_featured_image":false},"product_brand":[],"product_cat":[223,225],"product_tag":[286],"class_list":{"0":"post-17763","1":"product","2":"type-product","3":"status-publish","4":"has-post-thumbnail","6":"product_cat-indretning-dekorationer","7":"product_cat-ovrigt","8":"product_tag-easytoship","10":"first","11":"instock","12":"sale","13":"taxable","14":"shipping-taxable","15":"purchasable","16":"product-type-simple"},"acf":[],"yoast_head":"<!-- This site is optimized with the Yoast SEO plugin v27.6 - https:\/\/yoast.com\/product\/yoast-seo-wordpress\/ -->\n<title>Fat guld l\u00f6v - Qreativ<\/title>\n<meta name=\"robots\" content=\"index, follow, max-snippet:-1, max-image-preview:large, max-video-preview:-1\" \/>\n<link rel=\"canonical\" href=\"https:\/\/qreativ.se\/dk\/produkt\/fat-guld-lov\/\" \/>\n<meta property=\"og:locale\" content=\"da_DK\" \/>\n<meta property=\"og:type\" content=\"article\" \/>\n<meta property=\"og:title\" content=\"Fat guld l\u00f6v - Qreativ\" \/>\n<meta property=\"og:description\" content=\"Skapa en lyxig atmosf\u00e4r med detta eleganta l\u00f6vformade fat i guld! Perfekt som en dekorativ detalj p\u00e5 soffbordet, i hallen eller p\u00e5 middagsbordet.\" \/>\n<meta property=\"og:url\" content=\"https:\/\/qreativ.se\/dk\/produkt\/fat-guld-lov\/\" \/>\n<meta property=\"og:site_name\" content=\"Qreativ\" \/>\n<meta property=\"article:modified_time\" content=\"2026-02-13T09:36:02+00:00\" \/>\n<meta property=\"og:image\" content=\"https:\/\/qreativ.se\/wp-content\/uploads\/2024\/11\/bc324dd4-3dec-449d-bf56-cb08f3bffe51-1024x1024.png\" \/>\n\t<meta property=\"og:image:width\" content=\"1024\" \/>\n\t<meta property=\"og:image:height\" content=\"1024\" \/>\n\t<meta property=\"og:image:type\" content=\"image\/png\" \/>\n<meta name=\"twitter:card\" content=\"summary_large_image\" \/>\n<meta name=\"twitter:label1\" content=\"Estimeret l\u00e6setid\" \/>\n\t<meta name=\"twitter:data1\" content=\"1 minut\" \/>\n<script type=\"application\/ld+json\" class=\"yoast-schema-graph\">{\"@context\":\"https:\\\/\\\/schema.org\",\"@graph\":[{\"@type\":\"WebPage\",\"@id\":\"https:\\\/\\\/qreativ.se\\\/dk\\\/produkt\\\/fat-guld-lov\\\/\",\"url\":\"https:\\\/\\\/qreativ.se\\\/dk\\\/produkt\\\/fat-guld-lov\\\/\",\"name\":\"Fat guld l\u00f6v - Qreativ\",\"isPartOf\":{\"@id\":\"https:\\\/\\\/qreativ.se\\\/dk\\\/#website\"},\"primaryImageOfPage\":{\"@id\":\"https:\\\/\\\/qreativ.se\\\/dk\\\/produkt\\\/fat-guld-lov\\\/#primaryimage\"},\"image\":{\"@id\":\"https:\\\/\\\/qreativ.se\\\/dk\\\/produkt\\\/fat-guld-lov\\\/#primaryimage\"},\"thumbnailUrl\":\"https:\\\/\\\/qreativ.se\\\/wp-content\\\/uploads\\\/2024\\\/11\\\/bc324dd4-3dec-449d-bf56-cb08f3bffe51.png\",\"datePublished\":\"2024-11-21T18:11:51+00:00\",\"dateModified\":\"2026-02-13T09:36:02+00:00\",\"breadcrumb\":{\"@id\":\"https:\\\/\\\/qreativ.se\\\/dk\\\/produkt\\\/fat-guld-lov\\\/#breadcrumb\"},\"inLanguage\":\"da-DK\",\"potentialAction\":[{\"@type\":\"ReadAction\",\"target\":[\"https:\\\/\\\/qreativ.se\\\/dk\\\/produkt\\\/fat-guld-lov\\\/\"]}]},{\"@type\":\"ImageObject\",\"inLanguage\":\"da-DK\",\"@id\":\"https:\\\/\\\/qreativ.se\\\/dk\\\/produkt\\\/fat-guld-lov\\\/#primaryimage\",\"url\":\"https:\\\/\\\/qreativ.se\\\/wp-content\\\/uploads\\\/2024\\\/11\\\/bc324dd4-3dec-449d-bf56-cb08f3bffe51.png\",\"contentUrl\":\"https:\\\/\\\/qreativ.se\\\/wp-content\\\/uploads\\\/2024\\\/11\\\/bc324dd4-3dec-449d-bf56-cb08f3bffe51.png\",\"width\":2500,\"height\":2500},{\"@type\":\"BreadcrumbList\",\"@id\":\"https:\\\/\\\/qreativ.se\\\/dk\\\/produkt\\\/fat-guld-lov\\\/#breadcrumb\",\"itemListElement\":[{\"@type\":\"ListItem\",\"position\":1,\"name\":\"Home\",\"item\":\"https:\\\/\\\/qreativ.se\\\/dk\\\/hjem\\\/\"},{\"@type\":\"ListItem\",\"position\":2,\"name\":\"Webbshop\",\"item\":\"https:\\\/\\\/qreativ.se\\\/dk\\\/webbshop\\\/\"},{\"@type\":\"ListItem\",\"position\":3,\"name\":\"Fat guld l\u00f6v\"}]},{\"@type\":\"WebSite\",\"@id\":\"https:\\\/\\\/qreativ.se\\\/dk\\\/#website\",\"url\":\"https:\\\/\\\/qreativ.se\\\/dk\\\/\",\"name\":\"Qreativ\",\"description\":\"\",\"alternateName\":\"qreativ.se\",\"potentialAction\":[{\"@type\":\"SearchAction\",\"target\":{\"@type\":\"EntryPoint\",\"urlTemplate\":\"https:\\\/\\\/qreativ.se\\\/dk\\\/?s={search_term_string}\"},\"query-input\":{\"@type\":\"PropertyValueSpecification\",\"valueRequired\":true,\"valueName\":\"search_term_string\"}}],\"inLanguage\":\"da-DK\"}]}<\/script>\n<!-- \/ Yoast SEO plugin. -->","yoast_head_json":{"title":"Fat guld l\u00f6v - Qreativ","robots":{"index":"index","follow":"follow","max-snippet":"max-snippet:-1","max-image-preview":"max-image-preview:large","max-video-preview":"max-video-preview:-1"},"canonical":"https:\/\/qreativ.se\/dk\/produkt\/fat-guld-lov\/","og_locale":"da_DK","og_type":"article","og_title":"Fat guld l\u00f6v - Qreativ","og_description":"Skapa en lyxig atmosf\u00e4r med detta eleganta l\u00f6vformade fat i guld! Perfekt som en dekorativ detalj p\u00e5 soffbordet, i hallen eller p\u00e5 middagsbordet.","og_url":"https:\/\/qreativ.se\/dk\/produkt\/fat-guld-lov\/","og_site_name":"Qreativ","article_modified_time":"2026-02-13T09:36:02+00:00","og_image":[{"width":1024,"height":1024,"url":"https:\/\/qreativ.se\/wp-content\/uploads\/2024\/11\/bc324dd4-3dec-449d-bf56-cb08f3bffe51-1024x1024.png","type":"image\/png"}],"twitter_card":"summary_large_image","twitter_misc":{"Estimeret l\u00e6setid":"1 minut"},"schema":{"@context":"https:\/\/schema.org","@graph":[{"@type":"WebPage","@id":"https:\/\/qreativ.se\/dk\/produkt\/fat-guld-lov\/","url":"https:\/\/qreativ.se\/dk\/produkt\/fat-guld-lov\/","name":"Fat guld l\u00f6v - Qreativ","isPartOf":{"@id":"https:\/\/qreativ.se\/dk\/#website"},"primaryImageOfPage":{"@id":"https:\/\/qreativ.se\/dk\/produkt\/fat-guld-lov\/#primaryimage"},"image":{"@id":"https:\/\/qreativ.se\/dk\/produkt\/fat-guld-lov\/#primaryimage"},"thumbnailUrl":"https:\/\/qreativ.se\/wp-content\/uploads\/2024\/11\/bc324dd4-3dec-449d-bf56-cb08f3bffe51.png","datePublished":"2024-11-21T18:11:51+00:00","dateModified":"2026-02-13T09:36:02+00:00","breadcrumb":{"@id":"https:\/\/qreativ.se\/dk\/produkt\/fat-guld-lov\/#breadcrumb"},"inLanguage":"da-DK","potentialAction":[{"@type":"ReadAction","target":["https:\/\/qreativ.se\/dk\/produkt\/fat-guld-lov\/"]}]},{"@type":"ImageObject","inLanguage":"da-DK","@id":"https:\/\/qreativ.se\/dk\/produkt\/fat-guld-lov\/#primaryimage","url":"https:\/\/qreativ.se\/wp-content\/uploads\/2024\/11\/bc324dd4-3dec-449d-bf56-cb08f3bffe51.png","contentUrl":"https:\/\/qreativ.se\/wp-content\/uploads\/2024\/11\/bc324dd4-3dec-449d-bf56-cb08f3bffe51.png","width":2500,"height":2500},{"@type":"BreadcrumbList","@id":"https:\/\/qreativ.se\/dk\/produkt\/fat-guld-lov\/#breadcrumb","itemListElement":[{"@type":"ListItem","position":1,"name":"Home","item":"https:\/\/qreativ.se\/dk\/hjem\/"},{"@type":"ListItem","position":2,"name":"Webbshop","item":"https:\/\/qreativ.se\/dk\/webbshop\/"},{"@type":"ListItem","position":3,"name":"Fat guld l\u00f6v"}]},{"@type":"WebSite","@id":"https:\/\/qreativ.se\/dk\/#website","url":"https:\/\/qreativ.se\/dk\/","name":"Qreativ","description":"","alternateName":"qreativ.se","potentialAction":[{"@type":"SearchAction","target":{"@type":"EntryPoint","urlTemplate":"https:\/\/qreativ.se\/dk\/?s={search_term_string}"},"query-input":{"@type":"PropertyValueSpecification","valueRequired":true,"valueName":"search_term_string"}}],"inLanguage":"da-DK"}]}},"_links":{"self":[{"href":"https:\/\/qreativ.se\/dk\/wp-json\/wp\/v2\/product\/17763","targetHints":{"allow":["GET"]}}],"collection":[{"href":"https:\/\/qreativ.se\/dk\/wp-json\/wp\/v2\/product"}],"about":[{"href":"https:\/\/qreativ.se\/dk\/wp-json\/wp\/v2\/types\/product"}],"replies":[{"embeddable":true,"href":"https:\/\/qreativ.se\/dk\/wp-json\/wp\/v2\/comments?post=17763"}],"wp:featuredmedia":[{"embeddable":true,"href":"https:\/\/qreativ.se\/dk\/wp-json\/wp\/v2\/media\/17765"}],"wp:attachment":[{"href":"https:\/\/qreativ.se\/dk\/wp-json\/wp\/v2\/media?parent=17763"}],"wp:term":[{"taxonomy":"product_brand","embeddable":true,"href":"https:\/\/qreativ.se\/dk\/wp-json\/wp\/v2\/product_brand?post=17763"},{"taxonomy":"product_cat","embeddable":true,"href":"https:\/\/qreativ.se\/dk\/wp-json\/wp\/v2\/product_cat?post=17763"},{"taxonomy":"product_tag","embeddable":true,"href":"https:\/\/qreativ.se\/dk\/wp-json\/wp\/v2\/product_tag?post=17763"}],"curies":[{"name":"wp","href":"https:\/\/api.w.org\/{rel}","templated":true}]}}