{"id":17786,"date":"2024-11-16T13:36:38","date_gmt":"2024-11-16T13:36:38","guid":{"rendered":"https:\/\/qreativ.se\/produkt\/nico-salladsbestick\/"},"modified":"2026-02-13T09:35:56","modified_gmt":"2026-02-13T09:35:56","slug":"nico-salladsbestick","status":"publish","type":"product","link":"https:\/\/qreativ.se\/dk\/produkt\/nico-salladsbestick\/","title":{"rendered":"Nico salladsbestick"},"content":{"rendered":"<p data-start=\"332\" data-end=\"388\"><strong data-start=\"332\" data-end=\"388\">Nico \u2013 rustika salladsbestick i naturf\u00e4rgat mangotr\u00e4<\/strong><\/p>\n<p data-start=\"390\" data-end=\"663\">Ge din dukning en varm och naturlig k\u00e4nsla med Nico salladsbestick. Tillverkade i naturf\u00e4rgat mangotr\u00e4 med tydlig \u00e5dring och mjukt rundad form \u00e4r de b\u00e5de funktionella och vackra att se p\u00e5. Varje par \u00e4r unikt tack vare tr\u00e4ets naturliga struktur och det handgjorda uttrycket.<\/p>\n<p data-start=\"665\" data-end=\"905\">De breda skoparna och det bekv\u00e4ma greppet g\u00f6r Nico perfekt f\u00f6r servering av sallader och andra r\u00e4tter d\u00e4r b\u00e5de form och funktion spelar roll. Den lena finishen f\u00f6rst\u00e4rker det rustika intrycket, samtidigt som besticken ligger sk\u00f6nt i handen.<\/p>\n<p data-start=\"907\" data-end=\"1053\">\u2022 Tillverkade i mangotr\u00e4<br data-start=\"931\" data-end=\"934\" \/>\u2022 Matcertifierade<br data-start=\"951\" data-end=\"954\" \/>\u2022 Bekv\u00e4mt grepp &amp; vacker form<br data-start=\"983\" data-end=\"986\" \/>\u2022 Handdisk rekommenderas f\u00f6r att bevara tr\u00e4ets glans och h\u00e5llbarhet<\/p>\n<blockquote data-start=\"1055\" data-end=\"1134\" data-is-last-node=\"\" data-is-only-node=\"\">\n<p data-start=\"1057\" data-end=\"1134\" data-is-last-node=\"\">Nico \u00e4r ett stilrent tillskott till k\u00f6ket \u2013 perfekt f\u00f6r b\u00e5de vardag och fest.<\/p>\n<\/blockquote>\n","protected":false},"excerpt":{"rendered":"<p><strong data-start=\"179\" data-end=\"213\">Nico salladsbestick i mangotr\u00e4<\/strong><br data-start=\"213\" data-end=\"216\" \/>Formstarka, handgjorda och sk\u00f6na att anv\u00e4nda \u2013 ett rustikt tillskott till din dukning.<\/p>\n","protected":false},"featured_media":17787,"comment_status":"open","ping_status":"closed","template":"","meta":{"_acf_changed":false,"inline_featured_image":false},"product_brand":[],"product_cat":[235,237],"product_tag":[286],"class_list":{"0":"post-17786","1":"product","2":"type-product","3":"status-publish","4":"has-post-thumbnail","6":"product_cat-indretningsprodukter-koekken","7":"product_cat-servering","8":"product_tag-easytoship","10":"first","11":"instock","12":"taxable","13":"shipping-taxable","14":"purchasable","15":"product-type-simple"},"acf":[],"yoast_head":"<!-- This site is optimized with the Yoast SEO plugin v27.6 - https:\/\/yoast.com\/product\/yoast-seo-wordpress\/ -->\n<title>Nico salladsbestick - Qreativ<\/title>\n<meta name=\"robots\" content=\"index, follow, max-snippet:-1, max-image-preview:large, max-video-preview:-1\" \/>\n<link rel=\"canonical\" href=\"https:\/\/qreativ.se\/dk\/produkt\/nico-salladsbestick\/\" \/>\n<meta property=\"og:locale\" content=\"da_DK\" \/>\n<meta property=\"og:type\" content=\"article\" \/>\n<meta property=\"og:title\" content=\"Nico salladsbestick - Qreativ\" \/>\n<meta property=\"og:description\" content=\"Nico salladsbestick i mangotr\u00e4Formstarka, handgjorda och sk\u00f6na att anv\u00e4nda \u2013 ett rustikt tillskott till din dukning.\" \/>\n<meta property=\"og:url\" content=\"https:\/\/qreativ.se\/dk\/produkt\/nico-salladsbestick\/\" \/>\n<meta property=\"og:site_name\" content=\"Qreativ\" \/>\n<meta property=\"article:modified_time\" content=\"2026-02-13T09:35:56+00:00\" \/>\n<meta property=\"og:image\" content=\"https:\/\/qreativ.se\/wp-content\/uploads\/2024\/11\/795-106-00-1024x1024.png\" \/>\n\t<meta property=\"og:image:width\" content=\"1024\" \/>\n\t<meta property=\"og:image:height\" content=\"1024\" \/>\n\t<meta property=\"og:image:type\" content=\"image\/png\" \/>\n<meta name=\"twitter:card\" content=\"summary_large_image\" \/>\n<meta name=\"twitter:label1\" content=\"Estimeret l\u00e6setid\" \/>\n\t<meta name=\"twitter:data1\" content=\"1 minut\" \/>\n<script type=\"application\/ld+json\" class=\"yoast-schema-graph\">{\"@context\":\"https:\\\/\\\/schema.org\",\"@graph\":[{\"@type\":\"WebPage\",\"@id\":\"https:\\\/\\\/qreativ.se\\\/dk\\\/produkt\\\/nico-salladsbestick\\\/\",\"url\":\"https:\\\/\\\/qreativ.se\\\/dk\\\/produkt\\\/nico-salladsbestick\\\/\",\"name\":\"Nico salladsbestick - Qreativ\",\"isPartOf\":{\"@id\":\"https:\\\/\\\/qreativ.se\\\/dk\\\/#website\"},\"primaryImageOfPage\":{\"@id\":\"https:\\\/\\\/qreativ.se\\\/dk\\\/produkt\\\/nico-salladsbestick\\\/#primaryimage\"},\"image\":{\"@id\":\"https:\\\/\\\/qreativ.se\\\/dk\\\/produkt\\\/nico-salladsbestick\\\/#primaryimage\"},\"thumbnailUrl\":\"https:\\\/\\\/qreativ.se\\\/wp-content\\\/uploads\\\/2024\\\/11\\\/795-106-00.png\",\"datePublished\":\"2024-11-16T13:36:38+00:00\",\"dateModified\":\"2026-02-13T09:35:56+00:00\",\"breadcrumb\":{\"@id\":\"https:\\\/\\\/qreativ.se\\\/dk\\\/produkt\\\/nico-salladsbestick\\\/#breadcrumb\"},\"inLanguage\":\"da-DK\",\"potentialAction\":[{\"@type\":\"ReadAction\",\"target\":[\"https:\\\/\\\/qreativ.se\\\/dk\\\/produkt\\\/nico-salladsbestick\\\/\"]}]},{\"@type\":\"ImageObject\",\"inLanguage\":\"da-DK\",\"@id\":\"https:\\\/\\\/qreativ.se\\\/dk\\\/produkt\\\/nico-salladsbestick\\\/#primaryimage\",\"url\":\"https:\\\/\\\/qreativ.se\\\/wp-content\\\/uploads\\\/2024\\\/11\\\/795-106-00.png\",\"contentUrl\":\"https:\\\/\\\/qreativ.se\\\/wp-content\\\/uploads\\\/2024\\\/11\\\/795-106-00.png\",\"width\":1500,\"height\":1500},{\"@type\":\"BreadcrumbList\",\"@id\":\"https:\\\/\\\/qreativ.se\\\/dk\\\/produkt\\\/nico-salladsbestick\\\/#breadcrumb\",\"itemListElement\":[{\"@type\":\"ListItem\",\"position\":1,\"name\":\"Home\",\"item\":\"https:\\\/\\\/qreativ.se\\\/dk\\\/hjem\\\/\"},{\"@type\":\"ListItem\",\"position\":2,\"name\":\"Webbshop\",\"item\":\"https:\\\/\\\/qreativ.se\\\/dk\\\/webbshop\\\/\"},{\"@type\":\"ListItem\",\"position\":3,\"name\":\"Nico salladsbestick\"}]},{\"@type\":\"WebSite\",\"@id\":\"https:\\\/\\\/qreativ.se\\\/dk\\\/#website\",\"url\":\"https:\\\/\\\/qreativ.se\\\/dk\\\/\",\"name\":\"Qreativ\",\"description\":\"\",\"alternateName\":\"qreativ.se\",\"potentialAction\":[{\"@type\":\"SearchAction\",\"target\":{\"@type\":\"EntryPoint\",\"urlTemplate\":\"https:\\\/\\\/qreativ.se\\\/dk\\\/?s={search_term_string}\"},\"query-input\":{\"@type\":\"PropertyValueSpecification\",\"valueRequired\":true,\"valueName\":\"search_term_string\"}}],\"inLanguage\":\"da-DK\"}]}<\/script>\n<!-- \/ Yoast SEO plugin. -->","yoast_head_json":{"title":"Nico salladsbestick - Qreativ","robots":{"index":"index","follow":"follow","max-snippet":"max-snippet:-1","max-image-preview":"max-image-preview:large","max-video-preview":"max-video-preview:-1"},"canonical":"https:\/\/qreativ.se\/dk\/produkt\/nico-salladsbestick\/","og_locale":"da_DK","og_type":"article","og_title":"Nico salladsbestick - Qreativ","og_description":"Nico salladsbestick i mangotr\u00e4Formstarka, handgjorda och sk\u00f6na att anv\u00e4nda \u2013 ett rustikt tillskott till din dukning.","og_url":"https:\/\/qreativ.se\/dk\/produkt\/nico-salladsbestick\/","og_site_name":"Qreativ","article_modified_time":"2026-02-13T09:35:56+00:00","og_image":[{"width":1024,"height":1024,"url":"https:\/\/qreativ.se\/wp-content\/uploads\/2024\/11\/795-106-00-1024x1024.png","type":"image\/png"}],"twitter_card":"summary_large_image","twitter_misc":{"Estimeret l\u00e6setid":"1 minut"},"schema":{"@context":"https:\/\/schema.org","@graph":[{"@type":"WebPage","@id":"https:\/\/qreativ.se\/dk\/produkt\/nico-salladsbestick\/","url":"https:\/\/qreativ.se\/dk\/produkt\/nico-salladsbestick\/","name":"Nico salladsbestick - Qreativ","isPartOf":{"@id":"https:\/\/qreativ.se\/dk\/#website"},"primaryImageOfPage":{"@id":"https:\/\/qreativ.se\/dk\/produkt\/nico-salladsbestick\/#primaryimage"},"image":{"@id":"https:\/\/qreativ.se\/dk\/produkt\/nico-salladsbestick\/#primaryimage"},"thumbnailUrl":"https:\/\/qreativ.se\/wp-content\/uploads\/2024\/11\/795-106-00.png","datePublished":"2024-11-16T13:36:38+00:00","dateModified":"2026-02-13T09:35:56+00:00","breadcrumb":{"@id":"https:\/\/qreativ.se\/dk\/produkt\/nico-salladsbestick\/#breadcrumb"},"inLanguage":"da-DK","potentialAction":[{"@type":"ReadAction","target":["https:\/\/qreativ.se\/dk\/produkt\/nico-salladsbestick\/"]}]},{"@type":"ImageObject","inLanguage":"da-DK","@id":"https:\/\/qreativ.se\/dk\/produkt\/nico-salladsbestick\/#primaryimage","url":"https:\/\/qreativ.se\/wp-content\/uploads\/2024\/11\/795-106-00.png","contentUrl":"https:\/\/qreativ.se\/wp-content\/uploads\/2024\/11\/795-106-00.png","width":1500,"height":1500},{"@type":"BreadcrumbList","@id":"https:\/\/qreativ.se\/dk\/produkt\/nico-salladsbestick\/#breadcrumb","itemListElement":[{"@type":"ListItem","position":1,"name":"Home","item":"https:\/\/qreativ.se\/dk\/hjem\/"},{"@type":"ListItem","position":2,"name":"Webbshop","item":"https:\/\/qreativ.se\/dk\/webbshop\/"},{"@type":"ListItem","position":3,"name":"Nico salladsbestick"}]},{"@type":"WebSite","@id":"https:\/\/qreativ.se\/dk\/#website","url":"https:\/\/qreativ.se\/dk\/","name":"Qreativ","description":"","alternateName":"qreativ.se","potentialAction":[{"@type":"SearchAction","target":{"@type":"EntryPoint","urlTemplate":"https:\/\/qreativ.se\/dk\/?s={search_term_string}"},"query-input":{"@type":"PropertyValueSpecification","valueRequired":true,"valueName":"search_term_string"}}],"inLanguage":"da-DK"}]}},"_links":{"self":[{"href":"https:\/\/qreativ.se\/dk\/wp-json\/wp\/v2\/product\/17786","targetHints":{"allow":["GET"]}}],"collection":[{"href":"https:\/\/qreativ.se\/dk\/wp-json\/wp\/v2\/product"}],"about":[{"href":"https:\/\/qreativ.se\/dk\/wp-json\/wp\/v2\/types\/product"}],"replies":[{"embeddable":true,"href":"https:\/\/qreativ.se\/dk\/wp-json\/wp\/v2\/comments?post=17786"}],"wp:featuredmedia":[{"embeddable":true,"href":"https:\/\/qreativ.se\/dk\/wp-json\/wp\/v2\/media\/17787"}],"wp:attachment":[{"href":"https:\/\/qreativ.se\/dk\/wp-json\/wp\/v2\/media?parent=17786"}],"wp:term":[{"taxonomy":"product_brand","embeddable":true,"href":"https:\/\/qreativ.se\/dk\/wp-json\/wp\/v2\/product_brand?post=17786"},{"taxonomy":"product_cat","embeddable":true,"href":"https:\/\/qreativ.se\/dk\/wp-json\/wp\/v2\/product_cat?post=17786"},{"taxonomy":"product_tag","embeddable":true,"href":"https:\/\/qreativ.se\/dk\/wp-json\/wp\/v2\/product_tag?post=17786"}],"curies":[{"name":"wp","href":"https:\/\/api.w.org\/{rel}","templated":true}]}}