{"id":17818,"date":"2024-11-16T10:46:25","date_gmt":"2024-11-16T10:46:25","guid":{"rendered":"https:\/\/qreativ.se\/produkt\/treasure-skap\/"},"modified":"2026-02-13T09:35:51","modified_gmt":"2026-02-13T09:35:51","slug":"treasure-skap","status":"publish","type":"product","link":"https:\/\/qreativ.se\/dk\/produkt\/treasure-skap\/","title":{"rendered":"Byr\u00e5 Tr\u00e4 Vintage &#8211; Treasure"},"content":{"rendered":"<p>Uppt\u00e4ck det perfekta m\u00f6tet mellan hantverk och historia med v\u00e5rt unika sk\u00e5p, skapat av gamla tegelstensformar. Varje sk\u00e5p b\u00e4r med sig en ber\u00e4ttelse, d\u00e4r slitna former \u00e5terf\u00f6renas och f\u00f6rvandlas till en m\u00f6bel som b\u00e5de \u00e4r funktionell och konstn\u00e4rlig. Den rustika designen med synliga m\u00e4rken och tr\u00e4ets naturliga patina skapar en charmig och tidl\u00f6s k\u00e4nsla i ditt hem.<\/p>\n<p>Material: Tr\u00e4<\/p>\n","protected":false},"excerpt":{"rendered":"<p>Uppt\u00e4ck det perfekta m\u00f6tet mellan hantverk och historia med v\u00e5rt unika sk\u00e5p, skapat av gamla tegelstensformar. Varje sk\u00e5p b\u00e4r med sig en ber\u00e4ttelse, d\u00e4r slitna former \u00e5terf\u00f6renas och f\u00f6rvandlas till en m\u00f6bel som b\u00e5de \u00e4r funktionell och konstn\u00e4rlig. Den rustika designen med synliga m\u00e4rken och tr\u00e4ets naturliga patina skapar en charmig och tidl\u00f6s k\u00e4nsla i [&hellip;]<\/p>\n","protected":false},"featured_media":17819,"comment_status":"open","ping_status":"closed","template":"","meta":{"_acf_changed":false,"inline_featured_image":false},"product_brand":[],"product_cat":[244,248,270],"product_tag":[],"class_list":{"0":"post-17818","1":"product","2":"type-product","3":"status-publish","4":"has-post-thumbnail","6":"product_cat-stilfulde-funktionelle-moebler","7":"product_cat-skabe-hylder","8":"product_cat-unik-vintage-indretning","10":"first","11":"instock","12":"taxable","13":"shipping-taxable","14":"purchasable","15":"product-type-simple"},"acf":[],"yoast_head":"<!-- This site is optimized with the Yoast SEO plugin v27.4 - https:\/\/yoast.com\/product\/yoast-seo-wordpress\/ -->\n<title>Byr\u00e5 Tr\u00e4 Vintage - Treasure - Qreativ<\/title>\n<meta name=\"robots\" content=\"index, follow, max-snippet:-1, max-image-preview:large, max-video-preview:-1\" \/>\n<link rel=\"canonical\" href=\"https:\/\/qreativ.se\/dk\/produkt\/treasure-skap\/\" \/>\n<meta property=\"og:locale\" content=\"da_DK\" \/>\n<meta property=\"og:type\" content=\"article\" \/>\n<meta property=\"og:title\" content=\"Byr\u00e5 Tr\u00e4 Vintage - Treasure - Qreativ\" \/>\n<meta property=\"og:description\" content=\"Uppt\u00e4ck det perfekta m\u00f6tet mellan hantverk och historia med v\u00e5rt unika sk\u00e5p, skapat av gamla tegelstensformar. Varje sk\u00e5p b\u00e4r med sig en ber\u00e4ttelse, d\u00e4r slitna former \u00e5terf\u00f6renas och f\u00f6rvandlas till en m\u00f6bel som b\u00e5de \u00e4r funktionell och konstn\u00e4rlig. Den rustika designen med synliga m\u00e4rken och tr\u00e4ets naturliga patina skapar en charmig och tidl\u00f6s k\u00e4nsla i [&hellip;]\" \/>\n<meta property=\"og:url\" content=\"https:\/\/qreativ.se\/dk\/produkt\/treasure-skap\/\" \/>\n<meta property=\"og:site_name\" content=\"Qreativ\" \/>\n<meta property=\"article:modified_time\" content=\"2026-02-13T09:35:51+00:00\" \/>\n<meta property=\"og:image\" content=\"https:\/\/qreativ.se\/wp-content\/uploads\/2024\/11\/076-333-01.png\" \/>\n\t<meta property=\"og:image:width\" content=\"1500\" \/>\n\t<meta property=\"og:image:height\" content=\"1500\" \/>\n\t<meta property=\"og:image:type\" content=\"image\/png\" \/>\n<meta name=\"twitter:card\" content=\"summary_large_image\" \/>\n<meta name=\"twitter:label1\" content=\"Estimeret l\u00e6setid\" \/>\n\t<meta name=\"twitter:data1\" content=\"1 minut\" \/>\n<script type=\"application\/ld+json\" class=\"yoast-schema-graph\">{\"@context\":\"https:\\\/\\\/schema.org\",\"@graph\":[{\"@type\":\"WebPage\",\"@id\":\"https:\\\/\\\/qreativ.se\\\/dk\\\/produkt\\\/treasure-skap\\\/\",\"url\":\"https:\\\/\\\/qreativ.se\\\/dk\\\/produkt\\\/treasure-skap\\\/\",\"name\":\"Byr\u00e5 Tr\u00e4 Vintage - Treasure - Qreativ\",\"isPartOf\":{\"@id\":\"https:\\\/\\\/qreativ.se\\\/dk\\\/#website\"},\"primaryImageOfPage\":{\"@id\":\"https:\\\/\\\/qreativ.se\\\/dk\\\/produkt\\\/treasure-skap\\\/#primaryimage\"},\"image\":{\"@id\":\"https:\\\/\\\/qreativ.se\\\/dk\\\/produkt\\\/treasure-skap\\\/#primaryimage\"},\"thumbnailUrl\":\"https:\\\/\\\/qreativ.se\\\/wp-content\\\/uploads\\\/2024\\\/11\\\/076-333-01.png\",\"datePublished\":\"2024-11-16T10:46:25+00:00\",\"dateModified\":\"2026-02-13T09:35:51+00:00\",\"breadcrumb\":{\"@id\":\"https:\\\/\\\/qreativ.se\\\/dk\\\/produkt\\\/treasure-skap\\\/#breadcrumb\"},\"inLanguage\":\"da-DK\",\"potentialAction\":[{\"@type\":\"ReadAction\",\"target\":[\"https:\\\/\\\/qreativ.se\\\/dk\\\/produkt\\\/treasure-skap\\\/\"]}]},{\"@type\":\"ImageObject\",\"inLanguage\":\"da-DK\",\"@id\":\"https:\\\/\\\/qreativ.se\\\/dk\\\/produkt\\\/treasure-skap\\\/#primaryimage\",\"url\":\"https:\\\/\\\/qreativ.se\\\/wp-content\\\/uploads\\\/2024\\\/11\\\/076-333-01.png\",\"contentUrl\":\"https:\\\/\\\/qreativ.se\\\/wp-content\\\/uploads\\\/2024\\\/11\\\/076-333-01.png\",\"width\":1500,\"height\":1500},{\"@type\":\"BreadcrumbList\",\"@id\":\"https:\\\/\\\/qreativ.se\\\/dk\\\/produkt\\\/treasure-skap\\\/#breadcrumb\",\"itemListElement\":[{\"@type\":\"ListItem\",\"position\":1,\"name\":\"Home\",\"item\":\"https:\\\/\\\/qreativ.se\\\/dk\\\/hjem\\\/\"},{\"@type\":\"ListItem\",\"position\":2,\"name\":\"Webbshop\",\"item\":\"https:\\\/\\\/qreativ.se\\\/dk\\\/webbshop\\\/\"},{\"@type\":\"ListItem\",\"position\":3,\"name\":\"Byr\u00e5 Tr\u00e4 Vintage &#8211; Treasure\"}]},{\"@type\":\"WebSite\",\"@id\":\"https:\\\/\\\/qreativ.se\\\/dk\\\/#website\",\"url\":\"https:\\\/\\\/qreativ.se\\\/dk\\\/\",\"name\":\"Qreativ\",\"description\":\"\",\"alternateName\":\"qreativ.se\",\"potentialAction\":[{\"@type\":\"SearchAction\",\"target\":{\"@type\":\"EntryPoint\",\"urlTemplate\":\"https:\\\/\\\/qreativ.se\\\/dk\\\/?s={search_term_string}\"},\"query-input\":{\"@type\":\"PropertyValueSpecification\",\"valueRequired\":true,\"valueName\":\"search_term_string\"}}],\"inLanguage\":\"da-DK\"}]}<\/script>\n<!-- \/ Yoast SEO plugin. -->","yoast_head_json":{"title":"Byr\u00e5 Tr\u00e4 Vintage - Treasure - Qreativ","robots":{"index":"index","follow":"follow","max-snippet":"max-snippet:-1","max-image-preview":"max-image-preview:large","max-video-preview":"max-video-preview:-1"},"canonical":"https:\/\/qreativ.se\/dk\/produkt\/treasure-skap\/","og_locale":"da_DK","og_type":"article","og_title":"Byr\u00e5 Tr\u00e4 Vintage - Treasure - Qreativ","og_description":"Uppt\u00e4ck det perfekta m\u00f6tet mellan hantverk och historia med v\u00e5rt unika sk\u00e5p, skapat av gamla tegelstensformar. Varje sk\u00e5p b\u00e4r med sig en ber\u00e4ttelse, d\u00e4r slitna former \u00e5terf\u00f6renas och f\u00f6rvandlas till en m\u00f6bel som b\u00e5de \u00e4r funktionell och konstn\u00e4rlig. Den rustika designen med synliga m\u00e4rken och tr\u00e4ets naturliga patina skapar en charmig och tidl\u00f6s k\u00e4nsla i [&hellip;]","og_url":"https:\/\/qreativ.se\/dk\/produkt\/treasure-skap\/","og_site_name":"Qreativ","article_modified_time":"2026-02-13T09:35:51+00:00","og_image":[{"width":1500,"height":1500,"url":"https:\/\/qreativ.se\/wp-content\/uploads\/2024\/11\/076-333-01.png","type":"image\/png"}],"twitter_card":"summary_large_image","twitter_misc":{"Estimeret l\u00e6setid":"1 minut"},"schema":{"@context":"https:\/\/schema.org","@graph":[{"@type":"WebPage","@id":"https:\/\/qreativ.se\/dk\/produkt\/treasure-skap\/","url":"https:\/\/qreativ.se\/dk\/produkt\/treasure-skap\/","name":"Byr\u00e5 Tr\u00e4 Vintage - Treasure - Qreativ","isPartOf":{"@id":"https:\/\/qreativ.se\/dk\/#website"},"primaryImageOfPage":{"@id":"https:\/\/qreativ.se\/dk\/produkt\/treasure-skap\/#primaryimage"},"image":{"@id":"https:\/\/qreativ.se\/dk\/produkt\/treasure-skap\/#primaryimage"},"thumbnailUrl":"https:\/\/qreativ.se\/wp-content\/uploads\/2024\/11\/076-333-01.png","datePublished":"2024-11-16T10:46:25+00:00","dateModified":"2026-02-13T09:35:51+00:00","breadcrumb":{"@id":"https:\/\/qreativ.se\/dk\/produkt\/treasure-skap\/#breadcrumb"},"inLanguage":"da-DK","potentialAction":[{"@type":"ReadAction","target":["https:\/\/qreativ.se\/dk\/produkt\/treasure-skap\/"]}]},{"@type":"ImageObject","inLanguage":"da-DK","@id":"https:\/\/qreativ.se\/dk\/produkt\/treasure-skap\/#primaryimage","url":"https:\/\/qreativ.se\/wp-content\/uploads\/2024\/11\/076-333-01.png","contentUrl":"https:\/\/qreativ.se\/wp-content\/uploads\/2024\/11\/076-333-01.png","width":1500,"height":1500},{"@type":"BreadcrumbList","@id":"https:\/\/qreativ.se\/dk\/produkt\/treasure-skap\/#breadcrumb","itemListElement":[{"@type":"ListItem","position":1,"name":"Home","item":"https:\/\/qreativ.se\/dk\/hjem\/"},{"@type":"ListItem","position":2,"name":"Webbshop","item":"https:\/\/qreativ.se\/dk\/webbshop\/"},{"@type":"ListItem","position":3,"name":"Byr\u00e5 Tr\u00e4 Vintage &#8211; Treasure"}]},{"@type":"WebSite","@id":"https:\/\/qreativ.se\/dk\/#website","url":"https:\/\/qreativ.se\/dk\/","name":"Qreativ","description":"","alternateName":"qreativ.se","potentialAction":[{"@type":"SearchAction","target":{"@type":"EntryPoint","urlTemplate":"https:\/\/qreativ.se\/dk\/?s={search_term_string}"},"query-input":{"@type":"PropertyValueSpecification","valueRequired":true,"valueName":"search_term_string"}}],"inLanguage":"da-DK"}]}},"_links":{"self":[{"href":"https:\/\/qreativ.se\/dk\/wp-json\/wp\/v2\/product\/17818","targetHints":{"allow":["GET"]}}],"collection":[{"href":"https:\/\/qreativ.se\/dk\/wp-json\/wp\/v2\/product"}],"about":[{"href":"https:\/\/qreativ.se\/dk\/wp-json\/wp\/v2\/types\/product"}],"replies":[{"embeddable":true,"href":"https:\/\/qreativ.se\/dk\/wp-json\/wp\/v2\/comments?post=17818"}],"wp:featuredmedia":[{"embeddable":true,"href":"https:\/\/qreativ.se\/dk\/wp-json\/wp\/v2\/media\/17819"}],"wp:attachment":[{"href":"https:\/\/qreativ.se\/dk\/wp-json\/wp\/v2\/media?parent=17818"}],"wp:term":[{"taxonomy":"product_brand","embeddable":true,"href":"https:\/\/qreativ.se\/dk\/wp-json\/wp\/v2\/product_brand?post=17818"},{"taxonomy":"product_cat","embeddable":true,"href":"https:\/\/qreativ.se\/dk\/wp-json\/wp\/v2\/product_cat?post=17818"},{"taxonomy":"product_tag","embeddable":true,"href":"https:\/\/qreativ.se\/dk\/wp-json\/wp\/v2\/product_tag?post=17818"}],"curies":[{"name":"wp","href":"https:\/\/api.w.org\/{rel}","templated":true}]}}