{"id":17915,"date":"2024-07-18T15:20:17","date_gmt":"2024-07-18T15:20:17","guid":{"rendered":"https:\/\/qreativ.se\/produkt\/odin-salladsbestick-s-svart-silver\/"},"modified":"2026-02-13T09:31:05","modified_gmt":"2026-02-13T09:31:05","slug":"odin-salladsbestick-s-svart-silver","status":"publish","type":"product","link":"https:\/\/qreativ.se\/dk\/produkt\/odin-salladsbestick-s-svart-silver\/","title":{"rendered":"Salladsbestick Rustik S &#8211; Odin"},"content":{"rendered":"<p>Lyft din dukning till nya niv\u00e5er med v\u00e5r exklusiva handgjorda bestickserie Odin . Varje bestick \u00e4r tillverkat f\u00f6r hand med en unik yta och form. En rustika look kombinerad med sofistikerad design.<\/p>\n<p>Matcertifierad, handdisk<\/p>\n<p>Material: rostfritt st\u00e5l<\/p>\n","protected":false},"excerpt":{"rendered":"<p>Lyft din dukning till nya niv\u00e5er med v\u00e5r exklusiva handgjorda bestickserie Odin . Varje bestick \u00e4r tillverkat f\u00f6r hand med en unik yta och form. En rustika look kombinerad med sofistikerad design. Matcertifierad, handdisk Material: rostfritt st\u00e5l<\/p>\n","protected":false},"featured_media":17916,"comment_status":"closed","ping_status":"closed","template":"","meta":{"_acf_changed":false,"inline_featured_image":false},"product_brand":[],"product_cat":[235,237],"product_tag":[286],"class_list":{"0":"post-17915","1":"product","2":"type-product","3":"status-publish","4":"has-post-thumbnail","6":"product_cat-indretningsprodukter-koekken","7":"product_cat-servering","8":"product_tag-easytoship","10":"first","11":"instock","12":"taxable","13":"shipping-taxable","14":"purchasable","15":"product-type-simple"},"acf":[],"yoast_head":"<!-- This site is optimized with the Yoast SEO plugin v27.5 - https:\/\/yoast.com\/product\/yoast-seo-wordpress\/ -->\n<title>Salladsbestick Rustik S - Odin - Qreativ<\/title>\n<meta name=\"robots\" content=\"index, follow, max-snippet:-1, max-image-preview:large, max-video-preview:-1\" \/>\n<link rel=\"canonical\" href=\"https:\/\/qreativ.se\/dk\/produkt\/odin-salladsbestick-s-svart-silver\/\" \/>\n<meta property=\"og:locale\" content=\"da_DK\" \/>\n<meta property=\"og:type\" content=\"article\" \/>\n<meta property=\"og:title\" content=\"Salladsbestick Rustik S - Odin - Qreativ\" \/>\n<meta property=\"og:description\" content=\"Lyft din dukning till nya niv\u00e5er med v\u00e5r exklusiva handgjorda bestickserie Odin . Varje bestick \u00e4r tillverkat f\u00f6r hand med en unik yta och form. En rustika look kombinerad med sofistikerad design. Matcertifierad, handdisk Material: rostfritt st\u00e5l\" \/>\n<meta property=\"og:url\" content=\"https:\/\/qreativ.se\/dk\/produkt\/odin-salladsbestick-s-svart-silver\/\" \/>\n<meta property=\"og:site_name\" content=\"Qreativ\" \/>\n<meta property=\"article:modified_time\" content=\"2026-02-13T09:31:05+00:00\" \/>\n<meta property=\"og:image\" content=\"https:\/\/qreativ.se\/wp-content\/uploads\/2024\/05\/794-799-60.png\" \/>\n\t<meta property=\"og:image:width\" content=\"720\" \/>\n\t<meta property=\"og:image:height\" content=\"720\" \/>\n\t<meta property=\"og:image:type\" content=\"image\/webp\" \/>\n<meta name=\"twitter:card\" content=\"summary_large_image\" \/>\n<meta name=\"twitter:label1\" content=\"Estimeret l\u00e6setid\" \/>\n\t<meta name=\"twitter:data1\" content=\"1 minut\" \/>\n<script type=\"application\/ld+json\" class=\"yoast-schema-graph\">{\"@context\":\"https:\\\/\\\/schema.org\",\"@graph\":[{\"@type\":\"WebPage\",\"@id\":\"https:\\\/\\\/qreativ.se\\\/dk\\\/produkt\\\/odin-salladsbestick-s-svart-silver\\\/\",\"url\":\"https:\\\/\\\/qreativ.se\\\/dk\\\/produkt\\\/odin-salladsbestick-s-svart-silver\\\/\",\"name\":\"Salladsbestick Rustik S - Odin - Qreativ\",\"isPartOf\":{\"@id\":\"https:\\\/\\\/qreativ.se\\\/dk\\\/#website\"},\"primaryImageOfPage\":{\"@id\":\"https:\\\/\\\/qreativ.se\\\/dk\\\/produkt\\\/odin-salladsbestick-s-svart-silver\\\/#primaryimage\"},\"image\":{\"@id\":\"https:\\\/\\\/qreativ.se\\\/dk\\\/produkt\\\/odin-salladsbestick-s-svart-silver\\\/#primaryimage\"},\"thumbnailUrl\":\"https:\\\/\\\/qreativ.se\\\/wp-content\\\/uploads\\\/2024\\\/05\\\/794-799-60.png\",\"datePublished\":\"2024-07-18T15:20:17+00:00\",\"dateModified\":\"2026-02-13T09:31:05+00:00\",\"breadcrumb\":{\"@id\":\"https:\\\/\\\/qreativ.se\\\/dk\\\/produkt\\\/odin-salladsbestick-s-svart-silver\\\/#breadcrumb\"},\"inLanguage\":\"da-DK\",\"potentialAction\":[{\"@type\":\"ReadAction\",\"target\":[\"https:\\\/\\\/qreativ.se\\\/dk\\\/produkt\\\/odin-salladsbestick-s-svart-silver\\\/\"]}]},{\"@type\":\"ImageObject\",\"inLanguage\":\"da-DK\",\"@id\":\"https:\\\/\\\/qreativ.se\\\/dk\\\/produkt\\\/odin-salladsbestick-s-svart-silver\\\/#primaryimage\",\"url\":\"https:\\\/\\\/qreativ.se\\\/wp-content\\\/uploads\\\/2024\\\/05\\\/794-799-60.png\",\"contentUrl\":\"https:\\\/\\\/qreativ.se\\\/wp-content\\\/uploads\\\/2024\\\/05\\\/794-799-60.png\",\"width\":720,\"height\":720},{\"@type\":\"BreadcrumbList\",\"@id\":\"https:\\\/\\\/qreativ.se\\\/dk\\\/produkt\\\/odin-salladsbestick-s-svart-silver\\\/#breadcrumb\",\"itemListElement\":[{\"@type\":\"ListItem\",\"position\":1,\"name\":\"Home\",\"item\":\"https:\\\/\\\/qreativ.se\\\/dk\\\/hjem\\\/\"},{\"@type\":\"ListItem\",\"position\":2,\"name\":\"Webbshop\",\"item\":\"https:\\\/\\\/qreativ.se\\\/dk\\\/webbshop\\\/\"},{\"@type\":\"ListItem\",\"position\":3,\"name\":\"Salladsbestick Rustik S &#8211; Odin\"}]},{\"@type\":\"WebSite\",\"@id\":\"https:\\\/\\\/qreativ.se\\\/dk\\\/#website\",\"url\":\"https:\\\/\\\/qreativ.se\\\/dk\\\/\",\"name\":\"Qreativ\",\"description\":\"\",\"alternateName\":\"qreativ.se\",\"potentialAction\":[{\"@type\":\"SearchAction\",\"target\":{\"@type\":\"EntryPoint\",\"urlTemplate\":\"https:\\\/\\\/qreativ.se\\\/dk\\\/?s={search_term_string}\"},\"query-input\":{\"@type\":\"PropertyValueSpecification\",\"valueRequired\":true,\"valueName\":\"search_term_string\"}}],\"inLanguage\":\"da-DK\"}]}<\/script>\n<!-- \/ Yoast SEO plugin. -->","yoast_head_json":{"title":"Salladsbestick Rustik S - Odin - Qreativ","robots":{"index":"index","follow":"follow","max-snippet":"max-snippet:-1","max-image-preview":"max-image-preview:large","max-video-preview":"max-video-preview:-1"},"canonical":"https:\/\/qreativ.se\/dk\/produkt\/odin-salladsbestick-s-svart-silver\/","og_locale":"da_DK","og_type":"article","og_title":"Salladsbestick Rustik S - Odin - Qreativ","og_description":"Lyft din dukning till nya niv\u00e5er med v\u00e5r exklusiva handgjorda bestickserie Odin . Varje bestick \u00e4r tillverkat f\u00f6r hand med en unik yta och form. En rustika look kombinerad med sofistikerad design. Matcertifierad, handdisk Material: rostfritt st\u00e5l","og_url":"https:\/\/qreativ.se\/dk\/produkt\/odin-salladsbestick-s-svart-silver\/","og_site_name":"Qreativ","article_modified_time":"2026-02-13T09:31:05+00:00","og_image":[{"width":720,"height":720,"url":"https:\/\/qreativ.se\/wp-content\/uploads\/2024\/05\/794-799-60.png","type":"image\/webp"}],"twitter_card":"summary_large_image","twitter_misc":{"Estimeret l\u00e6setid":"1 minut"},"schema":{"@context":"https:\/\/schema.org","@graph":[{"@type":"WebPage","@id":"https:\/\/qreativ.se\/dk\/produkt\/odin-salladsbestick-s-svart-silver\/","url":"https:\/\/qreativ.se\/dk\/produkt\/odin-salladsbestick-s-svart-silver\/","name":"Salladsbestick Rustik S - Odin - Qreativ","isPartOf":{"@id":"https:\/\/qreativ.se\/dk\/#website"},"primaryImageOfPage":{"@id":"https:\/\/qreativ.se\/dk\/produkt\/odin-salladsbestick-s-svart-silver\/#primaryimage"},"image":{"@id":"https:\/\/qreativ.se\/dk\/produkt\/odin-salladsbestick-s-svart-silver\/#primaryimage"},"thumbnailUrl":"https:\/\/qreativ.se\/wp-content\/uploads\/2024\/05\/794-799-60.png","datePublished":"2024-07-18T15:20:17+00:00","dateModified":"2026-02-13T09:31:05+00:00","breadcrumb":{"@id":"https:\/\/qreativ.se\/dk\/produkt\/odin-salladsbestick-s-svart-silver\/#breadcrumb"},"inLanguage":"da-DK","potentialAction":[{"@type":"ReadAction","target":["https:\/\/qreativ.se\/dk\/produkt\/odin-salladsbestick-s-svart-silver\/"]}]},{"@type":"ImageObject","inLanguage":"da-DK","@id":"https:\/\/qreativ.se\/dk\/produkt\/odin-salladsbestick-s-svart-silver\/#primaryimage","url":"https:\/\/qreativ.se\/wp-content\/uploads\/2024\/05\/794-799-60.png","contentUrl":"https:\/\/qreativ.se\/wp-content\/uploads\/2024\/05\/794-799-60.png","width":720,"height":720},{"@type":"BreadcrumbList","@id":"https:\/\/qreativ.se\/dk\/produkt\/odin-salladsbestick-s-svart-silver\/#breadcrumb","itemListElement":[{"@type":"ListItem","position":1,"name":"Home","item":"https:\/\/qreativ.se\/dk\/hjem\/"},{"@type":"ListItem","position":2,"name":"Webbshop","item":"https:\/\/qreativ.se\/dk\/webbshop\/"},{"@type":"ListItem","position":3,"name":"Salladsbestick Rustik S &#8211; Odin"}]},{"@type":"WebSite","@id":"https:\/\/qreativ.se\/dk\/#website","url":"https:\/\/qreativ.se\/dk\/","name":"Qreativ","description":"","alternateName":"qreativ.se","potentialAction":[{"@type":"SearchAction","target":{"@type":"EntryPoint","urlTemplate":"https:\/\/qreativ.se\/dk\/?s={search_term_string}"},"query-input":{"@type":"PropertyValueSpecification","valueRequired":true,"valueName":"search_term_string"}}],"inLanguage":"da-DK"}]}},"_links":{"self":[{"href":"https:\/\/qreativ.se\/dk\/wp-json\/wp\/v2\/product\/17915","targetHints":{"allow":["GET"]}}],"collection":[{"href":"https:\/\/qreativ.se\/dk\/wp-json\/wp\/v2\/product"}],"about":[{"href":"https:\/\/qreativ.se\/dk\/wp-json\/wp\/v2\/types\/product"}],"replies":[{"embeddable":true,"href":"https:\/\/qreativ.se\/dk\/wp-json\/wp\/v2\/comments?post=17915"}],"wp:featuredmedia":[{"embeddable":true,"href":"https:\/\/qreativ.se\/dk\/wp-json\/wp\/v2\/media\/17916"}],"wp:attachment":[{"href":"https:\/\/qreativ.se\/dk\/wp-json\/wp\/v2\/media?parent=17915"}],"wp:term":[{"taxonomy":"product_brand","embeddable":true,"href":"https:\/\/qreativ.se\/dk\/wp-json\/wp\/v2\/product_brand?post=17915"},{"taxonomy":"product_cat","embeddable":true,"href":"https:\/\/qreativ.se\/dk\/wp-json\/wp\/v2\/product_cat?post=17915"},{"taxonomy":"product_tag","embeddable":true,"href":"https:\/\/qreativ.se\/dk\/wp-json\/wp\/v2\/product_tag?post=17915"}],"curies":[{"name":"wp","href":"https:\/\/api.w.org\/{rel}","templated":true}]}}