{"id":18162,"date":"2024-07-18T15:18:42","date_gmt":"2024-07-18T15:18:42","guid":{"rendered":"https:\/\/qreativ.se\/produkt\/frej-dorrstopp-hast-brun-svart\/"},"modified":"2026-02-13T09:32:06","modified_gmt":"2026-02-13T09:32:06","slug":"frej-dorrstopp-hast-brun-svart","status":"publish","type":"product","link":"https:\/\/qreativ.se\/dk\/produkt\/frej-dorrstopp-hast-brun-svart\/","title":{"rendered":"D\u00f6rrstopp h\u00e4st Gjutj\u00e4rn &#8211; Frej"},"content":{"rendered":"<p data-start=\"255\" data-end=\"488\">Ge ditt hem en <strong data-start=\"270\" data-end=\"316\">perfekt balans mellan funktion och estetik<\/strong> med detta <strong data-start=\"327\" data-end=\"368\">d\u00f6rrstopp i vackert formad j\u00e4rndesign<\/strong>. Det robusta materialet ger stabilitet, medan den tidl\u00f6sa formen g\u00f6r det till en <strong data-start=\"450\" data-end=\"469\">stilfull detalj<\/strong> i din inredning.<\/p>\n<p data-start=\"490\" data-end=\"714\">Tillverkat i <strong data-start=\"503\" data-end=\"520\">h\u00e5llbart j\u00e4rn<\/strong>, \u00e4r detta d\u00f6rrstopp en investering som h\u00e5ller \u00f6ver tid. Dess naturliga yta kommer att <strong data-start=\"607\" data-end=\"657\">utveckla en vacker patina vid kontakt med fukt<\/strong>, vilket f\u00f6rst\u00e4rker dess rustika och charmiga karakt\u00e4r.<\/p>\n<ul data-start=\"716\" data-end=\"958\">\n<li data-start=\"716\" data-end=\"765\"><strong data-start=\"718\" data-end=\"763\">Praktiskt och dekorativt d\u00f6rrstopp i j\u00e4rn<\/strong><\/li>\n<li data-start=\"766\" data-end=\"801\"><strong data-start=\"768\" data-end=\"799\">Stabil och slitstark design<\/strong><\/li>\n<li data-start=\"802\" data-end=\"855\"><strong data-start=\"804\" data-end=\"833\">Rustik och tidl\u00f6s estetik<\/strong> som passar alla hem<\/li>\n<li data-start=\"856\" data-end=\"899\">Utvecklar en <strong data-start=\"871\" data-end=\"888\">vacker patina<\/strong> \u00f6ver tid<\/li>\n<li data-start=\"900\" data-end=\"958\">Perfekt f\u00f6r b\u00e5de <strong data-start=\"919\" data-end=\"956\">traditionella och moderna milj\u00f6er<\/strong><\/li>\n<\/ul>\n<p data-start=\"960\" data-end=\"1052\" data-is-last-node=\"\" data-is-only-node=\"\">L\u00e5t detta <strong data-start=\"970\" data-end=\"999\">eleganta d\u00f6rrstopp i j\u00e4rn<\/strong> bli en b\u00e5de <strong data-start=\"1012\" data-end=\"1035\">praktisk och vacker<\/strong> del av ditt hem!<\/p>\n","protected":false},"excerpt":{"rendered":"<p>Stilfullt och funktionellt! Detta vackert formade d\u00f6rrstopp i j\u00e4rn h\u00e5ller d\u00f6rren p\u00e5 plats samtidigt som det blir en elegant inredningsdetalj.<\/p>\n","protected":false},"featured_media":18163,"comment_status":"closed","ping_status":"closed","template":"","meta":{"_acf_changed":false,"inline_featured_image":false},"product_brand":[],"product_cat":[223,225],"product_tag":[286],"class_list":{"0":"post-18162","1":"product","2":"type-product","3":"status-publish","4":"has-post-thumbnail","6":"product_cat-indretning-dekorationer","7":"product_cat-ovrigt","8":"product_tag-easytoship","10":"first","11":"instock","12":"taxable","13":"shipping-taxable","14":"purchasable","15":"product-type-simple"},"acf":[],"yoast_head":"<!-- This site is optimized with the Yoast SEO plugin v27.6 - https:\/\/yoast.com\/product\/yoast-seo-wordpress\/ -->\n<title>D\u00f6rrstopp h\u00e4st Gjutj\u00e4rn - Frej - Qreativ<\/title>\n<meta name=\"robots\" content=\"index, follow, max-snippet:-1, max-image-preview:large, max-video-preview:-1\" \/>\n<link rel=\"canonical\" href=\"https:\/\/qreativ.se\/dk\/produkt\/frej-dorrstopp-hast-brun-svart\/\" \/>\n<meta property=\"og:locale\" content=\"da_DK\" \/>\n<meta property=\"og:type\" content=\"article\" \/>\n<meta property=\"og:title\" content=\"D\u00f6rrstopp h\u00e4st Gjutj\u00e4rn - Frej - Qreativ\" \/>\n<meta property=\"og:description\" content=\"Stilfullt och funktionellt! Detta vackert formade d\u00f6rrstopp i j\u00e4rn h\u00e5ller d\u00f6rren p\u00e5 plats samtidigt som det blir en elegant inredningsdetalj.\" \/>\n<meta property=\"og:url\" content=\"https:\/\/qreativ.se\/dk\/produkt\/frej-dorrstopp-hast-brun-svart\/\" \/>\n<meta property=\"og:site_name\" content=\"Qreativ\" \/>\n<meta property=\"article:modified_time\" content=\"2026-02-13T09:32:06+00:00\" \/>\n<meta property=\"og:image\" content=\"https:\/\/qreativ.se\/wp-content\/uploads\/2024\/05\/792-785-00.png\" \/>\n\t<meta property=\"og:image:width\" content=\"720\" \/>\n\t<meta property=\"og:image:height\" content=\"720\" \/>\n\t<meta property=\"og:image:type\" content=\"image\/webp\" \/>\n<meta name=\"twitter:card\" content=\"summary_large_image\" \/>\n<meta name=\"twitter:label1\" content=\"Estimeret l\u00e6setid\" \/>\n\t<meta name=\"twitter:data1\" content=\"1 minut\" \/>\n<script type=\"application\/ld+json\" class=\"yoast-schema-graph\">{\"@context\":\"https:\\\/\\\/schema.org\",\"@graph\":[{\"@type\":\"WebPage\",\"@id\":\"https:\\\/\\\/qreativ.se\\\/dk\\\/produkt\\\/frej-dorrstopp-hast-brun-svart\\\/\",\"url\":\"https:\\\/\\\/qreativ.se\\\/dk\\\/produkt\\\/frej-dorrstopp-hast-brun-svart\\\/\",\"name\":\"D\u00f6rrstopp h\u00e4st Gjutj\u00e4rn - Frej - Qreativ\",\"isPartOf\":{\"@id\":\"https:\\\/\\\/qreativ.se\\\/dk\\\/#website\"},\"primaryImageOfPage\":{\"@id\":\"https:\\\/\\\/qreativ.se\\\/dk\\\/produkt\\\/frej-dorrstopp-hast-brun-svart\\\/#primaryimage\"},\"image\":{\"@id\":\"https:\\\/\\\/qreativ.se\\\/dk\\\/produkt\\\/frej-dorrstopp-hast-brun-svart\\\/#primaryimage\"},\"thumbnailUrl\":\"https:\\\/\\\/qreativ.se\\\/wp-content\\\/uploads\\\/2024\\\/05\\\/792-785-00.png\",\"datePublished\":\"2024-07-18T15:18:42+00:00\",\"dateModified\":\"2026-02-13T09:32:06+00:00\",\"breadcrumb\":{\"@id\":\"https:\\\/\\\/qreativ.se\\\/dk\\\/produkt\\\/frej-dorrstopp-hast-brun-svart\\\/#breadcrumb\"},\"inLanguage\":\"da-DK\",\"potentialAction\":[{\"@type\":\"ReadAction\",\"target\":[\"https:\\\/\\\/qreativ.se\\\/dk\\\/produkt\\\/frej-dorrstopp-hast-brun-svart\\\/\"]}]},{\"@type\":\"ImageObject\",\"inLanguage\":\"da-DK\",\"@id\":\"https:\\\/\\\/qreativ.se\\\/dk\\\/produkt\\\/frej-dorrstopp-hast-brun-svart\\\/#primaryimage\",\"url\":\"https:\\\/\\\/qreativ.se\\\/wp-content\\\/uploads\\\/2024\\\/05\\\/792-785-00.png\",\"contentUrl\":\"https:\\\/\\\/qreativ.se\\\/wp-content\\\/uploads\\\/2024\\\/05\\\/792-785-00.png\",\"width\":720,\"height\":720},{\"@type\":\"BreadcrumbList\",\"@id\":\"https:\\\/\\\/qreativ.se\\\/dk\\\/produkt\\\/frej-dorrstopp-hast-brun-svart\\\/#breadcrumb\",\"itemListElement\":[{\"@type\":\"ListItem\",\"position\":1,\"name\":\"Home\",\"item\":\"https:\\\/\\\/qreativ.se\\\/dk\\\/hjem\\\/\"},{\"@type\":\"ListItem\",\"position\":2,\"name\":\"Webbshop\",\"item\":\"https:\\\/\\\/qreativ.se\\\/dk\\\/webbshop\\\/\"},{\"@type\":\"ListItem\",\"position\":3,\"name\":\"D\u00f6rrstopp h\u00e4st Gjutj\u00e4rn &#8211; Frej\"}]},{\"@type\":\"WebSite\",\"@id\":\"https:\\\/\\\/qreativ.se\\\/dk\\\/#website\",\"url\":\"https:\\\/\\\/qreativ.se\\\/dk\\\/\",\"name\":\"Qreativ\",\"description\":\"\",\"alternateName\":\"qreativ.se\",\"potentialAction\":[{\"@type\":\"SearchAction\",\"target\":{\"@type\":\"EntryPoint\",\"urlTemplate\":\"https:\\\/\\\/qreativ.se\\\/dk\\\/?s={search_term_string}\"},\"query-input\":{\"@type\":\"PropertyValueSpecification\",\"valueRequired\":true,\"valueName\":\"search_term_string\"}}],\"inLanguage\":\"da-DK\"}]}<\/script>\n<!-- \/ Yoast SEO plugin. -->","yoast_head_json":{"title":"D\u00f6rrstopp h\u00e4st Gjutj\u00e4rn - Frej - Qreativ","robots":{"index":"index","follow":"follow","max-snippet":"max-snippet:-1","max-image-preview":"max-image-preview:large","max-video-preview":"max-video-preview:-1"},"canonical":"https:\/\/qreativ.se\/dk\/produkt\/frej-dorrstopp-hast-brun-svart\/","og_locale":"da_DK","og_type":"article","og_title":"D\u00f6rrstopp h\u00e4st Gjutj\u00e4rn - Frej - Qreativ","og_description":"Stilfullt och funktionellt! Detta vackert formade d\u00f6rrstopp i j\u00e4rn h\u00e5ller d\u00f6rren p\u00e5 plats samtidigt som det blir en elegant inredningsdetalj.","og_url":"https:\/\/qreativ.se\/dk\/produkt\/frej-dorrstopp-hast-brun-svart\/","og_site_name":"Qreativ","article_modified_time":"2026-02-13T09:32:06+00:00","og_image":[{"width":720,"height":720,"url":"https:\/\/qreativ.se\/wp-content\/uploads\/2024\/05\/792-785-00.png","type":"image\/webp"}],"twitter_card":"summary_large_image","twitter_misc":{"Estimeret l\u00e6setid":"1 minut"},"schema":{"@context":"https:\/\/schema.org","@graph":[{"@type":"WebPage","@id":"https:\/\/qreativ.se\/dk\/produkt\/frej-dorrstopp-hast-brun-svart\/","url":"https:\/\/qreativ.se\/dk\/produkt\/frej-dorrstopp-hast-brun-svart\/","name":"D\u00f6rrstopp h\u00e4st Gjutj\u00e4rn - Frej - Qreativ","isPartOf":{"@id":"https:\/\/qreativ.se\/dk\/#website"},"primaryImageOfPage":{"@id":"https:\/\/qreativ.se\/dk\/produkt\/frej-dorrstopp-hast-brun-svart\/#primaryimage"},"image":{"@id":"https:\/\/qreativ.se\/dk\/produkt\/frej-dorrstopp-hast-brun-svart\/#primaryimage"},"thumbnailUrl":"https:\/\/qreativ.se\/wp-content\/uploads\/2024\/05\/792-785-00.png","datePublished":"2024-07-18T15:18:42+00:00","dateModified":"2026-02-13T09:32:06+00:00","breadcrumb":{"@id":"https:\/\/qreativ.se\/dk\/produkt\/frej-dorrstopp-hast-brun-svart\/#breadcrumb"},"inLanguage":"da-DK","potentialAction":[{"@type":"ReadAction","target":["https:\/\/qreativ.se\/dk\/produkt\/frej-dorrstopp-hast-brun-svart\/"]}]},{"@type":"ImageObject","inLanguage":"da-DK","@id":"https:\/\/qreativ.se\/dk\/produkt\/frej-dorrstopp-hast-brun-svart\/#primaryimage","url":"https:\/\/qreativ.se\/wp-content\/uploads\/2024\/05\/792-785-00.png","contentUrl":"https:\/\/qreativ.se\/wp-content\/uploads\/2024\/05\/792-785-00.png","width":720,"height":720},{"@type":"BreadcrumbList","@id":"https:\/\/qreativ.se\/dk\/produkt\/frej-dorrstopp-hast-brun-svart\/#breadcrumb","itemListElement":[{"@type":"ListItem","position":1,"name":"Home","item":"https:\/\/qreativ.se\/dk\/hjem\/"},{"@type":"ListItem","position":2,"name":"Webbshop","item":"https:\/\/qreativ.se\/dk\/webbshop\/"},{"@type":"ListItem","position":3,"name":"D\u00f6rrstopp h\u00e4st Gjutj\u00e4rn &#8211; Frej"}]},{"@type":"WebSite","@id":"https:\/\/qreativ.se\/dk\/#website","url":"https:\/\/qreativ.se\/dk\/","name":"Qreativ","description":"","alternateName":"qreativ.se","potentialAction":[{"@type":"SearchAction","target":{"@type":"EntryPoint","urlTemplate":"https:\/\/qreativ.se\/dk\/?s={search_term_string}"},"query-input":{"@type":"PropertyValueSpecification","valueRequired":true,"valueName":"search_term_string"}}],"inLanguage":"da-DK"}]}},"_links":{"self":[{"href":"https:\/\/qreativ.se\/dk\/wp-json\/wp\/v2\/product\/18162","targetHints":{"allow":["GET"]}}],"collection":[{"href":"https:\/\/qreativ.se\/dk\/wp-json\/wp\/v2\/product"}],"about":[{"href":"https:\/\/qreativ.se\/dk\/wp-json\/wp\/v2\/types\/product"}],"replies":[{"embeddable":true,"href":"https:\/\/qreativ.se\/dk\/wp-json\/wp\/v2\/comments?post=18162"}],"wp:featuredmedia":[{"embeddable":true,"href":"https:\/\/qreativ.se\/dk\/wp-json\/wp\/v2\/media\/18163"}],"wp:attachment":[{"href":"https:\/\/qreativ.se\/dk\/wp-json\/wp\/v2\/media?parent=18162"}],"wp:term":[{"taxonomy":"product_brand","embeddable":true,"href":"https:\/\/qreativ.se\/dk\/wp-json\/wp\/v2\/product_brand?post=18162"},{"taxonomy":"product_cat","embeddable":true,"href":"https:\/\/qreativ.se\/dk\/wp-json\/wp\/v2\/product_cat?post=18162"},{"taxonomy":"product_tag","embeddable":true,"href":"https:\/\/qreativ.se\/dk\/wp-json\/wp\/v2\/product_tag?post=18162"}],"curies":[{"name":"wp","href":"https:\/\/api.w.org\/{rel}","templated":true}]}}