{"id":18208,"date":"2024-07-18T15:16:47","date_gmt":"2024-07-18T15:16:47","guid":{"rendered":"https:\/\/qreativ.se\/produkt\/thor-ljusstake-xl-svart\/"},"modified":"2026-02-13T09:32:35","modified_gmt":"2026-02-13T09:32:35","slug":"thor-ljusstake-xl-svart","status":"publish","type":"product","link":"https:\/\/qreativ.se\/dk\/produkt\/thor-ljusstake-xl-svart\/","title":{"rendered":"Thor ljusstake rustik 2-pack"},"content":{"rendered":"<p class=\"\" data-start=\"612\" data-end=\"666\"><strong data-start=\"612\" data-end=\"664\">Ljusstake i j\u00e4rn \u2013 h\u00e5llbar och stilren inredning<\/strong><\/p>\n<p class=\"\" data-start=\"673\" data-end=\"1049\">Letar du efter inredningsdetaljer som kombinerar l\u00e5ng h\u00e5llbarhet med stilren design? V\u00e5r ljusstake i j\u00e4rn \u00e4r skapad f\u00f6r att h\u00e5lla i generationer och lyfta ditt hem med sin tidl\u00f6sa estetik. Den minimalistiska formen g\u00f6r ljusstaken enkel att matcha med naturliga material som tr\u00e4, sten och l\u00e4der \u2013 perfekta kombinationer f\u00f6r att skapa en varm och inbjudande k\u00e4nsla i alla rum.<\/p>\n<p class=\"\" data-start=\"1056\" data-end=\"1233\">Placera den ensam f\u00f6r ett rent uttryck eller kombinera flera storlekar ur samma serie f\u00f6r ett levande och personligt arrangemang p\u00e5 matbordet, i f\u00f6nstret eller p\u00e5 sideboardet.<\/p>\n<p class=\"\" data-start=\"1240\" data-end=\"1280\"><strong data-start=\"1240\" data-end=\"1253\">Material:<\/strong> J\u00e4rn<br data-start=\"1258\" data-end=\"1261\" \/><strong data-start=\"1263\" data-end=\"1278\">Egenskaper:<\/strong><\/p>\n<ul data-start=\"1283\" data-end=\"1471\">\n<li class=\"\" data-start=\"1283\" data-end=\"1318\">\n<p class=\"\" data-start=\"1285\" data-end=\"1318\">Tidl\u00f6s och minimalistisk design<\/p>\n<\/li>\n<li class=\"\" data-start=\"1321\" data-end=\"1366\">\n<p class=\"\" data-start=\"1323\" data-end=\"1366\">H\u00e5llbar kvalitet som varar i generationer<\/p>\n<\/li>\n<li class=\"\" data-start=\"1369\" data-end=\"1411\">\n<p class=\"\" data-start=\"1371\" data-end=\"1411\">Passar perfekt med tr\u00e4, sten och l\u00e4der<\/p>\n<\/li>\n<li class=\"\" data-start=\"1414\" data-end=\"1467\">\n<p class=\"\" data-start=\"1416\" data-end=\"1467\">Finns i flera storlekar f\u00f6r ett dynamiskt uttryck<\/p>\n<\/li>\n<\/ul>\n<p class=\"\" data-start=\"1474\" data-end=\"1596\">Ge ditt hem ett stilfullt lyft med v\u00e5ra exklusiva ljusstakar i j\u00e4rn \u2013 en investering i b\u00e5de design och l\u00e5ngvarig kvalitet.<\/p>\n","protected":false},"excerpt":{"rendered":"<p>Skapa en varm och stilren k\u00e4nsla i ditt hem med denna minimalistiska ljusstake. Kombinera g\u00e4rna flera storlekar f\u00f6r ett personligt uttryck. Perfekt till tr\u00e4, sten och l\u00e4der.<\/p>\n","protected":false},"featured_media":18210,"comment_status":"closed","ping_status":"closed","template":"","meta":{"_acf_changed":false,"inline_featured_image":false},"product_brand":[],"product_cat":[239,243],"product_tag":[286],"class_list":{"0":"post-18208","1":"product","2":"type-product","3":"status-publish","4":"has-post-thumbnail","6":"product_cat-stemningsfulde-lysestager-lysholdere","7":"product_cat-lysestager","8":"product_tag-easytoship","10":"first","11":"instock","12":"taxable","13":"shipping-taxable","14":"purchasable","15":"product-type-simple"},"acf":[],"yoast_head":"<!-- This site is optimized with the Yoast SEO plugin v27.6 - https:\/\/yoast.com\/product\/yoast-seo-wordpress\/ -->\n<title>Thor ljusstake rustik 2-pack - Qreativ<\/title>\n<meta name=\"robots\" content=\"index, follow, max-snippet:-1, max-image-preview:large, max-video-preview:-1\" \/>\n<link rel=\"canonical\" href=\"https:\/\/qreativ.se\/dk\/produkt\/thor-ljusstake-xl-svart\/\" \/>\n<meta property=\"og:locale\" content=\"da_DK\" \/>\n<meta property=\"og:type\" content=\"article\" \/>\n<meta property=\"og:title\" content=\"Thor ljusstake rustik 2-pack - Qreativ\" \/>\n<meta property=\"og:description\" content=\"Skapa en varm och stilren k\u00e4nsla i ditt hem med denna minimalistiska ljusstake. Kombinera g\u00e4rna flera storlekar f\u00f6r ett personligt uttryck. Perfekt till tr\u00e4, sten och l\u00e4der.\" \/>\n<meta property=\"og:url\" content=\"https:\/\/qreativ.se\/dk\/produkt\/thor-ljusstake-xl-svart\/\" \/>\n<meta property=\"og:site_name\" content=\"Qreativ\" \/>\n<meta property=\"article:modified_time\" content=\"2026-02-13T09:32:35+00:00\" \/>\n<meta property=\"og:image\" content=\"https:\/\/qreativ.se\/wp-content\/uploads\/2024\/07\/Detaljer-som-forenar-form-och-funktion-Gatsby-ar-inte-bara-vacker-att-se-pa-\u2013-den-ar-ocksa-genomtankt-in-i-minsta-detalj-Material-Glaserad-keramik-for-en-elegant-och-tidlos-look.-Lamphallare-E27-s-8-6.png\" \/>\n\t<meta property=\"og:image:width\" content=\"2000\" \/>\n\t<meta property=\"og:image:height\" content=\"2000\" \/>\n\t<meta property=\"og:image:type\" content=\"image\/png\" \/>\n<meta name=\"twitter:card\" content=\"summary_large_image\" \/>\n<meta name=\"twitter:label1\" content=\"Estimeret l\u00e6setid\" \/>\n\t<meta name=\"twitter:data1\" content=\"1 minut\" \/>\n<script type=\"application\/ld+json\" class=\"yoast-schema-graph\">{\"@context\":\"https:\\\/\\\/schema.org\",\"@graph\":[{\"@type\":\"WebPage\",\"@id\":\"https:\\\/\\\/qreativ.se\\\/dk\\\/produkt\\\/thor-ljusstake-xl-svart\\\/\",\"url\":\"https:\\\/\\\/qreativ.se\\\/dk\\\/produkt\\\/thor-ljusstake-xl-svart\\\/\",\"name\":\"Thor ljusstake rustik 2-pack - Qreativ\",\"isPartOf\":{\"@id\":\"https:\\\/\\\/qreativ.se\\\/dk\\\/#website\"},\"primaryImageOfPage\":{\"@id\":\"https:\\\/\\\/qreativ.se\\\/dk\\\/produkt\\\/thor-ljusstake-xl-svart\\\/#primaryimage\"},\"image\":{\"@id\":\"https:\\\/\\\/qreativ.se\\\/dk\\\/produkt\\\/thor-ljusstake-xl-svart\\\/#primaryimage\"},\"thumbnailUrl\":\"https:\\\/\\\/qreativ.se\\\/wp-content\\\/uploads\\\/2024\\\/07\\\/Detaljer-som-forenar-form-och-funktion-Gatsby-ar-inte-bara-vacker-att-se-pa-\u2013-den-ar-ocksa-genomtankt-in-i-minsta-detalj-Material-Glaserad-keramik-for-en-elegant-och-tidlos-look.-Lamphallare-E27-s-8-6.png\",\"datePublished\":\"2024-07-18T15:16:47+00:00\",\"dateModified\":\"2026-02-13T09:32:35+00:00\",\"breadcrumb\":{\"@id\":\"https:\\\/\\\/qreativ.se\\\/dk\\\/produkt\\\/thor-ljusstake-xl-svart\\\/#breadcrumb\"},\"inLanguage\":\"da-DK\",\"potentialAction\":[{\"@type\":\"ReadAction\",\"target\":[\"https:\\\/\\\/qreativ.se\\\/dk\\\/produkt\\\/thor-ljusstake-xl-svart\\\/\"]}]},{\"@type\":\"ImageObject\",\"inLanguage\":\"da-DK\",\"@id\":\"https:\\\/\\\/qreativ.se\\\/dk\\\/produkt\\\/thor-ljusstake-xl-svart\\\/#primaryimage\",\"url\":\"https:\\\/\\\/qreativ.se\\\/wp-content\\\/uploads\\\/2024\\\/07\\\/Detaljer-som-forenar-form-och-funktion-Gatsby-ar-inte-bara-vacker-att-se-pa-\u2013-den-ar-ocksa-genomtankt-in-i-minsta-detalj-Material-Glaserad-keramik-for-en-elegant-och-tidlos-look.-Lamphallare-E27-s-8-6.png\",\"contentUrl\":\"https:\\\/\\\/qreativ.se\\\/wp-content\\\/uploads\\\/2024\\\/07\\\/Detaljer-som-forenar-form-och-funktion-Gatsby-ar-inte-bara-vacker-att-se-pa-\u2013-den-ar-ocksa-genomtankt-in-i-minsta-detalj-Material-Glaserad-keramik-for-en-elegant-och-tidlos-look.-Lamphallare-E27-s-8-6.png\",\"width\":2000,\"height\":2000},{\"@type\":\"BreadcrumbList\",\"@id\":\"https:\\\/\\\/qreativ.se\\\/dk\\\/produkt\\\/thor-ljusstake-xl-svart\\\/#breadcrumb\",\"itemListElement\":[{\"@type\":\"ListItem\",\"position\":1,\"name\":\"Home\",\"item\":\"https:\\\/\\\/qreativ.se\\\/dk\\\/hjem\\\/\"},{\"@type\":\"ListItem\",\"position\":2,\"name\":\"Webbshop\",\"item\":\"https:\\\/\\\/qreativ.se\\\/dk\\\/webbshop\\\/\"},{\"@type\":\"ListItem\",\"position\":3,\"name\":\"Thor ljusstake rustik 2-pack\"}]},{\"@type\":\"WebSite\",\"@id\":\"https:\\\/\\\/qreativ.se\\\/dk\\\/#website\",\"url\":\"https:\\\/\\\/qreativ.se\\\/dk\\\/\",\"name\":\"Qreativ\",\"description\":\"\",\"alternateName\":\"qreativ.se\",\"potentialAction\":[{\"@type\":\"SearchAction\",\"target\":{\"@type\":\"EntryPoint\",\"urlTemplate\":\"https:\\\/\\\/qreativ.se\\\/dk\\\/?s={search_term_string}\"},\"query-input\":{\"@type\":\"PropertyValueSpecification\",\"valueRequired\":true,\"valueName\":\"search_term_string\"}}],\"inLanguage\":\"da-DK\"}]}<\/script>\n<!-- \/ Yoast SEO plugin. -->","yoast_head_json":{"title":"Thor ljusstake rustik 2-pack - Qreativ","robots":{"index":"index","follow":"follow","max-snippet":"max-snippet:-1","max-image-preview":"max-image-preview:large","max-video-preview":"max-video-preview:-1"},"canonical":"https:\/\/qreativ.se\/dk\/produkt\/thor-ljusstake-xl-svart\/","og_locale":"da_DK","og_type":"article","og_title":"Thor ljusstake rustik 2-pack - Qreativ","og_description":"Skapa en varm och stilren k\u00e4nsla i ditt hem med denna minimalistiska ljusstake. Kombinera g\u00e4rna flera storlekar f\u00f6r ett personligt uttryck. Perfekt till tr\u00e4, sten och l\u00e4der.","og_url":"https:\/\/qreativ.se\/dk\/produkt\/thor-ljusstake-xl-svart\/","og_site_name":"Qreativ","article_modified_time":"2026-02-13T09:32:35+00:00","og_image":[{"width":2000,"height":2000,"url":"https:\/\/qreativ.se\/wp-content\/uploads\/2024\/07\/Detaljer-som-forenar-form-och-funktion-Gatsby-ar-inte-bara-vacker-att-se-pa-\u2013-den-ar-ocksa-genomtankt-in-i-minsta-detalj-Material-Glaserad-keramik-for-en-elegant-och-tidlos-look.-Lamphallare-E27-s-8-6.png","type":"image\/png"}],"twitter_card":"summary_large_image","twitter_misc":{"Estimeret l\u00e6setid":"1 minut"},"schema":{"@context":"https:\/\/schema.org","@graph":[{"@type":"WebPage","@id":"https:\/\/qreativ.se\/dk\/produkt\/thor-ljusstake-xl-svart\/","url":"https:\/\/qreativ.se\/dk\/produkt\/thor-ljusstake-xl-svart\/","name":"Thor ljusstake rustik 2-pack - Qreativ","isPartOf":{"@id":"https:\/\/qreativ.se\/dk\/#website"},"primaryImageOfPage":{"@id":"https:\/\/qreativ.se\/dk\/produkt\/thor-ljusstake-xl-svart\/#primaryimage"},"image":{"@id":"https:\/\/qreativ.se\/dk\/produkt\/thor-ljusstake-xl-svart\/#primaryimage"},"thumbnailUrl":"https:\/\/qreativ.se\/wp-content\/uploads\/2024\/07\/Detaljer-som-forenar-form-och-funktion-Gatsby-ar-inte-bara-vacker-att-se-pa-\u2013-den-ar-ocksa-genomtankt-in-i-minsta-detalj-Material-Glaserad-keramik-for-en-elegant-och-tidlos-look.-Lamphallare-E27-s-8-6.png","datePublished":"2024-07-18T15:16:47+00:00","dateModified":"2026-02-13T09:32:35+00:00","breadcrumb":{"@id":"https:\/\/qreativ.se\/dk\/produkt\/thor-ljusstake-xl-svart\/#breadcrumb"},"inLanguage":"da-DK","potentialAction":[{"@type":"ReadAction","target":["https:\/\/qreativ.se\/dk\/produkt\/thor-ljusstake-xl-svart\/"]}]},{"@type":"ImageObject","inLanguage":"da-DK","@id":"https:\/\/qreativ.se\/dk\/produkt\/thor-ljusstake-xl-svart\/#primaryimage","url":"https:\/\/qreativ.se\/wp-content\/uploads\/2024\/07\/Detaljer-som-forenar-form-och-funktion-Gatsby-ar-inte-bara-vacker-att-se-pa-\u2013-den-ar-ocksa-genomtankt-in-i-minsta-detalj-Material-Glaserad-keramik-for-en-elegant-och-tidlos-look.-Lamphallare-E27-s-8-6.png","contentUrl":"https:\/\/qreativ.se\/wp-content\/uploads\/2024\/07\/Detaljer-som-forenar-form-och-funktion-Gatsby-ar-inte-bara-vacker-att-se-pa-\u2013-den-ar-ocksa-genomtankt-in-i-minsta-detalj-Material-Glaserad-keramik-for-en-elegant-och-tidlos-look.-Lamphallare-E27-s-8-6.png","width":2000,"height":2000},{"@type":"BreadcrumbList","@id":"https:\/\/qreativ.se\/dk\/produkt\/thor-ljusstake-xl-svart\/#breadcrumb","itemListElement":[{"@type":"ListItem","position":1,"name":"Home","item":"https:\/\/qreativ.se\/dk\/hjem\/"},{"@type":"ListItem","position":2,"name":"Webbshop","item":"https:\/\/qreativ.se\/dk\/webbshop\/"},{"@type":"ListItem","position":3,"name":"Thor ljusstake rustik 2-pack"}]},{"@type":"WebSite","@id":"https:\/\/qreativ.se\/dk\/#website","url":"https:\/\/qreativ.se\/dk\/","name":"Qreativ","description":"","alternateName":"qreativ.se","potentialAction":[{"@type":"SearchAction","target":{"@type":"EntryPoint","urlTemplate":"https:\/\/qreativ.se\/dk\/?s={search_term_string}"},"query-input":{"@type":"PropertyValueSpecification","valueRequired":true,"valueName":"search_term_string"}}],"inLanguage":"da-DK"}]}},"_links":{"self":[{"href":"https:\/\/qreativ.se\/dk\/wp-json\/wp\/v2\/product\/18208","targetHints":{"allow":["GET"]}}],"collection":[{"href":"https:\/\/qreativ.se\/dk\/wp-json\/wp\/v2\/product"}],"about":[{"href":"https:\/\/qreativ.se\/dk\/wp-json\/wp\/v2\/types\/product"}],"replies":[{"embeddable":true,"href":"https:\/\/qreativ.se\/dk\/wp-json\/wp\/v2\/comments?post=18208"}],"wp:featuredmedia":[{"embeddable":true,"href":"https:\/\/qreativ.se\/dk\/wp-json\/wp\/v2\/media\/18210"}],"wp:attachment":[{"href":"https:\/\/qreativ.se\/dk\/wp-json\/wp\/v2\/media?parent=18208"}],"wp:term":[{"taxonomy":"product_brand","embeddable":true,"href":"https:\/\/qreativ.se\/dk\/wp-json\/wp\/v2\/product_brand?post=18208"},{"taxonomy":"product_cat","embeddable":true,"href":"https:\/\/qreativ.se\/dk\/wp-json\/wp\/v2\/product_cat?post=18208"},{"taxonomy":"product_tag","embeddable":true,"href":"https:\/\/qreativ.se\/dk\/wp-json\/wp\/v2\/product_tag?post=18208"}],"curies":[{"name":"wp","href":"https:\/\/api.w.org\/{rel}","templated":true}]}}