{"id":18258,"date":"2024-07-18T15:16:21","date_gmt":"2024-07-18T15:16:21","guid":{"rendered":"https:\/\/qreativ.se\/produkt\/lampa-varmeljus-nor-tra-massing\/"},"modified":"2026-02-13T09:32:27","modified_gmt":"2026-02-13T09:32:27","slug":"lampa-varmeljus-nor-tra-massing","status":"publish","type":"product","link":"https:\/\/qreativ.se\/dk\/produkt\/lampa-varmeljus-nor-tra-massing\/","title":{"rendered":"Lampa f\u00f6r v\u00e4rmeljus tr\u00e4\/m\u00e4ssing L"},"content":{"rendered":"<p><strong>Dekorativ oljelampsinspirerad ljush\u00e5llare i mangotr\u00e4<\/strong><br \/>\nSkapa en varm och rustik atmosf\u00e4r med denna charmiga ljush\u00e5llare tillverkad av h\u00e5llbart mangotr\u00e4. Designen p\u00e5minner om klassiska oljelampor och kombinerar tidl\u00f6s elegans med en naturlig touch. Glasdelen skyddar ljusl\u00e5gan och f\u00f6rst\u00e4rker ljusets mjuka sken, vilket g\u00f6r den perfekt f\u00f6r mysiga kv\u00e4llar hemma eller som en st\u00e4mningsh\u00f6jande detalj vid middagsbjudningar.<\/p>\n<ul>\n<li><strong>Material:<\/strong> Massivt mangotr\u00e4 och glas.<\/li>\n<li><strong>Anv\u00e4ndning:<\/strong> Passar v\u00e4rmeljus och sm\u00e5 blockljus.<\/li>\n<li><strong>Design:<\/strong> Rustik med en vintage-inspirerad k\u00e4nsla.<\/li>\n<\/ul>\n","protected":false},"excerpt":{"rendered":"<p>Placera Nor v\u00e4rmeljuslykta i vardagsrummet, sovrummet eller p\u00e5 en terrass f\u00f6r en stilfull detalj som sprider b\u00e5de ljus och v\u00e4rme. En idealisk g\u00e5va f\u00f6r n\u00e5gon som uppskattar skandinavisk design och h\u00e5llbarhet.<\/p>\n","protected":false},"featured_media":18260,"comment_status":"closed","ping_status":"closed","template":"","meta":{"_acf_changed":false,"inline_featured_image":false},"product_brand":[],"product_cat":[239,243],"product_tag":[286],"class_list":{"0":"post-18258","1":"product","2":"type-product","3":"status-publish","4":"has-post-thumbnail","6":"product_cat-stemningsfulde-lysestager-lysholdere","7":"product_cat-lysestager","8":"product_tag-easytoship","10":"first","11":"instock","12":"taxable","13":"shipping-taxable","14":"purchasable","15":"product-type-simple"},"acf":[],"yoast_head":"<!-- This site is optimized with the Yoast SEO plugin v27.6 - https:\/\/yoast.com\/product\/yoast-seo-wordpress\/ -->\n<title>Lampa f\u00f6r v\u00e4rmeljus tr\u00e4\/m\u00e4ssing L - Qreativ<\/title>\n<meta name=\"robots\" content=\"index, follow, max-snippet:-1, max-image-preview:large, max-video-preview:-1\" \/>\n<link rel=\"canonical\" href=\"https:\/\/qreativ.se\/dk\/produkt\/lampa-varmeljus-nor-tra-massing\/\" \/>\n<meta property=\"og:locale\" content=\"da_DK\" \/>\n<meta property=\"og:type\" content=\"article\" \/>\n<meta property=\"og:title\" content=\"Lampa f\u00f6r v\u00e4rmeljus tr\u00e4\/m\u00e4ssing L - Qreativ\" \/>\n<meta property=\"og:description\" content=\"Placera Nor v\u00e4rmeljuslykta i vardagsrummet, sovrummet eller p\u00e5 en terrass f\u00f6r en stilfull detalj som sprider b\u00e5de ljus och v\u00e4rme. En idealisk g\u00e5va f\u00f6r n\u00e5gon som uppskattar skandinavisk design och h\u00e5llbarhet.\" \/>\n<meta property=\"og:url\" content=\"https:\/\/qreativ.se\/dk\/produkt\/lampa-varmeljus-nor-tra-massing\/\" \/>\n<meta property=\"og:site_name\" content=\"Qreativ\" \/>\n<meta property=\"article:modified_time\" content=\"2026-02-13T09:32:27+00:00\" \/>\n<meta property=\"og:image\" content=\"https:\/\/qreativ.se\/wp-content\/uploads\/2024\/07\/Namnlos-design-15.png\" \/>\n\t<meta property=\"og:image:width\" content=\"2000\" \/>\n\t<meta property=\"og:image:height\" content=\"2000\" \/>\n\t<meta property=\"og:image:type\" content=\"image\/png\" \/>\n<meta name=\"twitter:card\" content=\"summary_large_image\" \/>\n<script type=\"application\/ld+json\" class=\"yoast-schema-graph\">{\"@context\":\"https:\\\/\\\/schema.org\",\"@graph\":[{\"@type\":\"WebPage\",\"@id\":\"https:\\\/\\\/qreativ.se\\\/dk\\\/produkt\\\/lampa-varmeljus-nor-tra-massing\\\/\",\"url\":\"https:\\\/\\\/qreativ.se\\\/dk\\\/produkt\\\/lampa-varmeljus-nor-tra-massing\\\/\",\"name\":\"Lampa f\u00f6r v\u00e4rmeljus tr\u00e4\\\/m\u00e4ssing L - Qreativ\",\"isPartOf\":{\"@id\":\"https:\\\/\\\/qreativ.se\\\/dk\\\/#website\"},\"primaryImageOfPage\":{\"@id\":\"https:\\\/\\\/qreativ.se\\\/dk\\\/produkt\\\/lampa-varmeljus-nor-tra-massing\\\/#primaryimage\"},\"image\":{\"@id\":\"https:\\\/\\\/qreativ.se\\\/dk\\\/produkt\\\/lampa-varmeljus-nor-tra-massing\\\/#primaryimage\"},\"thumbnailUrl\":\"https:\\\/\\\/qreativ.se\\\/wp-content\\\/uploads\\\/2024\\\/07\\\/Namnlos-design-15.png\",\"datePublished\":\"2024-07-18T15:16:21+00:00\",\"dateModified\":\"2026-02-13T09:32:27+00:00\",\"breadcrumb\":{\"@id\":\"https:\\\/\\\/qreativ.se\\\/dk\\\/produkt\\\/lampa-varmeljus-nor-tra-massing\\\/#breadcrumb\"},\"inLanguage\":\"da-DK\",\"potentialAction\":[{\"@type\":\"ReadAction\",\"target\":[\"https:\\\/\\\/qreativ.se\\\/dk\\\/produkt\\\/lampa-varmeljus-nor-tra-massing\\\/\"]}]},{\"@type\":\"ImageObject\",\"inLanguage\":\"da-DK\",\"@id\":\"https:\\\/\\\/qreativ.se\\\/dk\\\/produkt\\\/lampa-varmeljus-nor-tra-massing\\\/#primaryimage\",\"url\":\"https:\\\/\\\/qreativ.se\\\/wp-content\\\/uploads\\\/2024\\\/07\\\/Namnlos-design-15.png\",\"contentUrl\":\"https:\\\/\\\/qreativ.se\\\/wp-content\\\/uploads\\\/2024\\\/07\\\/Namnlos-design-15.png\",\"width\":2000,\"height\":2000},{\"@type\":\"BreadcrumbList\",\"@id\":\"https:\\\/\\\/qreativ.se\\\/dk\\\/produkt\\\/lampa-varmeljus-nor-tra-massing\\\/#breadcrumb\",\"itemListElement\":[{\"@type\":\"ListItem\",\"position\":1,\"name\":\"Home\",\"item\":\"https:\\\/\\\/qreativ.se\\\/dk\\\/hjem\\\/\"},{\"@type\":\"ListItem\",\"position\":2,\"name\":\"Webbshop\",\"item\":\"https:\\\/\\\/qreativ.se\\\/dk\\\/webbshop\\\/\"},{\"@type\":\"ListItem\",\"position\":3,\"name\":\"Lampa f\u00f6r v\u00e4rmeljus tr\u00e4\\\/m\u00e4ssing L\"}]},{\"@type\":\"WebSite\",\"@id\":\"https:\\\/\\\/qreativ.se\\\/dk\\\/#website\",\"url\":\"https:\\\/\\\/qreativ.se\\\/dk\\\/\",\"name\":\"Qreativ\",\"description\":\"\",\"alternateName\":\"qreativ.se\",\"potentialAction\":[{\"@type\":\"SearchAction\",\"target\":{\"@type\":\"EntryPoint\",\"urlTemplate\":\"https:\\\/\\\/qreativ.se\\\/dk\\\/?s={search_term_string}\"},\"query-input\":{\"@type\":\"PropertyValueSpecification\",\"valueRequired\":true,\"valueName\":\"search_term_string\"}}],\"inLanguage\":\"da-DK\"}]}<\/script>\n<!-- \/ Yoast SEO plugin. -->","yoast_head_json":{"title":"Lampa f\u00f6r v\u00e4rmeljus tr\u00e4\/m\u00e4ssing L - Qreativ","robots":{"index":"index","follow":"follow","max-snippet":"max-snippet:-1","max-image-preview":"max-image-preview:large","max-video-preview":"max-video-preview:-1"},"canonical":"https:\/\/qreativ.se\/dk\/produkt\/lampa-varmeljus-nor-tra-massing\/","og_locale":"da_DK","og_type":"article","og_title":"Lampa f\u00f6r v\u00e4rmeljus tr\u00e4\/m\u00e4ssing L - Qreativ","og_description":"Placera Nor v\u00e4rmeljuslykta i vardagsrummet, sovrummet eller p\u00e5 en terrass f\u00f6r en stilfull detalj som sprider b\u00e5de ljus och v\u00e4rme. En idealisk g\u00e5va f\u00f6r n\u00e5gon som uppskattar skandinavisk design och h\u00e5llbarhet.","og_url":"https:\/\/qreativ.se\/dk\/produkt\/lampa-varmeljus-nor-tra-massing\/","og_site_name":"Qreativ","article_modified_time":"2026-02-13T09:32:27+00:00","og_image":[{"width":2000,"height":2000,"url":"https:\/\/qreativ.se\/wp-content\/uploads\/2024\/07\/Namnlos-design-15.png","type":"image\/png"}],"twitter_card":"summary_large_image","schema":{"@context":"https:\/\/schema.org","@graph":[{"@type":"WebPage","@id":"https:\/\/qreativ.se\/dk\/produkt\/lampa-varmeljus-nor-tra-massing\/","url":"https:\/\/qreativ.se\/dk\/produkt\/lampa-varmeljus-nor-tra-massing\/","name":"Lampa f\u00f6r v\u00e4rmeljus tr\u00e4\/m\u00e4ssing L - Qreativ","isPartOf":{"@id":"https:\/\/qreativ.se\/dk\/#website"},"primaryImageOfPage":{"@id":"https:\/\/qreativ.se\/dk\/produkt\/lampa-varmeljus-nor-tra-massing\/#primaryimage"},"image":{"@id":"https:\/\/qreativ.se\/dk\/produkt\/lampa-varmeljus-nor-tra-massing\/#primaryimage"},"thumbnailUrl":"https:\/\/qreativ.se\/wp-content\/uploads\/2024\/07\/Namnlos-design-15.png","datePublished":"2024-07-18T15:16:21+00:00","dateModified":"2026-02-13T09:32:27+00:00","breadcrumb":{"@id":"https:\/\/qreativ.se\/dk\/produkt\/lampa-varmeljus-nor-tra-massing\/#breadcrumb"},"inLanguage":"da-DK","potentialAction":[{"@type":"ReadAction","target":["https:\/\/qreativ.se\/dk\/produkt\/lampa-varmeljus-nor-tra-massing\/"]}]},{"@type":"ImageObject","inLanguage":"da-DK","@id":"https:\/\/qreativ.se\/dk\/produkt\/lampa-varmeljus-nor-tra-massing\/#primaryimage","url":"https:\/\/qreativ.se\/wp-content\/uploads\/2024\/07\/Namnlos-design-15.png","contentUrl":"https:\/\/qreativ.se\/wp-content\/uploads\/2024\/07\/Namnlos-design-15.png","width":2000,"height":2000},{"@type":"BreadcrumbList","@id":"https:\/\/qreativ.se\/dk\/produkt\/lampa-varmeljus-nor-tra-massing\/#breadcrumb","itemListElement":[{"@type":"ListItem","position":1,"name":"Home","item":"https:\/\/qreativ.se\/dk\/hjem\/"},{"@type":"ListItem","position":2,"name":"Webbshop","item":"https:\/\/qreativ.se\/dk\/webbshop\/"},{"@type":"ListItem","position":3,"name":"Lampa f\u00f6r v\u00e4rmeljus tr\u00e4\/m\u00e4ssing L"}]},{"@type":"WebSite","@id":"https:\/\/qreativ.se\/dk\/#website","url":"https:\/\/qreativ.se\/dk\/","name":"Qreativ","description":"","alternateName":"qreativ.se","potentialAction":[{"@type":"SearchAction","target":{"@type":"EntryPoint","urlTemplate":"https:\/\/qreativ.se\/dk\/?s={search_term_string}"},"query-input":{"@type":"PropertyValueSpecification","valueRequired":true,"valueName":"search_term_string"}}],"inLanguage":"da-DK"}]}},"_links":{"self":[{"href":"https:\/\/qreativ.se\/dk\/wp-json\/wp\/v2\/product\/18258","targetHints":{"allow":["GET"]}}],"collection":[{"href":"https:\/\/qreativ.se\/dk\/wp-json\/wp\/v2\/product"}],"about":[{"href":"https:\/\/qreativ.se\/dk\/wp-json\/wp\/v2\/types\/product"}],"replies":[{"embeddable":true,"href":"https:\/\/qreativ.se\/dk\/wp-json\/wp\/v2\/comments?post=18258"}],"wp:featuredmedia":[{"embeddable":true,"href":"https:\/\/qreativ.se\/dk\/wp-json\/wp\/v2\/media\/18260"}],"wp:attachment":[{"href":"https:\/\/qreativ.se\/dk\/wp-json\/wp\/v2\/media?parent=18258"}],"wp:term":[{"taxonomy":"product_brand","embeddable":true,"href":"https:\/\/qreativ.se\/dk\/wp-json\/wp\/v2\/product_brand?post=18258"},{"taxonomy":"product_cat","embeddable":true,"href":"https:\/\/qreativ.se\/dk\/wp-json\/wp\/v2\/product_cat?post=18258"},{"taxonomy":"product_tag","embeddable":true,"href":"https:\/\/qreativ.se\/dk\/wp-json\/wp\/v2\/product_tag?post=18258"}],"curies":[{"name":"wp","href":"https:\/\/api.w.org\/{rel}","templated":true}]}}