{"id":18398,"date":"2024-07-18T15:11:54","date_gmt":"2024-07-18T15:11:54","guid":{"rendered":"https:\/\/qreativ.se\/produkt\/rimy-gardin-gra-2-pack\/"},"modified":"2026-02-13T09:33:52","modified_gmt":"2026-02-13T09:33:52","slug":"rimy-gardin-gra-2-pack","status":"publish","type":"product","link":"https:\/\/qreativ.se\/dk\/produkt\/rimy-gardin-gra-2-pack\/","title":{"rendered":"Rimy Gardin Gr\u00e5 2-pack"},"content":{"rendered":"<h3 data-start=\"85\" data-end=\"159\"><strong data-start=\"89\" data-end=\"157\">Rimy 2-Pack Gardiner \u2013 Skirt och Luftigt Tyg med Vacker Struktur<\/strong><\/h3>\n<p data-start=\"161\" data-end=\"441\">Skapa en\u00a0<strong data-start=\"170\" data-end=\"202\">ljus och inbjudande atmosf\u00e4r<\/strong>\u00a0i ditt hem med\u00a0<strong data-start=\"218\" data-end=\"235\">Rimy gardiner<\/strong>. Det skira tyget filtrerar ljuset p\u00e5 ett mjukt s\u00e4tt och ger ett behagligt ljusinsl\u00e4pp. Gardinerna har en subtil struktur och vackra f\u00e4rgskiftningar, vilket ger en\u00a0<strong data-start=\"399\" data-end=\"429\">levande och elegant k\u00e4nsla<\/strong>\u00a0i rummet.<\/p>\n<h4 data-start=\"443\" data-end=\"464\"><strong data-start=\"448\" data-end=\"462\">Egenskaper<\/strong><\/h4>\n<p data-start=\"465\" data-end=\"930\">\u2022\u00a0<strong data-start=\"467\" data-end=\"480\">Material:<\/strong>\u00a0100%\u00a0<strong data-start=\"486\" data-end=\"505\">PES (polyester)<\/strong>\u00a0\u2013 slitstarkt och l\u00e4ttsk\u00f6tt tyg.<br data-start=\"537\" data-end=\"540\" \/>\u2022\u00a0<strong data-start=\"542\" data-end=\"558\">F\u00f6rpackning:<\/strong>\u00a0S\u00e4ljs i\u00a0<strong data-start=\"567\" data-end=\"577\">2-pack<\/strong>\u00a0f\u00f6r en komplett look.<br data-start=\"599\" data-end=\"602\" \/>\u2022\u00a0<strong data-start=\"604\" data-end=\"623\">Ljusgenomsl\u00e4pp:<\/strong>\u00a0Skirt tyg som filtrerar ljuset och skapar en mjuk atmosf\u00e4r.<br data-start=\"683\" data-end=\"686\" \/>\u2022\u00a0<strong data-start=\"688\" data-end=\"717\">Textur &amp; f\u00e4rgskiftningar:<\/strong>\u00a0Ger ett levande och sofistikerat uttryck.<br data-start=\"759\" data-end=\"762\" \/>\u2022\u00a0<strong data-start=\"764\" data-end=\"782\">Multibandband:<\/strong>\u00a0M\u00f6jlighet att h\u00e4nga med fingerkrokar, h\u00e4llor eller direkt p\u00e5 gardinst\u00e5ng.<br data-start=\"856\" data-end=\"859\" \/>\u2022\u00a0<strong data-start=\"861\" data-end=\"873\">F\u00e4rgval:<\/strong>\u00a0Finns i\u00a0<strong data-start=\"882\" data-end=\"927\">flertalet jordn\u00e4ra och harmoniska nyanser<\/strong>.<\/p>\n","protected":false},"excerpt":{"rendered":"<p><strong data-start=\"932\" data-end=\"949\">Rimy gardiner<\/strong>\u00a0\u00e4r det perfekta valet f\u00f6r dig som vill ha en luftig och stilfull f\u00f6nsterinramning!<\/p>\n","protected":false},"featured_media":18400,"comment_status":"closed","ping_status":"closed","template":"","meta":{"_acf_changed":false,"inline_featured_image":false},"product_brand":[],"product_cat":[264,262],"product_tag":[286],"class_list":{"0":"post-18398","1":"product","2":"type-product","3":"status-publish","4":"has-post-thumbnail","6":"product_cat-gardiner-dk","7":"product_cat-inspirerende-tekstiler","8":"product_tag-easytoship","10":"first","11":"instock","12":"taxable","13":"shipping-taxable","14":"purchasable","15":"product-type-simple"},"acf":[],"yoast_head":"<!-- This site is optimized with the Yoast SEO plugin v27.5 - https:\/\/yoast.com\/product\/yoast-seo-wordpress\/ -->\n<title>Rimy Gardin Gr\u00e5 2-pack - Qreativ<\/title>\n<meta name=\"robots\" content=\"index, follow, max-snippet:-1, max-image-preview:large, max-video-preview:-1\" \/>\n<link rel=\"canonical\" href=\"https:\/\/qreativ.se\/dk\/produkt\/rimy-gardin-gra-2-pack\/\" \/>\n<meta property=\"og:locale\" content=\"da_DK\" \/>\n<meta property=\"og:type\" content=\"article\" \/>\n<meta property=\"og:title\" content=\"Rimy Gardin Gr\u00e5 2-pack - Qreativ\" \/>\n<meta property=\"og:description\" content=\"Rimy gardiner\u00a0\u00e4r det perfekta valet f\u00f6r dig som vill ha en luftig och stilfull f\u00f6nsterinramning!\" \/>\n<meta property=\"og:url\" content=\"https:\/\/qreativ.se\/dk\/produkt\/rimy-gardin-gra-2-pack\/\" \/>\n<meta property=\"og:site_name\" content=\"Qreativ\" \/>\n<meta property=\"article:modified_time\" content=\"2026-02-13T09:33:52+00:00\" \/>\n<meta property=\"og:image\" content=\"https:\/\/qreativ.se\/wp-content\/uploads\/2024\/07\/Detaljer-som-forenar-form-och-funktion-Gatsby-ar-inte-bara-vacker-att-se-pa-\u2013-den-ar-ocksa-genomtankt-in-i-minsta-detalj-Material-Glaserad-keramik-for-en-elegant-och-tidlos-look.-Lamphallare-E27-s-7-5.png\" \/>\n\t<meta property=\"og:image:width\" content=\"2000\" \/>\n\t<meta property=\"og:image:height\" content=\"2000\" \/>\n\t<meta property=\"og:image:type\" content=\"image\/png\" \/>\n<meta name=\"twitter:card\" content=\"summary_large_image\" \/>\n<meta name=\"twitter:label1\" content=\"Estimeret l\u00e6setid\" \/>\n\t<meta name=\"twitter:data1\" content=\"1 minut\" \/>\n<script type=\"application\/ld+json\" class=\"yoast-schema-graph\">{\"@context\":\"https:\\\/\\\/schema.org\",\"@graph\":[{\"@type\":\"WebPage\",\"@id\":\"https:\\\/\\\/qreativ.se\\\/dk\\\/produkt\\\/rimy-gardin-gra-2-pack\\\/\",\"url\":\"https:\\\/\\\/qreativ.se\\\/dk\\\/produkt\\\/rimy-gardin-gra-2-pack\\\/\",\"name\":\"Rimy Gardin Gr\u00e5 2-pack - Qreativ\",\"isPartOf\":{\"@id\":\"https:\\\/\\\/qreativ.se\\\/dk\\\/#website\"},\"primaryImageOfPage\":{\"@id\":\"https:\\\/\\\/qreativ.se\\\/dk\\\/produkt\\\/rimy-gardin-gra-2-pack\\\/#primaryimage\"},\"image\":{\"@id\":\"https:\\\/\\\/qreativ.se\\\/dk\\\/produkt\\\/rimy-gardin-gra-2-pack\\\/#primaryimage\"},\"thumbnailUrl\":\"https:\\\/\\\/qreativ.se\\\/wp-content\\\/uploads\\\/2024\\\/07\\\/Detaljer-som-forenar-form-och-funktion-Gatsby-ar-inte-bara-vacker-att-se-pa-\u2013-den-ar-ocksa-genomtankt-in-i-minsta-detalj-Material-Glaserad-keramik-for-en-elegant-och-tidlos-look.-Lamphallare-E27-s-7-5.png\",\"datePublished\":\"2024-07-18T15:11:54+00:00\",\"dateModified\":\"2026-02-13T09:33:52+00:00\",\"breadcrumb\":{\"@id\":\"https:\\\/\\\/qreativ.se\\\/dk\\\/produkt\\\/rimy-gardin-gra-2-pack\\\/#breadcrumb\"},\"inLanguage\":\"da-DK\",\"potentialAction\":[{\"@type\":\"ReadAction\",\"target\":[\"https:\\\/\\\/qreativ.se\\\/dk\\\/produkt\\\/rimy-gardin-gra-2-pack\\\/\"]}]},{\"@type\":\"ImageObject\",\"inLanguage\":\"da-DK\",\"@id\":\"https:\\\/\\\/qreativ.se\\\/dk\\\/produkt\\\/rimy-gardin-gra-2-pack\\\/#primaryimage\",\"url\":\"https:\\\/\\\/qreativ.se\\\/wp-content\\\/uploads\\\/2024\\\/07\\\/Detaljer-som-forenar-form-och-funktion-Gatsby-ar-inte-bara-vacker-att-se-pa-\u2013-den-ar-ocksa-genomtankt-in-i-minsta-detalj-Material-Glaserad-keramik-for-en-elegant-och-tidlos-look.-Lamphallare-E27-s-7-5.png\",\"contentUrl\":\"https:\\\/\\\/qreativ.se\\\/wp-content\\\/uploads\\\/2024\\\/07\\\/Detaljer-som-forenar-form-och-funktion-Gatsby-ar-inte-bara-vacker-att-se-pa-\u2013-den-ar-ocksa-genomtankt-in-i-minsta-detalj-Material-Glaserad-keramik-for-en-elegant-och-tidlos-look.-Lamphallare-E27-s-7-5.png\",\"width\":2000,\"height\":2000},{\"@type\":\"BreadcrumbList\",\"@id\":\"https:\\\/\\\/qreativ.se\\\/dk\\\/produkt\\\/rimy-gardin-gra-2-pack\\\/#breadcrumb\",\"itemListElement\":[{\"@type\":\"ListItem\",\"position\":1,\"name\":\"Home\",\"item\":\"https:\\\/\\\/qreativ.se\\\/dk\\\/hjem\\\/\"},{\"@type\":\"ListItem\",\"position\":2,\"name\":\"Webbshop\",\"item\":\"https:\\\/\\\/qreativ.se\\\/dk\\\/webbshop\\\/\"},{\"@type\":\"ListItem\",\"position\":3,\"name\":\"Rimy Gardin Gr\u00e5 2-pack\"}]},{\"@type\":\"WebSite\",\"@id\":\"https:\\\/\\\/qreativ.se\\\/dk\\\/#website\",\"url\":\"https:\\\/\\\/qreativ.se\\\/dk\\\/\",\"name\":\"Qreativ\",\"description\":\"\",\"alternateName\":\"qreativ.se\",\"potentialAction\":[{\"@type\":\"SearchAction\",\"target\":{\"@type\":\"EntryPoint\",\"urlTemplate\":\"https:\\\/\\\/qreativ.se\\\/dk\\\/?s={search_term_string}\"},\"query-input\":{\"@type\":\"PropertyValueSpecification\",\"valueRequired\":true,\"valueName\":\"search_term_string\"}}],\"inLanguage\":\"da-DK\"}]}<\/script>\n<!-- \/ Yoast SEO plugin. -->","yoast_head_json":{"title":"Rimy Gardin Gr\u00e5 2-pack - Qreativ","robots":{"index":"index","follow":"follow","max-snippet":"max-snippet:-1","max-image-preview":"max-image-preview:large","max-video-preview":"max-video-preview:-1"},"canonical":"https:\/\/qreativ.se\/dk\/produkt\/rimy-gardin-gra-2-pack\/","og_locale":"da_DK","og_type":"article","og_title":"Rimy Gardin Gr\u00e5 2-pack - Qreativ","og_description":"Rimy gardiner\u00a0\u00e4r det perfekta valet f\u00f6r dig som vill ha en luftig och stilfull f\u00f6nsterinramning!","og_url":"https:\/\/qreativ.se\/dk\/produkt\/rimy-gardin-gra-2-pack\/","og_site_name":"Qreativ","article_modified_time":"2026-02-13T09:33:52+00:00","og_image":[{"width":2000,"height":2000,"url":"https:\/\/qreativ.se\/wp-content\/uploads\/2024\/07\/Detaljer-som-forenar-form-och-funktion-Gatsby-ar-inte-bara-vacker-att-se-pa-\u2013-den-ar-ocksa-genomtankt-in-i-minsta-detalj-Material-Glaserad-keramik-for-en-elegant-och-tidlos-look.-Lamphallare-E27-s-7-5.png","type":"image\/png"}],"twitter_card":"summary_large_image","twitter_misc":{"Estimeret l\u00e6setid":"1 minut"},"schema":{"@context":"https:\/\/schema.org","@graph":[{"@type":"WebPage","@id":"https:\/\/qreativ.se\/dk\/produkt\/rimy-gardin-gra-2-pack\/","url":"https:\/\/qreativ.se\/dk\/produkt\/rimy-gardin-gra-2-pack\/","name":"Rimy Gardin Gr\u00e5 2-pack - Qreativ","isPartOf":{"@id":"https:\/\/qreativ.se\/dk\/#website"},"primaryImageOfPage":{"@id":"https:\/\/qreativ.se\/dk\/produkt\/rimy-gardin-gra-2-pack\/#primaryimage"},"image":{"@id":"https:\/\/qreativ.se\/dk\/produkt\/rimy-gardin-gra-2-pack\/#primaryimage"},"thumbnailUrl":"https:\/\/qreativ.se\/wp-content\/uploads\/2024\/07\/Detaljer-som-forenar-form-och-funktion-Gatsby-ar-inte-bara-vacker-att-se-pa-\u2013-den-ar-ocksa-genomtankt-in-i-minsta-detalj-Material-Glaserad-keramik-for-en-elegant-och-tidlos-look.-Lamphallare-E27-s-7-5.png","datePublished":"2024-07-18T15:11:54+00:00","dateModified":"2026-02-13T09:33:52+00:00","breadcrumb":{"@id":"https:\/\/qreativ.se\/dk\/produkt\/rimy-gardin-gra-2-pack\/#breadcrumb"},"inLanguage":"da-DK","potentialAction":[{"@type":"ReadAction","target":["https:\/\/qreativ.se\/dk\/produkt\/rimy-gardin-gra-2-pack\/"]}]},{"@type":"ImageObject","inLanguage":"da-DK","@id":"https:\/\/qreativ.se\/dk\/produkt\/rimy-gardin-gra-2-pack\/#primaryimage","url":"https:\/\/qreativ.se\/wp-content\/uploads\/2024\/07\/Detaljer-som-forenar-form-och-funktion-Gatsby-ar-inte-bara-vacker-att-se-pa-\u2013-den-ar-ocksa-genomtankt-in-i-minsta-detalj-Material-Glaserad-keramik-for-en-elegant-och-tidlos-look.-Lamphallare-E27-s-7-5.png","contentUrl":"https:\/\/qreativ.se\/wp-content\/uploads\/2024\/07\/Detaljer-som-forenar-form-och-funktion-Gatsby-ar-inte-bara-vacker-att-se-pa-\u2013-den-ar-ocksa-genomtankt-in-i-minsta-detalj-Material-Glaserad-keramik-for-en-elegant-och-tidlos-look.-Lamphallare-E27-s-7-5.png","width":2000,"height":2000},{"@type":"BreadcrumbList","@id":"https:\/\/qreativ.se\/dk\/produkt\/rimy-gardin-gra-2-pack\/#breadcrumb","itemListElement":[{"@type":"ListItem","position":1,"name":"Home","item":"https:\/\/qreativ.se\/dk\/hjem\/"},{"@type":"ListItem","position":2,"name":"Webbshop","item":"https:\/\/qreativ.se\/dk\/webbshop\/"},{"@type":"ListItem","position":3,"name":"Rimy Gardin Gr\u00e5 2-pack"}]},{"@type":"WebSite","@id":"https:\/\/qreativ.se\/dk\/#website","url":"https:\/\/qreativ.se\/dk\/","name":"Qreativ","description":"","alternateName":"qreativ.se","potentialAction":[{"@type":"SearchAction","target":{"@type":"EntryPoint","urlTemplate":"https:\/\/qreativ.se\/dk\/?s={search_term_string}"},"query-input":{"@type":"PropertyValueSpecification","valueRequired":true,"valueName":"search_term_string"}}],"inLanguage":"da-DK"}]}},"_links":{"self":[{"href":"https:\/\/qreativ.se\/dk\/wp-json\/wp\/v2\/product\/18398","targetHints":{"allow":["GET"]}}],"collection":[{"href":"https:\/\/qreativ.se\/dk\/wp-json\/wp\/v2\/product"}],"about":[{"href":"https:\/\/qreativ.se\/dk\/wp-json\/wp\/v2\/types\/product"}],"replies":[{"embeddable":true,"href":"https:\/\/qreativ.se\/dk\/wp-json\/wp\/v2\/comments?post=18398"}],"wp:featuredmedia":[{"embeddable":true,"href":"https:\/\/qreativ.se\/dk\/wp-json\/wp\/v2\/media\/18400"}],"wp:attachment":[{"href":"https:\/\/qreativ.se\/dk\/wp-json\/wp\/v2\/media?parent=18398"}],"wp:term":[{"taxonomy":"product_brand","embeddable":true,"href":"https:\/\/qreativ.se\/dk\/wp-json\/wp\/v2\/product_brand?post=18398"},{"taxonomy":"product_cat","embeddable":true,"href":"https:\/\/qreativ.se\/dk\/wp-json\/wp\/v2\/product_cat?post=18398"},{"taxonomy":"product_tag","embeddable":true,"href":"https:\/\/qreativ.se\/dk\/wp-json\/wp\/v2\/product_tag?post=18398"}],"curies":[{"name":"wp","href":"https:\/\/api.w.org\/{rel}","templated":true}]}}