{"id":18714,"date":"2024-07-18T15:01:41","date_gmt":"2024-07-18T15:01:41","guid":{"rendered":"https:\/\/qreativ.se\/produkt\/reeves-bar-table\/"},"modified":"2026-02-13T09:30:26","modified_gmt":"2026-02-13T09:30:26","slug":"reeves-bar-table","status":"publish","type":"product","link":"https:\/\/qreativ.se\/dk\/produkt\/reeves-bar-table\/","title":{"rendered":"Reeves Barbord valn\u00f6t\/zink"},"content":{"rendered":"<h3 data-start=\"115\" data-end=\"179\"><strong>Reeves barbord \u2013 Valn\u00f6t &amp; Zink med Skulpturala V\u00e4lvda Ben<\/strong><\/h3>\n<p class=\"\" data-start=\"181\" data-end=\"397\">Uppt\u00e4ck\u00a0<strong data-start=\"189\" data-end=\"211\">Reeves barbord<\/strong>, d\u00e4r\u00a0<strong data-start=\"217\" data-end=\"262\">naturlig elegans m\u00f6ter industriell styrka<\/strong>. Bordsskivan i varm, vacker\u00a0<strong data-start=\"291\" data-end=\"301\">valn\u00f6t<\/strong>\u00a0kontrasterar mot den r\u00e5a, levande ytan av\u00a0<strong data-start=\"344\" data-end=\"357\">zinkbenen<\/strong>, formade i ett elegant v\u00e4lvt utf\u00f6rande.<\/p>\n<p class=\"\" data-start=\"399\" data-end=\"564\">Med sitt\u00a0<strong data-start=\"408\" data-end=\"431\">skulpturala uttryck<\/strong> och exklusiva materialval lyfter Reeves bord varje rum \u2013 oavsett om det st\u00e5r i en modern matsal eller ett stilrent uterum.<\/p>\n<h3 class=\"\" data-start=\"566\" data-end=\"620\"><strong>D\u00e4rf\u00f6r v\u00e4ljer vi Reeves barbord i valn\u00f6t\/zink:<\/strong><\/h3>\n<ul data-start=\"621\" data-end=\"904\">\n<li class=\"\" data-start=\"621\" data-end=\"661\">\n<p class=\"\" data-start=\"623\" data-end=\"661\"><strong data-start=\"623\" data-end=\"659\">Lyxig bordsskiva i massiv valn\u00f6t<\/strong><\/p>\n<\/li>\n<li class=\"\" data-start=\"662\" data-end=\"724\">\n<p class=\"\" data-start=\"664\" data-end=\"724\"><strong data-start=\"664\" data-end=\"688\">V\u00e4lvda ben i r\u00e5 zink<\/strong>\u00a0\u2013 unik design med kraft och grace<\/p>\n<\/li>\n<li class=\"\" data-start=\"725\" data-end=\"794\">\n<p class=\"\" data-start=\"727\" data-end=\"794\">Del av\u00a0<strong data-start=\"734\" data-end=\"751\">Reeves-serien<\/strong>\u00a0\u2013 kombinera med fler m\u00f6bler i samma stil<\/p>\n<\/li>\n<li class=\"\" data-start=\"795\" data-end=\"853\">\n<p class=\"\" data-start=\"797\" data-end=\"853\">Skandinaviskt formspr\u00e5k med\u00a0<strong data-start=\"825\" data-end=\"851\">internationell elegans<\/strong><\/p>\n<\/li>\n<\/ul>\n","protected":false},"excerpt":{"rendered":"<p>Det h\u00e4r \u00e4r ett barbord som b\u00e5de <strong data-start=\"935\" data-end=\"963\">imponerar och inspirerar<\/strong>\u00a0\u2013 en\u00a0<strong data-start=\"969\" data-end=\"986\">ikonisk m\u00f6bel<\/strong>\u00a0f\u00f6r dig som uppskattar\u00a0<strong data-start=\"1010\" data-end=\"1056\">material med karakt\u00e4r och form med attityd!<\/strong><\/p>\n","protected":false},"featured_media":18716,"comment_status":"closed","ping_status":"closed","template":"","meta":{"_acf_changed":false,"inline_featured_image":false},"product_brand":[],"product_cat":[244,249],"product_tag":[286],"class_list":{"0":"post-18714","1":"product","2":"type-product","3":"status-publish","4":"has-post-thumbnail","6":"product_cat-stilfulde-funktionelle-moebler","7":"product_cat-sofaborde-sideborde","8":"product_tag-easytoship","10":"first","11":"instock","12":"taxable","13":"shipping-taxable","14":"purchasable","15":"product-type-simple"},"acf":[],"yoast_head":"<!-- This site is optimized with the Yoast SEO plugin v27.6 - https:\/\/yoast.com\/product\/yoast-seo-wordpress\/ -->\n<title>Reeves Barbord valn\u00f6t\/zink - Qreativ<\/title>\n<meta name=\"robots\" content=\"index, follow, max-snippet:-1, max-image-preview:large, max-video-preview:-1\" \/>\n<link rel=\"canonical\" href=\"https:\/\/qreativ.se\/dk\/produkt\/reeves-bar-table\/\" \/>\n<meta property=\"og:locale\" content=\"da_DK\" \/>\n<meta property=\"og:type\" content=\"article\" \/>\n<meta property=\"og:title\" content=\"Reeves Barbord valn\u00f6t\/zink - Qreativ\" \/>\n<meta property=\"og:description\" content=\"Det h\u00e4r \u00e4r ett barbord som b\u00e5de imponerar och inspirerar\u00a0\u2013 en\u00a0ikonisk m\u00f6bel\u00a0f\u00f6r dig som uppskattar\u00a0material med karakt\u00e4r och form med attityd!\" \/>\n<meta property=\"og:url\" content=\"https:\/\/qreativ.se\/dk\/produkt\/reeves-bar-table\/\" \/>\n<meta property=\"og:site_name\" content=\"Qreativ\" \/>\n<meta property=\"article:modified_time\" content=\"2026-02-13T09:30:26+00:00\" \/>\n<meta property=\"og:image\" content=\"https:\/\/qreativ.se\/wp-content\/uploads\/2024\/07\/910affa1-2cee-482f-ae6c-a3f802adbde1.png\" \/>\n\t<meta property=\"og:image:width\" content=\"2500\" \/>\n\t<meta property=\"og:image:height\" content=\"2500\" \/>\n\t<meta property=\"og:image:type\" content=\"image\/png\" \/>\n<meta name=\"twitter:card\" content=\"summary_large_image\" \/>\n<meta name=\"twitter:label1\" content=\"Estimeret l\u00e6setid\" \/>\n\t<meta name=\"twitter:data1\" content=\"1 minut\" \/>\n<script type=\"application\/ld+json\" class=\"yoast-schema-graph\">{\"@context\":\"https:\\\/\\\/schema.org\",\"@graph\":[{\"@type\":\"WebPage\",\"@id\":\"https:\\\/\\\/qreativ.se\\\/dk\\\/produkt\\\/reeves-bar-table\\\/\",\"url\":\"https:\\\/\\\/qreativ.se\\\/dk\\\/produkt\\\/reeves-bar-table\\\/\",\"name\":\"Reeves Barbord valn\u00f6t\\\/zink - Qreativ\",\"isPartOf\":{\"@id\":\"https:\\\/\\\/qreativ.se\\\/dk\\\/#website\"},\"primaryImageOfPage\":{\"@id\":\"https:\\\/\\\/qreativ.se\\\/dk\\\/produkt\\\/reeves-bar-table\\\/#primaryimage\"},\"image\":{\"@id\":\"https:\\\/\\\/qreativ.se\\\/dk\\\/produkt\\\/reeves-bar-table\\\/#primaryimage\"},\"thumbnailUrl\":\"https:\\\/\\\/qreativ.se\\\/wp-content\\\/uploads\\\/2024\\\/07\\\/910affa1-2cee-482f-ae6c-a3f802adbde1.png\",\"datePublished\":\"2024-07-18T15:01:41+00:00\",\"dateModified\":\"2026-02-13T09:30:26+00:00\",\"breadcrumb\":{\"@id\":\"https:\\\/\\\/qreativ.se\\\/dk\\\/produkt\\\/reeves-bar-table\\\/#breadcrumb\"},\"inLanguage\":\"da-DK\",\"potentialAction\":[{\"@type\":\"ReadAction\",\"target\":[\"https:\\\/\\\/qreativ.se\\\/dk\\\/produkt\\\/reeves-bar-table\\\/\"]}]},{\"@type\":\"ImageObject\",\"inLanguage\":\"da-DK\",\"@id\":\"https:\\\/\\\/qreativ.se\\\/dk\\\/produkt\\\/reeves-bar-table\\\/#primaryimage\",\"url\":\"https:\\\/\\\/qreativ.se\\\/wp-content\\\/uploads\\\/2024\\\/07\\\/910affa1-2cee-482f-ae6c-a3f802adbde1.png\",\"contentUrl\":\"https:\\\/\\\/qreativ.se\\\/wp-content\\\/uploads\\\/2024\\\/07\\\/910affa1-2cee-482f-ae6c-a3f802adbde1.png\",\"width\":2500,\"height\":2500},{\"@type\":\"BreadcrumbList\",\"@id\":\"https:\\\/\\\/qreativ.se\\\/dk\\\/produkt\\\/reeves-bar-table\\\/#breadcrumb\",\"itemListElement\":[{\"@type\":\"ListItem\",\"position\":1,\"name\":\"Home\",\"item\":\"https:\\\/\\\/qreativ.se\\\/dk\\\/hjem\\\/\"},{\"@type\":\"ListItem\",\"position\":2,\"name\":\"Webbshop\",\"item\":\"https:\\\/\\\/qreativ.se\\\/dk\\\/webbshop\\\/\"},{\"@type\":\"ListItem\",\"position\":3,\"name\":\"Reeves Barbord valn\u00f6t\\\/zink\"}]},{\"@type\":\"WebSite\",\"@id\":\"https:\\\/\\\/qreativ.se\\\/dk\\\/#website\",\"url\":\"https:\\\/\\\/qreativ.se\\\/dk\\\/\",\"name\":\"Qreativ\",\"description\":\"\",\"alternateName\":\"qreativ.se\",\"potentialAction\":[{\"@type\":\"SearchAction\",\"target\":{\"@type\":\"EntryPoint\",\"urlTemplate\":\"https:\\\/\\\/qreativ.se\\\/dk\\\/?s={search_term_string}\"},\"query-input\":{\"@type\":\"PropertyValueSpecification\",\"valueRequired\":true,\"valueName\":\"search_term_string\"}}],\"inLanguage\":\"da-DK\"}]}<\/script>\n<!-- \/ Yoast SEO plugin. -->","yoast_head_json":{"title":"Reeves Barbord valn\u00f6t\/zink - Qreativ","robots":{"index":"index","follow":"follow","max-snippet":"max-snippet:-1","max-image-preview":"max-image-preview:large","max-video-preview":"max-video-preview:-1"},"canonical":"https:\/\/qreativ.se\/dk\/produkt\/reeves-bar-table\/","og_locale":"da_DK","og_type":"article","og_title":"Reeves Barbord valn\u00f6t\/zink - Qreativ","og_description":"Det h\u00e4r \u00e4r ett barbord som b\u00e5de imponerar och inspirerar\u00a0\u2013 en\u00a0ikonisk m\u00f6bel\u00a0f\u00f6r dig som uppskattar\u00a0material med karakt\u00e4r och form med attityd!","og_url":"https:\/\/qreativ.se\/dk\/produkt\/reeves-bar-table\/","og_site_name":"Qreativ","article_modified_time":"2026-02-13T09:30:26+00:00","og_image":[{"width":2500,"height":2500,"url":"https:\/\/qreativ.se\/wp-content\/uploads\/2024\/07\/910affa1-2cee-482f-ae6c-a3f802adbde1.png","type":"image\/png"}],"twitter_card":"summary_large_image","twitter_misc":{"Estimeret l\u00e6setid":"1 minut"},"schema":{"@context":"https:\/\/schema.org","@graph":[{"@type":"WebPage","@id":"https:\/\/qreativ.se\/dk\/produkt\/reeves-bar-table\/","url":"https:\/\/qreativ.se\/dk\/produkt\/reeves-bar-table\/","name":"Reeves Barbord valn\u00f6t\/zink - Qreativ","isPartOf":{"@id":"https:\/\/qreativ.se\/dk\/#website"},"primaryImageOfPage":{"@id":"https:\/\/qreativ.se\/dk\/produkt\/reeves-bar-table\/#primaryimage"},"image":{"@id":"https:\/\/qreativ.se\/dk\/produkt\/reeves-bar-table\/#primaryimage"},"thumbnailUrl":"https:\/\/qreativ.se\/wp-content\/uploads\/2024\/07\/910affa1-2cee-482f-ae6c-a3f802adbde1.png","datePublished":"2024-07-18T15:01:41+00:00","dateModified":"2026-02-13T09:30:26+00:00","breadcrumb":{"@id":"https:\/\/qreativ.se\/dk\/produkt\/reeves-bar-table\/#breadcrumb"},"inLanguage":"da-DK","potentialAction":[{"@type":"ReadAction","target":["https:\/\/qreativ.se\/dk\/produkt\/reeves-bar-table\/"]}]},{"@type":"ImageObject","inLanguage":"da-DK","@id":"https:\/\/qreativ.se\/dk\/produkt\/reeves-bar-table\/#primaryimage","url":"https:\/\/qreativ.se\/wp-content\/uploads\/2024\/07\/910affa1-2cee-482f-ae6c-a3f802adbde1.png","contentUrl":"https:\/\/qreativ.se\/wp-content\/uploads\/2024\/07\/910affa1-2cee-482f-ae6c-a3f802adbde1.png","width":2500,"height":2500},{"@type":"BreadcrumbList","@id":"https:\/\/qreativ.se\/dk\/produkt\/reeves-bar-table\/#breadcrumb","itemListElement":[{"@type":"ListItem","position":1,"name":"Home","item":"https:\/\/qreativ.se\/dk\/hjem\/"},{"@type":"ListItem","position":2,"name":"Webbshop","item":"https:\/\/qreativ.se\/dk\/webbshop\/"},{"@type":"ListItem","position":3,"name":"Reeves Barbord valn\u00f6t\/zink"}]},{"@type":"WebSite","@id":"https:\/\/qreativ.se\/dk\/#website","url":"https:\/\/qreativ.se\/dk\/","name":"Qreativ","description":"","alternateName":"qreativ.se","potentialAction":[{"@type":"SearchAction","target":{"@type":"EntryPoint","urlTemplate":"https:\/\/qreativ.se\/dk\/?s={search_term_string}"},"query-input":{"@type":"PropertyValueSpecification","valueRequired":true,"valueName":"search_term_string"}}],"inLanguage":"da-DK"}]}},"_links":{"self":[{"href":"https:\/\/qreativ.se\/dk\/wp-json\/wp\/v2\/product\/18714","targetHints":{"allow":["GET"]}}],"collection":[{"href":"https:\/\/qreativ.se\/dk\/wp-json\/wp\/v2\/product"}],"about":[{"href":"https:\/\/qreativ.se\/dk\/wp-json\/wp\/v2\/types\/product"}],"replies":[{"embeddable":true,"href":"https:\/\/qreativ.se\/dk\/wp-json\/wp\/v2\/comments?post=18714"}],"wp:featuredmedia":[{"embeddable":true,"href":"https:\/\/qreativ.se\/dk\/wp-json\/wp\/v2\/media\/18716"}],"wp:attachment":[{"href":"https:\/\/qreativ.se\/dk\/wp-json\/wp\/v2\/media?parent=18714"}],"wp:term":[{"taxonomy":"product_brand","embeddable":true,"href":"https:\/\/qreativ.se\/dk\/wp-json\/wp\/v2\/product_brand?post=18714"},{"taxonomy":"product_cat","embeddable":true,"href":"https:\/\/qreativ.se\/dk\/wp-json\/wp\/v2\/product_cat?post=18714"},{"taxonomy":"product_tag","embeddable":true,"href":"https:\/\/qreativ.se\/dk\/wp-json\/wp\/v2\/product_tag?post=18714"}],"curies":[{"name":"wp","href":"https:\/\/api.w.org\/{rel}","templated":true}]}}