{"id":18736,"date":"2024-07-18T15:01:41","date_gmt":"2024-07-18T15:01:41","guid":{"rendered":"https:\/\/qreativ.se\/produkt\/elof-stol-svart\/"},"modified":"2026-02-13T09:30:21","modified_gmt":"2026-02-13T09:30:21","slug":"elof-stol-svart","status":"publish","type":"product","link":"https:\/\/qreativ.se\/dk\/produkt\/elof-stol-svart\/","title":{"rendered":"Elof stol svart"},"content":{"rendered":"<h3><strong>Stilren och tidl\u00f6s komfort \u2013 v\u00e5r m\u00f6belserie Elof i elfenben och svart<\/strong><\/h3>\n<p>Uppt\u00e4ck en exklusiv m\u00f6belserie som kombinerar traditionellt hantverk med modern elegans. Tillg\u00e4ngliga i tv\u00e5 klassiska f\u00e4rger \u2013 elfenben och svart. Med sina handgjorda detaljer och naturliga material erbjuder dessa m\u00f6bler b\u00e5de funktionalitet och en unik estetisk upplevelse.<\/p>\n<ul>\n<li><strong>Handfl\u00e4tad makram\u00e9 i bomull<\/strong><br \/>\nVarje m\u00f6bel \u00e4r omsorgsfullt tillverkad med handfl\u00e4tad makram\u00e9 i bomull, vilket ger dem en luftig och organisk k\u00e4nsla. Detta hantverk skapar en unik textur som kombinerar sk\u00f6nhet och h\u00e5llbarhet.<\/li>\n<li><strong>Stabila ben av teak<\/strong><br \/>\nM\u00f6blernas ben \u00e4r tillverkade av h\u00f6gkvalitativ teak, ett tr\u00e4slag som \u00e4r k\u00e4nt f\u00f6r sin styrka och naturliga elegans. Teaken \u00e5ldras vackert med tiden och f\u00e5r en patina som g\u00f6r varje m\u00f6bel \u00e4nnu mer charmig.<\/li>\n<li><strong>Naturlig patina \u00f6ver tid<\/strong><br \/>\nDessa m\u00f6bler \u00e4r designade f\u00f6r att \u00e5ldras naturligt och vackert.<\/li>\n<\/ul>\n<h3><strong>Bra att veta:<\/strong><\/h3>\n<ul>\n<li>F\u00f6rvaras under skydd eller inomhus vid regn och fukt.<\/li>\n<li>Anv\u00e4nds i torra milj\u00f6er f\u00f6r att f\u00f6rhindra att materialen tar skada av fukt.<\/li>\n<\/ul>\n","protected":false},"excerpt":{"rendered":"<p>Denna m\u00f6belserie passar perfekt f\u00f6r s\u00e5v\u00e4l uteplatsen som inomhus. Soffan och f\u00e5t\u00f6ljen kan anv\u00e4ndas som ett elegant set eller separat som vackra, frist\u00e5ende detaljer i ditt hem. Med sina neutrala f\u00e4rger i elfenben och svart sm\u00e4lter de in i alla typer av milj\u00f6er och tillf\u00f6r en k\u00e4nsla av avslappnad lyx.<\/p>\n","protected":false},"featured_media":18737,"comment_status":"closed","ping_status":"closed","template":"","meta":{"_acf_changed":false,"inline_featured_image":false},"product_brand":[],"product_cat":[244,250,271,274],"product_tag":[286],"class_list":{"0":"post-18736","1":"product","2":"type-product","3":"status-publish","4":"has-post-thumbnail","6":"product_cat-stilfulde-funktionelle-moebler","7":"product_cat-sofaer-laenestole","8":"product_cat-udendors","9":"product_cat-udendorsmobler","10":"product_tag-easytoship","12":"first","13":"instock","14":"sale","15":"taxable","16":"shipping-taxable","17":"purchasable","18":"product-type-simple"},"acf":[],"yoast_head":"<!-- This site is optimized with the Yoast SEO plugin v27.6 - https:\/\/yoast.com\/product\/yoast-seo-wordpress\/ -->\n<title>Elof stol svart - Qreativ<\/title>\n<meta name=\"robots\" content=\"index, follow, max-snippet:-1, max-image-preview:large, max-video-preview:-1\" \/>\n<link rel=\"canonical\" href=\"https:\/\/qreativ.se\/dk\/produkt\/elof-stol-svart\/\" \/>\n<meta property=\"og:locale\" content=\"da_DK\" \/>\n<meta property=\"og:type\" content=\"article\" \/>\n<meta property=\"og:title\" content=\"Elof stol svart - Qreativ\" \/>\n<meta property=\"og:description\" content=\"Denna m\u00f6belserie passar perfekt f\u00f6r s\u00e5v\u00e4l uteplatsen som inomhus. Soffan och f\u00e5t\u00f6ljen kan anv\u00e4ndas som ett elegant set eller separat som vackra, frist\u00e5ende detaljer i ditt hem. Med sina neutrala f\u00e4rger i elfenben och svart sm\u00e4lter de in i alla typer av milj\u00f6er och tillf\u00f6r en k\u00e4nsla av avslappnad lyx.\" \/>\n<meta property=\"og:url\" content=\"https:\/\/qreativ.se\/dk\/produkt\/elof-stol-svart\/\" \/>\n<meta property=\"og:site_name\" content=\"Qreativ\" \/>\n<meta property=\"article:modified_time\" content=\"2026-02-13T09:30:21+00:00\" \/>\n<meta property=\"og:image\" content=\"https:\/\/qreativ.se\/wp-content\/uploads\/2024\/05\/084-015-60.png\" \/>\n\t<meta property=\"og:image:width\" content=\"720\" \/>\n\t<meta property=\"og:image:height\" content=\"720\" \/>\n\t<meta property=\"og:image:type\" content=\"image\/webp\" \/>\n<meta name=\"twitter:card\" content=\"summary_large_image\" \/>\n<meta name=\"twitter:label1\" content=\"Estimeret l\u00e6setid\" \/>\n\t<meta name=\"twitter:data1\" content=\"1 minut\" \/>\n<script type=\"application\/ld+json\" class=\"yoast-schema-graph\">{\"@context\":\"https:\\\/\\\/schema.org\",\"@graph\":[{\"@type\":\"WebPage\",\"@id\":\"https:\\\/\\\/qreativ.se\\\/dk\\\/produkt\\\/elof-stol-svart\\\/\",\"url\":\"https:\\\/\\\/qreativ.se\\\/dk\\\/produkt\\\/elof-stol-svart\\\/\",\"name\":\"Elof stol svart - Qreativ\",\"isPartOf\":{\"@id\":\"https:\\\/\\\/qreativ.se\\\/dk\\\/#website\"},\"primaryImageOfPage\":{\"@id\":\"https:\\\/\\\/qreativ.se\\\/dk\\\/produkt\\\/elof-stol-svart\\\/#primaryimage\"},\"image\":{\"@id\":\"https:\\\/\\\/qreativ.se\\\/dk\\\/produkt\\\/elof-stol-svart\\\/#primaryimage\"},\"thumbnailUrl\":\"https:\\\/\\\/qreativ.se\\\/wp-content\\\/uploads\\\/2024\\\/05\\\/084-015-60.png\",\"datePublished\":\"2024-07-18T15:01:41+00:00\",\"dateModified\":\"2026-02-13T09:30:21+00:00\",\"breadcrumb\":{\"@id\":\"https:\\\/\\\/qreativ.se\\\/dk\\\/produkt\\\/elof-stol-svart\\\/#breadcrumb\"},\"inLanguage\":\"da-DK\",\"potentialAction\":[{\"@type\":\"ReadAction\",\"target\":[\"https:\\\/\\\/qreativ.se\\\/dk\\\/produkt\\\/elof-stol-svart\\\/\"]}]},{\"@type\":\"ImageObject\",\"inLanguage\":\"da-DK\",\"@id\":\"https:\\\/\\\/qreativ.se\\\/dk\\\/produkt\\\/elof-stol-svart\\\/#primaryimage\",\"url\":\"https:\\\/\\\/qreativ.se\\\/wp-content\\\/uploads\\\/2024\\\/05\\\/084-015-60.png\",\"contentUrl\":\"https:\\\/\\\/qreativ.se\\\/wp-content\\\/uploads\\\/2024\\\/05\\\/084-015-60.png\",\"width\":720,\"height\":720},{\"@type\":\"BreadcrumbList\",\"@id\":\"https:\\\/\\\/qreativ.se\\\/dk\\\/produkt\\\/elof-stol-svart\\\/#breadcrumb\",\"itemListElement\":[{\"@type\":\"ListItem\",\"position\":1,\"name\":\"Home\",\"item\":\"https:\\\/\\\/qreativ.se\\\/dk\\\/hjem\\\/\"},{\"@type\":\"ListItem\",\"position\":2,\"name\":\"Webbshop\",\"item\":\"https:\\\/\\\/qreativ.se\\\/dk\\\/webbshop\\\/\"},{\"@type\":\"ListItem\",\"position\":3,\"name\":\"Elof stol svart\"}]},{\"@type\":\"WebSite\",\"@id\":\"https:\\\/\\\/qreativ.se\\\/dk\\\/#website\",\"url\":\"https:\\\/\\\/qreativ.se\\\/dk\\\/\",\"name\":\"Qreativ\",\"description\":\"\",\"alternateName\":\"qreativ.se\",\"potentialAction\":[{\"@type\":\"SearchAction\",\"target\":{\"@type\":\"EntryPoint\",\"urlTemplate\":\"https:\\\/\\\/qreativ.se\\\/dk\\\/?s={search_term_string}\"},\"query-input\":{\"@type\":\"PropertyValueSpecification\",\"valueRequired\":true,\"valueName\":\"search_term_string\"}}],\"inLanguage\":\"da-DK\"}]}<\/script>\n<!-- \/ Yoast SEO plugin. -->","yoast_head_json":{"title":"Elof stol svart - Qreativ","robots":{"index":"index","follow":"follow","max-snippet":"max-snippet:-1","max-image-preview":"max-image-preview:large","max-video-preview":"max-video-preview:-1"},"canonical":"https:\/\/qreativ.se\/dk\/produkt\/elof-stol-svart\/","og_locale":"da_DK","og_type":"article","og_title":"Elof stol svart - Qreativ","og_description":"Denna m\u00f6belserie passar perfekt f\u00f6r s\u00e5v\u00e4l uteplatsen som inomhus. Soffan och f\u00e5t\u00f6ljen kan anv\u00e4ndas som ett elegant set eller separat som vackra, frist\u00e5ende detaljer i ditt hem. Med sina neutrala f\u00e4rger i elfenben och svart sm\u00e4lter de in i alla typer av milj\u00f6er och tillf\u00f6r en k\u00e4nsla av avslappnad lyx.","og_url":"https:\/\/qreativ.se\/dk\/produkt\/elof-stol-svart\/","og_site_name":"Qreativ","article_modified_time":"2026-02-13T09:30:21+00:00","og_image":[{"width":720,"height":720,"url":"https:\/\/qreativ.se\/wp-content\/uploads\/2024\/05\/084-015-60.png","type":"image\/webp"}],"twitter_card":"summary_large_image","twitter_misc":{"Estimeret l\u00e6setid":"1 minut"},"schema":{"@context":"https:\/\/schema.org","@graph":[{"@type":"WebPage","@id":"https:\/\/qreativ.se\/dk\/produkt\/elof-stol-svart\/","url":"https:\/\/qreativ.se\/dk\/produkt\/elof-stol-svart\/","name":"Elof stol svart - Qreativ","isPartOf":{"@id":"https:\/\/qreativ.se\/dk\/#website"},"primaryImageOfPage":{"@id":"https:\/\/qreativ.se\/dk\/produkt\/elof-stol-svart\/#primaryimage"},"image":{"@id":"https:\/\/qreativ.se\/dk\/produkt\/elof-stol-svart\/#primaryimage"},"thumbnailUrl":"https:\/\/qreativ.se\/wp-content\/uploads\/2024\/05\/084-015-60.png","datePublished":"2024-07-18T15:01:41+00:00","dateModified":"2026-02-13T09:30:21+00:00","breadcrumb":{"@id":"https:\/\/qreativ.se\/dk\/produkt\/elof-stol-svart\/#breadcrumb"},"inLanguage":"da-DK","potentialAction":[{"@type":"ReadAction","target":["https:\/\/qreativ.se\/dk\/produkt\/elof-stol-svart\/"]}]},{"@type":"ImageObject","inLanguage":"da-DK","@id":"https:\/\/qreativ.se\/dk\/produkt\/elof-stol-svart\/#primaryimage","url":"https:\/\/qreativ.se\/wp-content\/uploads\/2024\/05\/084-015-60.png","contentUrl":"https:\/\/qreativ.se\/wp-content\/uploads\/2024\/05\/084-015-60.png","width":720,"height":720},{"@type":"BreadcrumbList","@id":"https:\/\/qreativ.se\/dk\/produkt\/elof-stol-svart\/#breadcrumb","itemListElement":[{"@type":"ListItem","position":1,"name":"Home","item":"https:\/\/qreativ.se\/dk\/hjem\/"},{"@type":"ListItem","position":2,"name":"Webbshop","item":"https:\/\/qreativ.se\/dk\/webbshop\/"},{"@type":"ListItem","position":3,"name":"Elof stol svart"}]},{"@type":"WebSite","@id":"https:\/\/qreativ.se\/dk\/#website","url":"https:\/\/qreativ.se\/dk\/","name":"Qreativ","description":"","alternateName":"qreativ.se","potentialAction":[{"@type":"SearchAction","target":{"@type":"EntryPoint","urlTemplate":"https:\/\/qreativ.se\/dk\/?s={search_term_string}"},"query-input":{"@type":"PropertyValueSpecification","valueRequired":true,"valueName":"search_term_string"}}],"inLanguage":"da-DK"}]}},"_links":{"self":[{"href":"https:\/\/qreativ.se\/dk\/wp-json\/wp\/v2\/product\/18736","targetHints":{"allow":["GET"]}}],"collection":[{"href":"https:\/\/qreativ.se\/dk\/wp-json\/wp\/v2\/product"}],"about":[{"href":"https:\/\/qreativ.se\/dk\/wp-json\/wp\/v2\/types\/product"}],"replies":[{"embeddable":true,"href":"https:\/\/qreativ.se\/dk\/wp-json\/wp\/v2\/comments?post=18736"}],"wp:featuredmedia":[{"embeddable":true,"href":"https:\/\/qreativ.se\/dk\/wp-json\/wp\/v2\/media\/18737"}],"wp:attachment":[{"href":"https:\/\/qreativ.se\/dk\/wp-json\/wp\/v2\/media?parent=18736"}],"wp:term":[{"taxonomy":"product_brand","embeddable":true,"href":"https:\/\/qreativ.se\/dk\/wp-json\/wp\/v2\/product_brand?post=18736"},{"taxonomy":"product_cat","embeddable":true,"href":"https:\/\/qreativ.se\/dk\/wp-json\/wp\/v2\/product_cat?post=18736"},{"taxonomy":"product_tag","embeddable":true,"href":"https:\/\/qreativ.se\/dk\/wp-json\/wp\/v2\/product_tag?post=18736"}],"curies":[{"name":"wp","href":"https:\/\/api.w.org\/{rel}","templated":true}]}}