{"id":18742,"date":"2024-07-18T15:01:39","date_gmt":"2024-07-18T15:01:39","guid":{"rendered":"https:\/\/qreativ.se\/produkt\/harry-skap-svart-2\/"},"modified":"2026-02-13T09:30:20","modified_gmt":"2026-02-13T09:30:20","slug":"harry-skap-svart-2","status":"publish","type":"product","link":"https:\/\/qreativ.se\/dk\/produkt\/harry-skap-svart-2\/","title":{"rendered":"Harry sk\u00e5p rotting svart"},"content":{"rendered":"<p><strong>Stilrena B\u00e4nkar och Sk\u00e5p i Rotting \u2013 Elegans och Funktionalitet<\/strong><\/p>\n<p>Utforska v\u00e5r exklusiva serie med b\u00e4nkar och sk\u00e5p som kombinerar naturlig tr\u00e4 med trendig rotting f\u00f6r en harmonisk och sofistikerad design. Serien finns i tv\u00e5 tidl\u00f6sa f\u00e4rger:\u00a0<strong>tr\u00e4<\/strong>\u00a0och\u00a0<strong>svart<\/strong>, vilket g\u00f6r den perfekt f\u00f6r b\u00e5de moderna och klassiska inredningsmilj\u00f6er.<\/p>\n<p><strong>Varf\u00f6r v\u00e4lja v\u00e5ra b\u00e4nkar och sk\u00e5p i furu och rotting?<\/strong><\/p>\n<ul>\n<li><strong>Naturliga material:<\/strong>\u00a0Kombinationen av massiv bok och fl\u00e4tad rotting skapar en elegant och luftig k\u00e4nsla.<\/li>\n<li><strong>Tidl\u00f6s design:<\/strong>\u00a0Finns i b\u00e5de naturlig tr\u00e4finish och stilrent svart f\u00f6r att passa olika inredningsstilar.<\/li>\n<li><strong>Funktion och form:<\/strong>\u00a0Perfekta som f\u00f6rvaringsm\u00f6bler i hallen, vardagsrummet eller sovrummet.<\/li>\n<li><strong>H\u00f6g kvalitet:<\/strong>\u00a0Handgjorda m\u00f6bler med fokus p\u00e5 h\u00e5llbarhet och detaljer.<\/li>\n<\/ul>\n<p>Levereras omonterad<\/p>\n","protected":false},"excerpt":{"rendered":"<p>Rottingens unika struktur och tr\u00e4ets naturliga sk\u00f6nhet skapar m\u00f6bler som b\u00e5de \u00e4r estetiskt tilltalande och funktionella. Anv\u00e4nd b\u00e4nkarna som praktiska sittm\u00f6bler och l\u00e5t sk\u00e5pen bli en dekorativ l\u00f6sning f\u00f6r att organisera dina saker.<\/p>\n","protected":false},"featured_media":18743,"comment_status":"closed","ping_status":"closed","template":"","meta":{"_acf_changed":false,"inline_featured_image":false},"product_brand":[],"product_cat":[244,248],"product_tag":[286],"class_list":{"0":"post-18742","1":"product","2":"type-product","3":"status-publish","4":"has-post-thumbnail","6":"product_cat-stilfulde-funktionelle-moebler","7":"product_cat-skabe-hylder","8":"product_tag-easytoship","10":"first","11":"instock","12":"taxable","13":"shipping-taxable","14":"purchasable","15":"product-type-simple"},"acf":[],"yoast_head":"<!-- This site is optimized with the Yoast SEO plugin v27.6 - https:\/\/yoast.com\/product\/yoast-seo-wordpress\/ -->\n<title>Harry sk\u00e5p rotting svart - Qreativ<\/title>\n<meta name=\"robots\" content=\"index, follow, max-snippet:-1, max-image-preview:large, max-video-preview:-1\" \/>\n<link rel=\"canonical\" href=\"https:\/\/qreativ.se\/dk\/produkt\/harry-skap-svart-2\/\" \/>\n<meta property=\"og:locale\" content=\"da_DK\" \/>\n<meta property=\"og:type\" content=\"article\" \/>\n<meta property=\"og:title\" content=\"Harry sk\u00e5p rotting svart - Qreativ\" \/>\n<meta property=\"og:description\" content=\"Rottingens unika struktur och tr\u00e4ets naturliga sk\u00f6nhet skapar m\u00f6bler som b\u00e5de \u00e4r estetiskt tilltalande och funktionella. Anv\u00e4nd b\u00e4nkarna som praktiska sittm\u00f6bler och l\u00e5t sk\u00e5pen bli en dekorativ l\u00f6sning f\u00f6r att organisera dina saker.\" \/>\n<meta property=\"og:url\" content=\"https:\/\/qreativ.se\/dk\/produkt\/harry-skap-svart-2\/\" \/>\n<meta property=\"og:site_name\" content=\"Qreativ\" \/>\n<meta property=\"article:modified_time\" content=\"2026-02-13T09:30:20+00:00\" \/>\n<meta property=\"og:image\" content=\"https:\/\/qreativ.se\/wp-content\/uploads\/2024\/05\/084-637-60.png\" \/>\n\t<meta property=\"og:image:width\" content=\"720\" \/>\n\t<meta property=\"og:image:height\" content=\"720\" \/>\n\t<meta property=\"og:image:type\" content=\"image\/webp\" \/>\n<meta name=\"twitter:card\" content=\"summary_large_image\" \/>\n<meta name=\"twitter:label1\" content=\"Estimeret l\u00e6setid\" \/>\n\t<meta name=\"twitter:data1\" content=\"1 minut\" \/>\n<script type=\"application\/ld+json\" class=\"yoast-schema-graph\">{\"@context\":\"https:\\\/\\\/schema.org\",\"@graph\":[{\"@type\":\"WebPage\",\"@id\":\"https:\\\/\\\/qreativ.se\\\/dk\\\/produkt\\\/harry-skap-svart-2\\\/\",\"url\":\"https:\\\/\\\/qreativ.se\\\/dk\\\/produkt\\\/harry-skap-svart-2\\\/\",\"name\":\"Harry sk\u00e5p rotting svart - Qreativ\",\"isPartOf\":{\"@id\":\"https:\\\/\\\/qreativ.se\\\/dk\\\/#website\"},\"primaryImageOfPage\":{\"@id\":\"https:\\\/\\\/qreativ.se\\\/dk\\\/produkt\\\/harry-skap-svart-2\\\/#primaryimage\"},\"image\":{\"@id\":\"https:\\\/\\\/qreativ.se\\\/dk\\\/produkt\\\/harry-skap-svart-2\\\/#primaryimage\"},\"thumbnailUrl\":\"https:\\\/\\\/qreativ.se\\\/wp-content\\\/uploads\\\/2024\\\/05\\\/084-637-60.png\",\"datePublished\":\"2024-07-18T15:01:39+00:00\",\"dateModified\":\"2026-02-13T09:30:20+00:00\",\"breadcrumb\":{\"@id\":\"https:\\\/\\\/qreativ.se\\\/dk\\\/produkt\\\/harry-skap-svart-2\\\/#breadcrumb\"},\"inLanguage\":\"da-DK\",\"potentialAction\":[{\"@type\":\"ReadAction\",\"target\":[\"https:\\\/\\\/qreativ.se\\\/dk\\\/produkt\\\/harry-skap-svart-2\\\/\"]}]},{\"@type\":\"ImageObject\",\"inLanguage\":\"da-DK\",\"@id\":\"https:\\\/\\\/qreativ.se\\\/dk\\\/produkt\\\/harry-skap-svart-2\\\/#primaryimage\",\"url\":\"https:\\\/\\\/qreativ.se\\\/wp-content\\\/uploads\\\/2024\\\/05\\\/084-637-60.png\",\"contentUrl\":\"https:\\\/\\\/qreativ.se\\\/wp-content\\\/uploads\\\/2024\\\/05\\\/084-637-60.png\",\"width\":720,\"height\":720},{\"@type\":\"BreadcrumbList\",\"@id\":\"https:\\\/\\\/qreativ.se\\\/dk\\\/produkt\\\/harry-skap-svart-2\\\/#breadcrumb\",\"itemListElement\":[{\"@type\":\"ListItem\",\"position\":1,\"name\":\"Home\",\"item\":\"https:\\\/\\\/qreativ.se\\\/dk\\\/hjem\\\/\"},{\"@type\":\"ListItem\",\"position\":2,\"name\":\"Webbshop\",\"item\":\"https:\\\/\\\/qreativ.se\\\/dk\\\/webbshop\\\/\"},{\"@type\":\"ListItem\",\"position\":3,\"name\":\"Harry sk\u00e5p rotting svart\"}]},{\"@type\":\"WebSite\",\"@id\":\"https:\\\/\\\/qreativ.se\\\/dk\\\/#website\",\"url\":\"https:\\\/\\\/qreativ.se\\\/dk\\\/\",\"name\":\"Qreativ\",\"description\":\"\",\"alternateName\":\"qreativ.se\",\"potentialAction\":[{\"@type\":\"SearchAction\",\"target\":{\"@type\":\"EntryPoint\",\"urlTemplate\":\"https:\\\/\\\/qreativ.se\\\/dk\\\/?s={search_term_string}\"},\"query-input\":{\"@type\":\"PropertyValueSpecification\",\"valueRequired\":true,\"valueName\":\"search_term_string\"}}],\"inLanguage\":\"da-DK\"}]}<\/script>\n<!-- \/ Yoast SEO plugin. -->","yoast_head_json":{"title":"Harry sk\u00e5p rotting svart - Qreativ","robots":{"index":"index","follow":"follow","max-snippet":"max-snippet:-1","max-image-preview":"max-image-preview:large","max-video-preview":"max-video-preview:-1"},"canonical":"https:\/\/qreativ.se\/dk\/produkt\/harry-skap-svart-2\/","og_locale":"da_DK","og_type":"article","og_title":"Harry sk\u00e5p rotting svart - Qreativ","og_description":"Rottingens unika struktur och tr\u00e4ets naturliga sk\u00f6nhet skapar m\u00f6bler som b\u00e5de \u00e4r estetiskt tilltalande och funktionella. Anv\u00e4nd b\u00e4nkarna som praktiska sittm\u00f6bler och l\u00e5t sk\u00e5pen bli en dekorativ l\u00f6sning f\u00f6r att organisera dina saker.","og_url":"https:\/\/qreativ.se\/dk\/produkt\/harry-skap-svart-2\/","og_site_name":"Qreativ","article_modified_time":"2026-02-13T09:30:20+00:00","og_image":[{"width":720,"height":720,"url":"https:\/\/qreativ.se\/wp-content\/uploads\/2024\/05\/084-637-60.png","type":"image\/webp"}],"twitter_card":"summary_large_image","twitter_misc":{"Estimeret l\u00e6setid":"1 minut"},"schema":{"@context":"https:\/\/schema.org","@graph":[{"@type":"WebPage","@id":"https:\/\/qreativ.se\/dk\/produkt\/harry-skap-svart-2\/","url":"https:\/\/qreativ.se\/dk\/produkt\/harry-skap-svart-2\/","name":"Harry sk\u00e5p rotting svart - Qreativ","isPartOf":{"@id":"https:\/\/qreativ.se\/dk\/#website"},"primaryImageOfPage":{"@id":"https:\/\/qreativ.se\/dk\/produkt\/harry-skap-svart-2\/#primaryimage"},"image":{"@id":"https:\/\/qreativ.se\/dk\/produkt\/harry-skap-svart-2\/#primaryimage"},"thumbnailUrl":"https:\/\/qreativ.se\/wp-content\/uploads\/2024\/05\/084-637-60.png","datePublished":"2024-07-18T15:01:39+00:00","dateModified":"2026-02-13T09:30:20+00:00","breadcrumb":{"@id":"https:\/\/qreativ.se\/dk\/produkt\/harry-skap-svart-2\/#breadcrumb"},"inLanguage":"da-DK","potentialAction":[{"@type":"ReadAction","target":["https:\/\/qreativ.se\/dk\/produkt\/harry-skap-svart-2\/"]}]},{"@type":"ImageObject","inLanguage":"da-DK","@id":"https:\/\/qreativ.se\/dk\/produkt\/harry-skap-svart-2\/#primaryimage","url":"https:\/\/qreativ.se\/wp-content\/uploads\/2024\/05\/084-637-60.png","contentUrl":"https:\/\/qreativ.se\/wp-content\/uploads\/2024\/05\/084-637-60.png","width":720,"height":720},{"@type":"BreadcrumbList","@id":"https:\/\/qreativ.se\/dk\/produkt\/harry-skap-svart-2\/#breadcrumb","itemListElement":[{"@type":"ListItem","position":1,"name":"Home","item":"https:\/\/qreativ.se\/dk\/hjem\/"},{"@type":"ListItem","position":2,"name":"Webbshop","item":"https:\/\/qreativ.se\/dk\/webbshop\/"},{"@type":"ListItem","position":3,"name":"Harry sk\u00e5p rotting svart"}]},{"@type":"WebSite","@id":"https:\/\/qreativ.se\/dk\/#website","url":"https:\/\/qreativ.se\/dk\/","name":"Qreativ","description":"","alternateName":"qreativ.se","potentialAction":[{"@type":"SearchAction","target":{"@type":"EntryPoint","urlTemplate":"https:\/\/qreativ.se\/dk\/?s={search_term_string}"},"query-input":{"@type":"PropertyValueSpecification","valueRequired":true,"valueName":"search_term_string"}}],"inLanguage":"da-DK"}]}},"_links":{"self":[{"href":"https:\/\/qreativ.se\/dk\/wp-json\/wp\/v2\/product\/18742","targetHints":{"allow":["GET"]}}],"collection":[{"href":"https:\/\/qreativ.se\/dk\/wp-json\/wp\/v2\/product"}],"about":[{"href":"https:\/\/qreativ.se\/dk\/wp-json\/wp\/v2\/types\/product"}],"replies":[{"embeddable":true,"href":"https:\/\/qreativ.se\/dk\/wp-json\/wp\/v2\/comments?post=18742"}],"wp:featuredmedia":[{"embeddable":true,"href":"https:\/\/qreativ.se\/dk\/wp-json\/wp\/v2\/media\/18743"}],"wp:attachment":[{"href":"https:\/\/qreativ.se\/dk\/wp-json\/wp\/v2\/media?parent=18742"}],"wp:term":[{"taxonomy":"product_brand","embeddable":true,"href":"https:\/\/qreativ.se\/dk\/wp-json\/wp\/v2\/product_brand?post=18742"},{"taxonomy":"product_cat","embeddable":true,"href":"https:\/\/qreativ.se\/dk\/wp-json\/wp\/v2\/product_cat?post=18742"},{"taxonomy":"product_tag","embeddable":true,"href":"https:\/\/qreativ.se\/dk\/wp-json\/wp\/v2\/product_tag?post=18742"}],"curies":[{"name":"wp","href":"https:\/\/api.w.org\/{rel}","templated":true}]}}